{"id":6951,"date":"2022-01-24T13:26:20","date_gmt":"2022-01-24T13:26:20","guid":{"rendered":"https:\/\/woolskins.eu\/?post_type=product&#038;p=6951"},"modified":"2026-04-16T11:34:11","modified_gmt":"2026-04-16T11:34:11","slug":"woolskins-bodywarmer-essential-grey","status":"publish","type":"product","link":"https:\/\/woolskins.eu\/fr\/woolskins-bodywarmer-essential-grijs\/","title":{"rendered":"Bodywarmer en laine pour b\u00e9b\u00e9 et enfant | Feutr\u00e9 gris clair"},"content":{"rendered":"<div id=\"product-6939\" class=\"product type-product post-6939 status-publish first instock product_cat-alwero product_cat-alwero-bodywarmer product_cat-babyshower product_cat-best-verkocht product_cat-cadeaus-e25-e50 product_cat-cadeautips product_cat-vestjes product_cat-kleertjes product_cat-wollen-babykleding product_tag-alwero-bodywarmer product_tag-alwero-bodywarmer-baby product_tag-alwero-bodywarmer-kind product_tag-alwero-bodywarmer-wol product_tag-alwero-gilet product_tag-wollen-kinderbodywarmer product_tag-woolskins-wollen-kinderbodywarmer has-post-thumbnail taxable shipping-taxable purchasable product-type-variable ct-ajax-add-to-cart thumbs-bottom sticky-summary ct-default-gallery\">\n<div class=\"woocommerce-tabs wc-tabs-wrapper\" data-type=\"type-1:center\">\n<article>\n<div id=\"tab-description\" class=\"woocommerce-Tabs-panel woocommerce-Tabs-panel--description panel entry-content wc-tab\" role=\"tabpanel\" aria-labelledby=\"tab-title-description\">\n<p>Ce produit porte le label de qualit\u00e9 Safe for Children et Woolmark. Ce gilet est souvent port\u00e9 comme v\u00eatement d&#039;ext\u00e9rieur, alors gardez cela \u00e0 l&#039;esprit lorsque vous choisissez la bonne taille.<\/p>\n<p>\u2013 Laine vierge 100%, label de qualit\u00e9 Woolmark.<br \/>\n\u2013 Tr\u00e8s chaud pour la maison ou en d\u00e9placement.<br \/>\n\u2013 Diff\u00e9rentes couleurs disponibles.<br \/>\n- Attention ! Pour la taille correcte, voir \u00ab\u00a0Tailles en centim\u00e8tres\u00a0\u00bb.<\/p>\n<h5>\u00c9tiquette de peaux de laine<\/h5>\n<p>Apr\u00e8s des ann\u00e9es de collaboration fructueuse avec Alwero, nous pouvons \u00eatre fiers d&#039;annoncer que nous proposons d\u00e9sormais nos produits sous notre propre label Woolskins.<\/p>\n<p>De cette fa\u00e7on, vous obtenez toujours la meilleure qualit\u00e9, mais combin\u00e9e avec les produits et designs les plus beaux et uniques.<\/p>\n<p>La qualit\u00e9 des tissus et des couleurs reste la m\u00eame qu&#039;elle a toujours \u00e9t\u00e9, mais il existe d\u00e9sormais un plus grand choix qui, selon Woolskins, peut se distinguer.<\/p>\n<p>Notre vaste collection est compos\u00e9e de telle mani\u00e8re qu&#039;ils constituent un bon compl\u00e9ment \u00e0 tout ensemble pour b\u00e9b\u00e9, fabriqu\u00e9s \u00e0 partir de laine europ\u00e9enne 100% qui respire et convient \u00e0 chaque saison.<\/p>\n<p>Nous unissons nos forces avec enthousiasme pour cr\u00e9er un produit durable, naturel et des plus confortables pour votre enfant.<\/p>\n<h5 class=\"Text1893342656__root Text1893342656---typography-11-runningText Text1893342656---priority-7-primary s8gg2 _2UIKs InfoSectionTitle3095652555__root\" aria-hidden=\"false\" data-hook=\"info-section-title\">Tailles en centim\u00e8tres :<\/h5>\n<div class=\"_2tV5m fggS- cell\">Taille : 50\/56 longueur : 27,5 cm Largeur 22 cm (aisselle)<br \/>\nTaille : 62\/60 longueur : 28,5 cm largeur 25 cm<br \/>\nTaille : 74\/80 longueur : 29,5 cm largeur 28 cm<br \/>\nTaille : 80\/86 longueur : 31 cm largeur 32 cm<br \/>\nTaille : 92\/98 longueur : 33,5 cm largeur 35 cm<br \/>\nTaille : 104\/110 longueur : 39,5 cm largeur 37 cm<\/div>\n<\/div>\n<\/article>\n<\/div>\n<\/div>","protected":false},"excerpt":{"rendered":"<p>Ce gilet tendance est merveilleusement chaud et confortable. Portez-le de mani\u00e8re d\u00e9contract\u00e9e sur un pull ou une veste, il est toujours joli et super branch\u00e9. Ce cardigan poss\u00e8de toutes les bonnes propri\u00e9t\u00e9s de la laine \u00e9cologique 100%. Cela garantira que votre enfant soit bien au chaud et \u00e0 l\u2019aise pendant les journ\u00e9es les plus froides. Ce cardigan peut \u00eatre combin\u00e9 avec toute notre collection Woolskins. Le Wool Bodywarmer est magnifiquement fini avec un point de feston et un bouton en bois.<\/p>\n<p>Attention ! Les cardigans taillent petit. Pour la taille correcte, voir \u00ab Tailles en centim\u00e8tres \u00bb dans la description.<\/p>\n<p><strong>Marque : Woolskins<\/strong><br \/>\n<strong>Production : Pologne<\/strong><\/p>","protected":false},"featured_media":9617,"comment_status":"closed","ping_status":"closed","template":"","meta":{"_acf_changed":false},"product_brand":[],"product_cat":[361,360,363,200,337,413,344,194],"product_tag":[424,451,452,450,421,484,486],"class_list":{"0":"post-6951","1":"product","2":"type-product","3":"status-publish","4":"has-post-thumbnail","6":"product_cat-babyshower","7":"product_cat-cadeautips","8":"product_cat-cadeaus-e25-e50","9":"product_cat-wollen-babykleding","10":"product_cat-vestjes","11":"product_cat-alwero-bodywarmer","12":"product_cat-kleertjes","13":"product_cat-wollen-babyproducten","14":"product_tag-alwero-bodywarmer","15":"product_tag-alwero-bodywarmer-baby","16":"product_tag-alwero-bodywarmer-kind","17":"product_tag-alwero-gilet","18":"product_tag-wollen-bodywarmer","19":"product_tag-wollen-kinderbodywarmer","20":"product_tag-woolskins-wollen-bodywarmer","21":"pa_maat-104-110","22":"pa_maat-50-56","23":"pa_maat-62-68","24":"pa_maat-74-80","25":"pa_maat-80-86","26":"pa_maat-92-98","28":"first","29":"instock","30":"sale","31":"taxable","32":"shipping-taxable","33":"purchasable","34":"product-type-variable"},"acf":[],"_links":{"self":[{"href":"https:\/\/woolskins.eu\/fr\/wp-json\/wp\/v2\/product\/6951","targetHints":{"allow":["GET"]}}],"collection":[{"href":"https:\/\/woolskins.eu\/fr\/wp-json\/wp\/v2\/product"}],"about":[{"href":"https:\/\/woolskins.eu\/fr\/wp-json\/wp\/v2\/types\/product"}],"replies":[{"embeddable":true,"href":"https:\/\/woolskins.eu\/fr\/wp-json\/wp\/v2\/comments?post=6951"}],"wp:featuredmedia":[{"embeddable":true,"href":"https:\/\/woolskins.eu\/fr\/wp-json\/wp\/v2\/media\/9617"}],"wp:attachment":[{"href":"https:\/\/woolskins.eu\/fr\/wp-json\/wp\/v2\/media?parent=6951"}],"wp:term":[{"taxonomy":"product_brand","embeddable":true,"href":"https:\/\/woolskins.eu\/fr\/wp-json\/wp\/v2\/product_brand?post=6951"},{"taxonomy":"product_cat","embeddable":true,"href":"https:\/\/woolskins.eu\/fr\/wp-json\/wp\/v2\/product_cat?post=6951"},{"taxonomy":"product_tag","embeddable":true,"href":"https:\/\/woolskins.eu\/fr\/wp-json\/wp\/v2\/product_tag?post=6951"}],"curies":[{"name":"wp","href":"https:\/\/api.w.org\/{rel}","templated":true}]}}