{"id":6895,"date":"2022-01-17T14:21:52","date_gmt":"2022-01-17T14:21:52","guid":{"rendered":"https:\/\/woolskins.eu\/?post_type=product&#038;p=6895"},"modified":"2025-08-25T13:29:40","modified_gmt":"2025-08-25T13:29:40","slug":"alwero-wrap-blanket-essential-grey-2","status":"publish","type":"product","link":"https:\/\/woolskins.eu\/fr\/alwero-wikkeldeken-essential-grijs-2\/","title":{"rendered":"Couverture en laine pour b\u00e9b\u00e9 | Wingy Feutr\u00e9 Gris Clair"},"content":{"rendered":"<p>Votre enfant dormira \u00e0 merveille et r\u00eavera dans cette confortable couverture en laine Wingy de notre collection \u00ab Felted \u00bb. Cette couverture enveloppante tombe facilement et est tr\u00e8s douce. Ils ont une apparence belle et luxueuse et sont extr\u00eamement confortables. La couverture enveloppante est en laine 100% et prend imm\u00e9diatement la temp\u00e9rature de votre enfant. Gr\u00e2ce aux ouvertures pour les sangles de s\u00e9curit\u00e9 (5 points), il s&#039;adapte bien dans la poussette et emm\u00e8ne votre enfant dehors au chaud et confortablement.<\/p>\n<p>La laine respire et prend imm\u00e9diatement la temp\u00e9rature de votre enfant. Chaud en hiver et frais en \u00e9t\u00e9. Pratique pour la maison et pour une utilisation dans le Maxi-Cosi ou la poussette.<\/p>\n<p>\u2013 Laine vierge 100% avec label de qualit\u00e9 Woolmark.<br \/>\n\u2013 Exclusivement disponible chez Woolskins.<br \/>\n\u2013 Pour la maison et en d\u00e9placement.<br \/>\n\u2013 Ouvertures pour les sangles de s\u00e9curit\u00e9 (5 points).<br \/>\n\u2013 longueur 80 cm (\u00e2ge jusqu&#039;\u00e0 +\/- 1 an)<br \/>\n\u2013 lavable \u00e0 30\u00b0C programme laine.<\/p>\n<p>Les fibres de laine respirent et ont la propri\u00e9t\u00e9 d&#039;agir comme un thermostat naturel qui r\u00e9gule la temp\u00e9rature corporelle ? Cela aide votre b\u00e9b\u00e9 \u00e0 maintenir une temp\u00e9rature stable et \u00e0 le garder au sec et \u00e0 l&#039;aise. Il le fait de mani\u00e8re \u00ab dynamique \u00bb, ce qui signifie que cela se produit lorsque cela est n\u00e9cessaire et non lorsque ce n&#039;est pas n\u00e9cessaire. Chaud en hiver et frais en \u00e9t\u00e9.<\/p>\n<p>Ce produit porte le label de qualit\u00e9 Safe for Children et Woolmark.<\/p>\n<h5>\u00c9tiquette de peaux de laine<\/h5>\n<p>Apr\u00e8s des ann\u00e9es de collaboration fructueuse avec Alwero, nous pouvons \u00eatre fiers d&#039;annoncer que nous proposons d\u00e9sormais nos produits sous notre propre label Woolskins.<\/p>\n<p>De cette fa\u00e7on, vous obtenez toujours la meilleure qualit\u00e9, mais combin\u00e9e avec les produits et designs les plus beaux et uniques.<\/p>\n<p>La qualit\u00e9 des tissus et des couleurs reste la m\u00eame qu&#039;elle a toujours \u00e9t\u00e9, mais il existe d\u00e9sormais un plus grand choix qui, selon Woolskins, peut se distinguer.<\/p>\n<p>Notre vaste collection est compos\u00e9e de telle mani\u00e8re qu&#039;ils constituent un bon compl\u00e9ment \u00e0 tout ensemble pour b\u00e9b\u00e9, fabriqu\u00e9s \u00e0 partir de laine europ\u00e9enne 100% qui respire et convient \u00e0 chaque saison.<\/p>\n<p>Nous unissons nos forces avec enthousiasme pour cr\u00e9er un produit durable, naturel et des plus confortables pour votre enfant.<\/p>","protected":false},"excerpt":{"rendered":"<p>Votre enfant dormira \u00e0 merveille et r\u00eavera dans cette confortable couverture en laine Wingy de notre collection \u00ab Felted \u00bb. Cette couverture enveloppante est souple et tr\u00e8s douce et est finie avec un point de feston contrast\u00e9. Ils ont une apparence belle et luxueuse et sont extr\u00eamement confortables. La couverture enveloppante est compos\u00e9e de laine 100% et prend imm\u00e9diatement la temp\u00e9rature de votre enfant et peut \u00eatre utilis\u00e9e en toute saison. Gr\u00e2ce aux ouvertures pour les sangles de s\u00e9curit\u00e9 (5 points), il s&#039;adapte bien dans la poussette et emm\u00e8ne votre enfant dehors au chaud et confortablement.<\/p>\n<div class=\"woocommerce-product-details__short-description\">\n<p><strong>Marque : Woolskins<\/strong><br \/>\n<strong>Production : Pologne<\/strong><\/p>\n<\/div>","protected":false},"featured_media":17538,"comment_status":"closed","ping_status":"closed","template":"","meta":{"_acf_changed":false},"product_brand":[],"product_cat":[361,360,364,196,321,194],"product_tag":[],"class_list":{"0":"post-6895","1":"product","2":"type-product","3":"status-publish","4":"has-post-thumbnail","6":"product_cat-babyshower","7":"product_cat-cadeautips","8":"product_cat-cadeaus-vanaf-e50","9":"product_cat-slaapkleding-baby","10":"product_cat-wikkeldekens","11":"product_cat-wollen-babyproducten","13":"first","14":"instock","15":"taxable","16":"shipping-taxable","17":"purchasable","18":"product-type-simple"},"acf":[],"_links":{"self":[{"href":"https:\/\/woolskins.eu\/fr\/wp-json\/wp\/v2\/product\/6895","targetHints":{"allow":["GET"]}}],"collection":[{"href":"https:\/\/woolskins.eu\/fr\/wp-json\/wp\/v2\/product"}],"about":[{"href":"https:\/\/woolskins.eu\/fr\/wp-json\/wp\/v2\/types\/product"}],"replies":[{"embeddable":true,"href":"https:\/\/woolskins.eu\/fr\/wp-json\/wp\/v2\/comments?post=6895"}],"wp:featuredmedia":[{"embeddable":true,"href":"https:\/\/woolskins.eu\/fr\/wp-json\/wp\/v2\/media\/17538"}],"wp:attachment":[{"href":"https:\/\/woolskins.eu\/fr\/wp-json\/wp\/v2\/media?parent=6895"}],"wp:term":[{"taxonomy":"product_brand","embeddable":true,"href":"https:\/\/woolskins.eu\/fr\/wp-json\/wp\/v2\/product_brand?post=6895"},{"taxonomy":"product_cat","embeddable":true,"href":"https:\/\/woolskins.eu\/fr\/wp-json\/wp\/v2\/product_cat?post=6895"},{"taxonomy":"product_tag","embeddable":true,"href":"https:\/\/woolskins.eu\/fr\/wp-json\/wp\/v2\/product_tag?post=6895"}],"curies":[{"name":"wp","href":"https:\/\/api.w.org\/{rel}","templated":true}]}}