{"id":6605,"date":"2021-09-01T12:54:16","date_gmt":"2021-09-01T12:54:16","guid":{"rendered":"https:\/\/woolskins.eu\/onderhoudsset"},"modified":"2023-09-22T12:11:21","modified_gmt":"2023-09-22T12:11:21","slug":"kit-dentretien","status":"publish","type":"product","link":"https:\/\/woolskins.eu\/fr\/onderhoudsset\/","title":{"rendered":"Kit de maintenance"},"content":{"rendered":"<p>La meilleure fa\u00e7on d\u2019entretenir votre pelage est de le tapoter r\u00e9guli\u00e8rement et de le brosser bri\u00e8vement. De cette fa\u00e7on, vous gardez le pelage beau.<\/p>\n<p>Nous vous recommandons d&#039;attendre le plus longtemps possible avant de laver votre manteau &#039;lavable&#039; afin que toutes les bonnes qualit\u00e9s du manteau y restent. Il suffit g\u00e9n\u00e9ralement d&#039;a\u00e9rer \u00e0 l&#039;ext\u00e9rieur ou, en cas d&#039;accident mineur, d&#039;essuyer avec un gant de toilette humide.<\/p>\n<p>Si vous souhaitez laver votre manteau, vous ne pouvez le faire qu&#039;avec nos manteaux de qualit\u00e9 m\u00e9dicale (jaune dor\u00e9) \u00e0 30 degr\u00e9s en laine d\u00e9licate. Nous disposons pour cela d&#039;une lessive \u00e9cologique sp\u00e9ciale laine \u00e0 la lanoline. Vous pouvez \u00e9galement s\u00e9cher ces manteaux au s\u00e8che-linge \u00e0 basse temp\u00e9rature.<\/p>\n<p>Instructions de lavage :<\/p>\n<p>1. Placez le manteau dans la machine \u00e0 laver avec 50 ml d&#039;Eco Wool Wash dans le tiroir \u00e0 savon.<br \/>\n2. Lavez le manteau \u00e0 30 C laine\/programme d\u00e9licat (cycles courts).<br \/>\n3. Placez le manteau c\u00f4t\u00e9 cuir sur une serviette et enroulez-le. Appuyez fermement pour que l&#039;eau restante p\u00e9n\u00e8tre le plus possible dans la serviette.<br \/>\n4.Maintenant, laissez le manteau s\u00e9cher sur une surface plane ou mettez-le dans la s\u00e9cheuse \u00e0 basse temp\u00e9rature \u2013 PAS CHAUD\u00a0! - temp\u00e9rature.<br \/>\n5. Laissez ensuite le manteau s\u00e9cher un peu et \u00e9tirez-le doucement pour lui donner forme.<\/p>\n<p>Puis brossez \u00e0 nouveau si n\u00e9cessaire. Apr\u00e8s le lavage, le c\u00f4t\u00e9 en cuir peut para\u00eetre un peu plus rigide. Celui-ci se ramollira \u00e0 nouveau pendant l&#039;utilisation.<\/p>\n<p>Attention ! GARDER HORS DE PORT\u00c9E DES ENFANTS\u00a0!<\/p>\n<p>*Le lavage de votre manteau reste toujours sous votre seule responsabilit\u00e9<\/p>","protected":false},"excerpt":{"rendered":"<p>Ce kit d&#039;entretien est sp\u00e9cialement destin\u00e9 \u00e0 l&#039;entretien des peaux de mouton (lavables). La lessive \u00e9cologique, \u00e0 base d&#039;huile d&#039;olive, a un effet d\u00e9graissant et contient de la lanoline pour maintenir les propri\u00e9t\u00e9s saines et la souplesse du pelage. 250 ml = laver 5 fois.<\/p>","protected":false},"featured_media":7907,"comment_status":"closed","ping_status":"closed","template":"","meta":{"_acf_changed":false},"product_brand":[],"product_cat":[357,216,222,354],"product_tag":[],"class_list":{"0":"post-6605","1":"product","2":"type-product","3":"status-publish","4":"has-post-thumbnail","6":"product_cat-onderhoud","7":"product_cat-schapenvacht-voor-baby","8":"product_cat-buggy-schapenvachtjes","9":"product_cat-woolskins","11":"first","12":"instock","13":"taxable","14":"shipping-taxable","15":"purchasable","16":"product-type-simple"},"acf":[],"_links":{"self":[{"href":"https:\/\/woolskins.eu\/fr\/wp-json\/wp\/v2\/product\/6605","targetHints":{"allow":["GET"]}}],"collection":[{"href":"https:\/\/woolskins.eu\/fr\/wp-json\/wp\/v2\/product"}],"about":[{"href":"https:\/\/woolskins.eu\/fr\/wp-json\/wp\/v2\/types\/product"}],"replies":[{"embeddable":true,"href":"https:\/\/woolskins.eu\/fr\/wp-json\/wp\/v2\/comments?post=6605"}],"wp:featuredmedia":[{"embeddable":true,"href":"https:\/\/woolskins.eu\/fr\/wp-json\/wp\/v2\/media\/7907"}],"wp:attachment":[{"href":"https:\/\/woolskins.eu\/fr\/wp-json\/wp\/v2\/media?parent=6605"}],"wp:term":[{"taxonomy":"product_brand","embeddable":true,"href":"https:\/\/woolskins.eu\/fr\/wp-json\/wp\/v2\/product_brand?post=6605"},{"taxonomy":"product_cat","embeddable":true,"href":"https:\/\/woolskins.eu\/fr\/wp-json\/wp\/v2\/product_cat?post=6605"},{"taxonomy":"product_tag","embeddable":true,"href":"https:\/\/woolskins.eu\/fr\/wp-json\/wp\/v2\/product_tag?post=6605"}],"curies":[{"name":"wp","href":"https:\/\/api.w.org\/{rel}","templated":true}]}}