{"id":6585,"date":"2021-09-01T12:53:58","date_gmt":"2021-09-01T12:53:58","guid":{"rendered":"https:\/\/woolskins.eu\/yogasocks-100-wol-grijs-kort"},"modified":"2023-03-14T10:21:33","modified_gmt":"2023-03-14T10:21:33","slug":"chaussettes-de-yoga-100-laine-gris-court","status":"publish","type":"product","link":"https:\/\/woolskins.eu\/fr\/yogasocks-100-wol-grijs-kort\/","title":{"rendered":"Chaussettes de yoga 100% laine Gris clair courtes"},"content":{"rendered":"<p>Ces chaussettes\/chauffantes sont id\u00e9ales pour pratiquer le yoga et la m\u00e9ditation. La pointe et le talon sont libres pour l&#039;adh\u00e9rence n\u00e9cessaire et gardent vos pieds et vos chevilles bien au chaud et confortables pendant les cours. Ces chaussettes\/chauffantes sont en laine vierge 100% et disponibles en trois couleurs<\/p>\n<p>&nbsp;<\/p>\n<p>\u2013 Les chaussettes sont constitu\u00e9es de laine 100%<\/p>\n<p>\u2013 Absorbant et respirant<\/p>\n<p>\u2013 Durable et honn\u00eate<\/p>\n<p>\u2013 Qualit\u00e9 Woolmark<\/p>","protected":false},"excerpt":{"rendered":"<p>Deze&nbsp;sokken\/warmers zijn ideaal voor het beoefenen van yoga en meditatie. De teen en hiel zijn vrij voor de nodige grip en ze houden je voeten en enkels lekker warm en comfortabel tijdens de les. Deze sokken\/warmers zijn gemaakt van 100% scheerwol en verkrijgbaar in drie kleuren &nbsp; &#8211; Sokken bestaan uit 100% wol &#8211; Absorberend [&hellip;]<\/p>\n","protected":false},"featured_media":5933,"comment_status":"closed","ping_status":"closed","template":"","meta":{"_acf_changed":false},"product_brand":[],"product_cat":[337],"product_tag":[],"class_list":{"0":"post-6585","1":"product","2":"type-product","3":"status-publish","4":"has-post-thumbnail","6":"product_cat-vestjes","8":"first","9":"outofstock","10":"taxable","11":"shipping-taxable","12":"purchasable","13":"product-type-simple"},"acf":[],"_links":{"self":[{"href":"https:\/\/woolskins.eu\/fr\/wp-json\/wp\/v2\/product\/6585","targetHints":{"allow":["GET"]}}],"collection":[{"href":"https:\/\/woolskins.eu\/fr\/wp-json\/wp\/v2\/product"}],"about":[{"href":"https:\/\/woolskins.eu\/fr\/wp-json\/wp\/v2\/types\/product"}],"replies":[{"embeddable":true,"href":"https:\/\/woolskins.eu\/fr\/wp-json\/wp\/v2\/comments?post=6585"}],"wp:featuredmedia":[{"embeddable":true,"href":"https:\/\/woolskins.eu\/fr\/wp-json\/wp\/v2\/media\/5933"}],"wp:attachment":[{"href":"https:\/\/woolskins.eu\/fr\/wp-json\/wp\/v2\/media?parent=6585"}],"wp:term":[{"taxonomy":"product_brand","embeddable":true,"href":"https:\/\/woolskins.eu\/fr\/wp-json\/wp\/v2\/product_brand?post=6585"},{"taxonomy":"product_cat","embeddable":true,"href":"https:\/\/woolskins.eu\/fr\/wp-json\/wp\/v2\/product_cat?post=6585"},{"taxonomy":"product_tag","embeddable":true,"href":"https:\/\/woolskins.eu\/fr\/wp-json\/wp\/v2\/product_tag?post=6585"}],"curies":[{"name":"wp","href":"https:\/\/api.w.org\/{rel}","templated":true}]}}