{"id":6580,"date":"2021-09-01T12:53:58","date_gmt":"2021-09-01T12:53:58","guid":{"rendered":"https:\/\/woolskins.eu\/eco-lamsvacht-comfort-voor-yoga-meditatie-dubbel-3-cm"},"modified":"2024-10-25T07:06:11","modified_gmt":"2024-10-25T07:06:11","slug":"eco-lambskin-comfort-for-yoga-meditation-double-3-cm","status":"publish","type":"product","link":"https:\/\/woolskins.eu\/fr\/eco-lamsvacht-comfort-voor-yoga-meditatie-dubbel-3-cm\/","title":{"rendered":"Eco Lambskin Comfort pour le yoga et la m\u00e9ditation | double 3 cm"},"content":{"rendered":"<p>Nos manteaux confort WOOLSKINS sont un produit europ\u00e9en, \u00e9cologique et naturel 100%.<\/p>\n<p>La laine est bonne pour l&#039;esprit, la peau et le corps. Il a un effet dynamique et vous aide, vous et votre famille, \u00e0 profiter d&#039;une vie saine, d\u00e9tendue et repos\u00e9e.<\/p>\n<p>Nous avons deux versions dans notre collection, une couche simple et une couche double qui s&#039;adapte confortablement \u00e0 tout votre corps. Un cadeau beau, d\u00e9licieux et sain !<\/p>\n<p>Les dimensions de notre manteau XL sont de +\/- 70 x 200 cm et ont une longueur de manteau de +\/- 3 cm.<\/p>\n<p>Ce cuir d&#039;agneau est id\u00e9al pour pratiquer le yoga et la m\u00e9ditation. Il est tr\u00e8s confortable et r\u00e9gule la chaleur et l&#039;humidit\u00e9. Il y a m\u00eame des yogis qui recommandent une peau de mouton, non seulement en raison de sa taille parfaite, mais aussi parce qu&#039;elle isole votre propre champ magn\u00e9tique (votre aura) et bloque le rayonnement magn\u00e9tique terrestre. Cela vous aide \u00e9norm\u00e9ment dans le processus m\u00e9ditatif et maintient votre corps en \u00e9quilibre.<\/p>","protected":false},"excerpt":{"rendered":"<p>La laine est bonne pour l&#039;esprit, la peau et le corps. Il a un effet dynamique et vous aide, vous et votre famille, \u00e0 profiter d&#039;une vie saine, d\u00e9tendue et repos\u00e9e.<\/p>","protected":false},"featured_media":5927,"comment_status":"closed","ping_status":"closed","template":"","meta":{"_acf_changed":false},"product_brand":[],"product_cat":[358],"product_tag":[],"class_list":{"0":"post-6580","1":"product","2":"type-product","3":"status-publish","4":"has-post-thumbnail","6":"product_cat-wollen-yogamat","8":"first","9":"outofstock","10":"taxable","11":"shipping-taxable","12":"purchasable","13":"product-type-simple"},"acf":[],"_links":{"self":[{"href":"https:\/\/woolskins.eu\/fr\/wp-json\/wp\/v2\/product\/6580","targetHints":{"allow":["GET"]}}],"collection":[{"href":"https:\/\/woolskins.eu\/fr\/wp-json\/wp\/v2\/product"}],"about":[{"href":"https:\/\/woolskins.eu\/fr\/wp-json\/wp\/v2\/types\/product"}],"replies":[{"embeddable":true,"href":"https:\/\/woolskins.eu\/fr\/wp-json\/wp\/v2\/comments?post=6580"}],"wp:featuredmedia":[{"embeddable":true,"href":"https:\/\/woolskins.eu\/fr\/wp-json\/wp\/v2\/media\/5927"}],"wp:attachment":[{"href":"https:\/\/woolskins.eu\/fr\/wp-json\/wp\/v2\/media?parent=6580"}],"wp:term":[{"taxonomy":"product_brand","embeddable":true,"href":"https:\/\/woolskins.eu\/fr\/wp-json\/wp\/v2\/product_brand?post=6580"},{"taxonomy":"product_cat","embeddable":true,"href":"https:\/\/woolskins.eu\/fr\/wp-json\/wp\/v2\/product_cat?post=6580"},{"taxonomy":"product_tag","embeddable":true,"href":"https:\/\/woolskins.eu\/fr\/wp-json\/wp\/v2\/product_tag?post=6580"}],"curies":[{"name":"wp","href":"https:\/\/api.w.org\/{rel}","templated":true}]}}