{"id":6577,"date":"2021-09-01T12:53:58","date_gmt":"2021-09-01T12:53:58","guid":{"rendered":"https:\/\/woolskins.eu\/wollen-yogamat-met-cocos-grijs"},"modified":"2024-12-05T20:57:45","modified_gmt":"2024-12-05T20:57:45","slug":"tapis-de-yoga-en-laine-avec-gris-noix-de-coco","status":"publish","type":"product","link":"https:\/\/woolskins.eu\/fr\/wollen-yogamat-met-cocos-grijs\/","title":{"rendered":"Tapis de yoga en laine avec Cocos gris"},"content":{"rendered":"<p>Nos tapis de yoga WOOLSKINS sont id\u00e9aux pour pratiquer le yoga et la m\u00e9ditation. La laine est bonne pour l&#039;esprit, la peau et le corps. Une fois que vous aurez essay\u00e9 un tapis de yoga en laine, vous ne voudrez plus rien d&#039;autre ! Il a un effet dynamique et vous aide \u00e0 maintenir un corps et un esprit sains.<\/p>\n<p>\u2013 dimensions : 75 x 180 cm.<br \/>\n\u2013 Pour une utilisation dans les studios de yoga, les salles de formation et \u00e0 la maison<br \/>\n\u2013 Couche sup\u00e9rieure en laine vierge 100%. En bas\u00a0: Cocos (avec m\u00e9lange de latex pour antid\u00e9rapant)<br \/>\n\u2013 Bonne adh\u00e9rence sur surfaces glissantes.<br \/>\n\u2013 Contient toujours de la graisse naturelle pour laine et est autonettoyant.<br \/>\n\u2013 R\u00e9gule la chaleur et l\u2019humidit\u00e9.<br \/>\n\u2013 Avec sac de rangement pratique avec sangle de transport.<\/p>","protected":false},"excerpt":{"rendered":"<p>Si vous \u00eates actif dans le domaine du yoga et de la m\u00e9ditation, un tapis de yoga en laine s&#039;av\u00e9rera utile. Les n\u00f4tres sont plus doux et plus confortables que les tapis de yoga normaux. Cela les rend id\u00e9aux pour pratiquer la m\u00e9ditation et le yoga. Parce que la laine est bonne pour l\u2019esprit, la peau et le corps, un tapis de yoga en laine a une influence positive sur la pratique du yoga et de la m\u00e9ditation. Apr\u00e8s avoir choisi un tapis de yoga en laine de WOOLSKINS, il est difficile de vouloir autre chose par la suite.<\/p>\n<p><strong>Marque : Woolskins<\/strong><br \/>\n<strong>Production : Pologne<\/strong><\/p>","protected":false},"featured_media":9034,"comment_status":"closed","ping_status":"closed","template":"","meta":{"_acf_changed":false},"product_brand":[],"product_cat":[31,358],"product_tag":[],"class_list":{"0":"post-6577","1":"product","2":"type-product","3":"status-publish","4":"has-post-thumbnail","6":"product_cat-yogamat-wol","7":"product_cat-wollen-yogamat","9":"first","10":"outofstock","11":"taxable","12":"shipping-taxable","13":"purchasable","14":"product-type-simple"},"acf":[],"_links":{"self":[{"href":"https:\/\/woolskins.eu\/fr\/wp-json\/wp\/v2\/product\/6577","targetHints":{"allow":["GET"]}}],"collection":[{"href":"https:\/\/woolskins.eu\/fr\/wp-json\/wp\/v2\/product"}],"about":[{"href":"https:\/\/woolskins.eu\/fr\/wp-json\/wp\/v2\/types\/product"}],"replies":[{"embeddable":true,"href":"https:\/\/woolskins.eu\/fr\/wp-json\/wp\/v2\/comments?post=6577"}],"wp:featuredmedia":[{"embeddable":true,"href":"https:\/\/woolskins.eu\/fr\/wp-json\/wp\/v2\/media\/9034"}],"wp:attachment":[{"href":"https:\/\/woolskins.eu\/fr\/wp-json\/wp\/v2\/media?parent=6577"}],"wp:term":[{"taxonomy":"product_brand","embeddable":true,"href":"https:\/\/woolskins.eu\/fr\/wp-json\/wp\/v2\/product_brand?post=6577"},{"taxonomy":"product_cat","embeddable":true,"href":"https:\/\/woolskins.eu\/fr\/wp-json\/wp\/v2\/product_cat?post=6577"},{"taxonomy":"product_tag","embeddable":true,"href":"https:\/\/woolskins.eu\/fr\/wp-json\/wp\/v2\/product_tag?post=6577"}],"curies":[{"name":"wp","href":"https:\/\/api.w.org\/{rel}","templated":true}]}}