{"id":6557,"date":"2021-09-01T12:53:35","date_gmt":"2021-09-01T12:53:35","guid":{"rendered":"https:\/\/woolskins.eu\/meditatiedeken-100-wol-grijs"},"modified":"2025-05-23T14:25:49","modified_gmt":"2025-05-23T14:25:49","slug":"couverture-de-meditation-100-laine-grise","status":"publish","type":"product","link":"https:\/\/woolskins.eu\/fr\/meditatiedeken-100-wol-grijs\/","title":{"rendered":"Couverture de m\u00e9ditation 100% laine Gris"},"content":{"rendered":"<p>Ces couvertures de m\u00e9ditation conviennent pour rester confortablement au chaud pendant la m\u00e9ditation ou la pleine conscience et procurent un sentiment de s\u00e9curit\u00e9 et de s\u00e9curit\u00e9. C&#039;est \u00e9galement une merveilleuse couverture suppl\u00e9mentaire pour le lit ou sur le canap\u00e9. La laine apporte de la chaleur en hiver et ses propri\u00e9t\u00e9s de ventilation la rendent \u00e9galement id\u00e9ale pour une utilisation en \u00e9t\u00e9. Les propri\u00e9t\u00e9s r\u00e9paratrices et curatives de la laine sont connues depuis des milliers d\u2019ann\u00e9es. La laine, un produit naturel pur et s\u00fbr depuis des si\u00e8cles.<br \/>&nbsp;<\/p>\n<p>\u2013 100% pure laine vierge non transform\u00e9e (Woolmark).<br \/>\u2013 Tr\u00e8s doux et confortable.<br \/>\u2013 Dimensions : 150 x 200 cm.<br \/>\u2013 Exempt de substances nocives et de traitements chimiques.<br \/>\u2013 Production europ\u00e9enne.<br \/>\u2013 lavable \u00e0 30\u00b0C programme laine.<br \/>&nbsp;<\/p>\n<p>Ce produit porte le label de qualit\u00e9 Safe for Children et Woolmark et peut \u00eatre facilement combin\u00e9 avec nos autres produits.<\/p>","protected":false},"excerpt":{"rendered":"<p>Deze meditatiedekens zijn geschikt om tijdens&nbsp;meditatie&nbsp;of&nbsp;mindfullness\u200b&nbsp;comfortabel warm te blijven en geven een geborgen en veilig gevoel.&nbsp;Daarnaast is het een heerlijke extra&nbsp;deken voor op bed of voor op de bank.&nbsp;Wol&nbsp;zorgt voor warmte in de winter, en door de ventilerende eigenschap is het in de &nbsp;zomer ook prima te gebruiken. De revalidatie en helende eigenschappen van wol [&hellip;]<\/p>\n","protected":false},"featured_media":5895,"comment_status":"closed","ping_status":"closed","template":"","meta":{"_acf_changed":false},"product_brand":[],"product_cat":[358],"product_tag":[],"class_list":{"0":"post-6557","1":"product","2":"type-product","3":"status-publish","4":"has-post-thumbnail","6":"product_cat-wollen-yogamat","8":"first","9":"outofstock","10":"taxable","11":"shipping-taxable","12":"purchasable","13":"product-type-simple"},"acf":[],"_links":{"self":[{"href":"https:\/\/woolskins.eu\/fr\/wp-json\/wp\/v2\/product\/6557","targetHints":{"allow":["GET"]}}],"collection":[{"href":"https:\/\/woolskins.eu\/fr\/wp-json\/wp\/v2\/product"}],"about":[{"href":"https:\/\/woolskins.eu\/fr\/wp-json\/wp\/v2\/types\/product"}],"replies":[{"embeddable":true,"href":"https:\/\/woolskins.eu\/fr\/wp-json\/wp\/v2\/comments?post=6557"}],"wp:featuredmedia":[{"embeddable":true,"href":"https:\/\/woolskins.eu\/fr\/wp-json\/wp\/v2\/media\/5895"}],"wp:attachment":[{"href":"https:\/\/woolskins.eu\/fr\/wp-json\/wp\/v2\/media?parent=6557"}],"wp:term":[{"taxonomy":"product_brand","embeddable":true,"href":"https:\/\/woolskins.eu\/fr\/wp-json\/wp\/v2\/product_brand?post=6557"},{"taxonomy":"product_cat","embeddable":true,"href":"https:\/\/woolskins.eu\/fr\/wp-json\/wp\/v2\/product_cat?post=6557"},{"taxonomy":"product_tag","embeddable":true,"href":"https:\/\/woolskins.eu\/fr\/wp-json\/wp\/v2\/product_tag?post=6557"}],"curies":[{"name":"wp","href":"https:\/\/api.w.org\/{rel}","templated":true}]}}