{"id":6475,"date":"2021-09-01T12:52:26","date_gmt":"2021-09-01T12:52:26","guid":{"rendered":"https:\/\/woolskins.eu\/broekje-baby-100-merino-wolfleece-walnut"},"modified":"2025-10-27T10:51:37","modified_gmt":"2025-10-27T10:51:37","slug":"pantalon-baby-100-merino-wolf-fleece-walnut","status":"publish","type":"product","link":"https:\/\/woolskins.eu\/fr\/broekje-baby-100-merino-wolfleece-walnut\/","title":{"rendered":"Engel Pantalon b\u00e9b\u00e9 100% Merino Wolfleece | Noyer"},"content":{"rendered":"<p>Ce pantalon super doux pour votre b\u00e9b\u00e9 est fabriqu\u00e9 en laine m\u00e9rinos biologique 100%. Il est luxueux et extr\u00eamement confortable pour votre b\u00e9b\u00e9. Il a un large al\u00e9sage qui s&#039;adapte bien et vous pouvez \u00e9galement le replier.<br \/>\nLa laine r\u00e9gule la temp\u00e9rature corporelle et garde votre enfant au sec et \u00e0 l&#039;aise. La laine vierge m\u00e9rinos est extr\u00eamement fine et ne d\u00e9mange donc pas. Gr\u00e2ce \u00e0 la lanoline naturellement pr\u00e9sente dans la laine, elle est r\u00e9sistante \u00e0 la salet\u00e9 et \u00e0 l&#039;eau.<\/p>\n<p>&nbsp;<\/p>\n<p>Ce pantalon super doux pour votre b\u00e9b\u00e9 est fabriqu\u00e9 en laine m\u00e9rinos biologique 100%. Il est luxueux et extr\u00eamement confortable pour votre b\u00e9b\u00e9. Il a un large al\u00e9sage qui s&#039;adapte bien et vous pouvez \u00e9galement le replier.<\/p>\n<p>La laine r\u00e9gule la temp\u00e9rature corporelle et garde votre enfant au sec et \u00e0 l&#039;aise. La laine vierge m\u00e9rinos est extr\u00eamement fine et ne d\u00e9mange donc pas. Gr\u00e2ce \u00e0 la lanoline naturellement pr\u00e9sente dans la laine, elle est r\u00e9sistante \u00e0 la salet\u00e9 et \u00e0 l&#039;eau.<\/p>\n<p>La lanoline \u00e9tant \u00e9galement antibact\u00e9rienne, le lavage n\u2019est pas souvent n\u00e9cessaire. Se promener en plein air suffit souvent.<\/p>\n<p>\u2013 Merveilleusement doux<br \/>\n\u2013 Se sent tr\u00e8s l\u00e9ger, agr\u00e9able et chaud<br \/>\n\u2013 La laine est respirante<br \/>\n\u2013 Aide votre enfant \u00e0 r\u00e9guler sa temp\u00e9rature<br \/>\n\u2013 Id\u00e9al pour le harnais ou le porte-b\u00e9b\u00e9<\/p>\n<p>Ils sont biologiques et exempts de m\u00e9taux lourds et de colorants AZO nocifs. Certifi\u00e9 GOTS.<\/p>\n<h5>Ange<\/h5>\n<p>L&#039;entreprise familiale fabrique des sous-v\u00eatements et des v\u00eatements depuis 85 ans. En 1982, une attention exemplaire et coh\u00e9rente sur les textiles naturels a commenc\u00e9 avec la transformation du coton naturel.<\/p>\n<p>Aujourd&#039;hui, notre collection comprend des v\u00eatements sp\u00e9cialement con\u00e7us pour les b\u00e9b\u00e9s pr\u00e9matur\u00e9s.<\/p>\n<p>En plus du coton issu de l&#039;agriculture biologique contr\u00f4l\u00e9e (kbA), nous traitons la laine m\u00e9rinos la plus fine issue de l&#039;\u00e9levage biologique contr\u00f4l\u00e9 (kbT) et la laine vierge m\u00e9rinos naturelle (kbT) avec de la soie. Tous les colorants utilis\u00e9s sont exempts de m\u00e9taux lourds et ont toujours \u00e9t\u00e9 exempts de colorants AZO nocifs. Pour colorer les textiles en laine, nous utilisons uniquement des colorants r\u00e9actifs particuli\u00e8rement stables avec la fibre et caract\u00e9ris\u00e9s par une grande solidit\u00e9. En mati\u00e8re de finition textile, nous n\u2019utilisons pas de finition chimique.<\/p>\n<p>Tous les mat\u00e9riaux utilis\u00e9s doivent en principe \u00eatre biod\u00e9gradables et ne doivent pas contaminer le sol, l&#039;air ou l&#039;eau. Toutes les pi\u00e8ces m\u00e9talliques utilis\u00e9es sont sans nickel, nos boutons sont fabriqu\u00e9s \u00e0 partir de mati\u00e8res premi\u00e8res naturelles et renouvelables. Afin de garantir nos normes de qualit\u00e9 \u00e9lev\u00e9es, des exigences correspondantes sont fix\u00e9es en mati\u00e8re de solidit\u00e9 \u00e0 la lumi\u00e8re, de solidit\u00e9 \u00e0 la salive, de solidit\u00e9 \u00e0 la transpiration, de solidit\u00e9 au lavage et de r\u00e9tr\u00e9cissement.<\/p>\n<p>Ces propri\u00e9t\u00e9s, ainsi que les valeurs limites de r\u00e9sidus pour les substances dangereuses pour l&#039;environnement et la sant\u00e9, sont r\u00e9guli\u00e8rement examin\u00e9es par des laboratoires et instituts environnementaux ind\u00e9pendants et certifi\u00e9s.<\/p>\n<p>Pantalon b\u00e9b\u00e9 Engel laine \u2013 Engel Baby Clothing<\/p>","protected":false},"excerpt":{"rendered":"<p>Ce pantalon Engel est luxueux et extr\u00eamement confortable pour votre b\u00e9b\u00e9. Il a un large al\u00e9sage qui s&#039;adapte bien et vous pouvez \u00e9galement le replier.<\/p>","protected":false},"featured_media":5793,"comment_status":"closed","ping_status":"closed","template":"","meta":{"_acf_changed":false},"product_brand":[],"product_cat":[361,360,363,248,200,322,344],"product_tag":[],"class_list":{"0":"post-6475","1":"product","2":"type-product","3":"status-publish","4":"has-post-thumbnail","6":"product_cat-babyshower","7":"product_cat-cadeautips","8":"product_cat-cadeaus-e25-e50","9":"product_cat-engel_natur","10":"product_cat-wollen-babykleding","11":"product_cat-broekjes","12":"product_cat-kleertjes","13":"pa_maat-50-56","14":"pa_maat-62-68","16":"first","17":"instock","18":"taxable","19":"shipping-taxable","20":"purchasable","21":"product-type-variable"},"acf":[],"_links":{"self":[{"href":"https:\/\/woolskins.eu\/fr\/wp-json\/wp\/v2\/product\/6475","targetHints":{"allow":["GET"]}}],"collection":[{"href":"https:\/\/woolskins.eu\/fr\/wp-json\/wp\/v2\/product"}],"about":[{"href":"https:\/\/woolskins.eu\/fr\/wp-json\/wp\/v2\/types\/product"}],"replies":[{"embeddable":true,"href":"https:\/\/woolskins.eu\/fr\/wp-json\/wp\/v2\/comments?post=6475"}],"wp:featuredmedia":[{"embeddable":true,"href":"https:\/\/woolskins.eu\/fr\/wp-json\/wp\/v2\/media\/5793"}],"wp:attachment":[{"href":"https:\/\/woolskins.eu\/fr\/wp-json\/wp\/v2\/media?parent=6475"}],"wp:term":[{"taxonomy":"product_brand","embeddable":true,"href":"https:\/\/woolskins.eu\/fr\/wp-json\/wp\/v2\/product_brand?post=6475"},{"taxonomy":"product_cat","embeddable":true,"href":"https:\/\/woolskins.eu\/fr\/wp-json\/wp\/v2\/product_cat?post=6475"},{"taxonomy":"product_tag","embeddable":true,"href":"https:\/\/woolskins.eu\/fr\/wp-json\/wp\/v2\/product_tag?post=6475"}],"curies":[{"name":"wp","href":"https:\/\/api.w.org\/{rel}","templated":true}]}}