{"id":6419,"date":"2021-09-01T12:51:50","date_gmt":"2021-09-01T12:51:50","guid":{"rendered":"https:\/\/woolskins.eu\/baby-slaapzak-lammy-camel"},"modified":"2026-05-06T12:31:54","modified_gmt":"2026-05-06T12:31:54","slug":"sac-de-couchage-alwero-lammy-camel","status":"publish","type":"product","link":"https:\/\/woolskins.eu\/fr\/alwero-slaapzak-lammy-camel\/","title":{"rendered":"Gigoteuse en laine pour b\u00e9b\u00e9 \u2013 Thumbled | chameau"},"content":{"rendered":"<p>Notre gigoteuse b\u00e9b\u00e9 en laine \u00e9cologique est tr\u00e8s adapt\u00e9e aux plus petits gr\u00e2ce aux propri\u00e9t\u00e9s naturelles des fibres de laine. Ceux-ci respirent et ont la propri\u00e9t\u00e9 d\u2019agir comme un thermostat naturel qui r\u00e9gule la temp\u00e9rature corporelle.<\/p>\n<p>Cela aide votre b\u00e9b\u00e9 \u00e0 maintenir une temp\u00e9rature stable et \u00e0 le garder au sec et \u00e0 l&#039;aise. Il le fait de mani\u00e8re \u00ab dynamique \u00bb, ce qui signifie que cela se produit lorsque cela est n\u00e9cessaire et non lorsque ce n&#039;est pas n\u00e9cessaire. Ces sacs de couchage en laine sont chauds en hiver et frais en \u00e9t\u00e9.<\/p>\n<p>La taille du cou est r\u00e9glable gr\u00e2ce aux doubles boutons-pression et il est dot\u00e9 d&#039;une longue fermeture \u00e9clair afin que l&#039;ensemble du sac de couchage puisse \u00eatre facilement ouvert.<\/p>\n<p>Taille 0-6 mois : longueur 67 cm (de la fermeture \u00e9paule jusqu&#039;en bas).<\/p>\n<p>Ce produit porte le label de qualit\u00e9 Safe for Children et Woolmark.<\/p>\n<h5>Marque priv\u00e9e Woolskins fabriqu\u00e9e par Alwero<\/h5>\n<p>Apr\u00e8s des ann\u00e9es de collaboration fructueuse avec Alwero, nous pouvons \u00eatre fiers d&#039;annoncer que nous pouvons proposer Alwero sous notre propre label Woolskins.<\/p>\n<p>De cette fa\u00e7on, vous obtenez toujours la meilleure qualit\u00e9 d&#039;Alwero combin\u00e9e aux produits\/designs les plus beaux et uniques de Woolskins.<\/p>\n<p>Qu&#039;est-ce qui change alors ? Pas tellement! La qualit\u00e9, les tissus et les couleurs restent les m\u00eames, mais il existe un plus grand choix de produits uniques qui, selon Woolskins, peuvent se distinguer et constituent un bon ajout \u00e0 l&#039;ensemble pour b\u00e9b\u00e9.<\/p>\n<p>Vous pouvez reconna\u00eetre nos produits gr\u00e2ce \u00e0 notre label Woolskins et l&#039;\u00e9tiquette de lavage indique qu&#039;ils ont \u00e9t\u00e9 fabriqu\u00e9s par Alwero.<\/p>\n<p>Nous unissons nos forces avec enthousiasme pour cr\u00e9er un produit durable, naturel et des plus confortables pour votre enfant.<\/p>\n<h5>Alwero<\/h5>\n<p>L&#039;entreprise familiale a \u00e9t\u00e9 fond\u00e9e \u00e0 la fin des ann\u00e9es 1990 par le besoin de cr\u00e9er quelque chose. Au milieu de la nature o\u00f9 paissent les moutons en montagne, ALWERO trouve la mati\u00e8re premi\u00e8re unique dont il s&#039;agit : la laine brute.<\/p>\n<p>En combinant traditions anciennes et innovation technique, ALWERO cr\u00e9e un monde de confort. La connaissance, l&#039;artisanat et l&#039;amour de la laine ont permis aux produits ALWERO d&#039;\u00eatre appr\u00e9ci\u00e9s dans le monde entier.<\/p>","protected":false},"excerpt":{"rendered":"<p>Si vous recherchez une gigoteuse confortable et chaude pour votre b\u00e9b\u00e9, la laine est un excellent choix. La laine pr\u00e9sente de nombreux avantages qui aident votre b\u00e9b\u00e9 \u00e0 bien dormir, \u00e0 chaque saison de l&#039;ann\u00e9e.<\/p>\n<p>Notre gigoteuse l\u00e9g\u00e8re en laine \u00e9cologique est respirante et agit comme un thermostat naturel qui r\u00e9gule la temp\u00e9rature du corps, aidant ainsi votre b\u00e9b\u00e9 \u00e0 se reposer et \u00e0 dormir profond\u00e9ment. Cette gigoteuse convient parfaitement aux tout-petits gr\u00e2ce aux doubles boutons-pression qui permettent d'agrandir ou de r\u00e9duire l'ouverture du cou. La longue fermeture \u00e9clair permet d'ouvrir l'ensemble de la gigoteuse pour la changer facilement. La gigoteuse en laine aide votre b\u00e9b\u00e9 \u00e0 maintenir une temp\u00e9rature stable et le garde au sec et \u00e0 l'aise. Elle le fait de mani\u00e8re \u2018dynamique\u2019, c'est-\u00e0-dire lorsqu'elle est n\u00e9cessaire, et non lorsqu'elle ne l'est pas. Ces gigoteuses en laine sont donc chaudes en hiver et fra\u00eeches en \u00e9t\u00e9.<\/p>\n<p><strong>Marque : Woolskins<\/strong><br \/>\n<strong>Producteur\u00a0: Woolskins Private Lable est produit par Alwero<\/strong><\/p>","protected":false},"featured_media":5714,"comment_status":"closed","ping_status":"closed","template":"","meta":{"_acf_changed":false},"product_brand":[],"product_cat":[361,360,364,196,370,194],"product_tag":[],"class_list":{"0":"post-6419","1":"product","2":"type-product","3":"status-publish","4":"has-post-thumbnail","6":"product_cat-babyshower","7":"product_cat-cadeautips","8":"product_cat-cadeaus-vanaf-e50","9":"product_cat-slaapkleding-baby","10":"product_cat-slaapzakken","11":"product_cat-wollen-babyproducten","12":"pa_maat-0-6-maanden","13":"pa_maat-6-12-maanden","15":"first","16":"outofstock","17":"taxable","18":"shipping-taxable","19":"purchasable","20":"product-type-variable"},"acf":[],"_links":{"self":[{"href":"https:\/\/woolskins.eu\/fr\/wp-json\/wp\/v2\/product\/6419","targetHints":{"allow":["GET"]}}],"collection":[{"href":"https:\/\/woolskins.eu\/fr\/wp-json\/wp\/v2\/product"}],"about":[{"href":"https:\/\/woolskins.eu\/fr\/wp-json\/wp\/v2\/types\/product"}],"replies":[{"embeddable":true,"href":"https:\/\/woolskins.eu\/fr\/wp-json\/wp\/v2\/comments?post=6419"}],"wp:featuredmedia":[{"embeddable":true,"href":"https:\/\/woolskins.eu\/fr\/wp-json\/wp\/v2\/media\/5714"}],"wp:attachment":[{"href":"https:\/\/woolskins.eu\/fr\/wp-json\/wp\/v2\/media?parent=6419"}],"wp:term":[{"taxonomy":"product_brand","embeddable":true,"href":"https:\/\/woolskins.eu\/fr\/wp-json\/wp\/v2\/product_brand?post=6419"},{"taxonomy":"product_cat","embeddable":true,"href":"https:\/\/woolskins.eu\/fr\/wp-json\/wp\/v2\/product_cat?post=6419"},{"taxonomy":"product_tag","embeddable":true,"href":"https:\/\/woolskins.eu\/fr\/wp-json\/wp\/v2\/product_tag?post=6419"}],"curies":[{"name":"wp","href":"https:\/\/api.w.org\/{rel}","templated":true}]}}