{"id":6415,"date":"2021-09-01T12:51:50","date_gmt":"2021-09-01T12:51:50","guid":{"rendered":"https:\/\/woolskins.eu\/baby-slaapzak-lammy-beige"},"modified":"2026-05-06T12:33:35","modified_gmt":"2026-05-06T12:33:35","slug":"sac-de-couchage-alwero-lammy-beige","status":"publish","type":"product","link":"https:\/\/woolskins.eu\/fr\/alwero-slaapzak-lammy-beige\/","title":{"rendered":"Gigoteuse en laine pour b\u00e9b\u00e9 \u2013 Thumbled | Beige"},"content":{"rendered":"<p>La taille du cou est r\u00e9glable gr\u00e2ce aux doubles boutons-pression et il est dot\u00e9 d&#039;une longue fermeture \u00e9clair afin que l&#039;ensemble du sac de couchage puisse \u00eatre facilement ouvert.<\/p>\n<p>\u2013 Laine vierge 100% Thumbled avec le label de qualit\u00e9 Woolmark.<br \/>\n\u2013 Structure lisse, douce et Teddy Plush.<br \/>\n\u2013 Bonnes propri\u00e9t\u00e9s thermiques.<br \/>\n\u2013 Pour la maison et en d\u00e9placement.<br \/>\n\u2013 Taille : 0\/6 mois 67 cm, 6\/12 mois 82 cm.<br \/>\n\u2013 Production europ\u00e9enne.<br \/>\n\u2013 lavable \u00e0 30\u00b0C programme laine.<\/p>\n<p>Nos gigoteuses Eco Wool conviennent tr\u00e8s bien aux plus petits gr\u00e2ce aux propri\u00e9t\u00e9s naturelles des fibres de laine. Ceux-ci respirent et ont la propri\u00e9t\u00e9 d&#039;agir comme un thermostat naturel qui r\u00e9gule la temp\u00e9rature corporelle ? Cela aide votre b\u00e9b\u00e9 \u00e0 maintenir une temp\u00e9rature stable et \u00e0 le garder au sec et \u00e0 l&#039;aise. Il le fait de mani\u00e8re \u00ab dynamique \u00bb, ce qui signifie que cela se produit lorsque cela est n\u00e9cessaire et non lorsque ce n&#039;est pas n\u00e9cessaire.<\/p>\n<p>Ce produit porte le label de qualit\u00e9 Safe for Children et Woolmark.<\/p>\n<h5>\u00c9tiquette de peaux de laine<\/h5>\n<p>Apr\u00e8s des ann\u00e9es de collaboration fructueuse avec Alwero, nous pouvons \u00eatre fiers d&#039;annoncer que nous proposons d\u00e9sormais nos produits sous notre propre label Woolskins.<\/p>\n<p>De cette fa\u00e7on, vous obtenez toujours la meilleure qualit\u00e9, mais combin\u00e9e avec les produits et designs les plus beaux et uniques.<\/p>\n<p>La qualit\u00e9 des tissus et des couleurs reste la m\u00eame qu&#039;elle a toujours \u00e9t\u00e9, mais il existe d\u00e9sormais un plus grand choix qui, selon Woolskins, peut se distinguer.<\/p>\n<p>Notre vaste collection est compos\u00e9e de telle mani\u00e8re qu&#039;ils constituent un bon compl\u00e9ment \u00e0 tout ensemble pour b\u00e9b\u00e9, fabriqu\u00e9s \u00e0 partir de laine europ\u00e9enne 100% qui respire et convient \u00e0 chaque saison.<\/p>\n<p>Nous unissons nos forces avec enthousiasme pour cr\u00e9er un produit durable, naturel et des plus confortables pour votre enfant.<\/p>","protected":false},"excerpt":{"rendered":"<p>Si vous recherchez une gigoteuse confortable et chaude pour votre b\u00e9b\u00e9, la laine est un excellent choix. La laine pr\u00e9sente de nombreux avantages qui aident votre b\u00e9b\u00e9 \u00e0 bien dormir, \u00e0 chaque saison de l&#039;ann\u00e9e.<\/p>\n<p>Notre gigoteuse l\u00e9g\u00e8re en laine \u00e9cologique est respirante et agit comme un thermostat naturel qui r\u00e9gule la temp\u00e9rature du corps, aidant ainsi votre b\u00e9b\u00e9 \u00e0 se reposer et \u00e0 dormir profond\u00e9ment. Cette gigoteuse convient parfaitement aux tout-petits gr\u00e2ce aux doubles boutons-pression qui permettent d'agrandir ou de r\u00e9duire l'ouverture du cou. La longue fermeture \u00e9clair permet d'ouvrir l'ensemble de la gigoteuse pour la changer facilement. La gigoteuse en laine aide votre b\u00e9b\u00e9 \u00e0 maintenir une temp\u00e9rature stable et le garde au sec et \u00e0 l'aise. Elle le fait de mani\u00e8re \u2018dynamique\u2019, c'est-\u00e0-dire lorsqu'elle est n\u00e9cessaire, et non lorsqu'elle ne l'est pas. Ces gigoteuses en laine sont donc chaudes en hiver et fra\u00eeches en \u00e9t\u00e9.<\/p>\n<p><strong>Marque : Woolskins<\/strong><br \/>\n<strong>Production : Pologne<\/strong><\/p>","protected":false},"featured_media":17552,"comment_status":"closed","ping_status":"closed","template":"","meta":{"_acf_changed":false},"product_brand":[],"product_cat":[361,360,364,196,370,194],"product_tag":[414],"class_list":{"0":"post-6415","1":"product","2":"type-product","3":"status-publish","4":"has-post-thumbnail","6":"product_cat-babyshower","7":"product_cat-cadeautips","8":"product_cat-cadeaus-vanaf-e50","9":"product_cat-slaapkleding-baby","10":"product_cat-slaapzakken","11":"product_cat-wollen-babyproducten","12":"product_tag-alwero-slaapzak","13":"pa_maat-0-6-maanden","14":"pa_maat-6-12-maanden","16":"first","17":"instock","18":"taxable","19":"shipping-taxable","20":"purchasable","21":"product-type-variable"},"acf":[],"_links":{"self":[{"href":"https:\/\/woolskins.eu\/fr\/wp-json\/wp\/v2\/product\/6415","targetHints":{"allow":["GET"]}}],"collection":[{"href":"https:\/\/woolskins.eu\/fr\/wp-json\/wp\/v2\/product"}],"about":[{"href":"https:\/\/woolskins.eu\/fr\/wp-json\/wp\/v2\/types\/product"}],"replies":[{"embeddable":true,"href":"https:\/\/woolskins.eu\/fr\/wp-json\/wp\/v2\/comments?post=6415"}],"wp:featuredmedia":[{"embeddable":true,"href":"https:\/\/woolskins.eu\/fr\/wp-json\/wp\/v2\/media\/17552"}],"wp:attachment":[{"href":"https:\/\/woolskins.eu\/fr\/wp-json\/wp\/v2\/media?parent=6415"}],"wp:term":[{"taxonomy":"product_brand","embeddable":true,"href":"https:\/\/woolskins.eu\/fr\/wp-json\/wp\/v2\/product_brand?post=6415"},{"taxonomy":"product_cat","embeddable":true,"href":"https:\/\/woolskins.eu\/fr\/wp-json\/wp\/v2\/product_cat?post=6415"},{"taxonomy":"product_tag","embeddable":true,"href":"https:\/\/woolskins.eu\/fr\/wp-json\/wp\/v2\/product_tag?post=6415"}],"curies":[{"name":"wp","href":"https:\/\/api.w.org\/{rel}","templated":true}]}}