{"id":6384,"date":"2021-09-01T12:51:15","date_gmt":"2021-09-01T12:51:15","guid":{"rendered":"https:\/\/woolskins.eu\/babysjaaltje-lammy-grijs"},"modified":"2024-12-04T12:35:01","modified_gmt":"2024-12-04T12:35:01","slug":"echarpe-bebe-lammy-gris","status":"publish","type":"product","link":"https:\/\/woolskins.eu\/fr\/babysjaaltje-lammy-grijs\/","title":{"rendered":"\u00c9charpe en laine pour b\u00e9b\u00e9 Thumbled | Gris clair"},"content":{"rendered":"<p>Avec cette \u00e9charpe en laine pour b\u00e9b\u00e9 de Woolskins, votre tout-petit sera non seulement super mignon, mais il restera \u00e9galement bien au chaud pendant les froides journ\u00e9es d&#039;hiver. Un cadeau parfait pour tout parent qui appr\u00e9cie la qualit\u00e9 et le style ! Le produit poss\u00e8de, entre autres, le label de qualit\u00e9 Safe for Children et Woolmark.<\/p>\n<p>\u2013 Laine vierge 100%, label de qualit\u00e9 Woolmark.<br \/>\n\u2013 Tr\u00e8s chaud pour la route.<br \/>\n\u2013 Fermeture pratique par boutons-pression.<br \/>\n\u2013 Diff\u00e9rentes couleurs disponibles.<\/p>\n<h5>\u00c9tiquette de peaux de laine<\/h5>\n<p>Apr\u00e8s des ann\u00e9es de collaboration fructueuse avec Alwero, nous pouvons \u00eatre fiers d&#039;annoncer que nous proposons d\u00e9sormais nos produits sous notre propre label Woolskins.<\/p>\n<p>De cette fa\u00e7on, vous obtenez toujours la meilleure qualit\u00e9, mais combin\u00e9e avec les produits et designs les plus beaux et uniques.<\/p>\n<p>La qualit\u00e9 des tissus et des couleurs reste la m\u00eame qu&#039;elle a toujours \u00e9t\u00e9, mais il existe d\u00e9sormais un plus grand choix qui, selon Woolskins, peut se distinguer.<\/p>\n<p>Notre vaste collection est compos\u00e9e de telle mani\u00e8re qu&#039;ils constituent un bon compl\u00e9ment \u00e0 tout ensemble pour b\u00e9b\u00e9, fabriqu\u00e9s \u00e0 partir de laine europ\u00e9enne 100% qui respire et convient \u00e0 chaque saison.<\/p>\n<p>Nous unissons nos forces avec enthousiasme pour cr\u00e9er un produit durable, naturel et des plus confortables pour votre enfant.<\/p>","protected":false},"excerpt":{"rendered":"<p>Une \u00e9charpe en laine pour b\u00e9b\u00e9 est un incontournable pour les journ\u00e9es les plus froides. Il garde les petits bien au chaud et est en plus super mignon ! Cette \u00e9charpe pour b\u00e9b\u00e9 de Woolskins est faite de laine de haute qualit\u00e9 et est disponible en quatre couleurs. Il peut \u00eatre parfaitement combin\u00e9 avec d&#039;autres produits en laine de Woolskins, comme des gilets ou des pantoufles en laine.<\/p>\n<p>Cette \u00e9charpe est non seulement fonctionnelle, mais aussi \u00e9l\u00e9gante. Il est dot\u00e9 d&#039;une fermeture \u00e0 pression pratique, ce qui facilite son enfilage. De plus, l&#039;\u00e9charpe est agr\u00e9able, douce et confortable pour la peau sensible de votre b\u00e9b\u00e9.<\/p>\n<p><strong>Marque : Woolskins<\/strong><br \/>\n<strong>Production : Pologne<\/strong><\/p>","protected":false},"featured_media":17477,"comment_status":"closed","ping_status":"closed","template":"","meta":{"_acf_changed":false},"product_brand":[],"product_cat":[345,361,360,362,200,346,194],"product_tag":[],"class_list":{"0":"post-6384","1":"product","2":"type-product","3":"status-publish","4":"has-post-thumbnail","6":"product_cat-accessoires","7":"product_cat-babyshower","8":"product_cat-cadeautips","9":"product_cat-cadeaus-tot-e-25","10":"product_cat-wollen-babykleding","11":"product_cat-mutsjesensjaaltjes","12":"product_cat-wollen-babyproducten","14":"first","15":"outofstock","16":"taxable","17":"shipping-taxable","18":"purchasable","19":"product-type-simple"},"acf":[],"_links":{"self":[{"href":"https:\/\/woolskins.eu\/fr\/wp-json\/wp\/v2\/product\/6384","targetHints":{"allow":["GET"]}}],"collection":[{"href":"https:\/\/woolskins.eu\/fr\/wp-json\/wp\/v2\/product"}],"about":[{"href":"https:\/\/woolskins.eu\/fr\/wp-json\/wp\/v2\/types\/product"}],"replies":[{"embeddable":true,"href":"https:\/\/woolskins.eu\/fr\/wp-json\/wp\/v2\/comments?post=6384"}],"wp:featuredmedia":[{"embeddable":true,"href":"https:\/\/woolskins.eu\/fr\/wp-json\/wp\/v2\/media\/17477"}],"wp:attachment":[{"href":"https:\/\/woolskins.eu\/fr\/wp-json\/wp\/v2\/media?parent=6384"}],"wp:term":[{"taxonomy":"product_brand","embeddable":true,"href":"https:\/\/woolskins.eu\/fr\/wp-json\/wp\/v2\/product_brand?post=6384"},{"taxonomy":"product_cat","embeddable":true,"href":"https:\/\/woolskins.eu\/fr\/wp-json\/wp\/v2\/product_cat?post=6384"},{"taxonomy":"product_tag","embeddable":true,"href":"https:\/\/woolskins.eu\/fr\/wp-json\/wp\/v2\/product_tag?post=6384"}],"curies":[{"name":"wp","href":"https:\/\/api.w.org\/{rel}","templated":true}]}}