{"id":6378,"date":"2021-09-01T12:51:15","date_gmt":"2021-09-01T12:51:15","guid":{"rendered":"https:\/\/woolskins.eu\/mutsje-grijs-100-baby-alpaca-wol"},"modified":"2023-12-07T16:07:48","modified_gmt":"2023-12-07T16:07:48","slug":"bonnet-gris-100-laine-baby-alpaga","status":"publish","type":"product","link":"https:\/\/woolskins.eu\/fr\/mutsje-grijs-100-baby-alpaca-wol\/","title":{"rendered":"Bonnet Gris 100% Baby Alpaga Laine"},"content":{"rendered":"<p>Il fait froid dehors, mais Petit ne sent rien dans ce chapeau d&#039;inspiration vintage. Ce chapeau est fait de laine de b\u00e9b\u00e9 alpaga non teinte. Les cordons de serrage au niveau du cou garantissent qu&#039;il reste en place pendant que Petit renifle.<\/p>\n<p>\u2013 Taille unique 3 \u2013 6 mois<br \/>\n\u2013 Est l\u00e9ger et tr\u00e8s doux<br \/>\n\u2013 Thermique, donc rafra\u00eechissant en \u00e9t\u00e9 et agr\u00e9able et chaud en hiver<br \/>\n\u2013 Est 4 fois moins \u00ab sensible \u00e0 l\u2019usure \u00bb que la laine m\u00e9rinos<br \/>\n\u2013 Ne r\u00e9tr\u00e9cit pas apr\u00e8s le lavage<br \/>\n\u2013 100% b\u00e9b\u00e9 alpaga<br \/>\n\u2013 100% biologique selon Oeko-Tex\u00ae Standard 100<\/p>\n<h5 class=\"Text1893342656__root Text1893342656---typography-11-runningText Text1893342656---priority-7-primary s8gg2 _2UIKs InfoSectionTitle3095652555__root\" aria-hidden=\"false\" data-hook=\"info-section-title\">Laine de b\u00e9b\u00e9 alpaga<\/h5>\n<div class=\"rah-static rah-static--height-auto\" aria-hidden=\"false\">\n<div>\n<div class=\"_1yvxJ fggS- cell\">\n<div class=\"WncCi\" data-hook=\"info-section-description\">\n<p>La structure des fibres de la laine Baby Alpaca est tr\u00e8s fine et la douceur est comparable \u00e0 celle de la laine cachemire, mais encore plus douce. La laine d&#039;alpaga est reconnue pour sa qualit\u00e9 sup\u00e9rieure, tr\u00e8s douce sur la peau et hypoallerg\u00e9nique. La laine baby alpaga est la laine d&#039;alpaga la plus douce d\u00e8s la premi\u00e8re tonte. Baby alpaga ne signifie pas que la laine provient de b\u00e9b\u00e9s alpagas, mais que seule la laine la plus fine est utilis\u00e9e. Il a un diam\u00e8tre d&#039;environ 20 microns, ce qui est incroyablement fin. Un micron \u00e9quivaut \u00e0 0,001 millim\u00e8tre. Plus la laine est fine, plus le produit est doux.<\/p>\n<h5>Petit Colibri<\/h5>\n<p class=\"\">PETIT KOLIBRI est n\u00e9 d&#039;un amour inconditionnel pour les produits authentiques, biologiques et naturels. Nos produits sont n\u00e9s d&#039;un engagement ind\u00e9fectible \u00e0 promouvoir la durabilit\u00e9 environnementale et des pratiques commerciales conscientes dans les communaut\u00e9s locales d&#039;Am\u00e9rique latine.<\/p>\n<p class=\"\">Tous nos v\u00eatements en alpaga biologique et b\u00e9b\u00e9 alpaga sont achet\u00e9s avec soin et attention dans une relation mutuellement b\u00e9n\u00e9fique et transparente avec nos fournisseurs. Les produits finis sont r\u00e9alis\u00e9s dans des conditions \u00e9quitables par un collectif d&#039;artisans en Colombie et au P\u00e9rou. Le commerce \u00e9quitable est devenu notre principe directeur.<\/p>\n<p class=\"\">Les enfants sont la population de demain. L\u2019impact qu\u2019ils auront sur notre plan\u00e8te sera influenc\u00e9 par les principes que nous leur enseignons aujourd\u2019hui. Notre tricot minimaliste au design organique est fait pour toutes les petites aventures !<\/p>\n<p>Notre objectif est de fournir des v\u00eatements et des accessoires s\u00fbrs aux enfants, car nous pensons que les produits que les enfants touchent doivent \u00eatre dans leur \u00e9tat le plus pur et non trait\u00e9. Nous sommes fiers de proposer des produits biologiques exempts de substances nocives, certifi\u00e9s par la norme 100 by OEKO-TEX\u00ae. La laine que nous utilisons chez PETIT KOLIBRI provient du P\u00e9rou, l&#039;un des plus importants pays d&#039;exportation de laine d&#039;alpaga.<\/p>\n<\/div>\n<\/div>\n<\/div>\n<\/div>","protected":false},"excerpt":{"rendered":"<p>Il fait froid dehors, mais Petit ne sent rien dans ce chapeau d&#039;inspiration vintage. Ce chapeau est fait de laine de b\u00e9b\u00e9 alpaga non teinte.<\/p>","protected":false},"featured_media":5652,"comment_status":"closed","ping_status":"closed","template":"","meta":{"_acf_changed":false},"product_brand":[],"product_cat":[345,361,360,363,200,232,346],"product_tag":[],"class_list":{"0":"post-6378","1":"product","2":"type-product","3":"status-publish","4":"has-post-thumbnail","6":"product_cat-accessoires","7":"product_cat-babyshower","8":"product_cat-cadeautips","9":"product_cat-cadeaus-e25-e50","10":"product_cat-wollen-babykleding","11":"product_cat-petit-kolibri","12":"product_cat-mutsjesensjaaltjes","14":"first","15":"outofstock","16":"taxable","17":"shipping-taxable","18":"purchasable","19":"product-type-simple"},"acf":[],"_links":{"self":[{"href":"https:\/\/woolskins.eu\/fr\/wp-json\/wp\/v2\/product\/6378","targetHints":{"allow":["GET"]}}],"collection":[{"href":"https:\/\/woolskins.eu\/fr\/wp-json\/wp\/v2\/product"}],"about":[{"href":"https:\/\/woolskins.eu\/fr\/wp-json\/wp\/v2\/types\/product"}],"replies":[{"embeddable":true,"href":"https:\/\/woolskins.eu\/fr\/wp-json\/wp\/v2\/comments?post=6378"}],"wp:featuredmedia":[{"embeddable":true,"href":"https:\/\/woolskins.eu\/fr\/wp-json\/wp\/v2\/media\/5652"}],"wp:attachment":[{"href":"https:\/\/woolskins.eu\/fr\/wp-json\/wp\/v2\/media?parent=6378"}],"wp:term":[{"taxonomy":"product_brand","embeddable":true,"href":"https:\/\/woolskins.eu\/fr\/wp-json\/wp\/v2\/product_brand?post=6378"},{"taxonomy":"product_cat","embeddable":true,"href":"https:\/\/woolskins.eu\/fr\/wp-json\/wp\/v2\/product_cat?post=6378"},{"taxonomy":"product_tag","embeddable":true,"href":"https:\/\/woolskins.eu\/fr\/wp-json\/wp\/v2\/product_tag?post=6378"}],"curies":[{"name":"wp","href":"https:\/\/api.w.org\/{rel}","templated":true}]}}