{"id":6357,"date":"2021-09-01T12:50:56","date_gmt":"2021-09-01T12:50:56","guid":{"rendered":"https:\/\/woolskins.eu\/weer-windbalsem-lanoline-40ml-lanacare"},"modified":"2026-05-04T14:51:24","modified_gmt":"2026-05-04T14:51:24","slug":"baume-vent-meteo-lanoline-40ml-lanacare","status":"publish","type":"product","link":"https:\/\/woolskins.eu\/fr\/weer-windbalsem-lanoline-40ml-lanacare\/","title":{"rendered":"LANACare Baume \u00e0 la lanoline - Pour b\u00e9b\u00e9, maman et peau sensible (40 ml)"},"content":{"rendered":"<p data-start=\"482\" data-end=\"790\">Le baume \u00e0 la lanoline LANACare est une cr\u00e8me de soin polyvalente et naturelle \u00e0 base de lanoline hypoallerg\u00e9nique 100%. Adapt\u00e9 aux b\u00e9b\u00e9s et aux m\u00e8res, ce baume prot\u00e8ge et restaure efficacement la peau sensible - des joues gerc\u00e9es aux mamelons douloureux pendant l'allaitement.<\/p>\n<p data-start=\"792\" data-end=\"1153\">Ce baume riche forme une fine pellicule antibact\u00e9rienne naturelle qui prot\u00e8ge la peau sans l'\u00e9touffer. Il est id\u00e9al en cas de froid et d'intemp\u00e9ries, ainsi qu'en cas d'\u00e9ryth\u00e8me fessier, de plaques s\u00e8ches ou de ger\u00e7ures. La lanoline favorise le processus naturel de cicatrisation des plaies et soutient une barri\u00e8re cutan\u00e9e saine chez les b\u00e9b\u00e9s et les adultes.<\/p>\n<p data-start=\"1155\" data-end=\"1418\">Pour les m\u00e8res qui allaitent, le baume apaise et soigne les mamelons secs, douloureux ou crevass\u00e9s. Gr\u00e2ce \u00e0 la s\u00e9curit\u00e9 de ses ingr\u00e9dients, le baume n'a pas besoin d'\u00eatre retir\u00e9 avant la t\u00e9t\u00e9e, ce qui est sans danger pour la m\u00e8re et l'enfant.<\/p>\n<p data-start=\"1420\" data-end=\"1744\">Le baume LANACare ne contient que des ingr\u00e9dients biologiques et respectueux de la peau : lanoline pure et triglyc\u00e9rides de qualit\u00e9 alimentaire. Il ne contient ni parfum, ni colorant, ni conservateur. Sa texture douce rend le baume facile \u00e0 appliquer et l'absorbe bien sans laisser de sensation de gras.<\/p>\n<p data-start=\"1746\" data-end=\"2031\"><strong>Convient pour :<\/strong><br data-start=\"1762\" data-end=\"1765\" \/>- Protection de la peau du b\u00e9b\u00e9 (par exemple en cas de froid ou de vent)<br data-start=\"1818\" data-end=\"1821\" \/>- Apaisement des zones gerc\u00e9es, s\u00e8ches ou sensibles<br data-start=\"1874\" data-end=\"1877\" \/>- Traitement de l'\u00e9ryth\u00e8me fessier<br data-start=\"1911\" data-end=\"1914\" \/>- Soins du mamelon pendant l'allaitement<br data-start=\"1962\" data-end=\"1965\" \/>- Utilisation par les adultes ayant une peau s\u00e8che ou sensible \u00e0 probl\u00e8mes<\/p>\n<p data-start=\"2033\" data-end=\"2241\">Cette cr\u00e8me \u00e0 la lanoline porte le label A du Conseil danois des consommateurs, ce qui garantit qu'elle ne contient aucun produit chimique probl\u00e9matique. Un choix s\u00fbr pour un usage quotidien - d\u00e8s le premier jour.<\/p>\n<h5 class=\"font_2\">Histoire de LANACare<\/h5>\n<p>LANACare a \u00e9t\u00e9 fond\u00e9e en 1990 par l&#039;infirmi\u00e8re danoise Jeannette Almstr\u00f8m au Danemark. Maman de 3 enfants, Jeannette Almstr\u00f8m a d\u00e9velopp\u00e9 une gamme de produits pour les mamans et les b\u00e9b\u00e9s en pure laine m\u00e9rinos biologique. Son parcours d&#039;infirmi\u00e8re et sa formation professionnelle en textile et en design se sont r\u00e9v\u00e9l\u00e9s \u00eatre une combinaison parfaite de comp\u00e9tences. Chaque article de LANACare est con\u00e7u pour favoriser la sant\u00e9 et le bien-\u00eatre de la m\u00e8re et du b\u00e9b\u00e9, en offrant le confort apaisant et la chaleur respirante que seule la pure laine peut offrir.<\/p>\n<p><span class=\"wixGuard\">\u200b<\/span>Aujourd&#039;hui, toutes les activit\u00e9s de LANACare sont g\u00e9r\u00e9es par Jeannette Almtr\u00f8m elle-m\u00eame, passionn\u00e9e par la recherche de mat\u00e9riaux nouveaux et durables \u00e0 utiliser dans de nouveaux produits qui favorisent non seulement la sant\u00e9 d&#039;un individu, mais \u00e9galement celle de notre Terre M\u00e8re.<\/p>\n<p><span class=\"wixGuard\">\u200b<\/span>Au fil des ann\u00e9es, les quantit\u00e9s de production et de distribution de LANACare ont \u00e9norm\u00e9ment augment\u00e9. Les produits sont d\u00e9sormais vendus dans 28 pays \u00e0 travers le monde.<\/p>\n<p>&nbsp;<\/p>","protected":false},"excerpt":{"rendered":"<h3 data-start=\"171\" data-end=\"244\"><strong data-start=\"175\" data-end=\"242\">LANACare Baume \u00e0 la lanoline - 100% Naturel et polyvalent (40 ml)<\/strong><\/h3>\n<p data-start=\"245\" data-end=\"751\">Un baume riche et hypoallerg\u00e9nique \u00e0 base de lanoline pure, qui convient aussi bien aux b\u00e9b\u00e9s qu'aux mamans.<br data-start=\"337\" data-end=\"340\" \/>Prot\u00e8ge la peau sensible par temps froid, apaise l'\u00e9ryth\u00e8me fessier et aide les zones s\u00e8ches ou gerc\u00e9es.<br data-start=\"452\" data-end=\"455\" \/>Id\u00e9al \u00e9galement pour les m\u00e8res souffrant de mamelons douloureux pendant l'allaitement - s\u00fbr, antibact\u00e9rien et ne n\u00e9cessitant pas d'\u00eatre retir\u00e9 avant la t\u00e9t\u00e9e.<br data-start=\"601\" data-end=\"604\" \/>Sans parfum ni conservateur.<\/p>\n<p data-start=\"245\" data-end=\"751\">Pour les b\u00e9b\u00e9s, les m\u00e8res et les peaux sensibles<br data-start=\"712\" data-end=\"715\" \/>\u2714 Label A du Conseil danois des consommateurs<\/p>\n<p data-start=\"245\" data-end=\"751\"><strong>Marque : Lanacare<\/strong><br \/>\n<strong>Production : Lituanie<\/strong><\/p>","protected":false},"featured_media":5624,"comment_status":"closed","ping_status":"closed","template":"","meta":{"_acf_changed":false},"product_brand":[],"product_cat":[349,360,362,353,225],"product_tag":[],"class_list":{"0":"post-6357","1":"product","2":"type-product","3":"status-publish","4":"has-post-thumbnail","6":"product_cat-borstvoedingenvoedingskussens","7":"product_cat-cadeautips","8":"product_cat-cadeaus-tot-e-25","9":"product_cat-lanacare","10":"product_cat-tepelzalf-zoogcompressen","12":"first","13":"instock","14":"taxable","15":"shipping-taxable","16":"purchasable","17":"product-type-simple"},"acf":[],"_links":{"self":[{"href":"https:\/\/woolskins.eu\/fr\/wp-json\/wp\/v2\/product\/6357","targetHints":{"allow":["GET"]}}],"collection":[{"href":"https:\/\/woolskins.eu\/fr\/wp-json\/wp\/v2\/product"}],"about":[{"href":"https:\/\/woolskins.eu\/fr\/wp-json\/wp\/v2\/types\/product"}],"replies":[{"embeddable":true,"href":"https:\/\/woolskins.eu\/fr\/wp-json\/wp\/v2\/comments?post=6357"}],"wp:featuredmedia":[{"embeddable":true,"href":"https:\/\/woolskins.eu\/fr\/wp-json\/wp\/v2\/media\/5624"}],"wp:attachment":[{"href":"https:\/\/woolskins.eu\/fr\/wp-json\/wp\/v2\/media?parent=6357"}],"wp:term":[{"taxonomy":"product_brand","embeddable":true,"href":"https:\/\/woolskins.eu\/fr\/wp-json\/wp\/v2\/product_brand?post=6357"},{"taxonomy":"product_cat","embeddable":true,"href":"https:\/\/woolskins.eu\/fr\/wp-json\/wp\/v2\/product_cat?post=6357"},{"taxonomy":"product_tag","embeddable":true,"href":"https:\/\/woolskins.eu\/fr\/wp-json\/wp\/v2\/product_tag?post=6357"}],"curies":[{"name":"wp","href":"https:\/\/api.w.org\/{rel}","templated":true}]}}