{"id":6249,"date":"2021-09-01T12:49:19","date_gmt":"2021-09-01T12:49:19","guid":{"rendered":"https:\/\/woolskins.eu\/eco-baby-care-icelandic-2"},"modified":"2026-05-09T19:36:27","modified_gmt":"2026-05-09T19:36:27","slug":"eco-baby-care-icelandic-2","status":"publish","type":"product","link":"https:\/\/woolskins.eu\/fr\/eco-baby-care-icelandic-2\/","title":{"rendered":"Peau de mouton pour poussette \u2013 Islandais"},"content":{"rendered":"<p>Cette peau d&#039;agneau Eco Baby-Care est sp\u00e9cialement d\u00e9coup\u00e9e sur mesure pour \u00eatre utilis\u00e9e dans la poussette, le berceau, le si\u00e8ge auto ou le couffin. Tr\u00e8s confortable pour les d\u00e9placements et \u00e0 la maison. Id\u00e9al pour les longs voyages de vacances dans des pays chauds. Il est extr\u00eamement confortable car il respire et absorbe imm\u00e9diatement la transpiration sans donner de sensation humide\/moitique \u00e0 votre enfant.<\/p>\n<p>\u2013 Dimensions 75 x 45 cm, fourrure 2 cm.<br \/>\n\u2013 Encoches pour sangles de s\u00e9curit\u00e9 3 &amp; 5 points.<br \/>\n\u2013 Poil doux et compact.<br \/>\n\u2013 <strong>PAS<\/strong> Lavable et s\u00e9chable \u00e0 la main et en machine.<br \/>\n- Facile \u00e0 maintenir.<\/p>\n<h5><b>Voyagez confortablement<\/b><\/h5>\n<p>Les fibres de laine respirent et ont la propri\u00e9t\u00e9 d&#039;agir comme un thermostat naturel qui r\u00e9gule la temp\u00e9rature corporelle ? Cela aide votre b\u00e9b\u00e9 \u00e0 maintenir une temp\u00e9rature stable et \u00e0 le garder au sec et \u00e0 l&#039;aise. Il le fait de mani\u00e8re \u00ab dynamique \u00bb, ce qui signifie que cela se produit lorsque cela est n\u00e9cessaire et non lorsque ce n&#039;est pas n\u00e9cessaire. Chaud en hiver et frais en \u00e9t\u00e9.<\/p>\n<p>Les manteaux Woolskins Baby-Care ont un manteau plus court, ce qui les rend \u00e0 l&#039;\u00e9preuve des b\u00e9b\u00e9s. Ils conviennent d\u00e8s la naissance et parce que leur transformation tient compte de l&#039;environnement, ils prot\u00e8gent \u00e0 la fois les plus petits et la plan\u00e8te. \u00c0 la maison ou en d\u00e9placement, vous cr\u00e9ez un environnement confortable dans lequel votre enfant se sent heureux et d\u00e9tendu. Standard \u00ab\u00a0pr\u00eat \u00e0 offrir\u00a0\u00bb emball\u00e9 avec une note personnelle.<\/p>\n<h5><strong>Propri\u00e9t\u00e9s de la peau de mouton islandais<\/strong><\/h5>\n<p>Le mouton islandais est surtout connu pour son poil long. Nous l&#039;avons fait raser sur une longueur courte, sp\u00e9cialement pour les b\u00e9b\u00e9s, afin que la couche de laine isolante \u00ab sous \u00bb soit mise en avant. Ce manteau se caract\u00e9rise notamment par la souplesse du c\u00f4t\u00e9 cuir et tombe comme une couverture. Comme tous nos autres manteaux, les fibres de laine respirent. Cela aide votre b\u00e9b\u00e9 \u00e0 maintenir une temp\u00e9rature stable et \u00e0 le garder au sec et \u00e0 l&#039;aise. Frais en \u00e9t\u00e9 et chaud en hiver.<\/p>\n<h5><b>Respectueux de la nature<\/b><\/h5>\n<p>Tous les produits utilis\u00e9s en tannerie et en finition sont conformes aux directives essentielles de l&#039;UE relatives \u00e0 la pr\u00e9servation et \u00e0 la protection de l&#039;environnement.<\/p>\n<p>Nos polaires sont tann\u00e9es conform\u00e9ment \u00e0 la r\u00e9glementation REACH, qui a \u00e9t\u00e9 adopt\u00e9e pour am\u00e9liorer la protection de la sant\u00e9 humaine et de l&#039;environnement contre les risques que peuvent pr\u00e9senter les produits chimiques, tout en augmentant la comp\u00e9titivit\u00e9 de l&#039;industrie chimique europ\u00e9enne. Aucun colorant AZO n\u2019est utilis\u00e9 dans la production.<\/p>\n<p>PRODUITS \u00c9COLOGIQUES \u2013 les peaux sont des peaux \u00e9cologiques, leur transformation et leur traitement sont sans danger pour les adultes et les enfants. Les peaux sont biod\u00e9gradables, biologiques.<\/p>\n<p>Woolskins ne vend pas de toisons de mouton auxquelles le Mulesing a \u00e9t\u00e9 appliqu\u00e9 ! Le mulesing n&#039;est pas utilis\u00e9 chez les moutons europ\u00e9ens car le parasite qui pousse les agriculteurs \u00e0 utiliser le mulesing n&#039;est pas pr\u00e9sent en Europe.<\/p>\n<h5><b>Dormeurs sur le ventre\u2026 attention !<\/b><\/h5>\n<p>Les enfants qui dorment sur le ventre pendant les 12 premiers mois ne doivent pas dormir sur un objet mou pour des raisons de s\u00e9curit\u00e9, car cela peut \u00eatre dangereux. Nous vous recommandons donc d&#039;utiliser le manteau Woolskins \u00e0 bon escient ! Soyez toujours attentif lorsque votre enfant est allong\u00e9 ou dort sur le ventre et assurez-vous qu&#039;il est toujours surveill\u00e9.<\/p>","protected":false},"excerpt":{"rendered":"<p><strong>Peau de mouton douce et naturelle pour b\u00e9b\u00e9s - Woolskins<br \/>\n<\/strong><br \/>\nOffrez \u00e0 votre b\u00e9b\u00e9 ce qu'il y a de mieux avec cette polaire en peau de mouton europ\u00e9enne de haute qualit\u00e9 de Woolskins. La polaire est sp\u00e9cialement taill\u00e9e court pour la s\u00e9curit\u00e9 de votre b\u00e9b\u00e9 et est id\u00e9ale pour une utilisation dans le landau, Maxi-Cosi ou le panier Moses, par exemple. Elle est dot\u00e9e d'ouvertures pratiques pour le harnais \u00e0 5 points, ce qui vous permet d'attacher votre b\u00e9b\u00e9 en toute s\u00e9curit\u00e9 sans perdre en confort. La laine naturelle assure le confort de votre b\u00e9b\u00e9 gr\u00e2ce \u00e0 la r\u00e9gulation de la temp\u00e9rature, tandis que le mat\u00e9riau hypoallerg\u00e9nique est doux pour les peaux sensibles. De plus, la fourrure a un effet apaisant, ce qui permet \u00e0 votre b\u00e9b\u00e9 de se sentir d\u00e9tendu pendant les trajets ou les moments pass\u00e9s \u00e0 la maison. Durable et facile d'entretien, vous pourrez en profiter longtemps. Pour en savoir plus, consultez les informations sur le produit ci-dessous.<\/p>\n<p><strong>Marque : Woolskins<\/strong><br \/>\n<strong>Pays : Pologne<\/strong><\/p>","protected":false},"featured_media":9646,"comment_status":"closed","ping_status":"closed","template":"","meta":{"_acf_changed":false},"product_brand":[],"product_cat":[216,222,354],"product_tag":[],"class_list":{"0":"post-6249","1":"product","2":"type-product","3":"status-publish","4":"has-post-thumbnail","6":"product_cat-schapenvacht-voor-baby","7":"product_cat-buggy-schapenvachtjes","8":"product_cat-woolskins","10":"first","11":"instock","12":"sale","13":"taxable","14":"shipping-taxable","15":"purchasable","16":"product-type-variable","17":"has-default-attributes"},"acf":[],"_links":{"self":[{"href":"https:\/\/woolskins.eu\/fr\/wp-json\/wp\/v2\/product\/6249","targetHints":{"allow":["GET"]}}],"collection":[{"href":"https:\/\/woolskins.eu\/fr\/wp-json\/wp\/v2\/product"}],"about":[{"href":"https:\/\/woolskins.eu\/fr\/wp-json\/wp\/v2\/types\/product"}],"replies":[{"embeddable":true,"href":"https:\/\/woolskins.eu\/fr\/wp-json\/wp\/v2\/comments?post=6249"}],"wp:featuredmedia":[{"embeddable":true,"href":"https:\/\/woolskins.eu\/fr\/wp-json\/wp\/v2\/media\/9646"}],"wp:attachment":[{"href":"https:\/\/woolskins.eu\/fr\/wp-json\/wp\/v2\/media?parent=6249"}],"wp:term":[{"taxonomy":"product_brand","embeddable":true,"href":"https:\/\/woolskins.eu\/fr\/wp-json\/wp\/v2\/product_brand?post=6249"},{"taxonomy":"product_cat","embeddable":true,"href":"https:\/\/woolskins.eu\/fr\/wp-json\/wp\/v2\/product_cat?post=6249"},{"taxonomy":"product_tag","embeddable":true,"href":"https:\/\/woolskins.eu\/fr\/wp-json\/wp\/v2\/product_tag?post=6249"}],"curies":[{"name":"wp","href":"https:\/\/api.w.org\/{rel}","templated":true}]}}