{"id":6221,"date":"2021-09-01T12:48:54","date_gmt":"2021-09-01T12:48:54","guid":{"rendered":"https:\/\/woolskins.eu\/eco-baby-care-merino"},"modified":"2026-04-14T10:05:10","modified_gmt":"2026-04-14T10:05:10","slug":"peau-de-mouton-pour-bebe-eco-baby-care-merino","status":"publish","type":"product","link":"https:\/\/woolskins.eu\/fr\/schapenvacht-voor-baby-eco-baby-care-merino\/","title":{"rendered":"Peau de mouton pour b\u00e9b\u00e9 \u2013 M\u00e9rinos Extra Fine (M\u00e9dicinale)"},"content":{"rendered":"<p><strong>Description<\/strong><\/p>\n<p>Les peaux de mouton Woolskins Baby-Care pour b\u00e9b\u00e9s ont un pelage plus court, ce qui les rend \u00e0 l&#039;\u00e9preuve des b\u00e9b\u00e9s. Ils conviennent d\u00e8s la naissance et parce que leur transformation tient compte de l&#039;environnement, ils prot\u00e8gent \u00e0 la fois les plus petits et la plan\u00e8te. \u00c0 la maison ou en d\u00e9placement, vous cr\u00e9ez un environnement confortable dans lequel votre enfant se sent heureux et d\u00e9tendu. Saviez-vous que la peau de mouton est \u00e9galement saine pour votre enfant ?<\/p>\n<p>\u2013 Longueur 90-100cm \/ manteau 3cm.<br \/>\n\u2013 Bronzage m\u00e9dicinal.<br \/>\n\u2013 Poil extra doux et compact.<br \/>\n\u2013 Lavable et s\u00e9chable en machine.<br \/>\n- Facile \u00e0 maintenir.<\/p>\n<p>Commandez une brosse d&#039;entretien pour garder longtemps votre pelage beau et\/ou faites personnaliser votre pelage avec les d\u00e9tails de naissance de votre\/de l&#039;enfant. Un cadeau magnifique et unique, exclusivement disponible chez Woolskins. Standard \u00ab\u00a0pr\u00eat \u00e0 offrir\u00a0\u00bb emball\u00e9 avec une note personnelle.<\/p>\n<p><strong>Propri\u00e9t\u00e9s de la peau de mouton m\u00e9rinos<\/strong><\/p>\n<p>La laine\/fourrure m\u00e9rinos est connue pour les poils plus fins du mouton m\u00e9rinos et est donc l\u00e9g\u00e8rement plus douce sur la peau. Les poils sont plus fins et plus rapproch\u00e9s, ce qui rend le pelage plus compact. Comme tous nos autres manteaux, les fibres de laine respirent. Cela aide votre b\u00e9b\u00e9 \u00e0 maintenir une temp\u00e9rature stable et \u00e0 le garder au sec et \u00e0 l&#039;aise. Frais en \u00e9t\u00e9 et chaud en hiver.<\/p>\n<p><strong>Respectueux de la nature<\/strong><\/p>\n<p>Tous les produits utilis\u00e9s en tannerie et en finition sont conformes aux directives essentielles de l&#039;UE relatives \u00e0 la pr\u00e9servation et \u00e0 la protection de l&#039;environnement.<\/p>\n<p>Notre peau de mouton pour b\u00e9b\u00e9 est tann\u00e9e conform\u00e9ment \u00e0 la r\u00e9glementation REACH adopt\u00e9e pour am\u00e9liorer la protection de la sant\u00e9 humaine et de l&#039;environnement contre les risques que peuvent pr\u00e9senter les produits chimiques, tout en augmentant la comp\u00e9titivit\u00e9 de l&#039;industrie chimique europ\u00e9enne. Aucun colorant AZO n\u2019est utilis\u00e9 dans la production.<\/p>\n<p>PRODUITS \u00c9COLOGIQUES \u2013 les peaux sont des peaux de mouton \u00e9cologiques, leur transformation et leur traitement sont sans danger pour les adultes et les enfants. Les peaux sont biod\u00e9gradables, biologiques.<\/p>\n<p>Woolskins ne vend pas de peaux de mouton provenant de moutons o\u00f9 le Mulesing a \u00e9t\u00e9 appliqu\u00e9 ! Le mulesing n&#039;est pas utilis\u00e9 chez les moutons europ\u00e9ens car le parasite qui pousse les agriculteurs \u00e0 utiliser le mulesing n&#039;est pas pr\u00e9sent en Europe.<\/p>\n<p><strong>Dormeurs sur le ventre\u2026 attention !<\/strong><\/p>\n<p>Les enfants qui dorment sur le ventre pendant les 12 premiers mois ne doivent pas dormir sur un objet mou pour des raisons de s\u00e9curit\u00e9, car cela peut \u00eatre dangereux. Nous recommandons donc d&#039;utiliser la peau de mouton Woolskins pour b\u00e9b\u00e9 \u00e0 bon escient ! Soyez toujours attentif lorsque votre enfant est allong\u00e9 ou dort sur le ventre et assurez-vous qu&#039;il est toujours surveill\u00e9.<\/p>","protected":false},"excerpt":{"rendered":"<p><strong>Peau de mouton douce et naturelle pour b\u00e9b\u00e9s - Woolskins<br \/>\n<\/strong><br \/>\nOffrez \u00e0 votre b\u00e9b\u00e9 ce qu'il y a de mieux avec cette couverture en peau de mouton europ\u00e9enne de haute qualit\u00e9 de Woolskins. Elle est parfaite comme surface douce et confortable dans le lit de b\u00e9b\u00e9, le parc ou sur le sol. Le molleton est compos\u00e9 de laine douce et naturelle qui r\u00e9gule la temp\u00e9rature et prot\u00e8ge la peau sensible de votre b\u00e9b\u00e9. Il a \u00e9galement un effet apaisant, permettant \u00e0 votre b\u00e9b\u00e9 de se sentir d\u00e9tendu pendant les jeux ou les moments de repos. Durable et facile d'entretien, vous pourrez en profiter longtemps. Pour plus d'informations, consultez la rubrique \"Informations sur les produits\" ci-dessous.<\/p>\n<p><strong>Marque : Woolskins<\/strong><br \/>\n<strong>Pays : Pologne<\/strong><\/p>","protected":false},"featured_media":10531,"comment_status":"open","ping_status":"closed","template":"","meta":{"_acf_changed":false},"product_brand":[],"product_cat":[354,216],"product_tag":[503],"class_list":{"0":"post-6221","1":"product","2":"type-product","3":"status-publish","4":"has-post-thumbnail","6":"product_cat-woolskins","7":"product_cat-schapenvacht-voor-baby","8":"product_tag-schapenvacht-vor-baby","10":"first","11":"instock","12":"sale","13":"taxable","14":"shipping-taxable","15":"purchasable","16":"product-type-variable","17":"has-default-attributes"},"acf":[],"_links":{"self":[{"href":"https:\/\/woolskins.eu\/fr\/wp-json\/wp\/v2\/product\/6221","targetHints":{"allow":["GET"]}}],"collection":[{"href":"https:\/\/woolskins.eu\/fr\/wp-json\/wp\/v2\/product"}],"about":[{"href":"https:\/\/woolskins.eu\/fr\/wp-json\/wp\/v2\/types\/product"}],"replies":[{"embeddable":true,"href":"https:\/\/woolskins.eu\/fr\/wp-json\/wp\/v2\/comments?post=6221"}],"wp:featuredmedia":[{"embeddable":true,"href":"https:\/\/woolskins.eu\/fr\/wp-json\/wp\/v2\/media\/10531"}],"wp:attachment":[{"href":"https:\/\/woolskins.eu\/fr\/wp-json\/wp\/v2\/media?parent=6221"}],"wp:term":[{"taxonomy":"product_brand","embeddable":true,"href":"https:\/\/woolskins.eu\/fr\/wp-json\/wp\/v2\/product_brand?post=6221"},{"taxonomy":"product_cat","embeddable":true,"href":"https:\/\/woolskins.eu\/fr\/wp-json\/wp\/v2\/product_cat?post=6221"},{"taxonomy":"product_tag","embeddable":true,"href":"https:\/\/woolskins.eu\/fr\/wp-json\/wp\/v2\/product_tag?post=6221"}],"curies":[{"name":"wp","href":"https:\/\/api.w.org\/{rel}","templated":true}]}}