{"id":6192,"date":"2021-09-01T12:48:07","date_gmt":"2021-09-01T12:48:07","guid":{"rendered":"https:\/\/woolskins.eu\/luieretui-essential-grijs"},"modified":"2023-11-09T12:19:06","modified_gmt":"2023-11-09T12:19:06","slug":"sac-a-langer-essential-grey","status":"publish","type":"product","link":"https:\/\/woolskins.eu\/fr\/luieretui-essential-grijs\/","title":{"rendered":"\u00c9tui \u00e0 couches Laine \u2013 Feutr\u00e9 | Gris clair"},"content":{"rendered":"<p>\u2013 Laine vierge 100% feutr\u00e9e avec le label de qualit\u00e9 Woolmark.<br \/>\n\u2013 Structure lisse, douce et compacte<br \/>\n\u2013 Les dimensions sont 24x9x9cm.<br \/>\n\u2013 Pour la maison et en d\u00e9placement.<br \/>\n\u2013 Production europ\u00e9enne.<br \/>\n\u2013 lavable \u00e0 30\u00b0C programme laine.<\/p>\n<p>Ce produit porte le label de qualit\u00e9 Safe for Children et Woolmark.<\/p>\n<h5>\u00c9tiquette de peaux de laine<\/h5>\n<p>Apr\u00e8s des ann\u00e9es de collaboration fructueuse avec Alwero, nous pouvons \u00eatre fiers d&#039;annoncer que nous proposons d\u00e9sormais nos produits sous notre propre label Woolskins.<\/p>\n<p>De cette fa\u00e7on, vous obtenez toujours la meilleure qualit\u00e9, mais combin\u00e9e avec les produits et designs les plus beaux et uniques.<\/p>\n<p>La qualit\u00e9 des tissus et des couleurs reste la m\u00eame qu&#039;elle a toujours \u00e9t\u00e9, mais il existe d\u00e9sormais un plus grand choix qui, selon Woolskins, peut se distinguer.<\/p>\n<p>Notre vaste collection est compos\u00e9e de telle mani\u00e8re qu&#039;ils constituent un bon compl\u00e9ment \u00e0 tout ensemble pour b\u00e9b\u00e9, fabriqu\u00e9s \u00e0 partir de laine europ\u00e9enne 100% qui respire et convient \u00e0 chaque saison.<\/p>\n<p>Nous unissons nos forces avec enthousiasme pour cr\u00e9er un produit durable, naturel et des plus confortables pour votre enfant.<\/p>","protected":false},"excerpt":{"rendered":"<p>Notre trousse de toilette en laine est un accessoire \u00e9l\u00e9gant et pratique pour ranger vos articles d&#039;hygi\u00e8ne personnelle. Que vous ayez besoin d&#039;emporter vos essentiels pour un voyage, une s\u00e9ance de sport ou une journ\u00e9e au bureau, une trousse de toilette en laine les gardera organis\u00e9s et prot\u00e9g\u00e9s. Cette trousse de toilette est \u00e9galement tr\u00e8s adapt\u00e9e pour transporter des couches, des lingettes pour b\u00e9b\u00e9 et d&#039;autres n\u00e9cessit\u00e9s pour votre b\u00e9b\u00e9.<\/p>\n<p><strong>Marque : Woolskins<\/strong><br \/>\n<strong>Production : Pologne<\/strong><\/p>","protected":false},"featured_media":5418,"comment_status":"closed","ping_status":"closed","template":"","meta":{"_acf_changed":false},"product_brand":[],"product_cat":[351,349,360,363,31,196,194],"product_tag":[],"class_list":{"0":"post-6192","1":"product","2":"type-product","3":"status-publish","4":"has-post-thumbnail","6":"product_cat-accessoiresvoormama","7":"product_cat-borstvoedingenvoedingskussens","8":"product_cat-cadeautips","9":"product_cat-cadeaus-e25-e50","10":"product_cat-yogamat-wol","11":"product_cat-slaapkleding-baby","12":"product_cat-wollen-babyproducten","14":"first","15":"instock","16":"taxable","17":"shipping-taxable","18":"purchasable","19":"product-type-simple"},"acf":[],"_links":{"self":[{"href":"https:\/\/woolskins.eu\/fr\/wp-json\/wp\/v2\/product\/6192","targetHints":{"allow":["GET"]}}],"collection":[{"href":"https:\/\/woolskins.eu\/fr\/wp-json\/wp\/v2\/product"}],"about":[{"href":"https:\/\/woolskins.eu\/fr\/wp-json\/wp\/v2\/types\/product"}],"replies":[{"embeddable":true,"href":"https:\/\/woolskins.eu\/fr\/wp-json\/wp\/v2\/comments?post=6192"}],"wp:featuredmedia":[{"embeddable":true,"href":"https:\/\/woolskins.eu\/fr\/wp-json\/wp\/v2\/media\/5418"}],"wp:attachment":[{"href":"https:\/\/woolskins.eu\/fr\/wp-json\/wp\/v2\/media?parent=6192"}],"wp:term":[{"taxonomy":"product_brand","embeddable":true,"href":"https:\/\/woolskins.eu\/fr\/wp-json\/wp\/v2\/product_brand?post=6192"},{"taxonomy":"product_cat","embeddable":true,"href":"https:\/\/woolskins.eu\/fr\/wp-json\/wp\/v2\/product_cat?post=6192"},{"taxonomy":"product_tag","embeddable":true,"href":"https:\/\/woolskins.eu\/fr\/wp-json\/wp\/v2\/product_tag?post=6192"}],"curies":[{"name":"wp","href":"https:\/\/api.w.org\/{rel}","templated":true}]}}