{"id":30157,"date":"2026-04-04T10:37:35","date_gmt":"2026-04-04T10:37:35","guid":{"rendered":"https:\/\/woolskins.eu\/?post_type=product&#038;p=30157"},"modified":"2026-04-04T10:42:16","modified_gmt":"2026-04-04T10:42:16","slug":"a-basic-brand-babysjaaltje-rib-brown","status":"publish","type":"product","link":"https:\/\/woolskins.eu\/fr\/a-basic-brand-babysjaaltje-rib-brown\/","title":{"rendered":"A Basic Brand &#8211; Babysjaaltje Rib | Brown"},"content":{"rendered":"<p>\u00c9charpe en coton c\u00f4tel\u00e9. Compl\u00e9ment parfait \u00e0 notre bonnet c\u00f4tel\u00e9. Livr\u00e9 dans une taille universelle qui s&#039;adapte \u00e0 tout le monde.<\/p>\n<p>NORME 100 d&#039;OEKO-TEX\u00ae<\/p>\n<p>TAILLE UNIQUE (0 \u2013 3 mois \u2013 longueur semelle int\u00e9rieure \u2013 10 cm)<\/p>\n<h5>Une marque pour b\u00e9b\u00e9<\/h5>\n<p>D\u00e9couvrez une garde-robe v\u00e9ritablement minimaliste pleine d&#039;essentiels pratiques. M\u00e9langez et assortissez nos mod\u00e8les et couleurs unisexes. Pas de logo, pas d&#039;impression, pas de chichi.<\/p>\n<p>Notre mission est de vous faciliter la vie, c&#039;est pourquoi l&#039;une des id\u00e9es principales derri\u00e8re notre philosophie est la PRATIQUE. Nous nous soucions \u00e9galement profond\u00e9ment de notre plan\u00e8te et souhaitons que tout le monde m\u00e8ne une vie plus minimaliste et utilise donc moins de v\u00eatements (#CONSUMEWISELY).<\/p>\n<p>C&#039;est pourquoi la qualit\u00e9 de nos produits est la plus \u00e9lev\u00e9e possible. Vous pouvez les utiliser pendant des ann\u00e9es et les transmettre une fois que vous avez termin\u00e9. Nous utilisons des tissus de qualit\u00e9 sup\u00e9rieure certifi\u00e9s GOTS en coton biologique et STANDARD 100 by OEKO-TEX\u00ae. Tous nos produits peuvent \u00eatre lav\u00e9s et s\u00e9ch\u00e9s en machine aussi souvent que vous le souhaitez. Vous d\u00e9couvrirez que notre molleton de coton n&#039;a m\u00eame pas besoin d&#039;\u00eatre repass\u00e9 pour \u00eatre beau.<\/p>","protected":false},"excerpt":{"rendered":"<p data-start=\"44\" data-end=\"345\">Zachte en stijlvolle katoenen rib sjaal voor baby\u2019s, perfect te combineren met de bijpassende ribbeanie. Deze baby sjaal van katoen is ademend, comfortabel en ideaal voor dagelijks gebruik. Dankzij de one size pasvorm (0\u20133 maanden) sluit hij mooi aan en biedt hij warmte zonder te knellen.<\/p>\n<p data-start=\"347\" data-end=\"563\">Gemaakt van 97% katoen en 3% elastaan en voorzien van het OEKO-TEX\u00ae STANDARD 100 keurmerk \u2013 veilig voor de gevoelige babyhuid. Een praktische en duurzame toevoeging aan een minimalistische baby garderobe.<\/p>\n<p data-start=\"347\" data-end=\"563\"><strong>Marque\u00a0: Une marque de base<\/strong><br \/>\n<strong>Pays : Pologne<\/strong><\/p>","protected":false},"featured_media":30154,"comment_status":"open","ping_status":"closed","template":"","meta":{"_acf_changed":false},"product_brand":[],"product_cat":[360,335,361,362,529,535],"product_tag":[],"class_list":{"0":"post-30157","1":"product","2":"type-product","3":"status-publish","4":"has-post-thumbnail","6":"product_cat-cadeautips","7":"product_cat-a_baby_brand","8":"product_cat-babyshower","9":"product_cat-cadeaus-tot-e-25","10":"product_cat-katoenen-babykleertjes","11":"product_cat-katoenen-babymuts-babysjaaltjes","13":"first","14":"instock","15":"taxable","16":"shipping-taxable","17":"purchasable","18":"product-type-simple"},"acf":[],"_links":{"self":[{"href":"https:\/\/woolskins.eu\/fr\/wp-json\/wp\/v2\/product\/30157","targetHints":{"allow":["GET"]}}],"collection":[{"href":"https:\/\/woolskins.eu\/fr\/wp-json\/wp\/v2\/product"}],"about":[{"href":"https:\/\/woolskins.eu\/fr\/wp-json\/wp\/v2\/types\/product"}],"replies":[{"embeddable":true,"href":"https:\/\/woolskins.eu\/fr\/wp-json\/wp\/v2\/comments?post=30157"}],"wp:featuredmedia":[{"embeddable":true,"href":"https:\/\/woolskins.eu\/fr\/wp-json\/wp\/v2\/media\/30154"}],"wp:attachment":[{"href":"https:\/\/woolskins.eu\/fr\/wp-json\/wp\/v2\/media?parent=30157"}],"wp:term":[{"taxonomy":"product_brand","embeddable":true,"href":"https:\/\/woolskins.eu\/fr\/wp-json\/wp\/v2\/product_brand?post=30157"},{"taxonomy":"product_cat","embeddable":true,"href":"https:\/\/woolskins.eu\/fr\/wp-json\/wp\/v2\/product_cat?post=30157"},{"taxonomy":"product_tag","embeddable":true,"href":"https:\/\/woolskins.eu\/fr\/wp-json\/wp\/v2\/product_tag?post=30157"}],"curies":[{"name":"wp","href":"https:\/\/api.w.org\/{rel}","templated":true}]}}