{"id":30007,"date":"2026-03-19T13:38:14","date_gmt":"2026-03-19T13:38:14","guid":{"rendered":"https:\/\/woolskins.eu\/?post_type=product&#038;p=30007"},"modified":"2026-05-03T18:00:12","modified_gmt":"2026-05-03T18:00:12","slug":"wollen-slaapzak-baby-peuter-teddy-hazelnoot","status":"publish","type":"product","link":"https:\/\/woolskins.eu\/fr\/wollen-slaapzak-baby-peuter-teddy-hazelnoot\/","title":{"rendered":"Wollen Slaapzak Baby &#038; Peuter | Teddy Hazelnoot"},"content":{"rendered":"<p data-start=\"126\" data-end=\"937\">Ce sac de couchage en laine avec jambes est con\u00e7u pour grandir au rythme quotidien de votre enfant. Alors que les sacs de couchage traditionnels sont principalement destin\u00e9s \u00e0 \u00eatre utilis\u00e9s dans le lit, ce mod\u00e8le offre beaucoup plus de libert\u00e9. Les jambes l\u00e2ches permettent \u00e0 votre enfant de bouger librement d\u00e8s son r\u00e9veil : s'asseoir, ramper, marcher et jouer se font sans effort, sans perdre de chaleur. Ce sac de couchage est donc id\u00e9al pour les longues matin\u00e9es tranquilles du week-end, pour les tout-petits qui veulent faire des c\u00e2lins et jouer le matin, pour les enfants qui se refroidissent rapidement d\u00e8s qu'ils sortent du lit, pour les moments douillets sur le canap\u00e9 ou dans le salon, et pour les enfants qui ont du mal \u00e0 rester immobiles pendant le change. Votre enfant restera au chaud et \u00e0 l'aise, mais sans les contraintes d'un sac de couchage traditionnel.<\/p>\n<p data-start=\"126\" data-end=\"937\"><strong>100% Laine vierge<\/strong><\/p>\n<p data-start=\"670\" data-end=\"706\"><strong>Ce sac de couchage est donc id\u00e9al pour :<\/strong><\/p>\n<ul data-start=\"707\" data-end=\"982\">\n<li data-start=\"707\" data-end=\"750\">\n<p data-start=\"709\" data-end=\"750\">de longues matin\u00e9es tranquilles le week-end<\/p>\n<\/li>\n<li data-start=\"751\" data-end=\"813\">\n<p data-start=\"753\" data-end=\"813\">les enfants en bas \u00e2ge qui aiment les c\u00e2lins et les jeux le matin<\/p>\n<\/li>\n<li data-start=\"814\" data-end=\"867\">\n<p data-start=\"816\" data-end=\"867\">les enfants qui se refroidissent rapidement d\u00e8s qu'ils sortent du lit<\/p>\n<\/li>\n<li data-start=\"868\" data-end=\"910\">\n<p data-start=\"870\" data-end=\"910\">moments sur le canap\u00e9 ou dans le salon<\/p>\n<\/li>\n<li data-start=\"911\" data-end=\"982\">\n<p data-start=\"913\" data-end=\"982\">les enfants qui ne restent pas immobiles lorsqu'ils se changent ou changent de v\u00eatements<\/p>\n<\/li>\n<\/ul>\n<p data-start=\"984\" data-end=\"1083\"><strong>Votre b\u00e9b\u00e9 restera au chaud et \u00e0 l'aise, mais sans les limites d'un sac de couchage traditionnel.<\/strong><\/p>\n<p data-start=\"1085\" data-end=\"1347\"><strong>Les manchettes couvrent les pieds chauds ou les orteils libres.<\/strong><\/p>\n<p data-start=\"1085\" data-end=\"1347\">Un avantage suppl\u00e9mentaire de ce mod\u00e8le est la pr\u00e9sence d'astucieuses manchettes enveloppantes au niveau des jambes. Ils vous permettent de garder les pieds bien au chaud et de les rentrer, ou de les laisser ouverts lorsque votre enfant veut se promener, explorer ou jouer.<\/p>\n<ul data-start=\"1348\" data-end=\"1494\">\n<li data-start=\"1348\" data-end=\"1416\">\n<p data-start=\"1350\" data-end=\"1416\">Les pieds serr\u00e9s conservent la chaleur pendant le sommeil ou le repos.<\/p>\n<\/li>\n<li data-start=\"1417\" data-end=\"1494\">\n<p data-start=\"1419\" data-end=\"1494\">Les pieds ouverts donnent \u00e0 votre enfant la libert\u00e9 de marcher et de jouer en toute s\u00e9curit\u00e9.<\/p>\n<\/li>\n<\/ul>\n<p data-start=\"1496\" data-end=\"1639\">Pour de nombreuses mamans, c'est la solution pour les matins o\u00f9 leur b\u00e9b\u00e9 n'a pas encore besoin d'\u00eatre habill\u00e9 mais aime courir et \u00eatre actif.<\/p>\n<p data-start=\"1641\" data-end=\"1851\"><strong>Pourquoi la laine est-elle si bonne pour les b\u00e9b\u00e9s et les enfants ?<\/strong><\/p>\n<p data-start=\"1641\" data-end=\"1851\">La laine est une mati\u00e8re exceptionnelle par nature, aussi bien pendant le sommeil que lorsque votre b\u00e9b\u00e9 est actif. Elle r\u00e9gule naturellement la temp\u00e9rature.<\/p>\n<ul data-start=\"1852\" data-end=\"1967\">\n<li data-start=\"1852\" data-end=\"1898\">\n<p data-start=\"1854\" data-end=\"1898\">La laine conserve la chaleur lorsqu'il fait froid.<\/p>\n<\/li>\n<li data-start=\"1899\" data-end=\"1967\">\n<p data-start=\"1901\" data-end=\"1967\">La laine \u00e9vacue l'exc\u00e8s de chaleur et d'humidit\u00e9 lorsqu'il fait chaud.<\/p>\n<\/li>\n<\/ul>\n<p data-start=\"1969\" data-end=\"2212\">Cela permet d'\u00e9viter \u00e0 votre b\u00e9b\u00e9 de surchauffer, de lui assurer un sommeil plus r\u00e9parateur et de maintenir une temp\u00e9rature corporelle plus \u00e9quilibr\u00e9e. C'est particuli\u00e8rement important pour les b\u00e9b\u00e9s et les jeunes enfants qui ont encore du mal \u00e0 r\u00e9guler eux-m\u00eames leur temp\u00e9rature.<\/p>\n<p data-start=\"2214\" data-end=\"2368\">En outre, la laine utilis\u00e9e est tann\u00e9e m\u00e9dicalement, hypoallerg\u00e9nique et exempte de substances nocives. Le sac de couchage est donc particuli\u00e8rement adapt\u00e9 aux petits qui ont des probl\u00e8mes de sant\u00e9 :<\/p>\n<ul data-start=\"2369\" data-end=\"2438\">\n<li data-start=\"2369\" data-end=\"2379\">\n<p data-start=\"2371\" data-end=\"2379\">ecz\u00e9ma<\/p>\n<\/li>\n<li data-start=\"2380\" data-end=\"2423\">\n<p data-start=\"2382\" data-end=\"2423\">peau sensible ou facilement irrit\u00e9e<\/p>\n<\/li>\n<li data-start=\"2424\" data-end=\"2438\">\n<p data-start=\"2426\" data-end=\"2438\">allergies<\/p>\n<\/li>\n<\/ul>\n<p data-start=\"2440\" data-end=\"2554\">La laine est \u00e9galement r\u00e9sistante aux bact\u00e9ries et peu attirante pour les acariens, ce qui contribue \u00e0 un environnement de sommeil sain.<\/p>\n<p data-start=\"2556\" data-end=\"2886\">La laine est \u00e9galement respirante, r\u00e9sistante aux odeurs et autonettoyante. Elle neutralise les odeurs, respire exceptionnellement bien et a rarement besoin d'\u00eatre lav\u00e9e ; une a\u00e9ration rapide suffit souvent. La structure douce et enveloppante de la laine donne aux enfants un sentiment de s\u00e9curit\u00e9, ce qui leur permet souvent de dormir plus paisiblement, moins agit\u00e9s et plus profond\u00e9ment.<\/p>\n<p data-start=\"2888\" data-end=\"2982\"><strong>Id\u00e9al pour les enfants qui marchent d\u00e9j\u00e0<\/strong><\/p>\n<p data-start=\"2888\" data-end=\"2982\">Les jambes et l'ajustement flexible permettent \u00e0 votre enfant de.. :<\/p>\n<ul data-start=\"2983\" data-end=\"3125\">\n<li data-start=\"2983\" data-end=\"3022\">\n<p data-start=\"2985\" data-end=\"3022\">se lever du lit sans se rafra\u00eechir<\/p>\n<\/li>\n<li data-start=\"3023\" data-end=\"3043\">\n<p data-start=\"3025\" data-end=\"3043\">se d\u00e9placer en toute s\u00e9curit\u00e9<\/p>\n<\/li>\n<li data-start=\"3044\" data-end=\"3066\">\n<p data-start=\"3046\" data-end=\"3066\">jeu ind\u00e9pendant<\/p>\n<\/li>\n<li data-start=\"3067\" data-end=\"3125\">\n<p data-start=\"3069\" data-end=\"3125\">prendre un petit d\u00e9jeuner confortable ou participer au rituel du matin<\/p>\n<\/li>\n<\/ul>\n<p data-start=\"3127\" data-end=\"3260\">Plus besoin de se d\u00e9p\u00eacher de se changer ou de s'inqui\u00e9ter d'avoir froid aux pieds : le sac de couchage reste tout simplement en place et accompagne tous les rituels du matin.<\/p>\n<p data-start=\"3262\" data-end=\"3539\"><strong>Parfait pour les matin\u00e9es et les soir\u00e9es \u00e0 la maison<\/strong><\/p>\n<p data-start=\"3262\" data-end=\"3539\">De nombreuses mamans consid\u00e8rent cette gigoteuse en laine comme un v\u00e9ritable h\u00e9ros du matin. Elle est id\u00e9ale pour les matin\u00e9es douillettes du week-end, lorsque votre b\u00e9b\u00e9 fait encore le tour de la pi\u00e8ce dans sa gigoteuse, rampe sur le canap\u00e9 avec vous ou joue tranquillement pendant que vous commencez votre journ\u00e9e.<\/p>","protected":false},"excerpt":{"rendered":"<p>Alors que les sacs de couchage traditionnels sont principalement destin\u00e9s \u00e0 \u00eatre utilis\u00e9s dans le lit, ce sac de couchage en laine avec tuyaux offre de nombreuses autres possibilit\u00e9s. Gr\u00e2ce \u00e0 la <strong data-start=\"1093\" data-end=\"1110\">tuyaux desserr\u00e9s<\/strong> Gr\u00e2ce aux manchettes enveloppantes, votre enfant peut bouger librement d\u00e8s son r\u00e9veil : il peut s'asseoir, ramper, marcher ou jouer joyeusement sans perdre de chaleur. Ce sac de couchage unique est fabriqu\u00e9 en <strong data-start=\"731\" data-end=\"765\">zuiver scheerwol met OekoTex keur<\/strong>, Le sac de couchage en laine est un mat\u00e9riau doux et hypoallerg\u00e9nique qui garde votre enfant au chaud en toute s\u00e9curit\u00e9 et l'aide \u00e0 mieux dormir. De nombreuses m\u00e8res consid\u00e8rent cette gigoteuse en laine comme un v\u00e9ritable h\u00e9ros du matin. Elle est id\u00e9ale pour les matin\u00e9es douillettes du week-end, lorsque votre enfant est encore dans sa gigoteuse et qu'il se prom\u00e8ne dans la pi\u00e8ce, se glisse sur le canap\u00e9 avec vous ou joue tranquillement pendant que vous commencez votre journ\u00e9e.<\/p>\n<p><strong>Marque : Woolskins<\/strong><br \/>\n<strong>Production : Pologne<br \/>\nKeur: Oeko-Tex Standard<\/strong><\/p>\n<p><img loading=\"lazy\" decoding=\"async\" class=\"alignnone wp-image-28173 entered lazyloaded\" src=\"https:\/\/woolskins.eu\/wp-content\/uploads\/2024\/05\/csm_OEKO-TEX_Logo_2022_rgb_c1aaeb5ceb-300x300.jpg\" alt=\"\" width=\"89\" height=\"89\" data-lazy-src=\"https:\/\/woolskins.eu\/wp-content\/uploads\/2024\/05\/csm_OEKO-TEX_Logo_2022_rgb_c1aaeb5ceb-300x300.jpg\" data-ll-status=\"loaded\" srcset=\"https:\/\/woolskins.eu\/wp-content\/uploads\/2024\/05\/csm_OEKO-TEX_Logo_2022_rgb_c1aaeb5ceb-300x300.jpg 300w, https:\/\/woolskins.eu\/wp-content\/uploads\/2024\/05\/csm_OEKO-TEX_Logo_2022_rgb_c1aaeb5ceb-150x150.jpg 150w, https:\/\/woolskins.eu\/wp-content\/uploads\/2024\/05\/csm_OEKO-TEX_Logo_2022_rgb_c1aaeb5ceb-768x769.jpg 768w, https:\/\/woolskins.eu\/wp-content\/uploads\/2024\/05\/csm_OEKO-TEX_Logo_2022_rgb_c1aaeb5ceb-12x12.jpg 12w, https:\/\/woolskins.eu\/wp-content\/uploads\/2024\/05\/csm_OEKO-TEX_Logo_2022_rgb_c1aaeb5ceb-600x601.jpg 600w, https:\/\/woolskins.eu\/wp-content\/uploads\/2024\/05\/csm_OEKO-TEX_Logo_2022_rgb_c1aaeb5ceb-100x100.jpg 100w, https:\/\/woolskins.eu\/wp-content\/uploads\/2024\/05\/csm_OEKO-TEX_Logo_2022_rgb_c1aaeb5ceb-64x64.jpg 64w, https:\/\/woolskins.eu\/wp-content\/uploads\/2024\/05\/csm_OEKO-TEX_Logo_2022_rgb_c1aaeb5ceb.jpg 885w\" sizes=\"auto, (max-width: 89px) 100vw, 89px\" \/><\/p>","protected":false},"featured_media":30010,"comment_status":"open","ping_status":"closed","template":"","meta":{"_acf_changed":false},"product_brand":[],"product_cat":[360,361,364,499,196,370,194],"product_tag":[],"class_list":{"0":"post-30007","1":"product","2":"type-product","3":"status-publish","4":"has-post-thumbnail","6":"product_cat-cadeautips","7":"product_cat-babyshower","8":"product_cat-cadeaus-vanaf-e50","9":"product_cat-new-arrivals","10":"product_cat-slaapkleding-baby","11":"product_cat-slaapzakken","12":"product_cat-wollen-babyproducten","14":"first","15":"instock","16":"taxable","17":"shipping-taxable","18":"purchasable","19":"product-type-variable"},"acf":[],"_links":{"self":[{"href":"https:\/\/woolskins.eu\/fr\/wp-json\/wp\/v2\/product\/30007","targetHints":{"allow":["GET"]}}],"collection":[{"href":"https:\/\/woolskins.eu\/fr\/wp-json\/wp\/v2\/product"}],"about":[{"href":"https:\/\/woolskins.eu\/fr\/wp-json\/wp\/v2\/types\/product"}],"replies":[{"embeddable":true,"href":"https:\/\/woolskins.eu\/fr\/wp-json\/wp\/v2\/comments?post=30007"}],"wp:featuredmedia":[{"embeddable":true,"href":"https:\/\/woolskins.eu\/fr\/wp-json\/wp\/v2\/media\/30010"}],"wp:attachment":[{"href":"https:\/\/woolskins.eu\/fr\/wp-json\/wp\/v2\/media?parent=30007"}],"wp:term":[{"taxonomy":"product_brand","embeddable":true,"href":"https:\/\/woolskins.eu\/fr\/wp-json\/wp\/v2\/product_brand?post=30007"},{"taxonomy":"product_cat","embeddable":true,"href":"https:\/\/woolskins.eu\/fr\/wp-json\/wp\/v2\/product_cat?post=30007"},{"taxonomy":"product_tag","embeddable":true,"href":"https:\/\/woolskins.eu\/fr\/wp-json\/wp\/v2\/product_tag?post=30007"}],"curies":[{"name":"wp","href":"https:\/\/api.w.org\/{rel}","templated":true}]}}