{"id":29670,"date":"2026-02-19T14:59:30","date_gmt":"2026-02-19T14:59:30","guid":{"rendered":"https:\/\/woolskins.eu\/?post_type=product&#038;p=29670"},"modified":"2026-03-14T22:33:28","modified_gmt":"2026-03-14T22:33:28","slug":"wollen-wiegdeken-babydeken-rosebeige","status":"publish","type":"product","link":"https:\/\/woolskins.eu\/fr\/wollen-wiegdeken-babydeken-rosebeige\/","title":{"rendered":"Wollen Wiegdeken \/ Babydeken &#8211; Thumbled | Ros\u00e9beige"},"content":{"rendered":"<p>Onze Wollen Wiegdekens zijn zeer geschikt voor de allerkleinste dankzij de natuurlijke eigenschappen van wolvezels. Deze ademen en hebben de eigenschap op te treden als een natuurlijke thermostaat die de lichaamstemperatuur reguleert? Dit helpt je baby in het onderhouden van een stabiele temperatuur en houdt je baby droog en comfortabel. Het doet dit \u2018dynamisch\u2019, wat betekent dat het gebeurt als het nodig is, en niet als het niet nodig is.<\/p>\n<p>\u2013 Laine vierge 100% (Tumbled) avec label de qualit\u00e9 Woolmark.<br \/>\n\u2013 Pour la maison et en d\u00e9placement.<br \/>\n\u2013 Dimensions : 75 x 100 cm et 90 x 130 cm.<br \/>\n\u2013 Production europ\u00e9enne.<br \/>\n\u2013 lavable \u00e0 30\u00b0C programme laine.<\/p>\n<p>Les produits en laine poucet\u00e9e se caract\u00e9risent par leurs fibres de laine l\u00e2ches. Pour \u00e9viter autant que possible les peluches, il est pr\u00e9f\u00e9rable de tapoter le produit \u00e0 l&#039;ext\u00e9rieur avant de l&#039;utiliser.<\/p>\n<p>Ce produit porte le label de qualit\u00e9 Safe for Children et Woolmark.<\/p>\n<h5>\u00c9tiquette de peaux de laine<\/h5>\n<p>Apr\u00e8s des ann\u00e9es de collaboration fructueuse avec Alwero, nous pouvons \u00eatre fiers d&#039;annoncer que nous proposons d\u00e9sormais nos produits sous notre propre label Woolskins.<\/p>\n<p>De cette fa\u00e7on, vous obtenez toujours la meilleure qualit\u00e9, mais combin\u00e9e avec les produits et designs les plus beaux et uniques.<\/p>\n<p>La qualit\u00e9 des tissus et des couleurs reste la m\u00eame qu&#039;elle a toujours \u00e9t\u00e9, mais il existe d\u00e9sormais un plus grand choix qui, selon Woolskins, peut se distinguer.<\/p>\n<p>Notre vaste collection est compos\u00e9e de telle mani\u00e8re qu&#039;ils constituent un bon compl\u00e9ment \u00e0 tout ensemble pour b\u00e9b\u00e9, fabriqu\u00e9s \u00e0 partir de laine europ\u00e9enne 100% qui respire et convient \u00e0 chaque saison.<\/p>\n<p>Nous unissons nos forces avec enthousiasme pour cr\u00e9er un produit durable, naturel et des plus confortables pour votre enfant.<\/p>","protected":false},"excerpt":{"rendered":"<p>Votre enfant dormira \u00e0 merveille et r\u00eavera sous cette confortable couverture de berceau en laine 100%. La couverture de berceau en laine est souple et tr\u00e8s douce et est finie avec un point de feston. Ils ont une apparence belle et luxueuse et appartiennent \u00e0 chaque ensemble pour b\u00e9b\u00e9. Les couvertures en laine respirent et prennent imm\u00e9diatement la temp\u00e9rature de votre enfant. Ils ont la taille et le poids id\u00e9aux pour dormir ou jouer. Utilisez-le \u00e0 la maison ou en d\u00e9placement pour garder votre enfant au chaud. La couverture convient \u00e0 chaque saison et constitue un cadeau parfait pour une baby shower ou une visite de maternit\u00e9.<\/p>\n<p><strong>Marque : Woolskins<\/strong><br \/>\n<strong>Production : Pologne<\/strong><\/p>","protected":false},"featured_media":29673,"comment_status":"closed","ping_status":"closed","template":"","meta":{"_acf_changed":false},"product_brand":[],"product_cat":[361,360,363,364,499,196,318,194],"product_tag":[],"class_list":{"0":"post-29670","1":"product","2":"type-product","3":"status-publish","4":"has-post-thumbnail","6":"product_cat-babyshower","7":"product_cat-cadeautips","8":"product_cat-cadeaus-e25-e50","9":"product_cat-cadeaus-vanaf-e50","10":"product_cat-new-arrivals","11":"product_cat-slaapkleding-baby","12":"product_cat-wollen-wiegdeken-ledikantdeken","13":"product_cat-wollen-babyproducten","14":"pa_maat-75-x-100-cm","15":"pa_maat-90-x-130-cm","17":"first","18":"instock","19":"taxable","20":"shipping-taxable","21":"purchasable","22":"product-type-variable"},"acf":[],"_links":{"self":[{"href":"https:\/\/woolskins.eu\/fr\/wp-json\/wp\/v2\/product\/29670","targetHints":{"allow":["GET"]}}],"collection":[{"href":"https:\/\/woolskins.eu\/fr\/wp-json\/wp\/v2\/product"}],"about":[{"href":"https:\/\/woolskins.eu\/fr\/wp-json\/wp\/v2\/types\/product"}],"replies":[{"embeddable":true,"href":"https:\/\/woolskins.eu\/fr\/wp-json\/wp\/v2\/comments?post=29670"}],"wp:featuredmedia":[{"embeddable":true,"href":"https:\/\/woolskins.eu\/fr\/wp-json\/wp\/v2\/media\/29673"}],"wp:attachment":[{"href":"https:\/\/woolskins.eu\/fr\/wp-json\/wp\/v2\/media?parent=29670"}],"wp:term":[{"taxonomy":"product_brand","embeddable":true,"href":"https:\/\/woolskins.eu\/fr\/wp-json\/wp\/v2\/product_brand?post=29670"},{"taxonomy":"product_cat","embeddable":true,"href":"https:\/\/woolskins.eu\/fr\/wp-json\/wp\/v2\/product_cat?post=29670"},{"taxonomy":"product_tag","embeddable":true,"href":"https:\/\/woolskins.eu\/fr\/wp-json\/wp\/v2\/product_tag?post=29670"}],"curies":[{"name":"wp","href":"https:\/\/api.w.org\/{rel}","templated":true}]}}