{"id":29656,"date":"2026-02-19T14:03:42","date_gmt":"2026-02-19T14:03:42","guid":{"rendered":"https:\/\/woolskins.eu\/?post_type=product&#038;p=29656"},"modified":"2026-02-20T14:03:46","modified_gmt":"2026-02-20T14:03:46","slug":"wollen-wiegdeken-dark-chocolat","status":"publish","type":"product","link":"https:\/\/woolskins.eu\/fr\/wollen-wiegdeken-dark-chocolat\/","title":{"rendered":"Wollen Wiegdeken \/ Babydeken &#8211; Thumbled | Dark Chocolat"},"content":{"rendered":"<p>Nos couvertures pour berceau en laine \u00e9cologique conviennent tr\u00e8s bien aux plus petits gr\u00e2ce aux propri\u00e9t\u00e9s naturelles des fibres de laine. Ceux-ci respirent et ont la propri\u00e9t\u00e9 d&#039;agir comme un thermostat naturel qui r\u00e9gule la temp\u00e9rature corporelle ? Cela aide votre b\u00e9b\u00e9 \u00e0 maintenir une temp\u00e9rature stable et \u00e0 le garder au sec et \u00e0 l&#039;aise. Il le fait de mani\u00e8re \u00ab dynamique \u00bb, ce qui signifie que cela se produit lorsque cela est n\u00e9cessaire et non lorsque ce n&#039;est pas n\u00e9cessaire.<\/p>\n<p>\u2013 Laine vierge 100% (Tumbled) avec label de qualit\u00e9 Woolmark.<br \/>\n\u2013 Pour la maison et en d\u00e9placement.<br \/>\n\u2013 Dimensions : 75 x 100 cm et 90 x 130 cm.<br \/>\n\u2013 Production europ\u00e9enne.<br \/>\n\u2013 lavable \u00e0 30\u00b0C programme laine.<\/p>\n<p>Les produits en laine poucet\u00e9e se caract\u00e9risent par leurs fibres de laine l\u00e2ches. Pour \u00e9viter autant que possible les peluches, il est pr\u00e9f\u00e9rable de tapoter le produit \u00e0 l&#039;ext\u00e9rieur avant de l&#039;utiliser.<\/p>\n<p>Ce produit porte le label de qualit\u00e9 Safe for Children et Woolmark.<\/p>\n<h5>\u00c9tiquette de peaux de laine<\/h5>\n<p>Apr\u00e8s des ann\u00e9es de collaboration fructueuse avec Alwero, nous pouvons \u00eatre fiers d&#039;annoncer que nous proposons d\u00e9sormais nos produits sous notre propre label Woolskins.<\/p>\n<p>De cette fa\u00e7on, vous obtenez toujours la meilleure qualit\u00e9, mais combin\u00e9e avec les produits et designs les plus beaux et uniques.<\/p>\n<p>La qualit\u00e9 des tissus et des couleurs reste la m\u00eame qu&#039;elle a toujours \u00e9t\u00e9, mais il existe d\u00e9sormais un plus grand choix qui, selon Woolskins, peut se distinguer.<\/p>\n<p>Notre vaste collection est compos\u00e9e de telle mani\u00e8re qu&#039;ils constituent un bon compl\u00e9ment \u00e0 tout ensemble pour b\u00e9b\u00e9, fabriqu\u00e9s \u00e0 partir de laine europ\u00e9enne 100% qui respire et convient \u00e0 chaque saison.<\/p>\n<p>Nous unissons nos forces avec enthousiasme pour cr\u00e9er un produit durable, naturel et des plus confortables pour votre enfant.<\/p>","protected":false},"excerpt":{"rendered":"<p>Votre enfant dormira \u00e0 merveille et r\u00eavera sous cette confortable couverture de berceau en laine 100%. La couverture de berceau en laine est souple et tr\u00e8s douce et est finie avec un point de feston. Ils ont une apparence belle et luxueuse et appartiennent \u00e0 chaque ensemble pour b\u00e9b\u00e9. Les couvertures en laine respirent et prennent imm\u00e9diatement la temp\u00e9rature de votre enfant. Ils ont la taille et le poids id\u00e9aux pour dormir ou jouer. Utilisez-le \u00e0 la maison ou en d\u00e9placement pour garder votre enfant au chaud. La couverture convient \u00e0 chaque saison et constitue un cadeau parfait pour une baby shower ou une visite de maternit\u00e9.<\/p>\n<p><strong>Marque : Woolskins<\/strong><br \/>\n<strong>Production : Pologne<\/strong><\/p>","protected":false},"featured_media":29659,"comment_status":"closed","ping_status":"closed","template":"","meta":{"_acf_changed":false},"product_brand":[],"product_cat":[361,360,363,364,499,196,318,194],"product_tag":[],"class_list":{"0":"post-29656","1":"product","2":"type-product","3":"status-publish","4":"has-post-thumbnail","6":"product_cat-babyshower","7":"product_cat-cadeautips","8":"product_cat-cadeaus-e25-e50","9":"product_cat-cadeaus-vanaf-e50","10":"product_cat-new-arrivals","11":"product_cat-slaapkleding-baby","12":"product_cat-wollen-wiegdeken-ledikantdeken","13":"product_cat-wollen-babyproducten","14":"pa_maat-75-x-100-cm","15":"pa_maat-90-x-130-cm","17":"first","18":"instock","19":"taxable","20":"shipping-taxable","21":"purchasable","22":"product-type-variable"},"acf":[],"_links":{"self":[{"href":"https:\/\/woolskins.eu\/fr\/wp-json\/wp\/v2\/product\/29656","targetHints":{"allow":["GET"]}}],"collection":[{"href":"https:\/\/woolskins.eu\/fr\/wp-json\/wp\/v2\/product"}],"about":[{"href":"https:\/\/woolskins.eu\/fr\/wp-json\/wp\/v2\/types\/product"}],"replies":[{"embeddable":true,"href":"https:\/\/woolskins.eu\/fr\/wp-json\/wp\/v2\/comments?post=29656"}],"wp:featuredmedia":[{"embeddable":true,"href":"https:\/\/woolskins.eu\/fr\/wp-json\/wp\/v2\/media\/29659"}],"wp:attachment":[{"href":"https:\/\/woolskins.eu\/fr\/wp-json\/wp\/v2\/media?parent=29656"}],"wp:term":[{"taxonomy":"product_brand","embeddable":true,"href":"https:\/\/woolskins.eu\/fr\/wp-json\/wp\/v2\/product_brand?post=29656"},{"taxonomy":"product_cat","embeddable":true,"href":"https:\/\/woolskins.eu\/fr\/wp-json\/wp\/v2\/product_cat?post=29656"},{"taxonomy":"product_tag","embeddable":true,"href":"https:\/\/woolskins.eu\/fr\/wp-json\/wp\/v2\/product_tag?post=29656"}],"curies":[{"name":"wp","href":"https:\/\/api.w.org\/{rel}","templated":true}]}}