{"id":28593,"date":"2026-01-15T15:08:55","date_gmt":"2026-01-15T15:08:55","guid":{"rendered":"https:\/\/woolskins.eu\/?post_type=product&#038;p=28593"},"modified":"2026-01-15T15:20:11","modified_gmt":"2026-01-15T15:20:11","slug":"handwarmers-voor-kinderwagen-zaffiro-igrow-4-0-zwart-melange-beige","status":"publish","type":"product","link":"https:\/\/woolskins.eu\/fr\/handwarmers-voor-kinderwagen-zaffiro-igrow-4-0-zwart-melange-beige\/","title":{"rendered":"Handwarmers voor Kinderwagen &#8211; Zaffiro iGrow 4.0 | Zwart-melange\/beige"},"content":{"rendered":"<p>Chauffe-mains de landau 2en1 Laine de premi\u00e8re qualit\u00e9. Ces chauffe-mains\/manches sont parfaits pour tous ceux qui aiment faire de longues promenades en plein air avec les enfants. Les chauffe-mains sont remplis de laine de mouton naturelle de premi\u00e8re qualit\u00e9, tr\u00e8s confortable et chaude au toucher. Gr\u00e2ce \u00e0 l'ext\u00e9rieur imperm\u00e9able et coupe-vent, vous n'aurez pas les mains froides facilement. Les chauffe-mains sont faciles \u00e0 monter ensemble ou s\u00e9par\u00e9ment sur la poussette. Ils sont tr\u00e8s pratiques \u00e0 utiliser car il suffit d'y glisser les mains et de les retirer lorsqu'il reste quelque chose.<\/p>\n<p>Caract\u00e9ristiques:<\/p>\n<p>- dimensions : 38x26cm<br \/>\n- taille universelle<br \/>\n- peut \u00eatre utilis\u00e9 comme un seul manchon ou comme deux gants s\u00e9par\u00e9s<br \/>\n- s'adapte \u00e0 tous les mod\u00e8les de poussettes<br \/>\n- tissu r\u00e9sistant aux taches pour \u00e9viter la salet\u00e9<br \/>\n- coupe-vent et imperm\u00e9able (prot\u00e8ge de la pluie et de la neige)<\/p>\n<p>Laine de qualit\u00e9 sup\u00e9rieure<br \/>\nLes chauffe-mains Zaffiro pour landau et poussette sont fabriqu\u00e9s \u00e0 partir de fibres de la plus haute qualit\u00e9, enrichies par un traitement sp\u00e9cialis\u00e9 suppl\u00e9mentaire, cr\u00e9ant une couverture capillaire des deux c\u00f4t\u00e9s du tissu. Gr\u00e2ce \u00e0 ces propri\u00e9t\u00e9s, la laine de nos sacs de couchage est hygroscopique, absorbe parfaitement l'humidit\u00e9 et prot\u00e8ge contre la perte de chaleur. La laine utilis\u00e9e dans le chauffe-main de landau retient mieux la chaleur que la laine ordinaire, gr\u00e2ce \u00e0 deux couches de toison de loup.<\/p>\n<p>La laine de mouton PREMIUM naturelle et douce utilis\u00e9e pour fabriquer le sac de couchage est parfaite pour les hivers froids et les journ\u00e9es plus chaudes. Il assure une thermor\u00e9gulation naturelle encore meilleure, de sorte qu&#039;il prot\u00e8ge efficacement l&#039;enfant m\u00eame en cas de gel s\u00e9v\u00e8re et veille \u00e0 ce qu&#039;il ne surchauffe pas lors des journ\u00e9es chaudes. La laine de mouton poss\u00e8de \u00e9galement des propri\u00e9t\u00e9s anti-allergiques et r\u00e9siste au d\u00e9veloppement des acariens. Il poss\u00e8de des propri\u00e9t\u00e9s hygi\u00e9niques et autonettoyantes. Neutralise les odeurs d\u00e9sagr\u00e9ables et la salet\u00e9.<\/p>\n<p>Compos\u00e9:<br \/>\nTissu de rev\u00eatement : polyester 100% ; tissu int\u00e9rieur : laine polaire 100% ; remplissage : polyester 100%.<\/p>","protected":false},"excerpt":{"rendered":"<p>Ces chauffe-mains\/manches sont parfaits pour tous ceux qui aiment faire de longues promenades en plein air avec les enfants. Les chauffe-mains sont remplis de laine de mouton naturelle de premi\u00e8re qualit\u00e9, tr\u00e8s confortable et chaude au toucher. Gr\u00e2ce \u00e0 l'ext\u00e9rieur imperm\u00e9able et coupe-vent, vous n'aurez pas les mains froides facilement. Les chauffe-mains sont faciles \u00e0 monter ensemble ou s\u00e9par\u00e9ment sur la poussette. Ils sont tr\u00e8s pratiques \u00e0 utiliser car il suffit d'y glisser les mains et de les retirer lorsqu'il reste quelque chose.<\/p>\n<p><strong>Marque : Zaffiro<\/strong><br \/>\n<strong>Production : Pologne<br \/>\nKeur: Oeko-Tex Standard<\/strong><\/p>\n<p><img loading=\"lazy\" decoding=\"async\" class=\"alignnone wp-image-28173 entered lazyloaded\" src=\"https:\/\/woolskins.eu\/wp-content\/uploads\/2024\/05\/csm_OEKO-TEX_Logo_2022_rgb_c1aaeb5ceb-300x300.jpg\" alt=\"\" width=\"89\" height=\"89\" data-lazy-src=\"https:\/\/woolskins.eu\/wp-content\/uploads\/2024\/05\/csm_OEKO-TEX_Logo_2022_rgb_c1aaeb5ceb-300x300.jpg\" data-ll-status=\"loaded\" srcset=\"https:\/\/woolskins.eu\/wp-content\/uploads\/2024\/05\/csm_OEKO-TEX_Logo_2022_rgb_c1aaeb5ceb-300x300.jpg 300w, https:\/\/woolskins.eu\/wp-content\/uploads\/2024\/05\/csm_OEKO-TEX_Logo_2022_rgb_c1aaeb5ceb-150x150.jpg 150w, https:\/\/woolskins.eu\/wp-content\/uploads\/2024\/05\/csm_OEKO-TEX_Logo_2022_rgb_c1aaeb5ceb-768x769.jpg 768w, https:\/\/woolskins.eu\/wp-content\/uploads\/2024\/05\/csm_OEKO-TEX_Logo_2022_rgb_c1aaeb5ceb-12x12.jpg 12w, https:\/\/woolskins.eu\/wp-content\/uploads\/2024\/05\/csm_OEKO-TEX_Logo_2022_rgb_c1aaeb5ceb-600x601.jpg 600w, https:\/\/woolskins.eu\/wp-content\/uploads\/2024\/05\/csm_OEKO-TEX_Logo_2022_rgb_c1aaeb5ceb-100x100.jpg 100w, https:\/\/woolskins.eu\/wp-content\/uploads\/2024\/05\/csm_OEKO-TEX_Logo_2022_rgb_c1aaeb5ceb-64x64.jpg 64w, https:\/\/woolskins.eu\/wp-content\/uploads\/2024\/05\/csm_OEKO-TEX_Logo_2022_rgb_c1aaeb5ceb.jpg 885w\" sizes=\"auto, (max-width: 89px) 100vw, 89px\" \/><\/p>","protected":false},"featured_media":28594,"comment_status":"closed","ping_status":"closed","template":"","meta":{"_acf_changed":false},"product_brand":[],"product_cat":[352,363,336,502],"product_tag":[],"class_list":{"0":"post-28593","1":"product","2":"type-product","3":"status-publish","4":"has-post-thumbnail","6":"product_cat-merken","7":"product_cat-cadeaus-e25-e50","8":"product_cat-voetenzakken","9":"product_cat-zaffiro","11":"first","12":"instock","13":"taxable","14":"shipping-taxable","15":"purchasable","16":"product-type-simple"},"acf":[],"_links":{"self":[{"href":"https:\/\/woolskins.eu\/fr\/wp-json\/wp\/v2\/product\/28593","targetHints":{"allow":["GET"]}}],"collection":[{"href":"https:\/\/woolskins.eu\/fr\/wp-json\/wp\/v2\/product"}],"about":[{"href":"https:\/\/woolskins.eu\/fr\/wp-json\/wp\/v2\/types\/product"}],"replies":[{"embeddable":true,"href":"https:\/\/woolskins.eu\/fr\/wp-json\/wp\/v2\/comments?post=28593"}],"wp:featuredmedia":[{"embeddable":true,"href":"https:\/\/woolskins.eu\/fr\/wp-json\/wp\/v2\/media\/28594"}],"wp:attachment":[{"href":"https:\/\/woolskins.eu\/fr\/wp-json\/wp\/v2\/media?parent=28593"}],"wp:term":[{"taxonomy":"product_brand","embeddable":true,"href":"https:\/\/woolskins.eu\/fr\/wp-json\/wp\/v2\/product_brand?post=28593"},{"taxonomy":"product_cat","embeddable":true,"href":"https:\/\/woolskins.eu\/fr\/wp-json\/wp\/v2\/product_cat?post=28593"},{"taxonomy":"product_tag","embeddable":true,"href":"https:\/\/woolskins.eu\/fr\/wp-json\/wp\/v2\/product_tag?post=28593"}],"curies":[{"name":"wp","href":"https:\/\/api.w.org\/{rel}","templated":true}]}}