{"id":28124,"date":"2025-12-16T12:00:44","date_gmt":"2025-12-16T12:00:44","guid":{"rendered":"https:\/\/woolskins.eu\/?post_type=product&#038;p=28124"},"modified":"2026-01-08T09:58:31","modified_gmt":"2026-01-08T09:58:31","slug":"lucky-heart-orange-splash","status":"publish","type":"product","link":"https:\/\/woolskins.eu\/fr\/lucky-heart-orange-splash\/","title":{"rendered":"Lucky Heart | Haven"},"content":{"rendered":"<p><strong>\u00c0 propos de Mischa Hendriksen<\/strong><\/p>\n<p>Mischa est n\u00e9 dans une famille d&#039;artistes. Il a \u00e9t\u00e9 entour\u00e9 d\u2019art d\u00e8s son plus jeune \u00e2ge. Son p\u00e8re peignait, sa m\u00e8re \u00e9tait sculpteur et sa s\u0153ur travaillait dans l&#039;industrie des arts graphiques. Il n\u2019est donc pas surprenant que Mischa aspire elle aussi \u00e0 une carri\u00e8re cr\u00e9ative.<\/p>\n<p class=\"font_8\"><span class=\"wixGuard\">\u200b<\/span>Il a d\u00e9but\u00e9 sa carri\u00e8re en tant que danseur professionnel. Il a voyag\u00e9 partout dans le monde avec diverses compagnies de danse et a appr\u00e9ci\u00e9 l&#039;adr\u00e9naline et l&#039;expression de la danse. Cependant, apr\u00e8s 14 ans, il a d\u00e9cid\u00e9 qu\u2019il \u00e9tait temps de relever un nouveau d\u00e9fi.<\/p>\n<p class=\"font_8\"><span class=\"wixGuard\">\u200b<\/span>Mischa s&#039;est retrouv\u00e9 dans le commerce international de l&#039;art. Il a travaill\u00e9 depuis Amsterdam avec des galeries et des collectionneurs du monde entier et a tout appris sur le march\u00e9 de l&#039;art et l&#039;art lui-m\u00eame. Il est devenu fascin\u00e9 par le pouvoir de l\u2019art de toucher et d\u2019inspirer les gens.<\/p>\n<p class=\"font_8\"><span class=\"wixGuard\">\u200b<\/span>Apr\u00e8s avoir \u00e9t\u00e9 actif dans le commerce de l&#039;art pendant 20 ans, il se lance dans la peinture. Il a toujours eu une passion pour la peinture, mais n&#039;en a jamais eu le temps. Maintenant qu\u2019il dispose de plus de temps, il peut enfin se consacrer pleinement \u00e0 son art.<\/p>\n<p class=\"font_8\">Ses peintures sont abstraites et color\u00e9es. Ils d\u00e9gagent un sentiment de paix et de tranquillit\u00e9. Il utilise son art pour aider les gens \u00e0 \u00e9chapper \u00e0 l&#039;agitation de la vie quotidienne. Il souhaite que les gens trouvent un moment de paix et de r\u00e9flexion dans ses peintures.<\/p>\n<p class=\"font_8\"><span class=\"wixGuard\">\u200b<\/span>Mischa est un artiste unique avec un parcours int\u00e9ressant. Il a men\u00e9 une longue et fructueuse carri\u00e8re dans le domaine de la danse et du commerce de l&#039;art et se concentre d\u00e9sormais enti\u00e8rement sur sa peinture. Il cr\u00e9e de belles peintures abstraites qui d\u00e9gagent un sentiment de paix et de tranquillit\u00e9.<\/p>\n<p><a href=\"https:\/\/woolskins.wixstudio.io\/mijnsite-1\" target=\"_blank\" rel=\"noopener\">Voir le site Web<\/a><\/p>\n<p>&nbsp;<\/p>","protected":false},"excerpt":{"rendered":"<div id=\"\" class=\"brz-css-f1nL7 brz-wrapper\">\n<div class=\"brz-rich-text brz-rich-text__custom brz-css-bQsg8\" data-brz-custom-id=\"huusIuGBka_T\">\n<div data-brz-translate-text=\"1\">\n<p>Met dit unieke Artwork Gift geef je een stukje van je hart, een tastbare uitdrukking van liefde, dankbaarheid en verbinding. Een Lucky Heart is speciaal ontworpen om momenten in het leven te markeren die er \u00e9cht toe doen, momenten die je voor altijd wilt koesteren.<\/p>\n<p>Dit kunstwerk wordt vaak gegeven ter viering van de geboorte van een kind, als symbool van bescherming, liefde en een prachtig begin. Maar een Lucky Heart is net zo waardevol wanneer het wordt gegeven aan iemand die jouw leven heeft geraakt, iemand van wie je houdt, iemand die jou heeft gesteund, of iemand die je gewoon vanuit je hart wilt bedanken.<\/p>\n<p>Elk Lucky Heart symboliseert een boodschap van liefde, bescherming en oprechte verbondenheid. Het draagt zacht de betekenis: je bent geliefd, je bent gekoesterd en je bent nooit alleen.<\/p>\n<p>Een tijdloos aandenken dat liefde en herinnering biedt, dag na dag.<\/p>\n<\/div>\n<\/div>\n<\/div>\n<div id=\"\" class=\"brz-css-f1nL7 brz-wrapper\">\n<div class=\"brz-rich-text brz-rich-text__custom brz-css-bQsg8\" data-brz-custom-id=\"hdkVgQoLd3go\">\n<div data-brz-translate-text=\"1\">\n<p data-uniq-id=\"dctDn\" data-generated-css=\"brz-css-uFYkb\">Artiste : Mischa Hendriksen<br \/>\nTitel: &#8216;Haven\u2019<br \/>\nMaat: 20 x 20 cm (7,8 x 7,8 inch)<br \/>\nMedia: 100% Handmade, 3-D art, acrylic on canvas<br \/>\nOplage: Original Artwork<br \/>\nPrice: \u20ac145,- (inclusief lijst)<\/p>\n<\/div>\n<\/div>\n<\/div>","protected":false},"featured_media":28121,"comment_status":"open","ping_status":"closed","template":"","meta":{"_acf_changed":false},"product_brand":[],"product_cat":[500,528],"product_tag":[],"class_list":{"0":"post-28124","1":"product","2":"type-product","3":"status-publish","4":"has-post-thumbnail","6":"product_cat-angel-heart","7":"product_cat-schapenvachten-voor-thuis","9":"first","10":"instock","11":"taxable","12":"shipping-taxable","13":"purchasable","14":"product-type-simple"},"acf":[],"_links":{"self":[{"href":"https:\/\/woolskins.eu\/fr\/wp-json\/wp\/v2\/product\/28124","targetHints":{"allow":["GET"]}}],"collection":[{"href":"https:\/\/woolskins.eu\/fr\/wp-json\/wp\/v2\/product"}],"about":[{"href":"https:\/\/woolskins.eu\/fr\/wp-json\/wp\/v2\/types\/product"}],"replies":[{"embeddable":true,"href":"https:\/\/woolskins.eu\/fr\/wp-json\/wp\/v2\/comments?post=28124"}],"wp:featuredmedia":[{"embeddable":true,"href":"https:\/\/woolskins.eu\/fr\/wp-json\/wp\/v2\/media\/28121"}],"wp:attachment":[{"href":"https:\/\/woolskins.eu\/fr\/wp-json\/wp\/v2\/media?parent=28124"}],"wp:term":[{"taxonomy":"product_brand","embeddable":true,"href":"https:\/\/woolskins.eu\/fr\/wp-json\/wp\/v2\/product_brand?post=28124"},{"taxonomy":"product_cat","embeddable":true,"href":"https:\/\/woolskins.eu\/fr\/wp-json\/wp\/v2\/product_cat?post=28124"},{"taxonomy":"product_tag","embeddable":true,"href":"https:\/\/woolskins.eu\/fr\/wp-json\/wp\/v2\/product_tag?post=28124"}],"curies":[{"name":"wp","href":"https:\/\/api.w.org\/{rel}","templated":true}]}}