{"id":27795,"date":"2025-11-28T15:52:13","date_gmt":"2025-11-28T15:52:13","guid":{"rendered":"https:\/\/woolskins.eu\/?post_type=product&#038;p=27795"},"modified":"2026-02-18T13:49:47","modified_gmt":"2026-02-18T13:49:47","slug":"zaffiro-wollen-voetenzak-slaapzak-voor-buggy-en-reiswieg-felted-antraciet","status":"publish","type":"product","link":"https:\/\/woolskins.eu\/fr\/zaffiro-wollen-voetenzak-slaapzak-voor-buggy-en-reiswieg-felted-antraciet\/","title":{"rendered":"Zaffiro | Wollen Voetenzak &#8211; Slaapzak voor Buggy en Reiswieg | Felted Antraciet"},"content":{"rendered":"<h5>Sac de couchage en laine pour poussette, nacelle et panier Mo\u00efse.<\/h5>\n<p>Deze Wollen voetenzakken \u2013 slaapzak voor buggy en Maxi-Cosi zijn zeer geschikt voor de allerkleinste dankzij de natuurlijke eigenschappen van wolvezels. Deze ademen en hebben de eigenschap op te treden als een natuurlijke thermostaat die de lichaamstemperatuur reguleert? Dit helpt je baby in het onderhouden van een stabiele temperatuur en houdt je baby droog en comfortabel. Schapenwol heeft bovendien anti-allergische eigenschappen en is anti bacterieel en heeft hierdoor hygi\u00ebnische en zelfreinigende eigenschappen. Het neutraliseert onaangename geuren en vuil. Je kan er van op aan dat je kindje het lekker warm &amp; comfortabel heeft in deze wollen voetenzak Zaffiro. Alle soorten veiligheidsriempjes passen zonder probleem in dit model door het gebruik van de speciale openingen<\/p>\n<p>\u2013 100% zuiver scheerwolvezel, Felted.<br \/>\n\u2013 Heeft het Oeko-Tex Standard keurmerk.<br \/>\n\u2013 Convient aux 0-18 mois.<br \/>\n\u2013 Cordon de serrage dans le col pour prot\u00e9ger la t\u00eate de l&#039;enfant.<br \/>\n\u2013 Bovenkant in z\u2019n geheel afritsbaar van de onderkant.<br \/>\n\u2013 Ouvertures pratiques pour les sangles de s\u00e9curit\u00e9 (5 points).<br \/>\n\u2013 longueur 90cm x largeur 40\/42 cm.<br \/>\n\u2013 lavable \u00e0 30\u00b0C programme laine.<\/p>\n<h5 data-start=\"59\" data-end=\"101\">Samenstelling van dit product<\/h5>\n<p data-start=\"103\" data-end=\"453\" data-is-last-node=\"\" data-is-only-node=\"\">70% hoogwaardig premiumwol (voelbare wollen buitenlaag), 30% polyester (structurele vertserkende basis).<\/p>\n<p data-start=\"103\" data-end=\"453\" data-is-last-node=\"\" data-is-only-node=\"\">Bij Woolskins staat openheid en eerlijkheid voorop, daarom leggen we graag uit dat het gangbaar is dat\u00a0<strong data-start=\"204\" data-end=\"239\">bij alle geweven wollen stoffen<\/strong>\u00a0\u2013 zowel van Zaffiro als van andere merken \u2013 een verstevigende onderlaag van polyester wordt gebruikt. Deze laag is\u00a0<strong>niet zichtbaar en niet voelbaar<\/strong>, maar is noodzakelijk voor stevigheid en vormbehoud van het product. Zo weet je precies wat je koopt en waar je op kunt vertrouwen.<\/p>\n<p data-start=\"103\" data-end=\"453\" data-is-last-node=\"\" data-is-only-node=\"\"><strong data-start=\"60\" data-end=\"101\">Let op: wol kan in het begin pluizen.<\/strong>\u00a0Dit is normaal en verdwijnt grotendeels na verloop van tijd. Je kunt losse vezels in het begin voorzichtig verwijderen door het product uit te kloppen of met een wolkam te kammen.<\/p>\n<h5>Zaffiro<\/h5>\n<p>La soci\u00e9t\u00e9 Zaffiro est une entreprise familiale polonaise. Depuis nos d\u00e9buts en 1989, nous sommes sp\u00e9cialis\u00e9s dans la production de produits pour b\u00e9b\u00e9s et enfants et la plupart de ce que nous produisons est export\u00e9 dans plus de 40 pays. Nous avons cr\u00e9\u00e9 la marque Zaffiro pour promouvoir des produits qui soutiennent les parents conscients de l&#039;importance de l&#039;intimit\u00e9 et du lien avec leur b\u00e9b\u00e9 d\u00e8s les premi\u00e8res heures apr\u00e8s la naissance. Nous promouvons le concept du portage des enfants \u00ab c\u0153ur \u00e0 c\u0153ur \u00bb dans des porte-b\u00e9b\u00e9s et des porte-b\u00e9b\u00e9s, r\u00e9introduisant, red\u00e9couvrant et d\u00e9veloppant la sage tradition des g\u00e9n\u00e9rations pr\u00e9c\u00e9dentes en tenant compte de la recherche psychologique contemporaine.<\/p>","protected":false},"excerpt":{"rendered":"<p>Heerlijk op stap met je kindje in deze warme wollen voetenzak \u2013 slaapzak van Zaffiro voor in de kinderwagen, buggy, Moses mand of lekker thuis. Deze voetenzak is van zuiver premium scheerwol (Felted) en neemt direct de temperatuur aan van je kindje. Het houdt de warmte goed vast zonder dat je kindje gaat zweten omdat wol ademt. Dankzij deze unieke eigenschapen van wol zal je kindje het heerlijk warm en comfortabel hebben. Door de handige riemopeningen instaleer je deze wollen voetenzak razend snel in je kinderwagen of Buggy. Je kunt het koortje in de kraag aantrekken om zo het hoofdje te beschermen tegen de weersinvloeden. Deze voetenzak van Zaffiro kan het hele jaar door gebruikt worden maar komt het best van pas in het voorjaar, winter en najaar.<\/p>\n<div class=\"woocommerce-product-details__short-description\">\n<p><strong>Marque : Zaffiro<\/strong><br \/>\n<strong>Production : Pologne<br \/>\nKeur: Oeko-Tex Standard<\/strong><\/p>\n<p><img loading=\"lazy\" decoding=\"async\" class=\"alignnone wp-image-28173 entered lazyloaded\" src=\"https:\/\/woolskins.eu\/wp-content\/uploads\/2024\/05\/csm_OEKO-TEX_Logo_2022_rgb_c1aaeb5ceb-300x300.jpg\" alt=\"\" width=\"89\" height=\"89\" data-lazy-src=\"https:\/\/woolskins.eu\/wp-content\/uploads\/2024\/05\/csm_OEKO-TEX_Logo_2022_rgb_c1aaeb5ceb-300x300.jpg\" data-ll-status=\"loaded\" srcset=\"https:\/\/woolskins.eu\/wp-content\/uploads\/2024\/05\/csm_OEKO-TEX_Logo_2022_rgb_c1aaeb5ceb-300x300.jpg 300w, https:\/\/woolskins.eu\/wp-content\/uploads\/2024\/05\/csm_OEKO-TEX_Logo_2022_rgb_c1aaeb5ceb-150x150.jpg 150w, https:\/\/woolskins.eu\/wp-content\/uploads\/2024\/05\/csm_OEKO-TEX_Logo_2022_rgb_c1aaeb5ceb-768x769.jpg 768w, https:\/\/woolskins.eu\/wp-content\/uploads\/2024\/05\/csm_OEKO-TEX_Logo_2022_rgb_c1aaeb5ceb-12x12.jpg 12w, https:\/\/woolskins.eu\/wp-content\/uploads\/2024\/05\/csm_OEKO-TEX_Logo_2022_rgb_c1aaeb5ceb-600x601.jpg 600w, https:\/\/woolskins.eu\/wp-content\/uploads\/2024\/05\/csm_OEKO-TEX_Logo_2022_rgb_c1aaeb5ceb-100x100.jpg 100w, https:\/\/woolskins.eu\/wp-content\/uploads\/2024\/05\/csm_OEKO-TEX_Logo_2022_rgb_c1aaeb5ceb-64x64.jpg 64w, https:\/\/woolskins.eu\/wp-content\/uploads\/2024\/05\/csm_OEKO-TEX_Logo_2022_rgb_c1aaeb5ceb.jpg 885w\" sizes=\"auto, (max-width: 89px) 100vw, 89px\" \/><\/p>\n<\/div>","protected":false},"featured_media":27796,"comment_status":"closed","ping_status":"closed","template":"","meta":{"_acf_changed":false},"product_brand":[],"product_cat":[502,499,196,370,336],"product_tag":[],"class_list":{"0":"post-27795","1":"product","2":"type-product","3":"status-publish","4":"has-post-thumbnail","6":"product_cat-zaffiro","7":"product_cat-new-arrivals","8":"product_cat-slaapkleding-baby","9":"product_cat-slaapzakken","10":"product_cat-voetenzakken","12":"first","13":"instock","14":"taxable","15":"shipping-taxable","16":"purchasable","17":"product-type-simple"},"acf":[],"_links":{"self":[{"href":"https:\/\/woolskins.eu\/fr\/wp-json\/wp\/v2\/product\/27795","targetHints":{"allow":["GET"]}}],"collection":[{"href":"https:\/\/woolskins.eu\/fr\/wp-json\/wp\/v2\/product"}],"about":[{"href":"https:\/\/woolskins.eu\/fr\/wp-json\/wp\/v2\/types\/product"}],"replies":[{"embeddable":true,"href":"https:\/\/woolskins.eu\/fr\/wp-json\/wp\/v2\/comments?post=27795"}],"wp:featuredmedia":[{"embeddable":true,"href":"https:\/\/woolskins.eu\/fr\/wp-json\/wp\/v2\/media\/27796"}],"wp:attachment":[{"href":"https:\/\/woolskins.eu\/fr\/wp-json\/wp\/v2\/media?parent=27795"}],"wp:term":[{"taxonomy":"product_brand","embeddable":true,"href":"https:\/\/woolskins.eu\/fr\/wp-json\/wp\/v2\/product_brand?post=27795"},{"taxonomy":"product_cat","embeddable":true,"href":"https:\/\/woolskins.eu\/fr\/wp-json\/wp\/v2\/product_cat?post=27795"},{"taxonomy":"product_tag","embeddable":true,"href":"https:\/\/woolskins.eu\/fr\/wp-json\/wp\/v2\/product_tag?post=27795"}],"curies":[{"name":"wp","href":"https:\/\/api.w.org\/{rel}","templated":true}]}}