{"id":27525,"date":"2025-11-17T13:39:51","date_gmt":"2025-11-17T13:39:51","guid":{"rendered":"https:\/\/woolskins.eu\/?post_type=product&#038;p=27525"},"modified":"2025-11-17T13:43:15","modified_gmt":"2025-11-17T13:43:15","slug":"boules-de-laine-de-recharge","status":"publish","type":"product","link":"https:\/\/woolskins.eu\/fr\/bijvulling-wolbolletjes\/","title":{"rendered":"Boules de laine pour oreiller d'allaitement 300 grammes"},"content":{"rendered":"","protected":false},"excerpt":{"rendered":"<p data-start=\"147\" data-end=\"234\"><strong data-start=\"147\" data-end=\"234\">Rembourrage suppl\u00e9mentaire Globules de laine - pour un coussin d'allaitement durable et d'un soutien parfait<\/strong><\/p>\n<p data-start=\"236\" data-end=\"521\">Revitalisez votre coussin d'allaitement Woolskins avec notre rembourrage suppl\u00e9mentaire de perles de laine naturelle 100%. Ces perles de laine de mouton europ\u00e9enne, a\u00e9r\u00e9es et r\u00e9sistantes, offrent un soutien optimal pendant la t\u00e9t\u00e9e, le repos ou le sommeil, comme vous l'attendez de Woolskins.<\/p>\n<p data-start=\"523\" data-end=\"788\">Les boules de laine sont hypoallerg\u00e9niques, r\u00e9gulent la temp\u00e9rature et restent fra\u00eeches pendant longtemps gr\u00e2ce aux propri\u00e9t\u00e9s autonettoyantes de la laine. Id\u00e9al lorsque votre oreiller d'allaitement s'est ramolli avec le temps ou lorsque vous recherchez un peu plus de fermet\u00e9.<\/p>\n<p data-start=\"790\" data-end=\"900\">Avec cette recharge de 300 grammes, vous pouvez faire de votre coussin d'allaitement ce que vous voulez : plus plein, plus ferme et encore plus confortable.<\/p>\n<p data-start=\"902\" data-end=\"916\"><strong data-start=\"902\" data-end=\"916\">Avantages :<\/strong><\/p>\n<ul data-start=\"917\" data-end=\"1132\">\n<li data-start=\"917\" data-end=\"958\">\n<p data-start=\"919\" data-end=\"958\">100% boules de laine (laine \u00e9cologique)<\/p>\n<\/li>\n<li data-start=\"959\" data-end=\"1010\">\n<p data-start=\"961\" data-end=\"1010\">Respirant, hypoallerg\u00e9nique et r\u00e9gulateur de temp\u00e9rature<\/p>\n<\/li>\n<li data-start=\"1011\" data-end=\"1076\">\n<p data-start=\"1013\" data-end=\"1076\">Reste souple et frais gr\u00e2ce \u00e0 ses propri\u00e9t\u00e9s autonettoyantes.<\/p>\n<\/li>\n<li data-start=\"1077\" data-end=\"1132\">\n<p data-start=\"1079\" data-end=\"1132\">Facile \u00e0 recharger pour un soutien parfait<\/p>\n<\/li>\n<\/ul>","protected":false},"featured_media":27526,"comment_status":"open","ping_status":"closed","template":"","meta":{"_acf_changed":false},"product_brand":[],"product_cat":[349,210],"product_tag":[],"class_list":{"0":"post-27525","1":"product","2":"type-product","3":"status-publish","4":"has-post-thumbnail","6":"product_cat-borstvoedingenvoedingskussens","7":"product_cat-wollen-voedingskussen","9":"first","10":"instock","11":"taxable","12":"shipping-taxable","13":"purchasable","14":"product-type-simple"},"acf":[],"_links":{"self":[{"href":"https:\/\/woolskins.eu\/fr\/wp-json\/wp\/v2\/product\/27525","targetHints":{"allow":["GET"]}}],"collection":[{"href":"https:\/\/woolskins.eu\/fr\/wp-json\/wp\/v2\/product"}],"about":[{"href":"https:\/\/woolskins.eu\/fr\/wp-json\/wp\/v2\/types\/product"}],"replies":[{"embeddable":true,"href":"https:\/\/woolskins.eu\/fr\/wp-json\/wp\/v2\/comments?post=27525"}],"wp:featuredmedia":[{"embeddable":true,"href":"https:\/\/woolskins.eu\/fr\/wp-json\/wp\/v2\/media\/27526"}],"wp:attachment":[{"href":"https:\/\/woolskins.eu\/fr\/wp-json\/wp\/v2\/media?parent=27525"}],"wp:term":[{"taxonomy":"product_brand","embeddable":true,"href":"https:\/\/woolskins.eu\/fr\/wp-json\/wp\/v2\/product_brand?post=27525"},{"taxonomy":"product_cat","embeddable":true,"href":"https:\/\/woolskins.eu\/fr\/wp-json\/wp\/v2\/product_cat?post=27525"},{"taxonomy":"product_tag","embeddable":true,"href":"https:\/\/woolskins.eu\/fr\/wp-json\/wp\/v2\/product_tag?post=27525"}],"curies":[{"name":"wp","href":"https:\/\/api.w.org\/{rel}","templated":true}]}}