{"id":27251,"date":"2025-11-05T13:51:56","date_gmt":"2025-11-05T13:51:56","guid":{"rendered":"https:\/\/woolskins.eu\/?post_type=product&#038;p=27251"},"modified":"2026-01-10T08:48:45","modified_gmt":"2026-01-10T08:48:45","slug":"couvre-pieds-en-laine-zaffiro-0-3-ans-evergrow-gris-clair","status":"publish","type":"product","link":"https:\/\/woolskins.eu\/fr\/zaffiro-wollen-voetenzak-0-3-jaar-evergrow-lichtgrijs\/","title":{"rendered":"Zaffiro | Chanceli\u00e8re en laine 0-3 ans EverGrow | Gris clair"},"content":{"rendered":"<h3 data-start=\"196\" data-end=\"251\">Zaffiro - Chanceli\u00e8re en laine EverGrow<\/h3>\n<p data-start=\"252\" data-end=\"301\">Chaleur, confort et protection - en toute saison<\/p>\n<p data-start=\"303\" data-end=\"1048\">La chanceli\u00e8re en laine EverGrow de Zafiro est con\u00e7ue pour les parents qui souhaitent offrir \u00e0 leur b\u00e9b\u00e9 le meilleur confort possible, m\u00eame par temps froid. Cette luxueuse chanceli\u00e8re d'hiver est doubl\u00e9e de laine de mouton naturelle de premi\u00e8re qualit\u00e9 100%. La laine poss\u00e8de des propri\u00e9t\u00e9s naturelles de r\u00e9gulation de la temp\u00e9rature : elle conserve la chaleur par temps froid, mais permet \u00e0 l'exc\u00e8s de chaleur et \u00e0 l'humidit\u00e9 de s'\u00e9chapper facilement. Votre b\u00e9b\u00e9 reste donc toujours \u00e0 une temp\u00e9rature confortable, sans transpirer. De plus, la laine est hypoallerg\u00e9nique, autonettoyante et respirante, ce qui la rend id\u00e9ale pour la peau sensible des b\u00e9b\u00e9s. La chanceli\u00e8re EverGrow offre une protection saine et naturelle et permet \u00e0 votre b\u00e9b\u00e9 de se sentir en s\u00e9curit\u00e9, que vous soyez en promenade ou en voyage.<\/p>\n<h4 data-start=\"1050\" data-end=\"1078\">Caract\u00e9ristiques principales<\/h4>\n<ul data-start=\"1079\" data-end=\"1935\">\n<li data-start=\"1079\" data-end=\"1160\">\n<p data-start=\"1081\" data-end=\"1160\">100% laine de mouton naturelle premium - douce, respirante et r\u00e9gulatrice de temp\u00e9rature<\/p>\n<\/li>\n<li data-start=\"1161\" data-end=\"1243\">\n<p data-start=\"1163\" data-end=\"1243\">Isolation thermique parfaite - garde votre enfant bien au chaud, m\u00eame par des temp\u00e9ratures glaciales<\/p>\n<\/li>\n<li data-start=\"1244\" data-end=\"1346\">\n<p data-start=\"1246\" data-end=\"1346\">Mod\u00e8le de croissance \u00e0 longueur r\u00e9glable (88-107 cm) - convient de la naissance \u00e0 environ 3 ou 4 ans<\/p>\n<\/li>\n<li data-start=\"1347\" data-end=\"1445\">\n<p data-start=\"1349\" data-end=\"1445\">Ouvertures de ceinture universelles - convient \u00e0 pratiquement toutes les poussettes, landaus, si\u00e8ges auto et luges.<\/p>\n<\/li>\n<li data-start=\"1446\" data-end=\"1542\">\n<p data-start=\"1448\" data-end=\"1542\">Couche ext\u00e9rieure hydrofuge et antisalissure (rev\u00eatement W\/R) - prot\u00e8ge de la pluie, de la neige et des taches.<\/p>\n<\/li>\n<li data-start=\"1543\" data-end=\"1622\">\n<p data-start=\"1545\" data-end=\"1622\">Fond renforc\u00e9 et r\u00e9sistant \u00e0 l'eau - id\u00e9al pour les petits avec des chaussures<\/p>\n<\/li>\n<li data-start=\"1623\" data-end=\"1741\">\n<p data-start=\"1625\" data-end=\"1741\">Fa\u00e7ade amovible - facile \u00e0 ouvrir ou \u00e0 enlever compl\u00e8tement ; la chanceli\u00e8re peut \u00e9galement \u00eatre utilis\u00e9e comme sous-v\u00eatement chaud.<\/p>\n<\/li>\n<li data-start=\"1742\" data-end=\"1862\">\n<p data-start=\"1744\" data-end=\"1862\">Capuche chaude - le haut peut se transformer en une capuche confortable pour une protection suppl\u00e9mentaire contre le vent et le froid.<\/p>\n<\/li>\n<li data-start=\"1863\" data-end=\"1935\">\n<p data-start=\"1865\" data-end=\"1935\">Support antid\u00e9rapant - \u00e9vite de glisser dans la poussette ou le landau<\/p>\n<\/li>\n<\/ul>\n<h4 data-start=\"1937\" data-end=\"1965\">Pourquoi choisir la laine ?<\/h4>\n<p data-start=\"1966\" data-end=\"2424\">La laine de mouton de premi\u00e8re qualit\u00e9 utilis\u00e9e est d'une qualit\u00e9 exceptionnelle et tiss\u00e9e sur les deux faces du tissu. Elle offre ainsi une chaleur suppl\u00e9mentaire et une gestion optimale de l'humidit\u00e9, tout en \u00e9tant naturellement autonettoyante et en neutralisant les odeurs. La laine est \u00e9galement hypoallerg\u00e9nique et emp\u00eache la prolif\u00e9ration des acariens, ce qui est parfait pour les b\u00e9b\u00e9s \u00e0 la peau sensible. Les fibres naturelles garantissent \u00e0 votre b\u00e9b\u00e9 un environnement toujours frais et hygi\u00e9nique.<\/p>\n<h4 data-start=\"2426\" data-end=\"2444\">Sp\u00e9cifications<\/h4>\n<ul data-start=\"2445\" data-end=\"2644\">\n<li data-start=\"2445\" data-end=\"2500\">\n<p data-start=\"2447\" data-end=\"2500\">Dimensions : 88 \/ 107 cm (r\u00e9glable) x 45 cm de large<\/p>\n<\/li>\n<li data-start=\"2501\" data-end=\"2528\">\n<p data-start=\"2503\" data-end=\"2528\">Convient \u00e0 : 0-4 ans<\/p>\n<\/li>\n<li data-start=\"2529\" data-end=\"2576\">\n<p data-start=\"2531\" data-end=\"2576\">Ext\u00e9rieur : polyester 100% (d\u00e9perlant)<\/p>\n<\/li>\n<li data-start=\"2577\" data-end=\"2616\">\n<p data-start=\"2579\" data-end=\"2616\">Int\u00e9rieur : 100% laine de mouton premium<\/p>\n<\/li>\n<li data-start=\"2617\" data-end=\"2644\">\n<p data-start=\"2619\" data-end=\"2644\">Garnissage : polyester 100%<\/p>\n<\/li>\n<\/ul>\n<h4 data-start=\"2646\" data-end=\"2660\">Entretien<\/h4>\n<p data-start=\"2661\" data-end=\"2852\">Ne pas laver, ne pas blanchir, ne pas repasser. Nettoyer \u00e0 sec avec pr\u00e9caution et s\u00e9cher \u00e0 plat. Gr\u00e2ce aux propri\u00e9t\u00e9s autonettoyantes naturelles de la laine, un nettoyage fr\u00e9quent n'est pas n\u00e9cessaire.<\/p>","protected":false},"excerpt":{"rendered":"<p data-start=\"265\" data-end=\"310\"><strong data-start=\"265\" data-end=\"308\">Chanceli\u00e8re en laine Zaffiro - EverGrow beige<\/strong><\/p>\n<p data-start=\"312\" data-end=\"597\">Offrez \u00e0 votre b\u00e9b\u00e9 la chaleur et la s\u00e9curit\u00e9 de la laine naturelle. La chanceli\u00e8re en laine EverGrow est doubl\u00e9e de laine de mouton 100% de premi\u00e8re qualit\u00e9, qui r\u00e9gule naturellement la temp\u00e9rature et respire. Ainsi, votre b\u00e9b\u00e9 reste toujours \u00e0 l'aise - au chaud en hiver, \u00e0 l'air libre par temps plus doux. Gr\u00e2ce \u00e0 sa conception r\u00e9glable, la chanceli\u00e8re grandit avec votre enfant, du nouveau-n\u00e9 au jeune enfant. La couche ext\u00e9rieure d\u00e9perlante prot\u00e8ge du vent, de la neige et de la pluie, tandis que l'int\u00e9rieur en laine douce procure une chaleur apaisante. L'EverGrow s'adapte \u00e0 presque toutes les poussettes, landaus ou si\u00e8ges auto et est con\u00e7u pour un usage quotidien - pratique, durable et, bien s\u00fbr, beau.<\/p>\n<p data-start=\"177\" data-end=\"224\"><strong data-start=\"177\" data-end=\"222\">Pourquoi choisir la chanceli\u00e8re EverGrow :<\/strong><\/p>\n<ul>\n<li data-start=\"227\" data-end=\"289\">100% laine de mouton naturelle - chaude, respirante et hypoallerg\u00e9nique<\/li>\n<li data-start=\"227\" data-end=\"289\">Longueur ajustable - grandit du b\u00e9b\u00e9 au jeune enfant (0-4 ans)<\/li>\n<li data-start=\"227\" data-end=\"289\">Couche ext\u00e9rieure d\u00e9perlante et antisalissure - id\u00e9ale pour toutes les saisons<\/li>\n<li data-start=\"227\" data-end=\"289\">S'adapte \u00e0 pratiquement toutes les poussettes, tous les landaus et tous les si\u00e8ges de voiture<\/li>\n<\/ul>\n<p><strong>Marque : Zaffiro<\/strong><br \/>\n<strong>Production : Pologne<br \/>\nKeur: Oeko-Tex Standard<\/strong><\/p>\n<p><img loading=\"lazy\" decoding=\"async\" class=\"alignnone wp-image-28173 entered lazyloaded\" src=\"https:\/\/woolskins.eu\/wp-content\/uploads\/2024\/05\/csm_OEKO-TEX_Logo_2022_rgb_c1aaeb5ceb-300x300.jpg\" alt=\"\" width=\"89\" height=\"89\" data-lazy-src=\"https:\/\/woolskins.eu\/wp-content\/uploads\/2024\/05\/csm_OEKO-TEX_Logo_2022_rgb_c1aaeb5ceb-300x300.jpg\" data-ll-status=\"loaded\" srcset=\"https:\/\/woolskins.eu\/wp-content\/uploads\/2024\/05\/csm_OEKO-TEX_Logo_2022_rgb_c1aaeb5ceb-300x300.jpg 300w, https:\/\/woolskins.eu\/wp-content\/uploads\/2024\/05\/csm_OEKO-TEX_Logo_2022_rgb_c1aaeb5ceb-150x150.jpg 150w, https:\/\/woolskins.eu\/wp-content\/uploads\/2024\/05\/csm_OEKO-TEX_Logo_2022_rgb_c1aaeb5ceb-768x769.jpg 768w, https:\/\/woolskins.eu\/wp-content\/uploads\/2024\/05\/csm_OEKO-TEX_Logo_2022_rgb_c1aaeb5ceb-12x12.jpg 12w, https:\/\/woolskins.eu\/wp-content\/uploads\/2024\/05\/csm_OEKO-TEX_Logo_2022_rgb_c1aaeb5ceb-600x601.jpg 600w, https:\/\/woolskins.eu\/wp-content\/uploads\/2024\/05\/csm_OEKO-TEX_Logo_2022_rgb_c1aaeb5ceb-100x100.jpg 100w, https:\/\/woolskins.eu\/wp-content\/uploads\/2024\/05\/csm_OEKO-TEX_Logo_2022_rgb_c1aaeb5ceb-64x64.jpg 64w, https:\/\/woolskins.eu\/wp-content\/uploads\/2024\/05\/csm_OEKO-TEX_Logo_2022_rgb_c1aaeb5ceb.jpg 885w\" sizes=\"auto, (max-width: 89px) 100vw, 89px\" \/><\/p>","protected":false},"featured_media":27254,"comment_status":"open","ping_status":"closed","template":"","meta":{"_acf_changed":false},"product_brand":[],"product_cat":[499,360,364,352,196,336,502],"product_tag":[],"class_list":{"0":"post-27251","1":"product","2":"type-product","3":"status-publish","4":"has-post-thumbnail","6":"product_cat-new-arrivals","7":"product_cat-cadeautips","8":"product_cat-cadeaus-vanaf-e50","9":"product_cat-merken","10":"product_cat-slaapkleding-baby","11":"product_cat-voetenzakken","12":"product_cat-zaffiro","14":"first","15":"instock","16":"taxable","17":"shipping-taxable","18":"purchasable","19":"product-type-simple"},"acf":[],"_links":{"self":[{"href":"https:\/\/woolskins.eu\/fr\/wp-json\/wp\/v2\/product\/27251","targetHints":{"allow":["GET"]}}],"collection":[{"href":"https:\/\/woolskins.eu\/fr\/wp-json\/wp\/v2\/product"}],"about":[{"href":"https:\/\/woolskins.eu\/fr\/wp-json\/wp\/v2\/types\/product"}],"replies":[{"embeddable":true,"href":"https:\/\/woolskins.eu\/fr\/wp-json\/wp\/v2\/comments?post=27251"}],"wp:featuredmedia":[{"embeddable":true,"href":"https:\/\/woolskins.eu\/fr\/wp-json\/wp\/v2\/media\/27254"}],"wp:attachment":[{"href":"https:\/\/woolskins.eu\/fr\/wp-json\/wp\/v2\/media?parent=27251"}],"wp:term":[{"taxonomy":"product_brand","embeddable":true,"href":"https:\/\/woolskins.eu\/fr\/wp-json\/wp\/v2\/product_brand?post=27251"},{"taxonomy":"product_cat","embeddable":true,"href":"https:\/\/woolskins.eu\/fr\/wp-json\/wp\/v2\/product_cat?post=27251"},{"taxonomy":"product_tag","embeddable":true,"href":"https:\/\/woolskins.eu\/fr\/wp-json\/wp\/v2\/product_tag?post=27251"}],"curies":[{"name":"wp","href":"https:\/\/api.w.org\/{rel}","templated":true}]}}