{"id":26890,"date":"2025-10-17T12:58:42","date_gmt":"2025-10-17T12:58:42","guid":{"rendered":"https:\/\/woolskins.eu\/?post_type=product&#038;p=26890"},"modified":"2025-12-23T22:21:08","modified_gmt":"2025-12-23T22:21:08","slug":"pantoufles_laine","status":"publish","type":"product","link":"https:\/\/woolskins.eu\/fr\/wollen_sloffen_dames\/","title":{"rendered":"A Basic Brand - Chaussons en laine pour dames - 100% New Wool | beige"},"content":{"rendered":"<h3 data-start=\"115\" data-end=\"164\"><strong data-start=\"119\" data-end=\"164\">A Basic Brand - Pantoufles en laine pour dames<\/strong><\/h3>\n<p data-start=\"166\" data-end=\"475\">Super chaud et r\u00e9confortant, mais aussi compl\u00e8tement naturel et respirant. Cette <strong data-start=\"237\" data-end=\"273\">pantoufles en laine de A Basic Brand<\/strong> sont con\u00e7us pour les femmes qui aiment le confort, la simplicit\u00e9 et les mati\u00e8res naturelles. Ils offrent un \u00e9quilibre parfait entre chaleur, respirabilit\u00e9 et style - id\u00e9al pour \u00eatre port\u00e9 toute l'ann\u00e9e \u00e0 la maison.<\/p>\n<h4 data-start=\"477\" data-end=\"509\"><strong data-start=\"482\" data-end=\"509\">100% Pure New Wool Pile<\/strong><\/h4>\n<p data-start=\"510\" data-end=\"780\">L'int\u00e9rieur des pantoufles est en <strong data-start=\"555\" data-end=\"578\">100% pure laine vierge<\/strong>La doublure est compos\u00e9e de laine nouvellement extraite qui n'a jamais \u00e9t\u00e9 trait\u00e9e auparavant. Cela permet d'obtenir une doublure exceptionnellement douce, r\u00e9sistante et respirante, qui \u00e9pouse la forme de vos pieds et maintient en permanence une temp\u00e9rature confortable.<\/p>\n<h4 data-start=\"782\" data-end=\"811\"><strong data-start=\"787\" data-end=\"811\">Les bienfaits de la laine<\/strong><\/h4>\n<p data-start=\"812\" data-end=\"919\">La laine est l'une des fibres naturelles les plus fonctionnelles qui soient. Gr\u00e2ce \u00e0 ses propri\u00e9t\u00e9s uniques :<\/p>\n<ul data-start=\"920\" data-end=\"1300\">\n<li data-start=\"920\" data-end=\"995\">\n<p data-start=\"922\" data-end=\"995\"><strong data-start=\"922\" data-end=\"954\">La laine r\u00e9gule la temp\u00e9rature<\/strong> - chaud en hiver, frais en \u00e9t\u00e9.<\/p>\n<\/li>\n<li data-start=\"996\" data-end=\"1070\">\n<p data-start=\"998\" data-end=\"1070\"><strong data-start=\"998\" data-end=\"1035\">Respirant et r\u00e9gulateur d'humidit\u00e9<\/strong> - garde vos pieds au sec et au frais.<\/p>\n<\/li>\n<li data-start=\"1071\" data-end=\"1147\">\n<p data-start=\"1073\" data-end=\"1147\"><strong data-start=\"1073\" data-end=\"1115\">Est autonettoyant et antibact\u00e9rien<\/strong> - Les odeurs n'ont aucune chance.<\/p>\n<\/li>\n<li data-start=\"1148\" data-end=\"1214\">\n<p data-start=\"1150\" data-end=\"1214\"><strong data-start=\"1150\" data-end=\"1174\">Est-il hypoallerg\u00e9nique ?<\/strong> - Doux pour les peaux sensibles.<\/p>\n<\/li>\n<li data-start=\"1215\" data-end=\"1300\">\n<p data-start=\"1217\" data-end=\"1300\"><strong data-start=\"1217\" data-end=\"1262\">Est-il durable et biod\u00e9gradable ?<\/strong> - bon pour vous et pour la plan\u00e8te.<\/p>\n<\/li>\n<\/ul>\n<h4 data-start=\"1302\" data-end=\"1341\"><strong data-start=\"1307\" data-end=\"1341\">Chaleur et confort \u00e0 chaque pas<\/strong><\/h4>\n<p data-start=\"1342\" data-end=\"1641\">Les pantoufles en laine d'A Basic Brand sont l\u00e9g\u00e8res, mais offrent une prise ferme et un soutien naturel. La laine douce enveloppe vos pieds comme une \u00e9treinte chaleureuse et procure une sensation de d\u00e9tente instantan\u00e9e. Parfaites pour les matins froids, les soir\u00e9es tranquilles ou les longues journ\u00e9es de travail \u00e0 domicile.<\/p>\n<h4 data-start=\"1643\" data-end=\"1679\"><strong data-start=\"1648\" data-end=\"1679\">Un design simple et intemporel<\/strong><\/h4>\n<p data-start=\"1680\" data-end=\"1913\">Comme son nom l'indique, il s'agit <strong data-start=\"1709\" data-end=\"1726\">Une marque basique<\/strong> pour une simplicit\u00e9 pure et une qualit\u00e9 naturelle. Pas de d\u00e9tails superflus - juste un look intemporel et un confort durable. La couleur naturelle de la laine s'adapte \u00e0 tous les styles et \u00e0 tous les int\u00e9rieurs.<\/p>\n<h4 data-start=\"1915\" data-end=\"1950\"><strong data-start=\"1920\" data-end=\"1950\">Disponible en deux tailles<\/strong><\/h4>\n<p data-start=\"1951\" data-end=\"1985\">Les pantoufles sont disponibles en :<\/p>\n<ul data-start=\"1986\" data-end=\"2023\">\n<li data-start=\"1986\" data-end=\"2004\">\n<p data-start=\"1988\" data-end=\"2004\"><strong data-start=\"1988\" data-end=\"2002\">Taille 38\/39 (26cm)<\/strong><\/p>\n<\/li>\n<li data-start=\"2005\" data-end=\"2023\">\n<p data-start=\"2007\" data-end=\"2023\"><strong data-start=\"2007\" data-end=\"2021\">Taille 40\/41 (28cm)<\/strong><\/p>\n<\/li>\n<\/ul>\n<p data-start=\"2025\" data-end=\"2167\">Gr\u00e2ce \u00e0 l'\u00e9lasticit\u00e9 naturelle de la laine, ils \u00e9pousent parfaitement le pied sans le pincer et conservent leur forme en cas d'utilisation r\u00e9guli\u00e8re.<\/p>","protected":false},"excerpt":{"rendered":"<h3 data-start=\"115\" data-end=\"164\"><strong data-start=\"119\" data-end=\"164\">A Basic Brand - Pantoufles en laine pour dames<\/strong><\/h3>\n<p>Faites l'exp\u00e9rience du confort domestique ultime avec le <strong data-start=\"171\" data-end=\"218\">pantoufles en laine pour femmes de A Basic Brand<\/strong>. Fabriqu\u00e9es en pure laine vierge 100% double couche, elles sont merveilleusement chaudes, douces et respirantes - id\u00e9ales pour les jours froids et pour ceux qui aiment les mati\u00e8res naturelles. La laine r\u00e9gule la temp\u00e9rature, \u00e9vacue l'humidit\u00e9 et garde vos pieds frais et secs, sans les pincer. Disponible en taille <strong data-start=\"486\" data-end=\"495\">38\/39<\/strong> et <strong data-start=\"499\" data-end=\"508\">40\/41<\/strong> pour un ajustement parfait et une d\u00e9tente pure \u00e0 chaque pas. De plus, ces pantoufles sont \u00e9quip\u00e9es de <strong data-start=\"594\" data-end=\"613\">semelles antid\u00e9rapantes<\/strong>, Vous pouvez ainsi marcher en toute s\u00e9curit\u00e9 et en toute stabilit\u00e9 \u00e0 tous les \u00e9tages.<\/p>\n<p><strong>Marque\u00a0: Une marque de base<\/strong><br \/>\n<strong>Pays : Pologne<\/strong><\/p>","protected":false},"featured_media":26895,"comment_status":"open","ping_status":"closed","template":"","meta":{"_acf_changed":false},"product_brand":[],"product_cat":[499,351,360,364,350,31],"product_tag":[],"class_list":{"0":"post-26890","1":"product","2":"type-product","3":"status-publish","4":"has-post-thumbnail","6":"product_cat-new-arrivals","7":"product_cat-accessoiresvoormama","8":"product_cat-cadeautips","9":"product_cat-cadeaus-vanaf-e50","10":"product_cat-fashion","11":"product_cat-yogamat-wol","13":"first","14":"instock","15":"taxable","16":"shipping-taxable","17":"purchasable","18":"product-type-variable"},"acf":[],"_links":{"self":[{"href":"https:\/\/woolskins.eu\/fr\/wp-json\/wp\/v2\/product\/26890","targetHints":{"allow":["GET"]}}],"collection":[{"href":"https:\/\/woolskins.eu\/fr\/wp-json\/wp\/v2\/product"}],"about":[{"href":"https:\/\/woolskins.eu\/fr\/wp-json\/wp\/v2\/types\/product"}],"replies":[{"embeddable":true,"href":"https:\/\/woolskins.eu\/fr\/wp-json\/wp\/v2\/comments?post=26890"}],"wp:featuredmedia":[{"embeddable":true,"href":"https:\/\/woolskins.eu\/fr\/wp-json\/wp\/v2\/media\/26895"}],"wp:attachment":[{"href":"https:\/\/woolskins.eu\/fr\/wp-json\/wp\/v2\/media?parent=26890"}],"wp:term":[{"taxonomy":"product_brand","embeddable":true,"href":"https:\/\/woolskins.eu\/fr\/wp-json\/wp\/v2\/product_brand?post=26890"},{"taxonomy":"product_cat","embeddable":true,"href":"https:\/\/woolskins.eu\/fr\/wp-json\/wp\/v2\/product_cat?post=26890"},{"taxonomy":"product_tag","embeddable":true,"href":"https:\/\/woolskins.eu\/fr\/wp-json\/wp\/v2\/product_tag?post=26890"}],"curies":[{"name":"wp","href":"https:\/\/api.w.org\/{rel}","templated":true}]}}