{"id":26844,"date":"2025-10-15T12:56:57","date_gmt":"2025-10-15T12:56:57","guid":{"rendered":"https:\/\/woolskins.eu\/?post_type=product&#038;p=26844"},"modified":"2026-03-29T12:57:05","modified_gmt":"2026-03-29T12:57:05","slug":"echarpe-de-portage-polyvalente-zaffiro-be-close-coton-beige","status":"publish","type":"product","link":"https:\/\/woolskins.eu\/fr\/multifunctionele-draagdoek-voor-baby-zaffiro-be-close-katoen-beige\/","title":{"rendered":"Echarpe de portage multifonctionnelle - Zaffiro \u2018Be Close\u2019| Coton Beige"},"content":{"rendered":"<h2 data-start=\"188\" data-end=\"260\"><strong data-start=\"191\" data-end=\"260\">Zaffiro Be Close - \u00c9charpe de portage multifonctionnelle en tissu<\/strong><\/h2>\n<p data-start=\"262\" data-end=\"614\">D\u00e9couvrez la solution id\u00e9ale <strong data-start=\"281\" data-end=\"302\">\u00e9charpe tiss\u00e9e<\/strong> pour votre b\u00e9b\u00e9 : le <strong data-start=\"322\" data-end=\"352\">Zaffiro Be Close sling<\/strong> est une solution polyvalente, s\u00fbre et confortable pour les parents qui aiment porter leur b\u00e9b\u00e9 pr\u00e8s d'eux. Adapt\u00e9 de la naissance \u00e0 environ 2 ans (3,5-13 kg), il combine <strong data-start=\"539\" data-end=\"569\">\u00e9charpe multifonctionnelle<\/strong> facilit\u00e9 d'utilisation gr\u00e2ce \u00e0 une conception ergonomique.<\/p>\n<h3 data-start=\"616\" data-end=\"659\"><strong data-start=\"623\" data-end=\"659\">Confortable, respirant et durable<\/strong><\/h3>\n<p data-start=\"660\" data-end=\"957\">L'\u00e9charpe de portage est fabriqu\u00e9e en coton 100% respirant et hypoallerg\u00e9nique. Gr\u00e2ce \u00e0 son tissage \u00e0 chevrons robuste, le tissu est doux au toucher, tout en offrant un soutien optimal pour vous et votre b\u00e9b\u00e9. Le coton naturel assure une bonne ventilation, ce qui permet au tissu de rester confortable m\u00eame par temps chaud.<\/p>\n<h3 data-start=\"959\" data-end=\"998\"><strong data-start=\"966\" data-end=\"998\">Portage ergonomique et s\u00fbr<\/strong><\/h3>\n<p data-start=\"999\" data-end=\"1327\">L'\u00e9charpe de portage Zaffiro Be Close soutient la forme naturelle du dos de b\u00e9b\u00e9 en C et favorise un d\u00e9veloppement sain des hanches gr\u00e2ce \u00e0 un positionnement correct du bassin. <strong data-start=\"1165\" data-end=\"1178\">M posture<\/strong>, Le harnais est un harnais de s\u00e9curit\u00e9, dans lequel les genoux sont l\u00e9g\u00e8rement plus hauts que les fesses. Le harnais est ainsi non seulement confortable, mais aussi s\u00fbr et ergonomique.<\/p>\n<h3 data-start=\"1329\" data-end=\"1376\"><strong data-start=\"1336\" data-end=\"1376\">Facile \u00e0 attacher et \u00e0 ajuster<\/strong><\/h3>\n<p data-start=\"1377\" data-end=\"1699\">Avec une longueur de <strong data-start=\"1396\" data-end=\"1406\">460 cm<\/strong> et une ligne centrale marqu\u00e9e, l'\u00e9charpe Be Close est facile \u00e0 nouer et convient \u00e0 toutes les positions. Vous pouvez utiliser l'\u00e9charpe pour diff\u00e9rentes positions de portage : devant, sur les hanches ou sur le dos. Le portage sur le dos est recommand\u00e9 d\u00e8s que votre b\u00e9b\u00e9 peut s'asseoir sans aide (g\u00e9n\u00e9ralement \u00e0 partir de 12 mois environ).<\/p>\n<h3 data-start=\"1701\" data-end=\"1741\"><strong data-start=\"1708\" data-end=\"1741\">Plus de l\u00e9g\u00e8ret\u00e9, plus de libert\u00e9<\/strong><\/h3>\n<p data-start=\"1742\" data-end=\"1986\">Gr\u00e2ce \u00e0 la r\u00e9partition uniforme du poids, votre b\u00e9b\u00e9 se sent plus l\u00e9ger dans l'\u00e9charpe. Cela signifie moins de pression sur votre dos et vos \u00e9paules, ce qui vous permet de porter confortablement plus longtemps - id\u00e9al pour l'usage quotidien, les promenades ou les d\u00e9placements.<\/p>\n<h3 data-start=\"1988\" data-end=\"2033\"><strong data-start=\"1995\" data-end=\"2033\">Pratique et facile d'entretien<\/strong><\/h3>\n<p data-start=\"2034\" data-end=\"2330\">Le harnais Zaffiro Be Close est peu encombrant lorsqu'il est pli\u00e9 et facile \u00e0 transporter. Le harnais est accompagn\u00e9 d'un mode d'emploi clair et est conforme aux normes de s\u00e9curit\u00e9 europ\u00e9ennes.<br data-start=\"2234\" data-end=\"2237\" \/>Vous pouvez laver le tissu \u00e0 40\u00b0C sur un cycle d\u00e9licat ; ne pas blanchir ou s\u00e9cher au s\u00e8che-linge.<\/p>\n<h3 data-start=\"2332\" data-end=\"2392\"><strong data-start=\"2339\" data-end=\"2392\">Pourquoi choisir le harnais Zaffiro Be Close ?<\/strong><\/h3>\n<ul data-start=\"2393\" data-end=\"2745\">\n<li data-start=\"2393\" data-end=\"2443\">\n<p data-start=\"2395\" data-end=\"2443\">Convient de la naissance \u00e0 2 ans (3,5-13 kg)<\/p>\n<\/li>\n<li data-start=\"2444\" data-end=\"2485\">\n<p data-start=\"2446\" data-end=\"2485\">100% coton respirant et hypoallerg\u00e9nique<\/p>\n<\/li>\n<li data-start=\"2486\" data-end=\"2545\">\n<p data-start=\"2488\" data-end=\"2545\">Conception ergonomique avec une forme naturelle en C et une posture en M<\/p>\n<\/li>\n<li data-start=\"2546\" data-end=\"2603\">\n<p data-start=\"2548\" data-end=\"2603\">Longueur : 460 cm - facile \u00e0 nouer et \u00e0 ajuster<\/p>\n<\/li>\n<li data-start=\"2604\" data-end=\"2640\">\n<p data-start=\"2606\" data-end=\"2640\">Positions de portage : ventre, hanches et dos<\/p>\n<\/li>\n<li data-start=\"2641\" data-end=\"2686\">\n<p data-start=\"2643\" data-end=\"2686\">Durable, compact et facile \u00e0 utiliser<\/p>\n<\/li>\n<li data-start=\"2687\" data-end=\"2745\">\n<p data-start=\"2689\" data-end=\"2745\">Con\u00e7u et test\u00e9 selon les normes de s\u00e9curit\u00e9 europ\u00e9ennes<\/p>\n<\/li>\n<\/ul>\n<p data-start=\"2747\" data-end=\"3004\">Le <strong data-start=\"2750\" data-end=\"2780\">Zaffiro Be Close sling<\/strong> est le choix id\u00e9al pour les parents qui accordent de l'importance au confort, \u00e0 la s\u00e9curit\u00e9 et \u00e0 la connectivit\u00e9. Que ce soit \u00e0 la maison ou \u00e0 l'ext\u00e9rieur, avec cette <strong data-start=\"2913\" data-end=\"2939\">harnais ergonomique<\/strong> vous avez toujours votre b\u00e9b\u00e9 pr\u00e8s de vous - au chaud, en s\u00e9curit\u00e9 et d\u00e9tendu.<\/p>","protected":false},"excerpt":{"rendered":"<p><strong data-start=\"122\" data-end=\"188\">Harnais Zaffiro Be Close - S\u00fbr, confortable et polyvalent<br \/>\n<\/strong><br data-start=\"188\" data-end=\"191\" \/>Le Zaffiro Be Close est un <strong data-start=\"218\" data-end=\"239\">\u00e9charpe tiss\u00e9e<\/strong> en coton 100% respirant et hypoallerg\u00e9nique. Cette \u00e9charpe de portage peut \u00eatre utilis\u00e9e de multiples fa\u00e7ons. Convient de la naissance \u00e0 environ 2 ans (3,5-13 kg). Le tissage \u00e0 chevrons robuste assure un soutien optimal \u00e0 votre b\u00e9b\u00e9 et une r\u00e9partition uniforme du poids, ce qui rend le portage plus l\u00e9ger et plus confortable. Avec une longueur de 460 cm et une ligne centrale marqu\u00e9e, le tissu est facile \u00e0 nouer et s'adapte \u00e0 toutes les tailles. Un choix pratique, \u00e9l\u00e9gant et s\u00fbr pour un usage quotidien. Pour en savoir plus, consultez les informations sur le produit.<\/p>\n<p><strong>Marque : Zaffiro<\/strong><br \/>\n<strong>Pays : Pologne<\/strong><\/p>","protected":false},"featured_media":26845,"comment_status":"open","ping_status":"closed","template":"","meta":{"_acf_changed":false},"product_brand":[],"product_cat":[499,531,364,31,352,502],"product_tag":[],"class_list":{"0":"post-26844","1":"product","2":"type-product","3":"status-publish","4":"has-post-thumbnail","6":"product_cat-new-arrivals","7":"product_cat-babydraagdoeken","8":"product_cat-cadeaus-vanaf-e50","9":"product_cat-yogamat-wol","10":"product_cat-merken","11":"product_cat-zaffiro","13":"first","14":"outofstock","15":"taxable","16":"shipping-taxable","17":"purchasable","18":"product-type-simple"},"acf":[],"_links":{"self":[{"href":"https:\/\/woolskins.eu\/fr\/wp-json\/wp\/v2\/product\/26844","targetHints":{"allow":["GET"]}}],"collection":[{"href":"https:\/\/woolskins.eu\/fr\/wp-json\/wp\/v2\/product"}],"about":[{"href":"https:\/\/woolskins.eu\/fr\/wp-json\/wp\/v2\/types\/product"}],"replies":[{"embeddable":true,"href":"https:\/\/woolskins.eu\/fr\/wp-json\/wp\/v2\/comments?post=26844"}],"wp:featuredmedia":[{"embeddable":true,"href":"https:\/\/woolskins.eu\/fr\/wp-json\/wp\/v2\/media\/26845"}],"wp:attachment":[{"href":"https:\/\/woolskins.eu\/fr\/wp-json\/wp\/v2\/media?parent=26844"}],"wp:term":[{"taxonomy":"product_brand","embeddable":true,"href":"https:\/\/woolskins.eu\/fr\/wp-json\/wp\/v2\/product_brand?post=26844"},{"taxonomy":"product_cat","embeddable":true,"href":"https:\/\/woolskins.eu\/fr\/wp-json\/wp\/v2\/product_cat?post=26844"},{"taxonomy":"product_tag","embeddable":true,"href":"https:\/\/woolskins.eu\/fr\/wp-json\/wp\/v2\/product_tag?post=26844"}],"curies":[{"name":"wp","href":"https:\/\/api.w.org\/{rel}","templated":true}]}}