{"id":25991,"date":"2025-09-03T09:53:41","date_gmt":"2025-09-03T09:53:41","guid":{"rendered":"https:\/\/woolskins.eu\/?post_type=product&#038;p=25991"},"modified":"2026-02-18T13:50:18","modified_gmt":"2026-02-18T13:50:18","slug":"sac-de-couchage-en-laine-zaffiro-pour-poussette-et-nacelle-teddy-beige","status":"publish","type":"product","link":"https:\/\/woolskins.eu\/fr\/zaffiro-wollen-voetenzak-slaapzak-voor-buggy-en-reiswieg-teddy-beige\/","title":{"rendered":"Zaffiro | Chanceli\u00e8re en laine - Sac de couchage pour poussette et nacelle | Teddy Beige"},"content":{"rendered":"<h5>Sac de couchage en laine pour poussette, nacelle et panier Mo\u00efse.<\/h5>\n<p>Ces chanceli\u00e8res - gigoteuse en laine pour poussette et Maxi-Cosi conviennent tr\u00e8s bien aux plus petits gr\u00e2ce aux propri\u00e9t\u00e9s naturelles des fibres de laine. Ceux-ci respirent et ont la propri\u00e9t\u00e9 d&#039;agir comme un thermostat naturel qui r\u00e9gule la temp\u00e9rature corporelle ? Cela aide votre b\u00e9b\u00e9 \u00e0 maintenir une temp\u00e9rature stable et \u00e0 le garder au sec et \u00e0 l&#039;aise. La laine de mouton poss\u00e8de \u00e9galement des propri\u00e9t\u00e9s antiallergiques et antibact\u00e9riennes et poss\u00e8de donc des propri\u00e9t\u00e9s hygi\u00e9niques et autonettoyantes. Il neutralise les odeurs d\u00e9sagr\u00e9ables et la salet\u00e9. Vous pouvez \u00eatre assur\u00e9 que votre enfant sera bien au chaud et \u00e0 l&#039;aise dans cette chanceli\u00e8re en laine Zaffiro. Tous les types de sangles de s\u00e9curit\u00e9 s&#039;int\u00e8grent sans probl\u00e8me dans ce mod\u00e8le gr\u00e2ce \u00e0 l&#039;utilisation d&#039;ouvertures sp\u00e9ciales.<\/p>\n<p>\u2013 Laine vierge premium 100%, Feutr\u00e9e.<br \/>\n\u2013 Convient aux 0-18 mois.<br \/>\n\u2013 Cordon de serrage dans le col pour prot\u00e9ger la t\u00eate de l&#039;enfant.<br \/>\n\u2013 Le haut peut \u00eatre compl\u00e8tement d\u00e9tach\u00e9 par le bas.<br \/>\n\u2013 Ouvertures pratiques pour les sangles de s\u00e9curit\u00e9 (5 points).<br \/>\n\u2013 longueur 90cm x largeur 40\/42 cm.<\/p>\n<p data-start=\"63\" data-end=\"427\"><strong data-start=\"63\" data-end=\"83\">Instructions de lavage<\/strong><\/p>\n<p data-start=\"63\" data-end=\"427\">Pour conserver la beaut\u00e9 et la douceur de ce tissu Teddy en laine, nous recommandons de le laver \u00e0 la main \u00e0 une temp\u00e9rature maximale de 30 \u00b0C. Proc\u00e9dez avec pr\u00e9caution et utilisez un d\u00e9tergent doux pour la laine. \u00c9vitez l'eau de Javel, le repassage, le s\u00e8che-linge et l'essorage. Laissez le tissu s\u00e9cher \u00e0 plat pour pr\u00e9server sa forme. Le nettoyage \u00e0 sec est \u00e9galement possible.<\/p>\n<p data-start=\"429\" data-end=\"552\">\u2728 <strong data-start=\"431\" data-end=\"439\">Astuce:<\/strong> La laine n'a pas besoin d'\u00eatre lav\u00e9e souvent. Une a\u00e9ration rapide \u00e0 l'ext\u00e9rieur suffit souvent \u00e0 conserver la fra\u00eecheur du tissu.<\/p>\n<p data-start=\"554\" data-end=\"817\">\ud83c\udf3f <strong data-start=\"557\" data-end=\"588\">Pourquoi la laine est sp\u00e9ciale : <\/strong>La laine est naturellement autonettoyante et anti-salissures. Les odeurs disparaissent simplement en a\u00e9rant le tissu et la salet\u00e9 adh\u00e8re moins facilement qu'avec d'autres mati\u00e8res. Votre tissu en laine reste donc frais plus longtemps, sans n\u00e9cessiter beaucoup d'entretien.<\/p>\n<h5>Zaffiro<\/h5>\n<p>La soci\u00e9t\u00e9 Zaffiro est une entreprise familiale polonaise. Depuis nos d\u00e9buts en 1989, nous sommes sp\u00e9cialis\u00e9s dans la production de produits pour b\u00e9b\u00e9s et enfants et la plupart de ce que nous produisons est export\u00e9 dans plus de 40 pays. Nous avons cr\u00e9\u00e9 la marque Zaffiro pour promouvoir des produits qui soutiennent les parents conscients de l&#039;importance de l&#039;intimit\u00e9 et du lien avec leur b\u00e9b\u00e9 d\u00e8s les premi\u00e8res heures apr\u00e8s la naissance. Nous promouvons le concept du portage des enfants \u00ab c\u0153ur \u00e0 c\u0153ur \u00bb dans des porte-b\u00e9b\u00e9s et des porte-b\u00e9b\u00e9s, r\u00e9introduisant, red\u00e9couvrant et d\u00e9veloppant la sage tradition des g\u00e9n\u00e9rations pr\u00e9c\u00e9dentes en tenant compte de la recherche psychologique contemporaine.<\/p>","protected":false},"excerpt":{"rendered":"<p>Prenez plaisir \u00e0 emmener votre enfant en promenade dans cette chaude chanceli\u00e8re en laine - sac de couchage de Zaffiro pour le landau, la poussette, le panier Moses ou \u00e0 la maison. Cette chanceli\u00e8re est fabriqu\u00e9e en laine 100% et prend imm\u00e9diatement la temp\u00e9rature de votre enfant. La laine souple bouge facilement avec votre enfant. Elle conserve bien la chaleur sans faire transpirer votre enfant, car la laine respire. Gr\u00e2ce \u00e0 ces propri\u00e9t\u00e9s uniques de la laine, votre enfant sera au chaud et \u00e0 l'aise. Gr\u00e2ce aux ouvertures pratiques de la ceinture, vous installez rapidement cette chanceli\u00e8re en laine dans votre landau ou poussette. Vous pouvez tirer sur le cordon du col pour prot\u00e9ger la t\u00eate de votre enfant des intemp\u00e9ries. Cette chanceli\u00e8re de Zaffiro peut \u00eatre utilis\u00e9e toute l'ann\u00e9e, mais elle est tr\u00e8s utile au printemps, en hiver et en automne.<\/p>\n<div class=\"woocommerce-product-details__short-description\">\n<p><strong>Marque : Zaffiro<\/strong><br \/>\n<strong>Production : Pologne<br \/>\nKeur: Oeko-Tex Standard<\/strong><\/p>\n<p><img loading=\"lazy\" decoding=\"async\" class=\"alignnone wp-image-28173 entered lazyloaded\" src=\"https:\/\/woolskins.eu\/wp-content\/uploads\/2024\/05\/csm_OEKO-TEX_Logo_2022_rgb_c1aaeb5ceb-300x300.jpg\" alt=\"\" width=\"89\" height=\"89\" data-lazy-src=\"https:\/\/woolskins.eu\/wp-content\/uploads\/2024\/05\/csm_OEKO-TEX_Logo_2022_rgb_c1aaeb5ceb-300x300.jpg\" data-ll-status=\"loaded\" srcset=\"https:\/\/woolskins.eu\/wp-content\/uploads\/2024\/05\/csm_OEKO-TEX_Logo_2022_rgb_c1aaeb5ceb-300x300.jpg 300w, https:\/\/woolskins.eu\/wp-content\/uploads\/2024\/05\/csm_OEKO-TEX_Logo_2022_rgb_c1aaeb5ceb-150x150.jpg 150w, https:\/\/woolskins.eu\/wp-content\/uploads\/2024\/05\/csm_OEKO-TEX_Logo_2022_rgb_c1aaeb5ceb-768x769.jpg 768w, https:\/\/woolskins.eu\/wp-content\/uploads\/2024\/05\/csm_OEKO-TEX_Logo_2022_rgb_c1aaeb5ceb-12x12.jpg 12w, https:\/\/woolskins.eu\/wp-content\/uploads\/2024\/05\/csm_OEKO-TEX_Logo_2022_rgb_c1aaeb5ceb-600x601.jpg 600w, https:\/\/woolskins.eu\/wp-content\/uploads\/2024\/05\/csm_OEKO-TEX_Logo_2022_rgb_c1aaeb5ceb-100x100.jpg 100w, https:\/\/woolskins.eu\/wp-content\/uploads\/2024\/05\/csm_OEKO-TEX_Logo_2022_rgb_c1aaeb5ceb-64x64.jpg 64w, https:\/\/woolskins.eu\/wp-content\/uploads\/2024\/05\/csm_OEKO-TEX_Logo_2022_rgb_c1aaeb5ceb.jpg 885w\" sizes=\"auto, (max-width: 89px) 100vw, 89px\" \/><\/p>\n<\/div>","protected":false},"featured_media":25997,"comment_status":"open","ping_status":"closed","template":"","meta":{"_acf_changed":false},"product_brand":[],"product_cat":[502,370,336],"product_tag":[],"class_list":{"0":"post-25991","1":"product","2":"type-product","3":"status-publish","4":"has-post-thumbnail","6":"product_cat-zaffiro","7":"product_cat-slaapzakken","8":"product_cat-voetenzakken","10":"first","11":"instock","12":"taxable","13":"shipping-taxable","14":"purchasable","15":"product-type-simple"},"acf":[],"_links":{"self":[{"href":"https:\/\/woolskins.eu\/fr\/wp-json\/wp\/v2\/product\/25991","targetHints":{"allow":["GET"]}}],"collection":[{"href":"https:\/\/woolskins.eu\/fr\/wp-json\/wp\/v2\/product"}],"about":[{"href":"https:\/\/woolskins.eu\/fr\/wp-json\/wp\/v2\/types\/product"}],"replies":[{"embeddable":true,"href":"https:\/\/woolskins.eu\/fr\/wp-json\/wp\/v2\/comments?post=25991"}],"wp:featuredmedia":[{"embeddable":true,"href":"https:\/\/woolskins.eu\/fr\/wp-json\/wp\/v2\/media\/25997"}],"wp:attachment":[{"href":"https:\/\/woolskins.eu\/fr\/wp-json\/wp\/v2\/media?parent=25991"}],"wp:term":[{"taxonomy":"product_brand","embeddable":true,"href":"https:\/\/woolskins.eu\/fr\/wp-json\/wp\/v2\/product_brand?post=25991"},{"taxonomy":"product_cat","embeddable":true,"href":"https:\/\/woolskins.eu\/fr\/wp-json\/wp\/v2\/product_cat?post=25991"},{"taxonomy":"product_tag","embeddable":true,"href":"https:\/\/woolskins.eu\/fr\/wp-json\/wp\/v2\/product_tag?post=25991"}],"curies":[{"name":"wp","href":"https:\/\/api.w.org\/{rel}","templated":true}]}}