{"id":25978,"date":"2025-09-02T13:06:34","date_gmt":"2025-09-02T13:06:34","guid":{"rendered":"https:\/\/woolskins.eu\/?post_type=product&#038;p=25978"},"modified":"2026-05-13T12:08:19","modified_gmt":"2026-05-13T12:08:19","slug":"pantoufles-elastiques-en-peau-de-laine","status":"publish","type":"product","link":"https:\/\/woolskins.eu\/fr\/woolskins-wolknuffel-slofjes-zacht-elastisch\/","title":{"rendered":"Woolskins Wool Cuddly Shoes | Doux et extensible"},"content":{"rendered":"<p data-start=\"0\" data-end=\"79\"><strong data-start=\"0\" data-end=\"77\">Chaussons en laine pour b\u00e9b\u00e9s Woolskins - doux, \u00e9lastiques et toujours parfaitement ajust\u00e9s<\/strong><\/p>\n<p data-start=\"81\" data-end=\"467\">Gardez les petits pieds de votre b\u00e9b\u00e9 au chaud et en s\u00e9curit\u00e9 avec le <strong data-start=\"140\" data-end=\"176\">chaussons en laine pour b\u00e9b\u00e9 par Woolskins<\/strong>. Fabriqu\u00e9 en <strong data-start=\"190\" data-end=\"226\">\u00e9lastique, 100% laine naturelle<\/strong> ces pantoufles se ferment toujours en douceur et confortablement autour des pieds, sans les pincer. Gr\u00e2ce \u00e0 leur \u00e9lasticit\u00e9 naturelle, elles restent <strong data-start=\"357\" data-end=\"375\">s'asseoir parfaitement<\/strong>, Ils sont faciles \u00e0 mettre et \u00e0 enlever, m\u00eame pour les b\u00e9b\u00e9s les plus agiles.<\/p>\n<p data-start=\"469\" data-end=\"743\">Ce joli <strong data-start=\"484\" data-end=\"502\">pantoufles en laine<\/strong> De plus, ils peuvent \u00eatre port\u00e9s de deux mani\u00e8res : avec le bord <strong data-start=\"561\" data-end=\"575\">retourn\u00e9<\/strong> Pour un mod\u00e8le classique et plus court, ou simplement <strong data-start=\"620\" data-end=\"637\">sans couvercle<\/strong> pour une pantoufle haute tr\u00e8s confortable. Vous pouvez ainsi les ajuster facilement, que vous soyez \u00e0 la maison ou en d\u00e9placement.<\/p>\n<p data-start=\"745\" data-end=\"814\"><strong data-start=\"745\" data-end=\"812\">Pourquoi les mamans choisissent les chaussons en laine pour b\u00e9b\u00e9s de Woolskins :<\/strong><\/p>\n<ul data-start=\"815\" data-end=\"1238\">\n<li data-start=\"815\" data-end=\"910\">\n<p data-start=\"817\" data-end=\"910\"><strong data-start=\"817\" data-end=\"835\">Laine \u00e9lastique<\/strong>Le produit est facile \u00e0 enfiler et reste en place m\u00eame si les pieds sont actifs.<\/p>\n<\/li>\n<li data-start=\"911\" data-end=\"964\">\n<p data-start=\"913\" data-end=\"964\"><strong data-start=\"913\" data-end=\"940\">Deux fa\u00e7ons de porter<\/strong>: avec ou sans couvercle<\/p>\n<\/li>\n<li data-start=\"965\" data-end=\"1041\">\n<p data-start=\"967\" data-end=\"1041\"><strong data-start=\"967\" data-end=\"1001\">100% naturel, laine europ\u00e9enne<\/strong> - durable, s\u00fbr et respectueux de la peau<\/p>\n<\/li>\n<li data-start=\"1042\" data-end=\"1143\">\n<p data-start=\"1044\" data-end=\"1143\"><strong data-start=\"1044\" data-end=\"1083\">Chaud en hiver, frais en \u00e9t\u00e9<\/strong> - gr\u00e2ce aux propri\u00e9t\u00e9s thermor\u00e9gulatrices de la laine<\/p>\n<\/li>\n<li data-start=\"1144\" data-end=\"1238\">\n<p data-start=\"1146\" data-end=\"1238\"><strong data-start=\"1146\" data-end=\"1180\">Hypoallerg\u00e9nique et autonettoyant<\/strong> - id\u00e9al pour les pieds sensibles des b\u00e9b\u00e9s et n\u00e9cessitant peu d'entretien<\/p>\n<\/li>\n<\/ul>\n<p>Taille : 3-6 mois (longueur int\u00e9rieure 9cm)<\/p>\n<p data-start=\"1240\" data-end=\"1487\">La laine pr\u00e9sente naturellement de nombreux avantages : elle est <strong data-start=\"1287\" data-end=\"1298\">respirant<\/strong>, <strong data-start=\"1300\" data-end=\"1325\">r\u00e9gulateur de temp\u00e9rature<\/strong> et <strong data-start=\"1329\" data-end=\"1344\">ultra-doux<\/strong> pour la peau d\u00e9licate de votre b\u00e9b\u00e9. Ainsi, les pieds restent toujours \u00e0 la bonne temp\u00e9rature et se sentent secs et confortables, quelle que soit la saison.<\/p>\n<p data-start=\"1489\" data-end=\"1672\">Avec la <strong data-start=\"1496\" data-end=\"1532\">chaussons en laine pour b\u00e9b\u00e9 par Woolskins<\/strong> offre \u00e0 votre enfant le meilleur des deux mondes : confort naturel et praticit\u00e9, le tout dans un design intemporel et \u00e9l\u00e9gant.<\/p>","protected":false},"excerpt":{"rendered":"<p>Ces chaussons en laine pour b\u00e9b\u00e9s Woolskins sont fabriqu\u00e9s en laine naturelle 100%, douce et \u00e9lastique, et restent parfaitement en place, m\u00eame lorsque les pieds des b\u00e9b\u00e9s bougent. Gr\u00e2ce \u00e0 l'\u00e9lasticit\u00e9 de la laine, ils sont faciles \u00e0 mettre et \u00e0 enlever et conviennent parfaitement aux tout-petits. Portez les chaussons avec ou sans \u00e9charpe pour un look classique ou tr\u00e8s chaud. Ces chaussons durables r\u00e9gulent la temp\u00e9rature, sont respirants et hypoallerg\u00e9niques, pour que les pieds de votre b\u00e9b\u00e9 soient toujours confortables et prot\u00e9g\u00e9s. Ils sont parfaits pour un usage quotidien, \u00e0 la maison ou en d\u00e9placement.<\/p>\n<p>Taille : 3-6 mois (longueur int\u00e9rieure 9cm)<\/p>\n<p><strong>Marque : Woolskins<\/strong><br \/>\n<strong>Production : Pologne<\/strong><\/p>","protected":false},"featured_media":25982,"comment_status":"open","ping_status":"closed","template":"","meta":{"_acf_changed":false},"product_brand":[],"product_cat":[360,362,200,499,323,194],"product_tag":[],"class_list":{"0":"post-25978","1":"product","2":"type-product","3":"status-publish","4":"has-post-thumbnail","6":"product_cat-cadeautips","7":"product_cat-cadeaus-tot-e-25","8":"product_cat-wollen-babykleding","9":"product_cat-new-arrivals","10":"product_cat-slofjes","11":"product_cat-wollen-babyproducten","13":"first","14":"instock","15":"taxable","16":"shipping-taxable","17":"purchasable","18":"product-type-simple"},"acf":[],"_links":{"self":[{"href":"https:\/\/woolskins.eu\/fr\/wp-json\/wp\/v2\/product\/25978","targetHints":{"allow":["GET"]}}],"collection":[{"href":"https:\/\/woolskins.eu\/fr\/wp-json\/wp\/v2\/product"}],"about":[{"href":"https:\/\/woolskins.eu\/fr\/wp-json\/wp\/v2\/types\/product"}],"replies":[{"embeddable":true,"href":"https:\/\/woolskins.eu\/fr\/wp-json\/wp\/v2\/comments?post=25978"}],"wp:featuredmedia":[{"embeddable":true,"href":"https:\/\/woolskins.eu\/fr\/wp-json\/wp\/v2\/media\/25982"}],"wp:attachment":[{"href":"https:\/\/woolskins.eu\/fr\/wp-json\/wp\/v2\/media?parent=25978"}],"wp:term":[{"taxonomy":"product_brand","embeddable":true,"href":"https:\/\/woolskins.eu\/fr\/wp-json\/wp\/v2\/product_brand?post=25978"},{"taxonomy":"product_cat","embeddable":true,"href":"https:\/\/woolskins.eu\/fr\/wp-json\/wp\/v2\/product_cat?post=25978"},{"taxonomy":"product_tag","embeddable":true,"href":"https:\/\/woolskins.eu\/fr\/wp-json\/wp\/v2\/product_tag?post=25978"}],"curies":[{"name":"wp","href":"https:\/\/api.w.org\/{rel}","templated":true}]}}