{"id":25916,"date":"2025-08-29T13:52:13","date_gmt":"2025-08-29T13:52:13","guid":{"rendered":"https:\/\/woolskins.eu\/?post_type=product&#038;p=25916"},"modified":"2026-03-25T13:28:40","modified_gmt":"2026-03-25T13:28:40","slug":"woolskins-manteau-en-laine-pour-bebe-veste-kimono-beige-fonce","status":"publish","type":"product","link":"https:\/\/woolskins.eu\/fr\/woolskins-wollen-babyjas-kimonojas-thumbled-beige\/","title":{"rendered":"Manteau b\u00e9b\u00e9 en laine Woolskins \u2013 Manteau kimono | Beige \u00e0 pouce"},"content":{"rendered":"<p data-start=\"0\" data-end=\"81\"><strong data-start=\"0\" data-end=\"79\">Woolskins Wollen Kimonojasje \u2013 zacht, warm en puur comfort voor je kleintje<\/strong><\/p>\n<p data-start=\"83\" data-end=\"355\">Enveloppez votre b\u00e9b\u00e9 dans la chaleur et la s\u00e9curit\u00e9 avec le\u00a0<strong data-start=\"132\" data-end=\"168\">Veste kimono en laine Woolskins<\/strong>. Cette douce\u00a0<strong data-start=\"180\" data-end=\"200\">veste en laine pour b\u00e9b\u00e9<\/strong>\u00a0est sp\u00e9cialement con\u00e7u pour les mamans qui veulent ce qu'il y a de mieux : une veste douce pour la peau sensible de b\u00e9b\u00e9, confortable \u00e0 porter et esth\u00e9tique.<\/p>\n<p data-start=\"357\" data-end=\"637\">La veste est munie d'un\u00a0<strong data-start=\"377\" data-end=\"397\">double chevauchement<\/strong>\u00a0qu'il suffit de fermer \u00e0 l'aide des cordons de serrage souples. Il reste ainsi parfaitement en place, que votre enfant soit couch\u00e9 tranquillement ou qu'il bouge joyeusement. Id\u00e9al comme\u00a0<strong data-start=\"536\" data-end=\"569\">peignoir confortable apr\u00e8s le bain<\/strong>\u00a0ou si\u00a0<strong data-start=\"577\" data-end=\"599\">manteau \u00e9l\u00e9gant<\/strong>\u00a0pour les d\u00e9placements lors des journ\u00e9es fra\u00eeches. La pochette ludique en forme de lune peut contenir le linge de votre enfant, par exemple, pour qu'il soit toujours \u00e0 port\u00e9e de main.<\/p>\n<p data-start=\"639\" data-end=\"975\">Fabriqu\u00e9 en\u00a0<strong>zuivere scheerwol<\/strong>, biedt dit jasje meer dan alleen zachtheid. Wol\u00a0<strong data-start=\"745\" data-end=\"754\">respire<\/strong>, est\u00a0<strong data-start=\"759\" data-end=\"784\">r\u00e9gulateur de temp\u00e9rature<\/strong>\u00a0et garde votre b\u00e9b\u00e9 au chaud en hiver et au frais en \u00e9t\u00e9. De plus, la laine est\u00a0<strong data-start=\"858\" data-end=\"875\">hypoallerg\u00e9nique<\/strong>\u00a0et\u00a0<strong data-start=\"879\" data-end=\"896\">autonettoyant<\/strong>\u00a0\u2013 perfect voor de tere huid van je kleintje \u00e9n praktisch voor drukke mama\u2019s.<\/p>\n<p data-start=\"977\" data-end=\"1036\"><strong data-start=\"977\" data-end=\"1034\">Pourquoi les mamans adorent la veste kimono de Woolskins :<\/strong><\/p>\n<ul data-start=\"1037\" data-end=\"1352\">\n<li data-start=\"1037\" data-end=\"1097\">\n<p data-start=\"1039\" data-end=\"1097\">Magnifique design avec double rabat et cordons de serrage souples<\/p>\n<\/li>\n<li data-start=\"1098\" data-end=\"1156\">\n<p data-start=\"1100\" data-end=\"1156\">Merveilleusement doux et chaud, convient \u00e0 l'int\u00e9rieur et \u00e0 l'ext\u00e9rieur<\/p>\n<\/li>\n<li data-start=\"1157\" data-end=\"1219\">\n<p data-start=\"1159\" data-end=\"1219\">Zuivere scheerwol met Oeko-Tex keur, Europese wol \u2013 veilig en huidvriendelijk<\/p>\n<\/li>\n<li data-start=\"1220\" data-end=\"1286\">\n<p data-start=\"1222\" data-end=\"1286\">Garde votre b\u00e9b\u00e9 \u00e0 l'aise : chaud en hiver, frais en \u00e9t\u00e9<\/p>\n<\/li>\n<li data-start=\"1287\" data-end=\"1352\">\n<p data-start=\"1289\" data-end=\"1352\">Hypoallergeen en zelfreinigend \u2013 minder wassen, meer genieten<\/p>\n<\/li>\n<li data-start=\"1287\" data-end=\"1352\">1 taille 12 -24 mois (voir dimensions ci-dessous)<\/li>\n<\/ul>\n<p data-start=\"1354\" data-end=\"1551\">Laissez votre enfant se laisser envelopper par le luxe naturel de la laine. La laine est un \u00e9l\u00e9ment essentiel de la vie de tous les jours.\u00a0<strong data-start=\"1423\" data-end=\"1443\">veste en laine pour b\u00e9b\u00e9<\/strong>\u00a0n'est pas seulement un v\u00eatement pratique, mais aussi un objet intemporel que l'on aime utiliser tous les jours.<\/p>\n<p data-start=\"1354\" data-end=\"1551\"><img loading=\"lazy\" decoding=\"async\" class=\"alignnone wp-image-25914\" src=\"https:\/\/woolskins.eu\/wp-content\/uploads\/2025\/08\/Afmetingen-Kimonojasje-Middel-300x300.png\" alt=\"Veste b\u00e9b\u00e9 en laine Manteau kimono en laine Woolskins\" width=\"339\" height=\"339\" srcset=\"https:\/\/woolskins.eu\/wp-content\/uploads\/2025\/08\/Afmetingen-Kimonojasje-Middel-300x300.png 300w, https:\/\/woolskins.eu\/wp-content\/uploads\/2025\/08\/Afmetingen-Kimonojasje-Middel-150x150.png 150w, https:\/\/woolskins.eu\/wp-content\/uploads\/2025\/08\/Afmetingen-Kimonojasje-Middel-768x765.png 768w, https:\/\/woolskins.eu\/wp-content\/uploads\/2025\/08\/Afmetingen-Kimonojasje-Middel-12x12.png 12w, https:\/\/woolskins.eu\/wp-content\/uploads\/2025\/08\/Afmetingen-Kimonojasje-Middel-600x598.png 600w, https:\/\/woolskins.eu\/wp-content\/uploads\/2025\/08\/Afmetingen-Kimonojasje-Middel-100x100.png 100w, https:\/\/woolskins.eu\/wp-content\/uploads\/2025\/08\/Afmetingen-Kimonojasje-Middel-64x64.png 64w, https:\/\/woolskins.eu\/wp-content\/uploads\/2025\/08\/Afmetingen-Kimonojasje-Middel.png 771w\" sizes=\"auto, (max-width: 339px) 100vw, 339px\" \/><\/p>","protected":false},"excerpt":{"rendered":"<p data-start=\"87\" data-end=\"443\">Dit wollen kimonojasje van Woolskins omhult je baby met natuurlijke warmte en geborgenheid. Dit zachte en stijlvolle jasje is perfect als wollen babyjas voor buiten of als knusse badjas voor binnen. Dankzij de dubbele overslag met zachte koortjes sluit het jasje altijd mooi aan en blijft het comfortabel zitten, of je kleintje nu rustig ligt of beweegt.<\/p>\n<p data-start=\"445\" data-end=\"828\" data-is-last-node=\"\" data-is-only-node=\"\">Fabriqu\u00e9 en\u00a0<strong>zuivere scheerwol<\/strong>\u00a0is het jasje ademend en temperatuurregulerend: warm in de winter en verkoelend in de zomer. De wol is bovendien hypoallergeen en zelfreinigend, waardoor het extra zacht is voor de gevoelige babyhuid \u00e9n praktisch voor dagelijks gebruik. Zo voelt je baby zich in elk seizoen veilig, comfortabel en geborgen.<\/p>\n<p>Taille : 12-24 mois (voir la description de la taille ci-dessous)<\/p>\n<p>Nieuw binnen! Meer detailfoto\u2019s volgen. Voor vragen of meer details over dit product stuur ons een whatsapp op nummer +31202044557<\/p>\n<p><strong>Marque : Woolskins<\/strong><br \/>\n<strong>Production : Pologne<br \/>\n<\/strong><\/p>","protected":false},"featured_media":25917,"comment_status":"open","ping_status":"closed","template":"","meta":{"_acf_changed":false},"product_brand":[],"product_cat":[360,364,200,499,337,194],"product_tag":[],"class_list":{"0":"post-25916","1":"product","2":"type-product","3":"status-publish","4":"has-post-thumbnail","6":"product_cat-cadeautips","7":"product_cat-cadeaus-vanaf-e50","8":"product_cat-wollen-babykleding","9":"product_cat-new-arrivals","10":"product_cat-vestjes","11":"product_cat-wollen-babyproducten","13":"first","14":"instock","15":"taxable","16":"shipping-taxable","17":"purchasable","18":"product-type-simple"},"acf":[],"_links":{"self":[{"href":"https:\/\/woolskins.eu\/fr\/wp-json\/wp\/v2\/product\/25916","targetHints":{"allow":["GET"]}}],"collection":[{"href":"https:\/\/woolskins.eu\/fr\/wp-json\/wp\/v2\/product"}],"about":[{"href":"https:\/\/woolskins.eu\/fr\/wp-json\/wp\/v2\/types\/product"}],"replies":[{"embeddable":true,"href":"https:\/\/woolskins.eu\/fr\/wp-json\/wp\/v2\/comments?post=25916"}],"wp:featuredmedia":[{"embeddable":true,"href":"https:\/\/woolskins.eu\/fr\/wp-json\/wp\/v2\/media\/25917"}],"wp:attachment":[{"href":"https:\/\/woolskins.eu\/fr\/wp-json\/wp\/v2\/media?parent=25916"}],"wp:term":[{"taxonomy":"product_brand","embeddable":true,"href":"https:\/\/woolskins.eu\/fr\/wp-json\/wp\/v2\/product_brand?post=25916"},{"taxonomy":"product_cat","embeddable":true,"href":"https:\/\/woolskins.eu\/fr\/wp-json\/wp\/v2\/product_cat?post=25916"},{"taxonomy":"product_tag","embeddable":true,"href":"https:\/\/woolskins.eu\/fr\/wp-json\/wp\/v2\/product_tag?post=25916"}],"curies":[{"name":"wp","href":"https:\/\/api.w.org\/{rel}","templated":true}]}}