{"id":25910,"date":"2025-08-29T13:49:43","date_gmt":"2025-08-29T13:49:43","guid":{"rendered":"https:\/\/woolskins.eu\/?post_type=product&#038;p=25910"},"modified":"2025-12-20T10:39:21","modified_gmt":"2025-12-20T10:39:21","slug":"woolskins-manteau-en-laine-pour-bebe-veste-kimono-feutree-beige","status":"publish","type":"product","link":"https:\/\/woolskins.eu\/fr\/woolskins-wollen-babyjas-kimonojas-felted-beige\/","title":{"rendered":"Woolskins Manteau en laine pour b\u00e9b\u00e9 - Manteau kimono | Feutr\u00e9 beige"},"content":{"rendered":"<p data-start=\"0\" data-end=\"81\"><strong data-start=\"0\" data-end=\"79\">Veste kimono en laine Woolskins - douce, chaude et purement confortable pour votre enfant<\/strong><\/p>\n<p data-start=\"83\" data-end=\"355\">Enveloppez votre b\u00e9b\u00e9 dans la chaleur et la s\u00e9curit\u00e9 avec le <strong data-start=\"132\" data-end=\"168\">Veste kimono en laine Woolskins<\/strong>. Cette douce <strong data-start=\"180\" data-end=\"200\">veste en laine pour b\u00e9b\u00e9<\/strong> est sp\u00e9cialement con\u00e7u pour les mamans qui veulent ce qu'il y a de mieux : une veste douce pour la peau sensible de b\u00e9b\u00e9, confortable \u00e0 porter et esth\u00e9tique.<\/p>\n<p data-start=\"357\" data-end=\"637\">La veste est munie d'un <strong data-start=\"377\" data-end=\"397\">double chevauchement<\/strong> qu'il suffit de fermer \u00e0 l'aide des cordons de serrage souples. Il reste ainsi parfaitement en place, que votre enfant soit couch\u00e9 tranquillement ou qu'il bouge joyeusement. Id\u00e9al comme <strong data-start=\"536\" data-end=\"569\">peignoir confortable apr\u00e8s le bain<\/strong> ou si <strong data-start=\"577\" data-end=\"599\">manteau \u00e9l\u00e9gant<\/strong> pour les d\u00e9placements lors des journ\u00e9es fra\u00eeches. La pochette ludique en forme de lune peut contenir le linge de votre enfant, par exemple, pour qu'il soit toujours \u00e0 port\u00e9e de main.<\/p>\n<p data-start=\"639\" data-end=\"975\">Fabriqu\u00e9 en <strong>zuivere scheerwol met Oeko-Tex keurmerk<\/strong>, biedt dit jasje meer dan alleen zachtheid. Wol <strong data-start=\"745\" data-end=\"754\">respire<\/strong>, est <strong data-start=\"759\" data-end=\"784\">r\u00e9gulateur de temp\u00e9rature<\/strong> et garde votre b\u00e9b\u00e9 au chaud en hiver et au frais en \u00e9t\u00e9. De plus, la laine est <strong data-start=\"858\" data-end=\"875\">hypoallerg\u00e9nique<\/strong> et <strong data-start=\"879\" data-end=\"896\">autonettoyant<\/strong> - parfait pour la peau d\u00e9licate de votre enfant et pratique pour les mamans occup\u00e9es.<\/p>\n<p data-start=\"977\" data-end=\"1036\"><strong data-start=\"977\" data-end=\"1034\">Pourquoi les mamans adorent la veste kimono de Woolskins :<\/strong><\/p>\n<ul data-start=\"1037\" data-end=\"1352\">\n<li data-start=\"1037\" data-end=\"1097\">\n<p data-start=\"1039\" data-end=\"1097\">Magnifique design avec double rabat et cordons de serrage souples<\/p>\n<\/li>\n<li data-start=\"1098\" data-end=\"1156\">\n<p data-start=\"1100\" data-end=\"1156\">Merveilleusement doux et chaud, convient \u00e0 l'int\u00e9rieur et \u00e0 l'ext\u00e9rieur<\/p>\n<\/li>\n<li data-start=\"1157\" data-end=\"1219\">\n<p data-start=\"1159\" data-end=\"1219\">Zuivere scheerwol met Oeko-Tex keur, Europese wol &#8211; veilig en huidvriendelijk<\/p>\n<\/li>\n<li data-start=\"1220\" data-end=\"1286\">\n<p data-start=\"1222\" data-end=\"1286\">Garde votre b\u00e9b\u00e9 \u00e0 l'aise : chaud en hiver, frais en \u00e9t\u00e9<\/p>\n<\/li>\n<li data-start=\"1287\" data-end=\"1352\">\n<p data-start=\"1289\" data-end=\"1352\">Hypoallerg\u00e9nique et autonettoyant - moins de lavage, plus de plaisir<\/p>\n<\/li>\n<li data-start=\"1287\" data-end=\"1352\">1 taille 12 -24 mois (voir dimensions ci-dessous)<\/li>\n<\/ul>\n<p data-start=\"1354\" data-end=\"1551\">Laissez votre enfant se laisser envelopper par le luxe naturel de la laine. La laine est un \u00e9l\u00e9ment essentiel de la vie de tous les jours. <strong data-start=\"1423\" data-end=\"1443\">veste en laine pour b\u00e9b\u00e9<\/strong> n'est pas seulement un v\u00eatement pratique, mais aussi un objet intemporel que l'on aime utiliser tous les jours.<\/p>\n<p data-start=\"1354\" data-end=\"1551\"><img loading=\"lazy\" decoding=\"async\" class=\"alignnone wp-image-25914\" src=\"https:\/\/woolskins.eu\/wp-content\/uploads\/2025\/08\/Afmetingen-Kimonojasje-Middel-300x300.png\" alt=\"Veste b\u00e9b\u00e9 en laine Manteau kimono en laine Woolskins\" width=\"339\" height=\"339\" srcset=\"https:\/\/woolskins.eu\/wp-content\/uploads\/2025\/08\/Afmetingen-Kimonojasje-Middel-300x300.png 300w, https:\/\/woolskins.eu\/wp-content\/uploads\/2025\/08\/Afmetingen-Kimonojasje-Middel-150x150.png 150w, https:\/\/woolskins.eu\/wp-content\/uploads\/2025\/08\/Afmetingen-Kimonojasje-Middel-768x765.png 768w, https:\/\/woolskins.eu\/wp-content\/uploads\/2025\/08\/Afmetingen-Kimonojasje-Middel-12x12.png 12w, https:\/\/woolskins.eu\/wp-content\/uploads\/2025\/08\/Afmetingen-Kimonojasje-Middel-600x598.png 600w, https:\/\/woolskins.eu\/wp-content\/uploads\/2025\/08\/Afmetingen-Kimonojasje-Middel-100x100.png 100w, https:\/\/woolskins.eu\/wp-content\/uploads\/2025\/08\/Afmetingen-Kimonojasje-Middel-64x64.png 64w, https:\/\/woolskins.eu\/wp-content\/uploads\/2025\/08\/Afmetingen-Kimonojasje-Middel.png 771w\" sizes=\"auto, (max-width: 339px) 100vw, 339px\" \/><\/p>","protected":false},"excerpt":{"rendered":"<p data-start=\"87\" data-end=\"443\">Dit wollen kimonojasje van Woolskins omhult je baby met natuurlijke warmte en geborgenheid. Dit zachte en stijlvolle jasje is perfect als wollen babyjas voor buiten of als knusse badjas voor binnen. Dankzij de dubbele overslag met zachte koortjes sluit het jasje altijd mooi aan en blijft het comfortabel zitten, of je kleintje nu rustig ligt of beweegt.<\/p>\n<p data-start=\"445\" data-end=\"828\" data-is-last-node=\"\" data-is-only-node=\"\">Fabriqu\u00e9 en <strong>zuivere scheerwol<\/strong>\u00a0is het jasje ademend en temperatuurregulerend: warm in de winter en verkoelend in de zomer. De wol is bovendien hypoallergeen en zelfreinigend, waardoor het extra zacht is voor de gevoelige babyhuid \u00e9n praktisch voor dagelijks gebruik. Zo voelt je baby zich in elk seizoen veilig, comfortabel en geborgen.<\/p>\n<p>Taille : 12-24 mois (voir la description de la taille ci-dessous)<\/p>\n<p>Nouveaux arrivages ! Des photos plus d\u00e9taill\u00e9es suivront. Pour des questions ou plus de d\u00e9tails sur ce produit envoyez-nous un whatsapp sur le num\u00e9ro +31202044557<\/p>\n<p><strong>Marque : Woolskins<\/strong><br \/>\n<strong>Production : Pologne<br \/>\n<\/strong><\/p>","protected":false},"featured_media":25915,"comment_status":"open","ping_status":"closed","template":"","meta":{"_acf_changed":false},"product_brand":[],"product_cat":[360,364,200,337,194],"product_tag":[],"class_list":{"0":"post-25910","1":"product","2":"type-product","3":"status-publish","4":"has-post-thumbnail","6":"product_cat-cadeautips","7":"product_cat-cadeaus-vanaf-e50","8":"product_cat-wollen-babykleding","9":"product_cat-vestjes","10":"product_cat-wollen-babyproducten","12":"first","13":"instock","14":"taxable","15":"shipping-taxable","16":"purchasable","17":"product-type-simple"},"acf":[],"_links":{"self":[{"href":"https:\/\/woolskins.eu\/fr\/wp-json\/wp\/v2\/product\/25910","targetHints":{"allow":["GET"]}}],"collection":[{"href":"https:\/\/woolskins.eu\/fr\/wp-json\/wp\/v2\/product"}],"about":[{"href":"https:\/\/woolskins.eu\/fr\/wp-json\/wp\/v2\/types\/product"}],"replies":[{"embeddable":true,"href":"https:\/\/woolskins.eu\/fr\/wp-json\/wp\/v2\/comments?post=25910"}],"wp:featuredmedia":[{"embeddable":true,"href":"https:\/\/woolskins.eu\/fr\/wp-json\/wp\/v2\/media\/25915"}],"wp:attachment":[{"href":"https:\/\/woolskins.eu\/fr\/wp-json\/wp\/v2\/media?parent=25910"}],"wp:term":[{"taxonomy":"product_brand","embeddable":true,"href":"https:\/\/woolskins.eu\/fr\/wp-json\/wp\/v2\/product_brand?post=25910"},{"taxonomy":"product_cat","embeddable":true,"href":"https:\/\/woolskins.eu\/fr\/wp-json\/wp\/v2\/product_cat?post=25910"},{"taxonomy":"product_tag","embeddable":true,"href":"https:\/\/woolskins.eu\/fr\/wp-json\/wp\/v2\/product_tag?post=25910"}],"curies":[{"name":"wp","href":"https:\/\/api.w.org\/{rel}","templated":true}]}}