{"id":25516,"date":"2025-07-09T09:48:05","date_gmt":"2025-07-09T09:48:05","guid":{"rendered":"https:\/\/woolskins.eu\/?post_type=product&#038;p=25516"},"modified":"2025-09-26T09:35:22","modified_gmt":"2025-09-26T09:35:22","slug":"pantalon-bebe-en-laine-100-merino-gris-clair","status":"publish","type":"product","link":"https:\/\/woolskins.eu\/fr\/wollen-babybroekje-100-merinowol-lichtgrijs\/","title":{"rendered":"Pantalon b\u00e9b\u00e9 en laine 100% Laine m\u00e9rinos | Gris clair"},"content":{"rendered":"<p data-start=\"261\" data-end=\"352\"><strong data-start=\"261\" data-end=\"352\">Doux, chaud et naturel - le pantalon en laine pour b\u00e9b\u00e9 qui vous rendra heureux, vous et votre b\u00e9b\u00e9.<\/strong><\/p>\n<p data-start=\"354\" data-end=\"626\">Imaginez votre b\u00e9b\u00e9 se roulant, rampant ou dormant en paix, merveilleusement au chaud et envelopp\u00e9 de la laine la plus douce que vous puissiez imaginer. La laine la plus douce que vous puissiez imaginer. <em data-start=\"494\" data-end=\"515\">pantalon b\u00e9b\u00e9 en laine<\/em>, En laine m\u00e9rinos italienne 100%, il est comme une seconde peau - doux, respirant et enti\u00e8rement naturel.<\/p>\n<p data-start=\"628\" data-end=\"924\">Seule la laine m\u00e9rinos la plus fine d'Europe, provenant d'Italie, a \u00e9t\u00e9 utilis\u00e9e pour la fabrication de ce short. La laine m\u00e9rinos est connue non seulement pour sa douceur, mais aussi pour ses propri\u00e9t\u00e9s thermor\u00e9gulatrices : chaude en hiver, fra\u00eeche en \u00e9t\u00e9. Votre b\u00e9b\u00e9 se sent donc toujours \u00e0 l'aise, sans transpirer ni se refroidir.<\/p>\n<p data-start=\"926\" data-end=\"958\">Ce qui rend ces shorts sp\u00e9ciaux :<\/p>\n<ul data-start=\"959\" data-end=\"1402\">\n<li data-start=\"959\" data-end=\"1050\">\n<p data-start=\"961\" data-end=\"1050\"><strong data-start=\"961\" data-end=\"980\">Doux et souple<\/strong> - pas de chatouillement, mais une pure douceur pour la peau d\u00e9licate de b\u00e9b\u00e9<\/p>\n<\/li>\n<li data-start=\"1051\" data-end=\"1142\">\n<p data-start=\"1053\" data-end=\"1142\"><strong data-start=\"1053\" data-end=\"1089\">Respirant et r\u00e9gulateur de temp\u00e9rature<\/strong> - votre b\u00e9b\u00e9 reste au sec et au chaud, jour et nuit<\/p>\n<\/li>\n<li data-start=\"1143\" data-end=\"1223\">\n<p data-start=\"1145\" data-end=\"1223\"><strong data-start=\"1145\" data-end=\"1162\">Auto-nettoyage<\/strong> - Une a\u00e9ration rapide suffit souvent, ce qui est id\u00e9al pour les journ\u00e9es charg\u00e9es.<\/p>\n<\/li>\n<li data-start=\"1224\" data-end=\"1312\">\n<p data-start=\"1226\" data-end=\"1312\"><strong data-start=\"1226\" data-end=\"1258\">Fabriqu\u00e9 avec amour en Europe<\/strong> - durables, respectueux des animaux et produits de mani\u00e8re \u00e9quitable<\/p>\n<\/li>\n<li data-start=\"1313\" data-end=\"1402\">\n<p data-start=\"1315\" data-end=\"1402\"><strong data-start=\"1315\" data-end=\"1341\">Extensible et confortable<\/strong> - pour que votre enfant puisse bouger, d\u00e9couvrir et grandir en toute libert\u00e9<\/p>\n<\/li>\n<\/ul>\n<p data-start=\"1404\" data-end=\"1573\">Que vous cherchiez un premier v\u00eatement pour votre nouveau-n\u00e9 ou un pantalon familier pour votre enfant qui rampe : ce pantalon en laine pour b\u00e9b\u00e9 s'adapte sans effort \u00e0 chaque \u00e9tape.<\/p>\n<p data-start=\"1575\" data-end=\"1885\"><strong data-start=\"1575\" data-end=\"1618\">Pourquoi choisir des v\u00eatements pour b\u00e9b\u00e9s en laine ?<\/strong><br data-start=\"1618\" data-end=\"1621\" \/>La laine est une merveille de la nature. Elle est antibact\u00e9rienne, arr\u00eate les mauvaises odeurs et ne n\u00e9cessite pratiquement pas de lavage. Et surtout, la laine respire. Cela signifie que votre b\u00e9b\u00e9 aura toujours la bonne chaleur, sans surchauffe.<\/p>\n<p data-start=\"1887\" data-end=\"2016\">Les culottes en laine pour b\u00e9b\u00e9s ne sont pas un luxe inutile, mais un choix conscient pour le confort, la sant\u00e9 et la commodit\u00e9 - pour vous et votre b\u00e9b\u00e9.<\/p>\n<p data-start=\"2018\" data-end=\"2152\"><strong data-start=\"2018\" data-end=\"2045\">Conseil d'autres mamans :<\/strong> Combinez le short avec une barboteuse ou un cardigan en laine et d\u00e9couvrez par vous-m\u00eame pourquoi la laine est si populaire.<\/p>","protected":false},"excerpt":{"rendered":"<p><strong data-start=\"165\" data-end=\"238\">Pantalon b\u00e9b\u00e9 en laine m\u00e9rinos 100% - doux, respirant et naturel<\/strong><br data-start=\"238\" data-end=\"241\" \/>Cette fine <em data-start=\"251\" data-end=\"272\">pantalon b\u00e9b\u00e9 en laine<\/em> est fabriqu\u00e9 en laine m\u00e9rinos ultra-douce d'Italie. La laine est respirante, r\u00e9gulatrice de temp\u00e9rature et parfaite pour la peau sensible de votre b\u00e9b\u00e9. Chaud en hiver, frais en \u00e9t\u00e9 - id\u00e9al pour toutes les saisons. Gr\u00e2ce \u00e0 son \u00e9lasticit\u00e9 naturelle, le pantalon s'ajuste bien sans pincer, ce qui permet \u00e0 votre b\u00e9b\u00e9 de bouger librement. Fabriqu\u00e9 en Europe avec amour et attention pour les personnes, les animaux et la nature. Disponible en quatre couleurs, \u00e9cru, beige, gris clair et rose p\u00e2le dans les tailles 2-6 mois. &amp; 6-12 mois.<\/p>\n<p><strong>Marque : Woolskins<\/strong><br \/>\n<strong>Produit\u00a0:\u00a0Pologne<\/strong><\/p>","protected":false},"featured_media":25519,"comment_status":"open","ping_status":"closed","template":"","meta":{"_acf_changed":false},"product_brand":[],"product_cat":[360,364,200,499,322,344,194],"product_tag":[],"class_list":{"0":"post-25516","1":"product","2":"type-product","3":"status-publish","4":"has-post-thumbnail","6":"product_cat-cadeautips","7":"product_cat-cadeaus-vanaf-e50","8":"product_cat-wollen-babykleding","9":"product_cat-new-arrivals","10":"product_cat-broekjes","11":"product_cat-kleertjes","12":"product_cat-wollen-babyproducten","13":"pa_maat-2-6-maanden","14":"pa_maat-6-12-maanden","16":"first","17":"instock","18":"taxable","19":"shipping-taxable","20":"purchasable","21":"product-type-variable"},"acf":[],"_links":{"self":[{"href":"https:\/\/woolskins.eu\/fr\/wp-json\/wp\/v2\/product\/25516","targetHints":{"allow":["GET"]}}],"collection":[{"href":"https:\/\/woolskins.eu\/fr\/wp-json\/wp\/v2\/product"}],"about":[{"href":"https:\/\/woolskins.eu\/fr\/wp-json\/wp\/v2\/types\/product"}],"replies":[{"embeddable":true,"href":"https:\/\/woolskins.eu\/fr\/wp-json\/wp\/v2\/comments?post=25516"}],"wp:featuredmedia":[{"embeddable":true,"href":"https:\/\/woolskins.eu\/fr\/wp-json\/wp\/v2\/media\/25519"}],"wp:attachment":[{"href":"https:\/\/woolskins.eu\/fr\/wp-json\/wp\/v2\/media?parent=25516"}],"wp:term":[{"taxonomy":"product_brand","embeddable":true,"href":"https:\/\/woolskins.eu\/fr\/wp-json\/wp\/v2\/product_brand?post=25516"},{"taxonomy":"product_cat","embeddable":true,"href":"https:\/\/woolskins.eu\/fr\/wp-json\/wp\/v2\/product_cat?post=25516"},{"taxonomy":"product_tag","embeddable":true,"href":"https:\/\/woolskins.eu\/fr\/wp-json\/wp\/v2\/product_tag?post=25516"}],"curies":[{"name":"wp","href":"https:\/\/api.w.org\/{rel}","templated":true}]}}