{"id":25512,"date":"2025-07-09T09:45:59","date_gmt":"2025-07-09T09:45:59","guid":{"rendered":"https:\/\/woolskins.eu\/?post_type=product&#038;p=25512"},"modified":"2025-09-26T09:35:22","modified_gmt":"2025-09-26T09:35:22","slug":"pull-bebe-100-laine-merinos-gris-clair","status":"publish","type":"product","link":"https:\/\/woolskins.eu\/fr\/wollen-babytruitje-100-merinowol-lichtgrijs\/","title":{"rendered":"Pull b\u00e9b\u00e9 en laine 100% Laine m\u00e9rinos | Gris clair"},"content":{"rendered":"<p data-start=\"290\" data-end=\"373\"><strong data-start=\"290\" data-end=\"373\">Doux, chaud et naturel - le pull en laine qui grandit avec votre enfant<\/strong><\/p>\n<p data-start=\"375\" data-end=\"699\">Imaginez votre b\u00e9b\u00e9 allong\u00e9 dans vos bras ou faisant ses premiers mouvements d'exploration, au chaud et en s\u00e9curit\u00e9 dans un pull qui ressemble \u00e0 un jouet c\u00e2lin. Cette <em data-start=\"537\" data-end=\"558\">pull en laine pour b\u00e9b\u00e9<\/em>, En laine m\u00e9rinos italienne 100%, il est si doux qu'on oublie presque qu'il est en laine. Pas de d\u00e9mangeaisons, pas de tracas - juste du pur confort.<\/p>\n<p data-start=\"701\" data-end=\"984\">La laine m\u00e9rinos que nous utilisons provient d'Europe et est connue pour sa douceur naturelle, sa respirabilit\u00e9 et sa r\u00e9gulation thermique. Ce pull convient donc \u00e0 toutes les saisons : chaud en hiver, a\u00e9r\u00e9 en \u00e9t\u00e9. Id\u00e9al pour les b\u00e9b\u00e9s qui apprennent encore \u00e0 r\u00e9guler leur temp\u00e9rature.<\/p>\n<p data-start=\"986\" data-end=\"1032\">Ce qui rend ce pull en laine pour b\u00e9b\u00e9 si sp\u00e9cial :<\/p>\n<ul data-start=\"1033\" data-end=\"1427\">\n<li data-start=\"1033\" data-end=\"1107\">\n<p data-start=\"1035\" data-end=\"1107\"><strong data-start=\"1035\" data-end=\"1068\">Ultra-doux et respectueux de la peau<\/strong> - parfait pour la peau sensible des b\u00e9b\u00e9s<\/p>\n<\/li>\n<li data-start=\"1108\" data-end=\"1202\">\n<p data-start=\"1110\" data-end=\"1202\"><strong data-start=\"1110\" data-end=\"1146\">Respirant et r\u00e9gulateur de temp\u00e9rature<\/strong> - emp\u00eache la surchauffe et garde votre b\u00e9b\u00e9 au chaud<\/p>\n<\/li>\n<li data-start=\"1203\" data-end=\"1278\">\n<p data-start=\"1205\" data-end=\"1278\"><strong data-start=\"1205\" data-end=\"1222\">Auto-nettoyage<\/strong> - L'a\u00e9ration est souvent suffisante, le lavage est rarement n\u00e9cessaire<\/p>\n<\/li>\n<li data-start=\"1279\" data-end=\"1348\">\n<p data-start=\"1281\" data-end=\"1348\"><strong data-start=\"1281\" data-end=\"1307\">Extensible et confortable<\/strong> - se d\u00e9place avec chaque bras qui s'agite<\/p>\n<\/li>\n<li data-start=\"1349\" data-end=\"1427\">\n<p data-start=\"1351\" data-end=\"1427\"><strong data-start=\"1351\" data-end=\"1385\">Production \u00e9quitable en Europe<\/strong> - dans le respect des personnes, des animaux et de la nature<\/p>\n<\/li>\n<\/ul>\n<p data-start=\"1429\" data-end=\"1623\">Qu'il soit port\u00e9 comme premi\u00e8re couche \u00e0 m\u00eame la peau ou comme couche sup\u00e9rieure chaude, ce pull en laine pour b\u00e9b\u00e9 offre \u00e0 votre enfant confort et protection au quotidien, d'une mani\u00e8re tout \u00e0 fait naturelle.<\/p>\n<p data-start=\"1625\" data-end=\"2000\"><strong data-start=\"1625\" data-end=\"1669\">Pourquoi choisir un pull en laine pour b\u00e9b\u00e9 ?<\/strong><br data-start=\"1669\" data-end=\"1672\" \/>La laine est l'une des mati\u00e8res les plus populaires pour les v\u00eatements de b\u00e9b\u00e9, et ce pour de bonnes raisons. La laine m\u00e9rinos est naturellement antibact\u00e9rienne, repousse les odeurs et aide \u00e0 garder la peau s\u00e8che et \u00e0 bonne temp\u00e9rature. Elle n'a pratiquement pas besoin d'\u00eatre lav\u00e9e, conserve sa forme et est enti\u00e8rement biod\u00e9gradable. Un choix conscient et pratique.<\/p>\n<p data-start=\"2002\" data-end=\"2163\"><strong data-start=\"2002\" data-end=\"2010\">Astuce:<\/strong> Combinez-les avec les bas de laine assortis pour obtenir un ensemble complet dans lequel votre b\u00e9b\u00e9 peut se mouvoir en toute libert\u00e9, tout en \u00e9tant magnifique.<\/p>","protected":false},"excerpt":{"rendered":"<p><strong data-start=\"131\" data-end=\"202\">Pull b\u00e9b\u00e9 en laine m\u00e9rinos 100% - doux, respirant et intemporel<\/strong><br data-start=\"202\" data-end=\"205\" \/>Ce produit merveilleusement doux <em data-start=\"225\" data-end=\"246\">pull en laine pour b\u00e9b\u00e9<\/em> est fabriqu\u00e9 en laine m\u00e9rinos italienne 100%. La laine respire, r\u00e9gule la temp\u00e9rature et est agr\u00e9able \u00e0 porter, m\u00eame sur la peau la plus sensible des b\u00e9b\u00e9s. Chaud en hiver, frais en \u00e9t\u00e9. Le pull est l\u00e9ger, extensible et bouge en douceur avec votre b\u00e9b\u00e9. Fabriqu\u00e9 de mani\u00e8re durable et avec amour en Europe - un v\u00eatement naturel pour tous les jours. Disponible en quatre couleurs, \u00e9cru, beige, gris clair et rose p\u00e2le, dans les tailles 2-6 mois. &amp; 6-12 mois.<\/p>\n<p><strong>Marque : Woolskins<\/strong><br \/>\n<strong>Produit\u00a0:\u00a0Pologne<\/strong><\/p>","protected":false},"featured_media":25515,"comment_status":"open","ping_status":"closed","template":"","meta":{"_acf_changed":false},"product_brand":[],"product_cat":[360,364,200,499,337,344,194],"product_tag":[],"class_list":{"0":"post-25512","1":"product","2":"type-product","3":"status-publish","4":"has-post-thumbnail","6":"product_cat-cadeautips","7":"product_cat-cadeaus-vanaf-e50","8":"product_cat-wollen-babykleding","9":"product_cat-new-arrivals","10":"product_cat-vestjes","11":"product_cat-kleertjes","12":"product_cat-wollen-babyproducten","13":"pa_maat-2-6-maanden","14":"pa_maat-6-12-maanden","16":"first","17":"instock","18":"taxable","19":"shipping-taxable","20":"purchasable","21":"product-type-variable"},"acf":[],"_links":{"self":[{"href":"https:\/\/woolskins.eu\/fr\/wp-json\/wp\/v2\/product\/25512","targetHints":{"allow":["GET"]}}],"collection":[{"href":"https:\/\/woolskins.eu\/fr\/wp-json\/wp\/v2\/product"}],"about":[{"href":"https:\/\/woolskins.eu\/fr\/wp-json\/wp\/v2\/types\/product"}],"replies":[{"embeddable":true,"href":"https:\/\/woolskins.eu\/fr\/wp-json\/wp\/v2\/comments?post=25512"}],"wp:featuredmedia":[{"embeddable":true,"href":"https:\/\/woolskins.eu\/fr\/wp-json\/wp\/v2\/media\/25515"}],"wp:attachment":[{"href":"https:\/\/woolskins.eu\/fr\/wp-json\/wp\/v2\/media?parent=25512"}],"wp:term":[{"taxonomy":"product_brand","embeddable":true,"href":"https:\/\/woolskins.eu\/fr\/wp-json\/wp\/v2\/product_brand?post=25512"},{"taxonomy":"product_cat","embeddable":true,"href":"https:\/\/woolskins.eu\/fr\/wp-json\/wp\/v2\/product_cat?post=25512"},{"taxonomy":"product_tag","embeddable":true,"href":"https:\/\/woolskins.eu\/fr\/wp-json\/wp\/v2\/product_tag?post=25512"}],"curies":[{"name":"wp","href":"https:\/\/api.w.org\/{rel}","templated":true}]}}