{"id":25379,"date":"2025-06-24T10:49:29","date_gmt":"2025-06-24T10:49:29","guid":{"rendered":"https:\/\/woolskins.eu\/?post_type=product&#038;p=25379"},"modified":"2026-02-17T22:15:47","modified_gmt":"2026-02-17T22:15:47","slug":"couvre-pieds-en-laine-zaffiro-0-3-ans-igrow-gris-clair","status":"publish","type":"product","link":"https:\/\/woolskins.eu\/fr\/zaffiro-wollen-voetenzak-0-3-jaar-igrow-lichtgrijs\/","title":{"rendered":"Zaffiro | Chanceli\u00e8re laine 0-3 ans - iGrow | feutr\u00e9e gris clair"},"content":{"rendered":"<p data-start=\"159\" data-end=\"496\"><strong data-start=\"159\" data-end=\"217\">Chaud, luxueux et naturellement confortable - tout au long de l'ann\u00e9e.<br \/>\n<\/strong><br data-start=\"217\" data-end=\"220\" \/>Partez en toute insouciance avec votre b\u00e9b\u00e9 sur la route dans cette magnifique chanceli\u00e8re en laine de\u00a0<strong data-start=\"293\" data-end=\"304\">Zaffiro<\/strong>, Elle est enti\u00e8rement fabriqu\u00e9e en laine naturelle de premi\u00e8re qualit\u00e9. Cette chanceli\u00e8re offre non seulement chaleur et confort, mais aussi un design bien pens\u00e9 qui grandit avec votre enfant - jusqu'\u00e0 3 ans.<\/p>\n<p data-start=\"498\" data-end=\"786\">Gr\u00e2ce \u00e0 l'astucieuse rallonge, la chanceli\u00e8re peut \u00eatre facilement ajust\u00e9e en longueur. La partie inf\u00e9rieure peut \u00eatre d\u00e9zipp\u00e9e, cr\u00e9ant ainsi de l'espace suppl\u00e9mentaire pour les jambes en pleine croissance en une simple op\u00e9ration. Ainsi, cette chanceli\u00e8re reste un choix durable et pratique pour plusieurs saisons.<\/p>\n<p data-start=\"788\" data-end=\"1048\">La chanceli\u00e8re est dot\u00e9e d'ouvertures verticales pour les ceintures de s\u00e9curit\u00e9 et convient \u00e0 presque tous les syst\u00e8mes : des ceintures \u00e0 3 et 5 points aux poussettes avec sangles attach\u00e9es. Vous pouvez donc l'attacher facilement et en toute s\u00e9curit\u00e9 o\u00f9 que vous alliez.<\/p>\n<p data-start=\"1050\" data-end=\"1369\">Ce qui rend cette chanceli\u00e8re vraiment sp\u00e9ciale, c'est la double couche de laine polaire de loup. Cette laine naturelle assure une excellente r\u00e9gulation de la temp\u00e9rature : merveilleusement chaude en hiver et \u00e9tonnamment fra\u00eeche en \u00e9t\u00e9. La partie sup\u00e9rieure de la chanceli\u00e8re est enti\u00e8rement amovible, ce qui permet de l'adapter \u00e0 la temp\u00e9rature en toute saison.<\/p>\n<p data-start=\"1371\" data-end=\"1553\">Avec son look intemporel, ses mat\u00e9riaux de haute qualit\u00e9 et son int\u00e9rieur confortable, cette chanceli\u00e8re Zaffiro est un must-have de luxe pour les parents qui ne veulent que le meilleur pour leur enfant.<\/p>\n<p data-start=\"1555\" data-end=\"1583\"><strong data-start=\"1555\" data-end=\"1583\">Les caract\u00e9ristiques en un coup d'\u0153il :<\/strong><\/p>\n<ul data-start=\"1584\" data-end=\"1967\">\n<li data-start=\"1584\" data-end=\"1633\">\n<p data-start=\"1586\" data-end=\"1633\">100% zuiver scheerwolvezel, Felted.<\/p>\n<\/li>\n<li data-start=\"1584\" data-end=\"1633\">\n<p data-start=\"1586\" data-end=\"1633\">Heeft het Oeko-Tex Standard keurmerk.<\/p>\n<\/li>\n<li data-start=\"1584\" data-end=\"1633\">\n<p data-start=\"1586\" data-end=\"1633\">Convient jusqu'\u00e0 environ 3 ans gr\u00e2ce \u00e0 sa conception extensible<\/p>\n<\/li>\n<li data-start=\"1584\" data-end=\"1633\">\n<p data-start=\"1586\" data-end=\"1633\">Longueur r\u00e9glable gr\u00e2ce \u00e0 la partie amovible du pied<\/p>\n<\/li>\n<li data-start=\"1584\" data-end=\"1633\">\n<p data-start=\"1586\" data-end=\"1633\">Deux couches de laine pour plus de chaleur et de confort<\/p>\n<\/li>\n<li data-start=\"1584\" data-end=\"1633\">\n<p data-start=\"1586\" data-end=\"1633\">Dessus enti\u00e8rement d\u00e9tachable - id\u00e9al pour toutes les saisons<\/p>\n<\/li>\n<li data-start=\"1584\" data-end=\"1633\">\n<p data-start=\"1586\" data-end=\"1633\">Compatible avec les ceintures \u00e0 3 et 5 points ainsi qu'avec les mod\u00e8les \u00e0 sangles fixes<\/p>\n<\/li>\n<li data-start=\"1584\" data-end=\"1633\">\n<p data-start=\"1586\" data-end=\"1633\">Un design intemporel, une production durable<\/p>\n<\/li>\n<\/ul>\n<p data-start=\"1969\" data-end=\"2053\">Offrez \u00e0 votre enfant le meilleur de la nature - chaud, s\u00fbr et toujours confortable en d\u00e9placement.<\/p>\n<h3 data-start=\"324\" data-end=\"388\"><strong data-start=\"328\" data-end=\"388\">Couvre-pieds en laine naturelle de mouton 100% de premi\u00e8re qualit\u00e9<\/strong><\/h3>\n<p data-start=\"390\" data-end=\"796\">Le pr\u00e9sent\u00a0<strong data-start=\"395\" data-end=\"438\">couvre-pieds en laine pour b\u00e9b\u00e9s et enfants en bas \u00e2ge<\/strong>\u00a0is gemaakt van\u00a0<strong data-start=\"459\" data-end=\"481\">premium scheerwol,<\/strong>\u00a0une mati\u00e8re naturelle connue pour sa chaleur, sa douceur et sa respirabilit\u00e9 exceptionnelles. Gr\u00e2ce \u00e0 un traitement sp\u00e9cial, le tissu pr\u00e9sente une structure de poils doux des deux c\u00f4t\u00e9s, ce qui offre un confort suppl\u00e9mentaire et une isolation optimale. Id\u00e9al pour une utilisation en hiver et pendant les fra\u00eeches journ\u00e9es d'\u00e9t\u00e9.<\/p>\n<p data-start=\"798\" data-end=\"1067\">La double couche\u00a0<strong data-start=\"814\" data-end=\"827\">laine de loup<\/strong>\u00a0offre une excellente protection contre le froid et le vent. En m\u00eame temps, le tissu naturel\u00a0<strong data-start=\"907\" data-end=\"926\">thermor\u00e9gulation<\/strong>\u00a0de laine permettent \u00e0 votre enfant de ne pas surchauffer pendant les journ\u00e9es les plus chaudes. Ce v\u00eatement\u00a0<strong data-start=\"1001\" data-end=\"1027\">couvre-pieds en laine pour b\u00e9b\u00e9<\/strong>\u00a0Il est donc parfait pour toutes les saisons.<\/p>\n<p data-start=\"1069\" data-end=\"1106\"><strong data-start=\"1069\" data-end=\"1106\">Avantages de la laine de mouton de qualit\u00e9 sup\u00e9rieure :<\/strong><\/p>\n<ul data-start=\"1107\" data-end=\"1464\">\n<li data-start=\"1107\" data-end=\"1184\">\n<p data-start=\"1109\" data-end=\"1184\"><strong data-start=\"1109\" data-end=\"1145\">R\u00e9gulation naturelle de la temp\u00e9rature<\/strong>: chaud en hiver, frais en \u00e9t\u00e9<\/p>\n<\/li>\n<li data-start=\"1185\" data-end=\"1257\">\n<p data-start=\"1187\" data-end=\"1257\"><strong data-start=\"1187\" data-end=\"1204\">Hygroscopique<\/strong>Le sac \u00e0 dos : absorbe efficacement l'humidit\u00e9 et garde votre b\u00e9b\u00e9 au sec.<\/p>\n<\/li>\n<li data-start=\"1258\" data-end=\"1333\">\n<p data-start=\"1260\" data-end=\"1333\"><strong data-start=\"1260\" data-end=\"1299\">Auto-nettoyage et neutralisation des odeurs<\/strong>Le produit : repousse les salissures et les odeurs d\u00e9sagr\u00e9ables<\/p>\n<\/li>\n<li data-start=\"1334\" data-end=\"1402\">\n<p data-start=\"1336\" data-end=\"1402\"><strong data-start=\"1336\" data-end=\"1369\">Anti-allergique et r\u00e9sistant aux acariens<\/strong>Sans danger pour les peaux sensibles<\/p>\n<\/li>\n<li data-start=\"1403\" data-end=\"1464\">\n<p data-start=\"1405\" data-end=\"1464\"><strong data-start=\"1405\" data-end=\"1431\">Durable et hygi\u00e9nique<\/strong>: convient \u00e0 un usage quotidien<\/p>\n<\/li>\n<\/ul>\n<p data-start=\"1466\" data-end=\"1687\">Ce luxe\u00a0<strong data-start=\"1476\" data-end=\"1504\">couvre-pieds en laine de mouton<\/strong>\u00a0est un must pour les parents \u00e0 la recherche d'une solution \u00e9cologique, confortable et fonctionnelle pour leurs d\u00e9placements. Le choix id\u00e9al pour le landau, la poussette ou le si\u00e8ge auto.<\/p>","protected":false},"excerpt":{"rendered":"<p data-start=\"133\" data-end=\"435\"><strong data-start=\"133\" data-end=\"211\">Blottissez-vous contre votre b\u00e9b\u00e9 dans cette chaude chanceli\u00e8re en laine de Zaffiro.<br \/>\n<\/strong><br data-start=\"211\" data-end=\"214\" \/>Enti\u00e8rement fabriqu\u00e9e en laine de loup naturelle de premi\u00e8re qualit\u00e9, elle peut \u00eatre utilis\u00e9e jusqu'\u00e0 l'\u00e2ge de 3 ans gr\u00e2ce \u00e0 une astucieuse rallonge. En effet, la partie inf\u00e9rieure peut \u00eatre d\u00e9zipp\u00e9e, ce qui permet d'ajuster la longueur de la chanceli\u00e8re. Gr\u00e2ce aux ouvertures longitudinales de la ceinture de s\u00e9curit\u00e9, cette chanceli\u00e8re convient aux syst\u00e8mes de ceinture \u00e0 3 et 5 points ainsi qu'aux mod\u00e8les avec sangles attach\u00e9es. La chanceli\u00e8re en laine Zaffiro est luxueuse, chaude et confortable. Avec ses deux couches de laine polaire, elle offre une chaleur suppl\u00e9mentaire en hiver, tandis que la partie sup\u00e9rieure peut \u00eatre enti\u00e8rement zipp\u00e9e pour les saisons plus chaudes. Vous pouvez donc \u00eatre s\u00fbr que votre enfant est \u00e0 l'aise tout au long de l'ann\u00e9e. D\u00e9couvrez tous les d\u00e9tails et les caract\u00e9ristiques ci-dessous.<\/p>\n<p><strong>Marque : Zaffiro<\/strong><br \/>\n<strong>Production : Pologne<br \/>\nKeur: Oeko-Tex Standard<\/strong><\/p>\n<p><img loading=\"lazy\" decoding=\"async\" class=\"alignnone wp-image-28173 entered lazyloaded\" src=\"https:\/\/woolskins.eu\/wp-content\/uploads\/2024\/05\/csm_OEKO-TEX_Logo_2022_rgb_c1aaeb5ceb-300x300.jpg\" alt=\"\" width=\"89\" height=\"89\" data-lazy-src=\"https:\/\/woolskins.eu\/wp-content\/uploads\/2024\/05\/csm_OEKO-TEX_Logo_2022_rgb_c1aaeb5ceb-300x300.jpg\" data-ll-status=\"loaded\" srcset=\"https:\/\/woolskins.eu\/wp-content\/uploads\/2024\/05\/csm_OEKO-TEX_Logo_2022_rgb_c1aaeb5ceb-300x300.jpg 300w, https:\/\/woolskins.eu\/wp-content\/uploads\/2024\/05\/csm_OEKO-TEX_Logo_2022_rgb_c1aaeb5ceb-150x150.jpg 150w, https:\/\/woolskins.eu\/wp-content\/uploads\/2024\/05\/csm_OEKO-TEX_Logo_2022_rgb_c1aaeb5ceb-768x769.jpg 768w, https:\/\/woolskins.eu\/wp-content\/uploads\/2024\/05\/csm_OEKO-TEX_Logo_2022_rgb_c1aaeb5ceb-12x12.jpg 12w, https:\/\/woolskins.eu\/wp-content\/uploads\/2024\/05\/csm_OEKO-TEX_Logo_2022_rgb_c1aaeb5ceb-600x601.jpg 600w, https:\/\/woolskins.eu\/wp-content\/uploads\/2024\/05\/csm_OEKO-TEX_Logo_2022_rgb_c1aaeb5ceb-100x100.jpg 100w, https:\/\/woolskins.eu\/wp-content\/uploads\/2024\/05\/csm_OEKO-TEX_Logo_2022_rgb_c1aaeb5ceb-64x64.jpg 64w, https:\/\/woolskins.eu\/wp-content\/uploads\/2024\/05\/csm_OEKO-TEX_Logo_2022_rgb_c1aaeb5ceb.jpg 885w\" sizes=\"auto, (max-width: 89px) 100vw, 89px\" \/><\/p>","protected":false},"featured_media":25391,"comment_status":"closed","ping_status":"closed","template":"","meta":{"_acf_changed":false},"product_brand":[],"product_cat":[352,499,336,502],"product_tag":[],"class_list":{"0":"post-25379","1":"product","2":"type-product","3":"status-publish","4":"has-post-thumbnail","6":"product_cat-merken","7":"product_cat-new-arrivals","8":"product_cat-voetenzakken","9":"product_cat-zaffiro","11":"first","12":"instock","13":"taxable","14":"shipping-taxable","15":"purchasable","16":"product-type-simple"},"acf":[],"_links":{"self":[{"href":"https:\/\/woolskins.eu\/fr\/wp-json\/wp\/v2\/product\/25379","targetHints":{"allow":["GET"]}}],"collection":[{"href":"https:\/\/woolskins.eu\/fr\/wp-json\/wp\/v2\/product"}],"about":[{"href":"https:\/\/woolskins.eu\/fr\/wp-json\/wp\/v2\/types\/product"}],"replies":[{"embeddable":true,"href":"https:\/\/woolskins.eu\/fr\/wp-json\/wp\/v2\/comments?post=25379"}],"wp:featuredmedia":[{"embeddable":true,"href":"https:\/\/woolskins.eu\/fr\/wp-json\/wp\/v2\/media\/25391"}],"wp:attachment":[{"href":"https:\/\/woolskins.eu\/fr\/wp-json\/wp\/v2\/media?parent=25379"}],"wp:term":[{"taxonomy":"product_brand","embeddable":true,"href":"https:\/\/woolskins.eu\/fr\/wp-json\/wp\/v2\/product_brand?post=25379"},{"taxonomy":"product_cat","embeddable":true,"href":"https:\/\/woolskins.eu\/fr\/wp-json\/wp\/v2\/product_cat?post=25379"},{"taxonomy":"product_tag","embeddable":true,"href":"https:\/\/woolskins.eu\/fr\/wp-json\/wp\/v2\/product_tag?post=25379"}],"curies":[{"name":"wp","href":"https:\/\/api.w.org\/{rel}","templated":true}]}}