{"id":25313,"date":"2025-06-17T11:15:29","date_gmt":"2025-06-17T11:15:29","guid":{"rendered":"https:\/\/woolskins.eu\/?post_type=product&#038;p=25313"},"modified":"2026-03-03T14:09:49","modified_gmt":"2026-03-03T14:09:49","slug":"zaffiro-wool-multi-purpose-wrap-blanket-feutre-beige","status":"publish","type":"product","link":"https:\/\/woolskins.eu\/fr\/zaffiro-wollen-multifunctionele-wikkeldeken-felted-beige\/","title":{"rendered":"Zaffiro | Couverture enveloppante multifonctionnelle en laine | Feutr\u00e9e noisette"},"content":{"rendered":"<p data-start=\"265\" data-end=\"343\"><strong>Couverture en laine pour b\u00e9b\u00e9s - Naturellement chaude et s\u00fbre avec Zaffiro<\/strong><\/p>\n<p data-start=\"345\" data-end=\"628\">La couverture en laine de Zaffiro est le choix id\u00e9al pour les parents \u00e0 la recherche d'une couverture naturelle et respirante pour leur b\u00e9b\u00e9. Cette couverture polyvalente peut \u00eatre utilis\u00e9e dans le si\u00e8ge auto, le landau, le panier Moses ou tout simplement \u00e0 la maison. Fabriqu\u00e9e en laine de mouton naturelle 100%, cette couverture offre une excellente r\u00e9gulation de la temp\u00e9rature. Les fibres de laine agissent comme un thermostat naturel : elles gardent votre b\u00e9b\u00e9 au chaud lorsqu'il fait froid et veillent \u00e0 ce qu'il ne surchauffe pas. Ainsi, votre b\u00e9b\u00e9 restera toujours au sec, \u00e0 l'aise et \u00e0 la bonne temp\u00e9rature, quelle que soit la saison. La laine est naturellement hypoallerg\u00e9nique, antibact\u00e9rienne et autonettoyante. Cela signifie que la couverture neutralise les odeurs, repousse la salet\u00e9 et reste hygi\u00e9nique, sans qu'il soit n\u00e9cessaire de la laver fr\u00e9quemment. Gr\u00e2ce \u00e0 ses ouvertures astucieuses pour la ceinture, la couverture convient \u00e0 tous les types de ceintures de s\u00e9curit\u00e9 des si\u00e8ges auto et des poussettes - une utilisation facile et s\u00fbre.<\/p>\n<p>- 100% laine vierge de premi\u00e8re qualit\u00e9, feutr\u00e9e double couche.<br \/>\n- Convient \u00e0 0-12 mois.<br \/>\n\u2013 Cordon de serrage dans le col pour prot\u00e9ger la t\u00eate de l&#039;enfant.<br \/>\n- Ouvertures pratiques pour les sangles de s\u00e9curit\u00e9 (3 et 5 points).<br \/>\n- longueur 112<span style=\"color: #000000;\"> cm x largeur 112 cm.<\/span><br \/>\n\u2013 lavable \u00e0 30\u00b0C programme laine.<\/p>\n<p data-start=\"218\" data-end=\"276\"><strong>\u00c0 propos de Zaffiro - Artisanat et connexion depuis 1989<\/strong><\/p>\n<p data-start=\"278\" data-end=\"558\">Zaffiro est une entreprise familiale polonaise qui se consacre depuis 1989 \u00e0 la fabrication de produits de haute qualit\u00e9 pour b\u00e9b\u00e9s et enfants. Exportant dans plus de 40 pays \u00e0 travers le monde, Zaffiro est connue pour ses produits qui placent le lien parent-enfant, le confort et la s\u00e9curit\u00e9 au c\u0153ur de son activit\u00e9. La marque a \u00e9t\u00e9 fond\u00e9e sur la conviction que les premiers moments avec votre b\u00e9b\u00e9 sont essentiels pour tisser des liens. C'est pourquoi Zaffiro d\u00e9veloppe des produits qui soutiennent les parents pendant cette p\u00e9riode sp\u00e9ciale - des \u00e9charpes de portage ergonomiques aux couvertures en laine naturelle. Nous combinons des traditions ancestrales, telles que le portage \u2018c\u0153ur \u00e0 c\u0153ur\u2019, avec des connaissances issues de la recherche psychologique moderne. C'est ainsi que nous cr\u00e9ons des solutions pratiques, affectueuses et s\u00fbres pour un d\u00e9part chaleureux dans la vie.<\/p>","protected":false},"excerpt":{"rendered":"<p data-start=\"250\" data-end=\"343\"><strong data-start=\"254\" data-end=\"343\">Enveloppe en laine pour b\u00e9b\u00e9s - convient pour la maison, Maxi-Cosi, le si\u00e8ge auto et la poussette (0-12 mois)<\/strong><\/p>\n<p data-start=\"345\" data-end=\"573\">Cette \u00e9charpe de laine polyvalente de haute qualit\u00e9 est parfaite pour envelopper votre nouveau-n\u00e9 ou votre b\u00e9b\u00e9 jusqu'\u00e0 12 mois en toute s\u00e9curit\u00e9 et au chaud, que vous soyez en d\u00e9placement avec le Maxi-Cosi, le landau, la nacelle ou tout simplement \u00e0 la maison. Fabriqu\u00e9e en laine de mouton naturelle feutr\u00e9e 100%, cette \u00e9charpe est connue pour ses propri\u00e9t\u00e9s respirantes, thermor\u00e9gulatrices et hypoallerg\u00e9niques. La laine retient extr\u00eamement bien la chaleur sans surchauffer votre b\u00e9b\u00e9, elle absorbe facilement la transpiration et votre b\u00e9b\u00e9 sera donc extr\u00eamement confortable. Gr\u00e2ce aux ouvertures pratiques pour les harnais \u00e0 3 et 5 points, le tissu peut \u00eatre facilement attach\u00e9 \u00e0 presque tous les si\u00e8ges auto et poussettes. Vous combinez ainsi confort et s\u00e9curit\u00e9, o\u00f9 que vous soyez.<\/p>\n<p data-start=\"1058\" data-end=\"1268\">L'\u00e9charpe en laine est id\u00e9ale pour le printemps, l'automne et l'hiver. Elle convient \u00e9galement tr\u00e8s bien comme cadeau de maternit\u00e9 ou pour les parents qui appr\u00e9cient les mati\u00e8res naturelles et le confort de leur b\u00e9b\u00e9.<\/p>\n<div class=\"woocommerce-product-details__short-description\">\n<p><strong>Marque : Zaffiro<\/strong><br \/>\n<strong>Production : Pologne<br \/>\nKeur: Oeko-Tex Standard<\/strong><\/p>\n<p><img loading=\"lazy\" decoding=\"async\" class=\"alignnone wp-image-28173 entered lazyloaded\" src=\"https:\/\/woolskins.eu\/wp-content\/uploads\/2024\/05\/csm_OEKO-TEX_Logo_2022_rgb_c1aaeb5ceb-300x300.jpg\" alt=\"\" width=\"89\" height=\"89\" data-lazy-src=\"https:\/\/woolskins.eu\/wp-content\/uploads\/2024\/05\/csm_OEKO-TEX_Logo_2022_rgb_c1aaeb5ceb-300x300.jpg\" data-ll-status=\"loaded\" srcset=\"https:\/\/woolskins.eu\/wp-content\/uploads\/2024\/05\/csm_OEKO-TEX_Logo_2022_rgb_c1aaeb5ceb-300x300.jpg 300w, https:\/\/woolskins.eu\/wp-content\/uploads\/2024\/05\/csm_OEKO-TEX_Logo_2022_rgb_c1aaeb5ceb-150x150.jpg 150w, https:\/\/woolskins.eu\/wp-content\/uploads\/2024\/05\/csm_OEKO-TEX_Logo_2022_rgb_c1aaeb5ceb-768x769.jpg 768w, https:\/\/woolskins.eu\/wp-content\/uploads\/2024\/05\/csm_OEKO-TEX_Logo_2022_rgb_c1aaeb5ceb-12x12.jpg 12w, https:\/\/woolskins.eu\/wp-content\/uploads\/2024\/05\/csm_OEKO-TEX_Logo_2022_rgb_c1aaeb5ceb-600x601.jpg 600w, https:\/\/woolskins.eu\/wp-content\/uploads\/2024\/05\/csm_OEKO-TEX_Logo_2022_rgb_c1aaeb5ceb-100x100.jpg 100w, https:\/\/woolskins.eu\/wp-content\/uploads\/2024\/05\/csm_OEKO-TEX_Logo_2022_rgb_c1aaeb5ceb-64x64.jpg 64w, https:\/\/woolskins.eu\/wp-content\/uploads\/2024\/05\/csm_OEKO-TEX_Logo_2022_rgb_c1aaeb5ceb.jpg 885w\" sizes=\"auto, (max-width: 89px) 100vw, 89px\" \/><\/p>\n<\/div>","protected":false},"featured_media":25316,"comment_status":"open","ping_status":"closed","template":"","meta":{"_acf_changed":false},"product_brand":[],"product_cat":[502,499,370,336,321],"product_tag":[],"class_list":{"0":"post-25313","1":"product","2":"type-product","3":"status-publish","4":"has-post-thumbnail","6":"product_cat-zaffiro","7":"product_cat-new-arrivals","8":"product_cat-slaapzakken","9":"product_cat-voetenzakken","10":"product_cat-wikkeldekens","12":"first","13":"instock","14":"taxable","15":"shipping-taxable","16":"purchasable","17":"product-type-simple"},"acf":[],"_links":{"self":[{"href":"https:\/\/woolskins.eu\/fr\/wp-json\/wp\/v2\/product\/25313","targetHints":{"allow":["GET"]}}],"collection":[{"href":"https:\/\/woolskins.eu\/fr\/wp-json\/wp\/v2\/product"}],"about":[{"href":"https:\/\/woolskins.eu\/fr\/wp-json\/wp\/v2\/types\/product"}],"replies":[{"embeddable":true,"href":"https:\/\/woolskins.eu\/fr\/wp-json\/wp\/v2\/comments?post=25313"}],"wp:featuredmedia":[{"embeddable":true,"href":"https:\/\/woolskins.eu\/fr\/wp-json\/wp\/v2\/media\/25316"}],"wp:attachment":[{"href":"https:\/\/woolskins.eu\/fr\/wp-json\/wp\/v2\/media?parent=25313"}],"wp:term":[{"taxonomy":"product_brand","embeddable":true,"href":"https:\/\/woolskins.eu\/fr\/wp-json\/wp\/v2\/product_brand?post=25313"},{"taxonomy":"product_cat","embeddable":true,"href":"https:\/\/woolskins.eu\/fr\/wp-json\/wp\/v2\/product_cat?post=25313"},{"taxonomy":"product_tag","embeddable":true,"href":"https:\/\/woolskins.eu\/fr\/wp-json\/wp\/v2\/product_tag?post=25313"}],"curies":[{"name":"wp","href":"https:\/\/api.w.org\/{rel}","templated":true}]}}