{"id":24655,"date":"2025-03-18T14:14:39","date_gmt":"2025-03-18T14:14:39","guid":{"rendered":"https:\/\/woolskins.eu\/?post_type=product&#038;p=24655"},"modified":"2026-01-04T10:35:07","modified_gmt":"2026-01-04T10:35:07","slug":"matelas-en-laine-pour-balance-board-ecru-marron","status":"publish","type":"product","link":"https:\/\/woolskins.eu\/fr\/wollen-matras-voor-balance-board-ecru-bruin\/","title":{"rendered":"Matelas en laine pour Balance Board + Coussin gratuit | Ecru\/brown"},"content":{"rendered":"<p>Transformez votre Balance Board en un nid douillet gr\u00e2ce \u00e0 notre matelas en laine douce !<\/p>\n<p>Transformez la Balance Board de votre enfant en un espace de jeu et de repos confortable gr\u00e2ce \u00e0 notre matelas et coussin en laine. Ce matelas doux et confortable est le compl\u00e9ment parfait de la Balance Board, il a un rembourrage doux qui permet \u00e0 votre enfant d'appr\u00e9cier encore plus ce jouet polyvalent.<\/p>\n<p>Dimensions : 28 cm x 70 cm.<\/p>\n<p>Caract\u00e9ristiques:<\/p>\n<p>* Confort suppl\u00e9mentaire : le matelas moelleux offre une surface confortable et absorbe instantan\u00e9ment la chaleur du corps, id\u00e9al pour s'allonger, s'asseoir ou se blottir.<\/p>\n<p>* S\u00e9curit\u00e9 et soutien : le matelas offre un soutien suppl\u00e9mentaire au dos et \u00e0 la nuque de votre b\u00e9b\u00e9, ce qui le rend s\u00fbr et confortable \u00e0 utiliser.<\/p>\n<p>* Adaptation parfaite : sp\u00e9cialement con\u00e7u pour s'adapter parfaitement \u00e0 la planche d'\u00e9quilibre, avec des bandes \u00e9lastiques pratiques qui maintiennent le matelas en toute s\u00e9curit\u00e9 sur la planche d'\u00e9quilibre.....<\/p>\n<p>* Mat\u00e9riaux de haute qualit\u00e9 : le haut est fabriqu\u00e9 en laine douce, respirante et adapt\u00e9e aux enfants, s\u00fbre et saine pour les peaux sensibles.<\/p>\n<p>* Utilisation polyvalente : en plus d'\u00eatre utilis\u00e9 sur la planche d'\u00e9quilibre, le matelas peut \u00e9galement \u00eatre utilis\u00e9 comme tapis de jeu.<\/p>\n<p>Avantages pour votre enfant :<\/p>\n<p>* Stimule les sens et le d\u00e9veloppement moteur<\/p>\n<p>* Favorise l'\u00e9quilibre et la coordination<\/p>\n<p>* Fournit un espace de jeu s\u00fbr et confortable<\/p>\n<p>* Stimule l'imagination et la cr\u00e9ativit\u00e9<\/p>\n<p>Id\u00e9al pour :<\/p>\n<p>* Les b\u00e9b\u00e9s et les jeunes enfants apprennent \u00e0 se tenir en \u00e9quilibre<\/p>\n<p>* Les enfants \u00e0 la recherche d'un espace de jeu confortable<\/p>\n<p>* Les parents qui souhaitent offrir un environnement s\u00fbr et stimulant \u00e0 leurs enfants.<\/p>\n<p>Compl\u00e9tez le Balance Board avec notre matelas en laine douce et offrez \u00e0 votre enfant des heures d'amusement et de confort !<\/p>","protected":false},"excerpt":{"rendered":"<p>Transformez votre Balance Board en un lieu de repos confortable gr\u00e2ce \u00e0 notre matelas en laine douce !<\/p>\n<p>Transformez la Balance Board de votre enfant en un espace de jeu et de repos confortable gr\u00e2ce \u00e0 notre matelas et coussin en laine. Ce matelas doux et confortable est le compl\u00e9ment parfait de la Balance Board, il a un rembourrage doux qui permet \u00e0 votre enfant d'appr\u00e9cier encore plus ce jouet polyvalent.<\/p>\n<p>Compl\u00e9tez votre Balance Board avec notre matelas en laine douce et offrez \u00e0 votre enfant des heures de plaisir et de confort !<\/p>\n<p>Dimensions : 28 cm x 70 cm (convient pour un Wobbel Starter, par exemple)<\/p>","protected":false},"featured_media":24649,"comment_status":"open","ping_status":"closed","template":"","meta":{"_acf_changed":false},"product_brand":[],"product_cat":[363,499],"product_tag":[],"class_list":{"0":"post-24655","1":"product","2":"type-product","3":"status-publish","4":"has-post-thumbnail","6":"product_cat-cadeaus-e25-e50","7":"product_cat-new-arrivals","9":"first","10":"instock","11":"taxable","12":"shipping-taxable","13":"purchasable","14":"product-type-simple"},"acf":[],"_links":{"self":[{"href":"https:\/\/woolskins.eu\/fr\/wp-json\/wp\/v2\/product\/24655","targetHints":{"allow":["GET"]}}],"collection":[{"href":"https:\/\/woolskins.eu\/fr\/wp-json\/wp\/v2\/product"}],"about":[{"href":"https:\/\/woolskins.eu\/fr\/wp-json\/wp\/v2\/types\/product"}],"replies":[{"embeddable":true,"href":"https:\/\/woolskins.eu\/fr\/wp-json\/wp\/v2\/comments?post=24655"}],"wp:featuredmedia":[{"embeddable":true,"href":"https:\/\/woolskins.eu\/fr\/wp-json\/wp\/v2\/media\/24649"}],"wp:attachment":[{"href":"https:\/\/woolskins.eu\/fr\/wp-json\/wp\/v2\/media?parent=24655"}],"wp:term":[{"taxonomy":"product_brand","embeddable":true,"href":"https:\/\/woolskins.eu\/fr\/wp-json\/wp\/v2\/product_brand?post=24655"},{"taxonomy":"product_cat","embeddable":true,"href":"https:\/\/woolskins.eu\/fr\/wp-json\/wp\/v2\/product_cat?post=24655"},{"taxonomy":"product_tag","embeddable":true,"href":"https:\/\/woolskins.eu\/fr\/wp-json\/wp\/v2\/product_tag?post=24655"}],"curies":[{"name":"wp","href":"https:\/\/api.w.org\/{rel}","templated":true}]}}