{"id":24414,"date":"2025-02-18T11:27:35","date_gmt":"2025-02-18T11:27:35","guid":{"rendered":"https:\/\/woolskins.eu\/?post_type=product&#038;p=24414"},"modified":"2026-03-31T12:05:37","modified_gmt":"2026-03-31T12:05:37","slug":"merino-baby-starter-kit-gift-box-ecru","status":"publish","type":"product","link":"https:\/\/woolskins.eu\/fr\/merino-baby-starterset-geschenkdoos-ecru\/","title":{"rendered":"Coffret de d\u00e9marrage Merino Baby + bo\u00eete cadeau | Ecru"},"content":{"rendered":"<p data-start=\"187\" data-end=\"259\"><strong data-start=\"187\" data-end=\"259\">L'ultime ensemble en laine pour b\u00e9b\u00e9 - doux, naturel et fabriqu\u00e9 avec amour<\/strong><\/p>\n<p data-start=\"261\" data-end=\"586\">Offrez \u00e0 votre enfant le meilleur confort possible gr\u00e2ce \u00e0 cet ensemble complet pour b\u00e9b\u00e9 en laine, compos\u00e9 d'un drap de bain super doux, d'un drap de bain en laine et d'un drap de bain en laine. <em data-start=\"365\" data-end=\"386\">pantalon b\u00e9b\u00e9 en laine<\/em>, un environnement merveilleusement chaleureux. <em data-start=\"406\" data-end=\"427\">pull en laine pour b\u00e9b\u00e9<\/em> et d'un confortable <em data-start=\"440\" data-end=\"458\">couverture de berceau en laine<\/em>. Tous les produits sont fabriqu\u00e9s en laine m\u00e9rinos douce 100% d'Italie, avec une attention particuli\u00e8re pour la qualit\u00e9, la durabilit\u00e9 et le bien-\u00eatre de votre b\u00e9b\u00e9.<\/p>\n<p data-start=\"588\" data-end=\"947\">Cet ensemble est parfaitement adapt\u00e9 pour assurer le confort et la s\u00e9curit\u00e9 de votre b\u00e9b\u00e9 tout au long de l'ann\u00e9e. La laine m\u00e9rinos d'Europe assure une r\u00e9gulation naturelle de la temp\u00e9rature, respire extr\u00eamement bien et respecte la peau la plus sensible de b\u00e9b\u00e9. Que votre enfant dorme, rampe ou joue, cet ensemble en laine lui procurera toujours un sentiment de libert\u00e9 et de chaleur.<\/p>\n<p data-start=\"949\" data-end=\"983\"><strong data-start=\"949\" data-end=\"981\">Pourquoi cet ensemble b\u00e9b\u00e9 en laine ?<\/strong><\/p>\n<ul data-start=\"984\" data-end=\"1560\">\n<li data-start=\"984\" data-end=\"1097\">\n<p data-start=\"986\" data-end=\"1097\"><strong data-start=\"986\" data-end=\"1019\">Super doux et respectueux de la peau<\/strong>La laine m\u00e9rinos italienne fine ne pique pas et donne l'impression d'une douce \u00e9treinte.<\/p>\n<\/li>\n<li data-start=\"1098\" data-end=\"1196\">\n<p data-start=\"1100\" data-end=\"1196\"><strong data-start=\"1100\" data-end=\"1136\">Respirant et r\u00e9gulateur de temp\u00e9rature<\/strong>La chaleur de l'eau : garde votre b\u00e9b\u00e9 au chaud sans le surchauffer, quelle que soit la saison<\/p>\n<\/li>\n<li data-start=\"1197\" data-end=\"1291\">\n<p data-start=\"1199\" data-end=\"1291\"><strong data-start=\"1199\" data-end=\"1232\">Durable et respectueux de l'environnement<\/strong>Les produits de l'Union europ\u00e9enne : fabriqu\u00e9s en Europe dans le respect des personnes, des animaux et de la nature.<\/p>\n<\/li>\n<li data-start=\"1292\" data-end=\"1454\">\n<p data-start=\"1294\" data-end=\"1454\"><strong data-start=\"1294\" data-end=\"1325\">Polyvalent et pratique<\/strong>La couverture de berceau est l\u00e9g\u00e8re et facile \u00e0 transporter, les bas et le pull s'adaptent parfaitement aux mouvements et \u00e0 la croissance de votre b\u00e9b\u00e9.<\/p>\n<\/li>\n<li data-start=\"1455\" data-end=\"1560\">\n<p data-start=\"1457\" data-end=\"1560\"><strong data-start=\"1457\" data-end=\"1485\">Facile \u00e0 entretenir<\/strong>la laine est autonettoyante et r\u00e9sistante aux odeurs, ce qui permet de r\u00e9duire la fr\u00e9quence des lavages<\/p>\n<\/li>\n<\/ul>\n<p data-start=\"1562\" data-end=\"1761\"><strong data-start=\"1562\" data-end=\"1585\">Avantage exclusif :<\/strong> Achetez le kit complet et b\u00e9n\u00e9ficiez d'une remise int\u00e9ressante ! Ainsi, vous \u00e9conomisez non seulement sur le prix, mais vous offrez \u00e9galement \u00e0 votre b\u00e9b\u00e9 un kit de d\u00e9part beau, naturel et durable.<\/p>\n<p data-start=\"1763\" data-end=\"1957\">Cet ensemble en laine pour b\u00e9b\u00e9 est un choix affectueux et pratique pour les parents soucieux de la qualit\u00e9, du confort et d'un d\u00e9part sain pour leur b\u00e9b\u00e9. Combinez le style, la commodit\u00e9 et la nature pure en un seul ensemble.<\/p>","protected":false},"excerpt":{"rendered":"<p><strong data-start=\"109\" data-end=\"195\">Ensemble complet pour b\u00e9b\u00e9 en laine m\u00e9rinos italienne 100% - douce, chaude et naturelle<\/strong><br data-start=\"195\" data-end=\"198\" \/>Cet ensemble comprend un bas de laine, un pull et une couverture de berceau, tous fabriqu\u00e9s en douce laine m\u00e9rinos d'Italie. Respirant, r\u00e9gulateur de temp\u00e9rature et parfait pour la peau sensible des b\u00e9b\u00e9s. Pratique, polyvalent et produit de mani\u00e8re durable en Europe. Profitez d'une remise d\u00e8s maintenant pour l'achat de l'ensemble complet !<br data-start=\"500\" data-end=\"503\" \/><em data-start=\"503\" data-end=\"587\">Emball\u00e9 sp\u00e9cialement pour vous dans notre magnifique bo\u00eete cadeau - parfait pour offrir.<\/em><\/p>\n<p><strong>Marque : Woolskins<\/strong><br \/>\n<strong>Production : Pologne<\/strong><\/p>","protected":false},"featured_media":24417,"comment_status":"open","ping_status":"closed","template":"","meta":{"_acf_changed":false},"product_brand":[],"product_cat":[499,360,364,200,196,322,337,344,194],"product_tag":[],"class_list":{"0":"post-24414","1":"product","2":"type-product","3":"status-publish","4":"has-post-thumbnail","6":"product_cat-new-arrivals","7":"product_cat-cadeautips","8":"product_cat-cadeaus-vanaf-e50","9":"product_cat-wollen-babykleding","10":"product_cat-slaapkleding-baby","11":"product_cat-broekjes","12":"product_cat-vestjes","13":"product_cat-kleertjes","14":"product_cat-wollen-babyproducten","15":"pa_maat-2-6-maanden","16":"pa_maat-6-12-maanden","18":"first","19":"outofstock","20":"sale","21":"taxable","22":"shipping-taxable","23":"purchasable","24":"product-type-variable"},"acf":[],"_links":{"self":[{"href":"https:\/\/woolskins.eu\/fr\/wp-json\/wp\/v2\/product\/24414","targetHints":{"allow":["GET"]}}],"collection":[{"href":"https:\/\/woolskins.eu\/fr\/wp-json\/wp\/v2\/product"}],"about":[{"href":"https:\/\/woolskins.eu\/fr\/wp-json\/wp\/v2\/types\/product"}],"replies":[{"embeddable":true,"href":"https:\/\/woolskins.eu\/fr\/wp-json\/wp\/v2\/comments?post=24414"}],"wp:featuredmedia":[{"embeddable":true,"href":"https:\/\/woolskins.eu\/fr\/wp-json\/wp\/v2\/media\/24417"}],"wp:attachment":[{"href":"https:\/\/woolskins.eu\/fr\/wp-json\/wp\/v2\/media?parent=24414"}],"wp:term":[{"taxonomy":"product_brand","embeddable":true,"href":"https:\/\/woolskins.eu\/fr\/wp-json\/wp\/v2\/product_brand?post=24414"},{"taxonomy":"product_cat","embeddable":true,"href":"https:\/\/woolskins.eu\/fr\/wp-json\/wp\/v2\/product_cat?post=24414"},{"taxonomy":"product_tag","embeddable":true,"href":"https:\/\/woolskins.eu\/fr\/wp-json\/wp\/v2\/product_tag?post=24414"}],"curies":[{"name":"wp","href":"https:\/\/api.w.org\/{rel}","templated":true}]}}