{"id":23427,"date":"2025-01-17T13:32:49","date_gmt":"2025-01-17T13:32:49","guid":{"rendered":"https:\/\/woolskins.eu\/?post_type=product&#038;p=23427"},"modified":"2026-03-29T12:16:26","modified_gmt":"2026-03-29T12:16:26","slug":"couverture-en-laine-pour-bebe-100-laine-merinos-ecru","status":"publish","type":"product","link":"https:\/\/woolskins.eu\/fr\/wollen-babydeken-100-merinowol-ecru\/","title":{"rendered":"Gebreide Merinowollen Babydeken \u2013 100% merinowol | Ecru"},"content":{"rendered":"<p data-start=\"233\" data-end=\"311\"><strong data-start=\"233\" data-end=\"311\">Douceur, chaleur et pure nature - la couverture de berceau en laine dans laquelle votre b\u00e9b\u00e9 r\u00eavera.<\/strong><\/p>\n<p data-start=\"313\" data-end=\"644\">Imaginez votre enfant couch\u00e9 en douceur et en s\u00e9curit\u00e9 sous une couverture qui ressemble \u00e0 une \u00e9treinte affectueuse. Cette\u00a0<em data-start=\"423\" data-end=\"441\">couverture de berceau en laine<\/em>\u00a0est fabriqu\u00e9e en laine m\u00e9rinos italienne 100%, sp\u00e9cialement s\u00e9lectionn\u00e9e pour sa douceur et sa respirabilit\u00e9. C'est la couverture id\u00e9ale pour les petits qui m\u00e9ritent confort et chaleur.<\/p>\n<p data-start=\"646\" data-end=\"903\">La laine m\u00e9rinos d'Europe r\u00e9gule naturellement la temp\u00e9rature, de sorte que votre b\u00e9b\u00e9 n'aura jamais trop chaud ou trop froid. La couverture de berceau en laine emp\u00eache l'humidit\u00e9 de p\u00e9n\u00e9trer dans la peau et respire tr\u00e8s bien, de sorte que votre b\u00e9b\u00e9 peut dormir paisiblement, sans transpirer ni \u00eatre moite.<\/p>\n<p data-start=\"905\" data-end=\"949\">Ce qui rend cette couverture en laine pour b\u00e9b\u00e9 si sp\u00e9ciale :<\/p>\n<ul data-start=\"950\" data-end=\"1386\">\n<li data-start=\"950\" data-end=\"1034\">\n<p data-start=\"952\" data-end=\"1034\"><strong data-start=\"952\" data-end=\"985\">Super doux et respectueux de la peau<\/strong>\u00a0- convient aux peaux les plus sensibles des b\u00e9b\u00e9s<\/p>\n<\/li>\n<li data-start=\"1035\" data-end=\"1117\">\n<p data-start=\"1037\" data-end=\"1117\"><strong data-start=\"1037\" data-end=\"1073\">R\u00e9gulation de la temp\u00e9rature et respirabilit\u00e9<\/strong>\u00a0- garde votre b\u00e9b\u00e9 bien au chaud en toute saison<\/p>\n<\/li>\n<li data-start=\"1118\" data-end=\"1195\">\n<p data-start=\"1120\" data-end=\"1195\"><strong data-start=\"1120\" data-end=\"1151\">Autonettoyant et r\u00e9sistant aux odeurs<\/strong>\u00a0- facile \u00e0 entretenir et toujours frais<\/p>\n<\/li>\n<li data-start=\"1196\" data-end=\"1293\">\n<p data-start=\"1198\" data-end=\"1293\"><strong data-start=\"1198\" data-end=\"1231\">Durable et respectueux de l'environnement<\/strong>\u00a0- \u00e9quitablement fabriqu\u00e9 en Europe dans le respect des animaux et de la nature<\/p>\n<\/li>\n<li data-start=\"1294\" data-end=\"1386\">\n<p data-start=\"1296\" data-end=\"1386\"><strong data-start=\"1296\" data-end=\"1318\">L\u00e9ger et chaud<\/strong>\u00a0- parfait pour envelopper votre b\u00e9b\u00e9 ou le mettre sur le berceau<\/p>\n<\/li>\n<\/ul>\n<p data-start=\"1388\" data-end=\"1587\">Que ce soit pour une nuit paisible, une sieste ou pour envelopper d\u00e9licatement votre enfant lors d'une promenade, cette couverture de berceau en laine offre chaleur et confort de mani\u00e8re naturelle et douce.<\/p>\n<p data-start=\"1589\" data-end=\"1915\"><strong data-start=\"1589\" data-end=\"1633\">Pourquoi choisir une couverture en laine ?<\/strong><br data-start=\"1633\" data-end=\"1636\" \/>La laine est l'un des choix les plus judicieux en mati\u00e8re de textiles pour b\u00e9b\u00e9s. Elle est antibact\u00e9rienne, emp\u00eache les mauvaises odeurs et n\u00e9cessite des lavages beaucoup moins fr\u00e9quents que les couvertures synth\u00e9tiques. Gr\u00e2ce \u00e0 la r\u00e9silience de la laine m\u00e9rinos, elle conserve sa forme et ses propri\u00e9t\u00e9s isolantes m\u00eame apr\u00e8s une utilisation fr\u00e9quente.<\/p>\n<p data-start=\"1917\" data-end=\"2050\"><strong data-start=\"1917\" data-end=\"1925\">Astuce:<\/strong>\u00a0Combinez cette couverture de berceau en laine avec un pantalon ou un pull en laine assorti pour obtenir un ensemble doux et naturel.<\/p>","protected":false},"excerpt":{"rendered":"<p><strong data-start=\"95\" data-end=\"170\">Couverture de berceau en laine 100% Laine m\u00e9rinos italienne - douce, chaude et respirante<\/strong><br data-start=\"170\" data-end=\"173\" \/>Ce confortable\u00a0<em data-start=\"184\" data-end=\"202\">couverture de berceau en laine<\/em>\u00a0est fabriqu\u00e9 en laine m\u00e9rinos douce d'Italie. Elle est respirante, r\u00e9gulatrice de la temp\u00e9rature et id\u00e9ale pour la peau sensible des b\u00e9b\u00e9s. L\u00e9ger, tr\u00e8s pratique et polyvalent, il est parfait pour assurer la s\u00e9curit\u00e9 de votre b\u00e9b\u00e9 tout au long de l'ann\u00e9e, \u00e0 la maison ou en d\u00e9placement. Durable et fabriqu\u00e9 avec soin en Europe. Disponible en 75 x 100 cm<\/p>\n<p><strong>Marque : Woolskins<\/strong><br \/>\n<strong>Production : Pologne<\/strong><\/p>","protected":false},"featured_media":23730,"comment_status":"open","ping_status":"closed","template":"","meta":{"_acf_changed":false},"product_brand":[],"product_cat":[360,364,499,196,318,194],"product_tag":[],"class_list":{"0":"post-23427","1":"product","2":"type-product","3":"status-publish","4":"has-post-thumbnail","6":"product_cat-cadeautips","7":"product_cat-cadeaus-vanaf-e50","8":"product_cat-new-arrivals","9":"product_cat-slaapkleding-baby","10":"product_cat-wollen-wiegdeken-ledikantdeken","11":"product_cat-wollen-babyproducten","12":"pa_maat-2-6-maanden","13":"pa_maat-6-12-maanden","15":"first","16":"outofstock","17":"taxable","18":"shipping-taxable","19":"purchasable","20":"product-type-simple"},"acf":[],"_links":{"self":[{"href":"https:\/\/woolskins.eu\/fr\/wp-json\/wp\/v2\/product\/23427","targetHints":{"allow":["GET"]}}],"collection":[{"href":"https:\/\/woolskins.eu\/fr\/wp-json\/wp\/v2\/product"}],"about":[{"href":"https:\/\/woolskins.eu\/fr\/wp-json\/wp\/v2\/types\/product"}],"replies":[{"embeddable":true,"href":"https:\/\/woolskins.eu\/fr\/wp-json\/wp\/v2\/comments?post=23427"}],"wp:featuredmedia":[{"embeddable":true,"href":"https:\/\/woolskins.eu\/fr\/wp-json\/wp\/v2\/media\/23730"}],"wp:attachment":[{"href":"https:\/\/woolskins.eu\/fr\/wp-json\/wp\/v2\/media?parent=23427"}],"wp:term":[{"taxonomy":"product_brand","embeddable":true,"href":"https:\/\/woolskins.eu\/fr\/wp-json\/wp\/v2\/product_brand?post=23427"},{"taxonomy":"product_cat","embeddable":true,"href":"https:\/\/woolskins.eu\/fr\/wp-json\/wp\/v2\/product_cat?post=23427"},{"taxonomy":"product_tag","embeddable":true,"href":"https:\/\/woolskins.eu\/fr\/wp-json\/wp\/v2\/product_tag?post=23427"}],"curies":[{"name":"wp","href":"https:\/\/api.w.org\/{rel}","templated":true}]}}