{"id":23107,"date":"2024-12-20T11:25:25","date_gmt":"2024-12-20T11:25:25","guid":{"rendered":"https:\/\/woolskins.eu\/?post_type=product&#038;p=23107"},"modified":"2025-12-04T14:54:10","modified_gmt":"2025-12-04T14:54:10","slug":"combinaison-dhiver-pour-bebe-en-laine-noyer-trebuchant","status":"publish","type":"product","link":"https:\/\/woolskins.eu\/fr\/wollen-baby-winterpak-thumbled-walnoot\/","title":{"rendered":"Combinaison d'hiver pour b\u00e9b\u00e9 en laine | Teddy Noisette"},"content":{"rendered":"<p>Ce produit porte le label de qualit\u00e9 Safe for Children et Woolmark. Ce costume d&#039;hiver se porte par-dessus les v\u00eatements, tenez-en donc compte lors du choix de la bonne taille.<\/p>\n<p>- 100% laine vierge \u00e9lastiqu\u00e9e, label Woolmark.<br \/>\n\u2013 Mitaines et pieds int\u00e9gr\u00e9s dans la manche et la jambe.<br \/>\n\u2013 L&#039;ouverture se poursuit dans le tuyau.<br \/>\n\u2013 Regardez \u00ab\u00a0Tailles en centim\u00e8tres\u00a0\u00bb pour conna\u00eetre la taille correcte en cm.<\/p>\n<p>Nos costumes d&#039;hiver Eco Wool conviennent tr\u00e8s bien aux plus petits gr\u00e2ce aux propri\u00e9t\u00e9s naturelles des fibres de laine. Ceux-ci respirent et ont la propri\u00e9t\u00e9 d&#039;agir comme un thermostat naturel qui r\u00e9gule la temp\u00e9rature corporelle ? Cela aide votre b\u00e9b\u00e9 \u00e0 maintenir une temp\u00e9rature stable et \u00e0 le garder au sec et \u00e0 l&#039;aise.<\/p>\n<p data-start=\"63\" data-end=\"427\"><strong data-start=\"63\" data-end=\"83\">Instructions de lavage<\/strong><\/p>\n<p data-start=\"63\" data-end=\"427\">Pour conserver la beaut\u00e9 et la douceur de ce tissu Teddy en laine, nous recommandons de le laver \u00e0 la main \u00e0 une temp\u00e9rature maximale de 30 \u00b0C. Proc\u00e9dez avec pr\u00e9caution et utilisez un d\u00e9tergent doux pour la laine. \u00c9vitez l'eau de Javel, le repassage, le s\u00e8che-linge et l'essorage. Laissez le tissu s\u00e9cher \u00e0 plat pour pr\u00e9server sa forme. Le nettoyage \u00e0 sec est \u00e9galement possible.<\/p>\n<p data-start=\"429\" data-end=\"552\">\u2728 <strong data-start=\"431\" data-end=\"439\">Astuce:<\/strong> La laine n'a pas besoin d'\u00eatre lav\u00e9e souvent. Une a\u00e9ration rapide \u00e0 l'ext\u00e9rieur suffit souvent \u00e0 conserver la fra\u00eecheur du tissu.<\/p>\n<p data-start=\"554\" data-end=\"817\">\ud83c\udf3f <strong data-start=\"557\" data-end=\"588\">Pourquoi la laine est sp\u00e9ciale : <\/strong>La laine est naturellement autonettoyante et anti-salissures. Les odeurs disparaissent simplement en a\u00e9rant le tissu et la salet\u00e9 adh\u00e8re moins facilement qu'avec d'autres mati\u00e8res. Votre tissu en laine reste donc frais plus longtemps, sans n\u00e9cessiter beaucoup d'entretien.<\/p>\n<h5 class=\"Text1893342656__root Text1893342656---typography-11-runningText Text1893342656---priority-7-primary s8gg2 _2UIKs InfoSectionTitle3095652555__root\" aria-hidden=\"false\" data-hook=\"info-section-title\">Tailles en centim\u00e8tres<\/h5>\n<div class=\"rah-static rah-static--height-auto\" aria-hidden=\"false\">\n<div>\n<div class=\"_1yvxJ fggS- cell\">\n<div class=\"WncCi\" data-hook=\"info-section-description\">\n<p>Taille : 0-6 mois Longueur : 60 cm (\u00e9paule jusqu&#039;en bas) Largeur : 30 cm (aisselle).<br \/>\nTaille : 6-18 mois Longueur : 68 cm (\u00e9paule jusqu&#039;en bas) Largeur : 33 cm (aisselle).<\/p>\n<\/div>\n<\/div>\n<\/div>\n<\/div>","protected":false},"excerpt":{"rendered":"<p>Cette combinaison d'hiver en laine \u00e9lastique est tr\u00e8s confortable et chaude. Elle est fabriqu\u00e9e en laine 100% pour un b\u00e9b\u00e9 encore plus heureux. Elle permet \u00e0 votre b\u00e9b\u00e9 d'\u00eatre pr\u00eat \u00e0 sortir. L'ouverture est suffisamment large pour que vous puissiez facilement faire entrer et sortir votre b\u00e9b\u00e9. Gr\u00e2ce aux housses pratiques sur les mains et les pieds, votre enfant n'aura pas froid. Cette combinaison convient au printemps, \u00e0 l'hiver et \u00e0 l'automne. Gr\u00e2ce aux propri\u00e9t\u00e9s absorbantes de la laine, votre enfant ne transpirera pas facilement. (Les photos repr\u00e9sentent la version beige).<\/p>\n<p><strong>Marque : Woolskins<\/strong><br \/>\n<strong>Production : Pologne<\/strong><\/p>","protected":false},"featured_media":23111,"comment_status":"closed","ping_status":"closed","template":"","meta":{"_acf_changed":false},"product_brand":[],"product_cat":[200,196,344,463,319,194],"product_tag":[],"class_list":{"0":"post-23107","1":"product","2":"type-product","3":"status-publish","4":"has-post-thumbnail","6":"product_cat-wollen-babykleding","7":"product_cat-slaapkleding-baby","8":"product_cat-kleertjes","9":"product_cat-winterpak","10":"product_cat-pakjes-en-jasjes","11":"product_cat-wollen-babyproducten","12":"pa_maat-0-6-maanden","13":"pa_maat-6-18-maanden","15":"first","16":"instock","17":"taxable","18":"shipping-taxable","19":"purchasable","20":"product-type-variable"},"acf":[],"_links":{"self":[{"href":"https:\/\/woolskins.eu\/fr\/wp-json\/wp\/v2\/product\/23107","targetHints":{"allow":["GET"]}}],"collection":[{"href":"https:\/\/woolskins.eu\/fr\/wp-json\/wp\/v2\/product"}],"about":[{"href":"https:\/\/woolskins.eu\/fr\/wp-json\/wp\/v2\/types\/product"}],"replies":[{"embeddable":true,"href":"https:\/\/woolskins.eu\/fr\/wp-json\/wp\/v2\/comments?post=23107"}],"wp:featuredmedia":[{"embeddable":true,"href":"https:\/\/woolskins.eu\/fr\/wp-json\/wp\/v2\/media\/23111"}],"wp:attachment":[{"href":"https:\/\/woolskins.eu\/fr\/wp-json\/wp\/v2\/media?parent=23107"}],"wp:term":[{"taxonomy":"product_brand","embeddable":true,"href":"https:\/\/woolskins.eu\/fr\/wp-json\/wp\/v2\/product_brand?post=23107"},{"taxonomy":"product_cat","embeddable":true,"href":"https:\/\/woolskins.eu\/fr\/wp-json\/wp\/v2\/product_cat?post=23107"},{"taxonomy":"product_tag","embeddable":true,"href":"https:\/\/woolskins.eu\/fr\/wp-json\/wp\/v2\/product_tag?post=23107"}],"curies":[{"name":"wp","href":"https:\/\/api.w.org\/{rel}","templated":true}]}}