{"id":22613,"date":"2024-11-22T13:13:00","date_gmt":"2024-11-22T13:13:00","guid":{"rendered":"https:\/\/woolskins.eu\/?post_type=product&#038;p=22613"},"modified":"2026-04-08T13:58:11","modified_gmt":"2026-04-08T13:58:11","slug":"chanceliere-laine-landau-buggy-feutree-gris-clair-copie","status":"publish","type":"product","link":"https:\/\/woolskins.eu\/fr\/wollen-voetenzak-kinderwagen-buggy-felted-lichtgrijs-kopie\/","title":{"rendered":"Wollen Voetenzak Bakigo &#8211; Slaapzak voor Buggy en Kinderwagen | Felted Lichtgrijs \/ Donkere stiksel"},"content":{"rendered":"<p>Nos chanceli\u00e8res Eco Wool pour poussette et Maxi-Cosi conviennent tr\u00e8s bien aux plus petits gr\u00e2ce aux propri\u00e9t\u00e9s naturelles des fibres de laine. Ceux-ci respirent et ont la propri\u00e9t\u00e9 d&#039;agir comme un thermostat naturel qui r\u00e9gule la temp\u00e9rature corporelle ? Cela aide votre b\u00e9b\u00e9 \u00e0 maintenir une temp\u00e9rature stable et \u00e0 le garder au sec et \u00e0 l&#039;aise. Ce produit porte le label de qualit\u00e9 Safe for Children et Woolmark.<\/p>\n<p>\u2013 5 cm de plus, ce qui le rend utilisable plus longtemps.<br \/>\n\u2013 Laine vierge 100%, label de qualit\u00e9 Woolmark.<br \/>\n\u2013 Pour la maison et en d\u00e9placement.<br \/>\n\u2013 Ouvertures pour les sangles de s\u00e9curit\u00e9 (5 points).<br \/>\n- Longueur 90 cm x largeur 45 cm.<br \/>\n\u2013 lavable \u00e0 30\u00b0C programme laine.<\/p>\n<h5>\u00c9tiquette de peaux de laine<\/h5>\n<p>Apr\u00e8s des ann\u00e9es de collaboration fructueuse avec Alwero, nous pouvons \u00eatre fiers d&#039;annoncer que nous proposons d\u00e9sormais nos produits sous notre propre label Woolskins.<\/p>\n<p>De cette fa\u00e7on, vous obtenez toujours la meilleure qualit\u00e9, mais combin\u00e9e avec les produits et designs les plus beaux et uniques.<\/p>\n<p>La qualit\u00e9 des tissus et des couleurs reste la m\u00eame qu&#039;elle a toujours \u00e9t\u00e9, mais il existe d\u00e9sormais un plus grand choix qui, selon Woolskins, peut se distinguer.<\/p>\n<p>Notre vaste collection est compos\u00e9e de telle mani\u00e8re qu&#039;ils constituent un bon compl\u00e9ment \u00e0 tout ensemble pour b\u00e9b\u00e9, fabriqu\u00e9s \u00e0 partir de laine europ\u00e9enne 100% qui respire et convient \u00e0 chaque saison.<\/p>\n<p>Nous unissons nos forces avec enthousiasme pour cr\u00e9er un produit durable, naturel et des plus confortables pour votre enfant.<\/p>","protected":false},"excerpt":{"rendered":"<p>Blottissez-vous contre votre enfant dans cette chaude chanceli\u00e8re en laine avec des coutures fonc\u00e9es de Woolskins pour le landau et la poussette. Woolskins a rallong\u00e9 cette chanceli\u00e8re de 5 cm pour qu'elle puisse \u00eatre utilis\u00e9e plus longtemps. Elle poss\u00e8de \u00e9galement une ouverture extra large pour la sonnette de s\u00e9curit\u00e9. Parfaite pour la poussette, elle fait partie de tous les kits de b\u00e9b\u00e9. La laine prend instantan\u00e9ment la temp\u00e9rature de votre enfant et la maintient sans le faire transpirer. Gr\u00e2ce aux qualit\u00e9s de la laine, votre enfant sera au chaud et \u00e0 l'aise. La chanceli\u00e8re Woolskins Bakigo peut \u00eatre utilis\u00e9e toute l'ann\u00e9e, mais il est pr\u00e9f\u00e9rable de l'utiliser au printemps, en hiver et en automne. Vous pouvez \u00eatre s\u00fbr que votre enfant sera bien au chaud dans la chanceli\u00e8re Woolskins.<\/p>\n<p><strong>Marque : Woolskins<\/strong><br \/>\n<strong>Production : Pologne<\/strong><\/p>\n<p>&nbsp;<\/p>","protected":false},"featured_media":22614,"comment_status":"closed","ping_status":"closed","template":"","meta":{"_acf_changed":false},"product_brand":[],"product_cat":[361,360,364,196,336,194],"product_tag":[],"class_list":{"0":"post-22613","1":"product","2":"type-product","3":"status-publish","4":"has-post-thumbnail","6":"product_cat-babyshower","7":"product_cat-cadeautips","8":"product_cat-cadeaus-vanaf-e50","9":"product_cat-slaapkleding-baby","10":"product_cat-voetenzakken","11":"product_cat-wollen-babyproducten","13":"first","14":"instock","15":"taxable","16":"shipping-taxable","17":"purchasable","18":"product-type-simple"},"acf":[],"_links":{"self":[{"href":"https:\/\/woolskins.eu\/fr\/wp-json\/wp\/v2\/product\/22613","targetHints":{"allow":["GET"]}}],"collection":[{"href":"https:\/\/woolskins.eu\/fr\/wp-json\/wp\/v2\/product"}],"about":[{"href":"https:\/\/woolskins.eu\/fr\/wp-json\/wp\/v2\/types\/product"}],"replies":[{"embeddable":true,"href":"https:\/\/woolskins.eu\/fr\/wp-json\/wp\/v2\/comments?post=22613"}],"wp:featuredmedia":[{"embeddable":true,"href":"https:\/\/woolskins.eu\/fr\/wp-json\/wp\/v2\/media\/22614"}],"wp:attachment":[{"href":"https:\/\/woolskins.eu\/fr\/wp-json\/wp\/v2\/media?parent=22613"}],"wp:term":[{"taxonomy":"product_brand","embeddable":true,"href":"https:\/\/woolskins.eu\/fr\/wp-json\/wp\/v2\/product_brand?post=22613"},{"taxonomy":"product_cat","embeddable":true,"href":"https:\/\/woolskins.eu\/fr\/wp-json\/wp\/v2\/product_cat?post=22613"},{"taxonomy":"product_tag","embeddable":true,"href":"https:\/\/woolskins.eu\/fr\/wp-json\/wp\/v2\/product_tag?post=22613"}],"curies":[{"name":"wp","href":"https:\/\/api.w.org\/{rel}","templated":true}]}}