{"id":22605,"date":"2024-11-22T12:24:52","date_gmt":"2024-11-22T12:24:52","guid":{"rendered":"https:\/\/woolskins.eu\/?post_type=product&#038;p=22605"},"modified":"2026-04-08T13:55:26","modified_gmt":"2026-04-08T13:55:26","slug":"sac-de-couchage-en-laine-pour-poussette-et-landau-beige-feutre-coutures-foncees","status":"publish","type":"product","link":"https:\/\/woolskins.eu\/fr\/wollen-voetenzak-slaapzak-voor-buggy-en-kinderwagen-buggy-beige-felted-donkere-stiksel\/","title":{"rendered":"Wollen Voetenzak Bakigo &#8211; Slaapzak voor Buggy en Kinderwagen | Beige Felted \/ donkere stiksel"},"content":{"rendered":"<p data-start=\"152\" data-end=\"216\"><strong data-start=\"152\" data-end=\"214\">D\u00e9licieux couvre-pieds en laine pour votre b\u00e9b\u00e9 - Woolskins Bakigo<\/strong><\/p>\n<p data-start=\"218\" data-end=\"609\">Sortez en toute insouciance avec votre enfant dans ce v\u00eatement chaud et doux. <strong data-start=\"276\" data-end=\"308\">couvre-pieds en laine pour b\u00e9b\u00e9s<\/strong> par Woolskins. La chanceli\u00e8re Bakigo est sp\u00e9cialement con\u00e7ue pour le landau ou la poussette et offre un confort optimal en toute saison. Woolskins a allong\u00e9 la chanceli\u00e8re de 5 cm, pour que votre enfant puisse l'utiliser plus longtemps, et l'a \u00e9quip\u00e9e d'une ouverture extra large pour la barre de s\u00e9curit\u00e9.<\/p>\n<p data-start=\"611\" data-end=\"959\">La nouvelle version est dot\u00e9e d'un haut zipp\u00e9, id\u00e9al pour n'utiliser que le bas pendant les journ\u00e9es un peu plus chaudes. Gr\u00e2ce aux propri\u00e9t\u00e9s naturelles du <strong data-start=\"778\" data-end=\"785\">laine<\/strong> la chanceli\u00e8re prend instantan\u00e9ment la temp\u00e9rature de votre enfant et la maintient, sans surchauffe ni transpiration. Votre b\u00e9b\u00e9 b\u00e9n\u00e9ficie ainsi d'une chaleur constante et d'un confort optimal.<\/p>\n<p data-start=\"961\" data-end=\"1195\">Parfait pour <strong data-start=\"978\" data-end=\"1008\">toutes les saisons <\/strong>mais il peut \u00eatre utilis\u00e9 toute l'ann\u00e9e gr\u00e2ce \u00e0 son astucieuse fermeture \u00e9clair. Un compl\u00e9ment indispensable \u00e0 toute <strong data-start=\"1119\" data-end=\"1133\">layette b\u00e9b\u00e9<\/strong> Pour les m\u00e8res qui veulent ce qu'il y a de mieux pour leur enfant.<\/p>\n<p data-start=\"1197\" data-end=\"1368\">Avec la chanceli\u00e8re Woolskins Bakigo, vous pouvez \u00eatre s\u00fbr que votre enfant sera toujours bien au chaud et confortable - un investissement dans la chaleur, le confort et la tranquillit\u00e9 d'esprit lors de vos d\u00e9placements.<\/p>\n<p>\u2013 5 cm de plus, ce qui le rend utilisable plus longtemps.<br \/>\n\u2013 Laine vierge 100%, label de qualit\u00e9 Woolmark.<br \/>\n\u2013 Pour la maison et en d\u00e9placement.<br \/>\n\u2013 Ouvertures pour les sangles de s\u00e9curit\u00e9 (5 points).<br \/>\n- Longueur 90 cm x largeur 45 cm.<br \/>\n\u2013 lavable \u00e0 30\u00b0C programme laine.<\/p>\n<p data-start=\"162\" data-end=\"231\"><strong data-start=\"162\" data-end=\"229\">Woolskins label - produits en laine chauds, doux et durables pour votre b\u00e9b\u00e9<\/strong><\/p>\n<p data-start=\"233\" data-end=\"685\">Chez Woolskins, nous pensons que votre enfant m\u00e9rite ce qu'il y a de mieux. C'est pourquoi nous fabriquons des <strong data-start=\"330\" data-end=\"358\">produits en laine pour b\u00e9b\u00e9s<\/strong>, Nos produits, tels que les couvre-pieds, les peaux de mouton et les v\u00eatements en laine, sont enti\u00e8rement fabriqu\u00e9s en laine europ\u00e9enne 100%. Nos produits sont doux, confortables et sans danger pour la peau sensible de votre b\u00e9b\u00e9. Gr\u00e2ce aux propri\u00e9t\u00e9s naturelles de la <strong data-start=\"571\" data-end=\"578\">laine<\/strong> maintient les mains, les pieds et le corps de votre b\u00e9b\u00e9 \u00e0 la temp\u00e9rature id\u00e9ale, sans surchauffe ni transpiration.<\/p>\n<p data-start=\"687\" data-end=\"1186\">Notre collection est con\u00e7ue avec le souci du d\u00e9tail et de la qualit\u00e9. Chaque <strong data-start=\"753\" data-end=\"775\">produit en laine pour b\u00e9b\u00e9<\/strong> by Woolskins est produite de mani\u00e8re durable en Europe, avec une laine hypoallerg\u00e9nique et respirante qui dure des ann\u00e9es. Que vous souhaitiez un <strong data-start=\"906\" data-end=\"926\">sac \u00e0 dos en laine<\/strong>, Que vous soyez \u00e0 la recherche d'une peau de mouton douillette ou d'un v\u00eatement confortable, vous trouverez chez Woolskins tout ce dont vous avez besoin pour que votre b\u00e9b\u00e9 soit bien au chaud, en s\u00e9curit\u00e9 et \u00e0 l'aise. D\u00e9couvrez nos <strong data-start=\"1101\" data-end=\"1137\">produits en laine de premi\u00e8re qualit\u00e9 pour b\u00e9b\u00e9s<\/strong> D\u00e9couvrez pourquoi les parents choisissent Woolskins.<\/p>","protected":false},"excerpt":{"rendered":"<p data-start=\"193\" data-end=\"585\">Gardez votre b\u00e9b\u00e9 bien au chaud pendant toutes les promenades gr\u00e2ce \u00e0 la housse de protection souple. <strong data-start=\"259\" data-end=\"291\">couvre-pieds en laine pour b\u00e9b\u00e9s<\/strong> par Woolskins. La chanceli\u00e8re Bakigo est extra longue pour vous permettre de l'utiliser plus longtemps et dispose d'une large ouverture pour la poign\u00e9e de s\u00e9curit\u00e9, id\u00e9ale pour le landau ou la poussette. La nouvelle fermeture \u00e9clair permet \u00e9galement \u00e0 votre enfant de rester \u00e0 l'aise m\u00eame lorsqu'il fait plus chaud.<\/p>\n<p data-start=\"587\" data-end=\"965\">Gr\u00e2ce aux propri\u00e9t\u00e9s naturelles du <strong data-start=\"628\" data-end=\"635\">laine<\/strong> la chanceli\u00e8re s'adapte \u00e0 la temp\u00e9rature corporelle de votre b\u00e9b\u00e9 et la maintient sans le faire transpirer. Parfaite pour <strong data-start=\"769\" data-end=\"799\">printemps, automne et hiver<\/strong>, Il s'agit d'un compl\u00e9ment indispensable \u00e0 tout <strong data-start=\"839\" data-end=\"853\">layette b\u00e9b\u00e9<\/strong>. Avec Woolskins Bakigo, vous pouvez \u00eatre s\u00fbr que votre b\u00e9b\u00e9 sera toujours confortable et en s\u00e9curit\u00e9 lors de chaque sortie.<\/p>\n<p><strong>Marque : Woolskins<\/strong><br \/>\n<strong>Production : Pologne<\/strong><\/p>\n<p>&nbsp;<\/p>","protected":false},"featured_media":22607,"comment_status":"closed","ping_status":"closed","template":"","meta":{"_acf_changed":false},"product_brand":[],"product_cat":[361,360,364,196,336,194],"product_tag":[],"class_list":{"0":"post-22605","1":"product","2":"type-product","3":"status-publish","4":"has-post-thumbnail","6":"product_cat-babyshower","7":"product_cat-cadeautips","8":"product_cat-cadeaus-vanaf-e50","9":"product_cat-slaapkleding-baby","10":"product_cat-voetenzakken","11":"product_cat-wollen-babyproducten","13":"first","14":"instock","15":"taxable","16":"shipping-taxable","17":"purchasable","18":"product-type-simple"},"acf":[],"_links":{"self":[{"href":"https:\/\/woolskins.eu\/fr\/wp-json\/wp\/v2\/product\/22605","targetHints":{"allow":["GET"]}}],"collection":[{"href":"https:\/\/woolskins.eu\/fr\/wp-json\/wp\/v2\/product"}],"about":[{"href":"https:\/\/woolskins.eu\/fr\/wp-json\/wp\/v2\/types\/product"}],"replies":[{"embeddable":true,"href":"https:\/\/woolskins.eu\/fr\/wp-json\/wp\/v2\/comments?post=22605"}],"wp:featuredmedia":[{"embeddable":true,"href":"https:\/\/woolskins.eu\/fr\/wp-json\/wp\/v2\/media\/22607"}],"wp:attachment":[{"href":"https:\/\/woolskins.eu\/fr\/wp-json\/wp\/v2\/media?parent=22605"}],"wp:term":[{"taxonomy":"product_brand","embeddable":true,"href":"https:\/\/woolskins.eu\/fr\/wp-json\/wp\/v2\/product_brand?post=22605"},{"taxonomy":"product_cat","embeddable":true,"href":"https:\/\/woolskins.eu\/fr\/wp-json\/wp\/v2\/product_cat?post=22605"},{"taxonomy":"product_tag","embeddable":true,"href":"https:\/\/woolskins.eu\/fr\/wp-json\/wp\/v2\/product_tag?post=22605"}],"curies":[{"name":"wp","href":"https:\/\/api.w.org\/{rel}","templated":true}]}}