{"id":22397,"date":"2024-11-13T09:41:52","date_gmt":"2024-11-13T09:41:52","guid":{"rendered":"https:\/\/woolskins.eu\/?post_type=product&#038;p=22397"},"modified":"2025-12-17T13:33:49","modified_gmt":"2025-12-17T13:33:49","slug":"bebe-laine-tulipe-nouveau-ne-zaffiro-teddy-gris-clair-100-laine","status":"publish","type":"product","link":"https:\/\/woolskins.eu\/fr\/babymuts-wol-tulip-newborn-zaffiro-teddy-licht-grijs-100-wol\/","title":{"rendered":"Chapeau b\u00e9b\u00e9 laine \u2018Tulipe\u2019 Nouveau-n\u00e9 - Zaffiro | Teddy gris clair"},"content":{"rendered":"<p>Le bonnet de laine \u2018Tulipe\u2019 de Zaffiro gardera votre b\u00e9b\u00e9 merveilleusement au chaud. Fabriqu\u00e9 en laine d'agneau douce et de haute qualit\u00e9, ce bonnet \u00e9l\u00e9gant de la marque Zaffiro offre un confort et une chaleur exceptionnels. La forme unique de tulipe assure un ajustement parfait et prot\u00e8ge la t\u00eate et les oreilles d\u00e9licates de votre b\u00e9b\u00e9 contre le froid et le vent. Le bonnet est dot\u00e9 de cordons de serrage pour l'attacher, d'une jolie bordure et d'un pompon. Fabriqu\u00e9 \u00e0 la main en laine d'agneau 100%<\/p>\n<p>caract\u00e9ristiques :<\/p>\n<ul>\n<li>Laine d'agneau de premi\u00e8re qualit\u00e9 : procure une chaleur et une douceur optimales pour les peaux sensibles.<\/li>\n<li>Mod\u00e8le tulipe classique : offre une coupe \u00e9l\u00e9gante et confortable.<\/li>\n<li>Durable : con\u00e7u pour durer, m\u00eame en cas d'utilisation fr\u00e9quente.<\/li>\n<li>Facile \u00e0 entretenir : Facile \u00e0 nettoyer et \u00e0 entretenir.<\/li>\n<\/ul>\n<p>Parfait pour :<\/p>\n<ul>\n<li>Sorties et aventures quotidiennes.<\/li>\n<li>Temps hivernal et soir\u00e9es froides.<\/li>\n<li>Cadeaux pour les nouveaux parents.<\/li>\n<\/ul>\n<p>Choisissez le bonnet pour b\u00e9b\u00e9 Tulip en laine de Zaffiro pour une touche d'\u00e9l\u00e9gance et une chaleur pratique. Chapeau pour b\u00e9b\u00e9 en laine.<\/p>\n<p data-start=\"63\" data-end=\"427\"><strong data-start=\"63\" data-end=\"83\">Instructions de lavage<\/strong><\/p>\n<p data-start=\"63\" data-end=\"427\">Pour conserver la beaut\u00e9 et la douceur de ce tissu Teddy en laine, nous recommandons de le laver \u00e0 la main \u00e0 une temp\u00e9rature maximale de 30 \u00b0C. Proc\u00e9dez avec pr\u00e9caution et utilisez un d\u00e9tergent doux pour la laine. \u00c9vitez l'eau de Javel, le repassage, le s\u00e8che-linge et l'essorage. Laissez le tissu s\u00e9cher \u00e0 plat pour pr\u00e9server sa forme. Le nettoyage \u00e0 sec est \u00e9galement possible.<\/p>\n<p data-start=\"429\" data-end=\"552\">\u2728 <strong data-start=\"431\" data-end=\"439\">Astuce:<\/strong> La laine n'a pas besoin d'\u00eatre lav\u00e9e souvent. Une a\u00e9ration rapide \u00e0 l'ext\u00e9rieur suffit souvent \u00e0 conserver la fra\u00eecheur du tissu.<\/p>\n<p data-start=\"554\" data-end=\"817\">\ud83c\udf3f <strong data-start=\"557\" data-end=\"588\">Pourquoi la laine est sp\u00e9ciale : <\/strong>La laine est naturellement autonettoyante et anti-salissures. Les odeurs disparaissent simplement en a\u00e9rant le tissu et la salet\u00e9 adh\u00e8re moins facilement qu'avec d'autres mati\u00e8res. Votre tissu en laine reste donc frais plus longtemps, sans n\u00e9cessiter beaucoup d'entretien.<\/p>","protected":false},"excerpt":{"rendered":"<p>Le bonnet de laine \u2018Tulipe\u2019 de Zaffiro gardera votre b\u00e9b\u00e9 merveilleusement au chaud. Fabriqu\u00e9 en laine d'agneau douce et de haute qualit\u00e9, ce bonnet \u00e9l\u00e9gant de la marque Zaffiro offre un confort et une chaleur exceptionnels. La forme unique de tulipe assure un ajustement parfait et prot\u00e8ge la t\u00eate et les oreilles d\u00e9licates de votre b\u00e9b\u00e9 contre le froid et le vent. Le bonnet est dot\u00e9 de cordons de serrage pour l'attacher, d'une jolie bordure et d'un pompon. Fabriqu\u00e9 \u00e0 la main en laine d'agneau 100%. Bonnet en laine pour b\u00e9b\u00e9<\/p>\n<p><strong>Marque : Zaffiro<\/strong><br \/>\n<strong>Production : Pologne<br \/>\nKeur: Oeko-Tex Standard<\/strong><\/p>\n<p><img loading=\"lazy\" decoding=\"async\" class=\"alignnone wp-image-28173 entered lazyloaded\" src=\"https:\/\/woolskins.eu\/wp-content\/uploads\/2024\/05\/csm_OEKO-TEX_Logo_2022_rgb_c1aaeb5ceb-300x300.jpg\" alt=\"\" width=\"89\" height=\"89\" data-lazy-src=\"https:\/\/woolskins.eu\/wp-content\/uploads\/2024\/05\/csm_OEKO-TEX_Logo_2022_rgb_c1aaeb5ceb-300x300.jpg\" data-ll-status=\"loaded\" srcset=\"https:\/\/woolskins.eu\/wp-content\/uploads\/2024\/05\/csm_OEKO-TEX_Logo_2022_rgb_c1aaeb5ceb-300x300.jpg 300w, https:\/\/woolskins.eu\/wp-content\/uploads\/2024\/05\/csm_OEKO-TEX_Logo_2022_rgb_c1aaeb5ceb-150x150.jpg 150w, https:\/\/woolskins.eu\/wp-content\/uploads\/2024\/05\/csm_OEKO-TEX_Logo_2022_rgb_c1aaeb5ceb-768x769.jpg 768w, https:\/\/woolskins.eu\/wp-content\/uploads\/2024\/05\/csm_OEKO-TEX_Logo_2022_rgb_c1aaeb5ceb-12x12.jpg 12w, https:\/\/woolskins.eu\/wp-content\/uploads\/2024\/05\/csm_OEKO-TEX_Logo_2022_rgb_c1aaeb5ceb-600x601.jpg 600w, https:\/\/woolskins.eu\/wp-content\/uploads\/2024\/05\/csm_OEKO-TEX_Logo_2022_rgb_c1aaeb5ceb-100x100.jpg 100w, https:\/\/woolskins.eu\/wp-content\/uploads\/2024\/05\/csm_OEKO-TEX_Logo_2022_rgb_c1aaeb5ceb-64x64.jpg 64w, https:\/\/woolskins.eu\/wp-content\/uploads\/2024\/05\/csm_OEKO-TEX_Logo_2022_rgb_c1aaeb5ceb.jpg 885w\" sizes=\"auto, (max-width: 89px) 100vw, 89px\" \/><\/p>","protected":false},"featured_media":22400,"comment_status":"open","ping_status":"closed","template":"","meta":{"_acf_changed":false},"product_brand":[],"product_cat":[361,363,200,352,499,196,346,502],"product_tag":[],"class_list":{"0":"post-22397","1":"product","2":"type-product","3":"status-publish","4":"has-post-thumbnail","6":"product_cat-babyshower","7":"product_cat-cadeaus-e25-e50","8":"product_cat-wollen-babykleding","9":"product_cat-merken","10":"product_cat-new-arrivals","11":"product_cat-slaapkleding-baby","12":"product_cat-mutsjesensjaaltjes","13":"product_cat-zaffiro","15":"first","16":"instock","17":"taxable","18":"shipping-taxable","19":"purchasable","20":"product-type-variable"},"acf":[],"_links":{"self":[{"href":"https:\/\/woolskins.eu\/fr\/wp-json\/wp\/v2\/product\/22397","targetHints":{"allow":["GET"]}}],"collection":[{"href":"https:\/\/woolskins.eu\/fr\/wp-json\/wp\/v2\/product"}],"about":[{"href":"https:\/\/woolskins.eu\/fr\/wp-json\/wp\/v2\/types\/product"}],"replies":[{"embeddable":true,"href":"https:\/\/woolskins.eu\/fr\/wp-json\/wp\/v2\/comments?post=22397"}],"wp:featuredmedia":[{"embeddable":true,"href":"https:\/\/woolskins.eu\/fr\/wp-json\/wp\/v2\/media\/22400"}],"wp:attachment":[{"href":"https:\/\/woolskins.eu\/fr\/wp-json\/wp\/v2\/media?parent=22397"}],"wp:term":[{"taxonomy":"product_brand","embeddable":true,"href":"https:\/\/woolskins.eu\/fr\/wp-json\/wp\/v2\/product_brand?post=22397"},{"taxonomy":"product_cat","embeddable":true,"href":"https:\/\/woolskins.eu\/fr\/wp-json\/wp\/v2\/product_cat?post=22397"},{"taxonomy":"product_tag","embeddable":true,"href":"https:\/\/woolskins.eu\/fr\/wp-json\/wp\/v2\/product_tag?post=22397"}],"curies":[{"name":"wp","href":"https:\/\/api.w.org\/{rel}","templated":true}]}}