{"id":22267,"date":"2024-11-06T11:12:23","date_gmt":"2024-11-06T11:12:23","guid":{"rendered":"https:\/\/woolskins.eu\/?post_type=product&#038;p=22267"},"modified":"2026-03-29T18:44:02","modified_gmt":"2026-03-29T18:44:02","slug":"couverture-en-laine-couverture-pour-bebe-nouveau-ne-beige","status":"publish","type":"product","link":"https:\/\/woolskins.eu\/fr\/wollen-wiegdeken-babydeken-newborn-beige\/","title":{"rendered":"Couverture de berceau en laine \/ Couverture pour b\u00e9b\u00e9 Nouveau-n\u00e9"},"content":{"rendered":"<p>Votre enfant dormira \u00e0 merveille et r\u00eavera dans cette confortable couverture en laine de notre collection \u00ab Nouveau-n\u00e9 \u00bb. Cette couverture est douce et a\u00e9r\u00e9e et est id\u00e9ale par temps chaud. Ils ont une apparence belle et luxueuse et sont extr\u00eamement confortables. L&#039;int\u00e9rieur de la couverture est enti\u00e8rement en laine. Vous pouvez facilement l&#039;emporter avec vous lors de vos d\u00e9placements pour garder votre b\u00e9b\u00e9 au chaud.<\/p>\n<p>\u2013 Disponible exclusivement chez Woolskins<br \/>\n\u2013 Double face, une face (int\u00e9rieur) enti\u00e8rement en laine.<br \/>\n\u2013 Woolblend 56% pure laine vierge non transform\u00e9e (label de qualit\u00e9 Woolmark) fibre synth\u00e9tique 44%.<br \/>\n\u2013 Pour la maison et en d\u00e9placement.<br \/>\n\u2013 Dimensions : 65 x 90 cm et 90 x 130 cm<br \/>\n\u2013 Production europ\u00e9enne.<br \/>\n\u2013 lavable \u00e0 30\u00b0C programme laine.<\/p>\n<p>Nos couvertures Eco Woolblend conviennent tr\u00e8s bien aux plus petits gr\u00e2ce aux propri\u00e9t\u00e9s naturelles des fibres de laine. Ceux-ci respirent et ont la propri\u00e9t\u00e9 d&#039;agir comme un thermostat naturel qui r\u00e9gule la temp\u00e9rature corporelle ? Cela aide votre b\u00e9b\u00e9 \u00e0 maintenir une temp\u00e9rature stable et \u00e0 le garder au sec et \u00e0 l&#039;aise.<\/p>\n<p>Ce produit porte le label de qualit\u00e9 Safe for Children et Woolmark.<\/p>\n<h5>\u00c9tiquette de peaux de laine<\/h5>\n<p>Apr\u00e8s des ann\u00e9es de collaboration fructueuse avec Alwero, nous pouvons \u00eatre fiers d&#039;annoncer que nous proposons d\u00e9sormais nos produits sous notre propre label Woolskins.<\/p>\n<p>De cette fa\u00e7on, vous obtenez toujours la meilleure qualit\u00e9, mais combin\u00e9e avec les produits et designs les plus beaux et uniques.<\/p>\n<p>La qualit\u00e9 des tissus et des couleurs reste la m\u00eame qu&#039;elle a toujours \u00e9t\u00e9, mais il existe d\u00e9sormais un plus grand choix qui, selon Woolskins, peut se distinguer.<\/p>\n<p>Notre vaste collection est compos\u00e9e de telle mani\u00e8re qu&#039;ils constituent un bon compl\u00e9ment \u00e0 tout ensemble pour b\u00e9b\u00e9, fabriqu\u00e9s \u00e0 partir de laine europ\u00e9enne 100% qui respire et convient \u00e0 chaque saison.<\/p>\n<p>Nous unissons nos forces avec enthousiasme pour cr\u00e9er un produit durable, naturel et des plus confortables pour votre enfant.<\/p>","protected":false},"excerpt":{"rendered":"<p>Votre enfant dormira \u00e0 merveille et r\u00eavera sous cette confortable couverture de berceau en laine. La couverture de berceau en laine est souple et tr\u00e8s douce et est termin\u00e9e par un passepoil. Ils ont une apparence belle et luxueuse et appartiennent \u00e0 chaque ensemble pour b\u00e9b\u00e9. Les couvertures en laine respirent et prennent imm\u00e9diatement la temp\u00e9rature de votre enfant. Ils ont la taille et le poids id\u00e9aux pour dormir ou jouer. Utilisez-le \u00e0 la maison ou en d\u00e9placement pour garder votre enfant au chaud. La couverture convient \u00e0 chaque saison et constitue un cadeau parfait pour une baby shower ou une visite de maternit\u00e9.<\/p>\n<p><strong>Marque : Woolskins<\/strong><br \/>\n<strong>Production : Pologne<\/strong><\/p>","protected":false},"featured_media":22270,"comment_status":"open","ping_status":"closed","template":"","meta":{"_acf_changed":false},"product_brand":[],"product_cat":[360,363,196,318,194],"product_tag":[],"class_list":{"0":"post-22267","1":"product","2":"type-product","3":"status-publish","4":"has-post-thumbnail","6":"product_cat-cadeautips","7":"product_cat-cadeaus-e25-e50","8":"product_cat-slaapkleding-baby","9":"product_cat-wollen-wiegdeken-ledikantdeken","10":"product_cat-wollen-babyproducten","11":"pa_maat-65-x-90-cm","12":"pa_maat-90-x-130-cm","14":"first","15":"instock","16":"taxable","17":"shipping-taxable","18":"purchasable","19":"product-type-variable"},"acf":[],"_links":{"self":[{"href":"https:\/\/woolskins.eu\/fr\/wp-json\/wp\/v2\/product\/22267","targetHints":{"allow":["GET"]}}],"collection":[{"href":"https:\/\/woolskins.eu\/fr\/wp-json\/wp\/v2\/product"}],"about":[{"href":"https:\/\/woolskins.eu\/fr\/wp-json\/wp\/v2\/types\/product"}],"replies":[{"embeddable":true,"href":"https:\/\/woolskins.eu\/fr\/wp-json\/wp\/v2\/comments?post=22267"}],"wp:featuredmedia":[{"embeddable":true,"href":"https:\/\/woolskins.eu\/fr\/wp-json\/wp\/v2\/media\/22270"}],"wp:attachment":[{"href":"https:\/\/woolskins.eu\/fr\/wp-json\/wp\/v2\/media?parent=22267"}],"wp:term":[{"taxonomy":"product_brand","embeddable":true,"href":"https:\/\/woolskins.eu\/fr\/wp-json\/wp\/v2\/product_brand?post=22267"},{"taxonomy":"product_cat","embeddable":true,"href":"https:\/\/woolskins.eu\/fr\/wp-json\/wp\/v2\/product_cat?post=22267"},{"taxonomy":"product_tag","embeddable":true,"href":"https:\/\/woolskins.eu\/fr\/wp-json\/wp\/v2\/product_tag?post=22267"}],"curies":[{"name":"wp","href":"https:\/\/api.w.org\/{rel}","templated":true}]}}