{"id":22072,"date":"2024-10-22T14:50:02","date_gmt":"2024-10-22T14:50:02","guid":{"rendered":"https:\/\/woolskins.eu\/?post_type=product&#038;p=22072"},"modified":"2026-02-06T09:34:55","modified_gmt":"2026-02-06T09:34:55","slug":"tapis-de-parc-en-peau-de-mouton-comfort-copy","status":"publish","type":"product","link":"https:\/\/woolskins.eu\/fr\/schapenvacht-boxkleed-speelkleed-comfort-kopie\/","title":{"rendered":"Couvre-lit\/plateau de jeu en peau de mouton - Confort \u00d8 100cm"},"content":{"rendered":"<p>Le tapis de parc rond Woolskins Eco Baby-Care a une fourrure plus courte qui le rend imperm\u00e9able aux b\u00e9b\u00e9s. Ils conviennent d\u00e8s la naissance et, comme leur traitement tient compte de l'environnement, ils prot\u00e8gent \u00e0 la fois les petits et la plan\u00e8te. \u00c0 la maison ou \u00e0 l'ext\u00e9rieur, vous cr\u00e9ez un environnement confortable o\u00f9 votre enfant se sent heureux et d\u00e9tendu. Saviez-vous qu'une peau de mouton est \u00e9galement saine pour votre enfant ?<\/p>\n<p>- \u00d8 100cm.<br \/>\n\u2013 Bronzage m\u00e9dicinal.<br \/>\n\u2013 Poil doux et compact.<br \/>\n- Facile \u00e0 maintenir.<\/p>\n<p>Commandez une brosse d&#039;entretien pour garder longtemps votre pelage beau et\/ou faites personnaliser votre pelage avec les d\u00e9tails de naissance de votre\/de l&#039;enfant. Un cadeau magnifique et unique, exclusivement disponible chez Woolskins. Standard \u00ab\u00a0pr\u00eat \u00e0 offrir\u00a0\u00bb emball\u00e9 avec une note personnelle.<\/p>\n<p><strong>Propri\u00e9t\u00e9s Confort Peau de Mouton<\/strong><\/p>\n<p>Cette peau de mouton Baby-Care provient de moutons anglais. C&#039;est un pelage tr\u00e8s doux et joliment compact. Ce manteau Comfort est \u00ab la \u00bb peau de mouton que nous connaissons du pass\u00e9, nous l&#039;avons seulement fait tondre \u00e0 une courte longueur. Tr\u00e8s s\u00fbr. Comme tous nos autres manteaux, les fibres de laine respirent. Cela aide votre b\u00e9b\u00e9 \u00e0 maintenir une temp\u00e9rature stable et \u00e0 le garder au sec et \u00e0 l&#039;aise. Frais en \u00e9t\u00e9 et chaud en hiver.<\/p>\n<p><strong>Respectueux de la nature<\/strong><\/p>\n<p>Tous les produits utilis\u00e9s en tannerie et en finition sont conformes aux directives essentielles de l&#039;UE relatives \u00e0 la pr\u00e9servation et \u00e0 la protection de l&#039;environnement.<\/p>\n<p>Nos polaires sont tann\u00e9es conform\u00e9ment \u00e0 la r\u00e9glementation REACH, qui a \u00e9t\u00e9 adopt\u00e9e pour am\u00e9liorer la protection de la sant\u00e9 humaine et de l&#039;environnement contre les risques que peuvent pr\u00e9senter les produits chimiques, tout en augmentant la comp\u00e9titivit\u00e9 de l&#039;industrie chimique europ\u00e9enne. Aucun colorant AZO n\u2019est utilis\u00e9 dans la production.<\/p>\n<p>PRODUITS \u00c9COLOGIQUES \u2013 les peaux sont des peaux \u00e9cologiques, leur transformation et leur traitement sont sans danger pour les adultes et les enfants. Les peaux sont biod\u00e9gradables, biologiques.<\/p>\n<p>Woolskins ne vend pas de toisons de mouton auxquelles le Mulesing a \u00e9t\u00e9 appliqu\u00e9 ! Le mulesing n&#039;est pas utilis\u00e9 chez les moutons europ\u00e9ens car le parasite qui pousse les agriculteurs \u00e0 utiliser le mulesing n&#039;est pas pr\u00e9sent en Europe.<\/p>\n<p><strong>Dormeurs sur le ventre\u2026 attention !<\/strong><\/p>\n<p>Les enfants qui dorment sur le ventre pendant les 12 premiers mois ne doivent pas dormir sur un objet mou pour des raisons de s\u00e9curit\u00e9, car cela peut \u00eatre dangereux. Nous vous recommandons donc d&#039;utiliser le manteau Woolskins \u00e0 bon escient ! Soyez toujours attentif lorsque votre enfant est allong\u00e9 ou dort sur le ventre et assurez-vous qu&#039;il est toujours surveill\u00e9.<\/p>","protected":false},"excerpt":{"rendered":"<p>Sur ce tapis rond et confortable en peau de mouton, votre enfant peut jouer et se reposer. Gr\u00e2ce \u00e0 ses \u2018super-pouvoirs\u2019 naturels, il est chaud en hiver et frais en \u00e9t\u00e9. En effet, il prend instantan\u00e9ment la temp\u00e9rature du corps. Ils conviennent d\u00e8s la naissance et, comme leur traitement tient compte de l'environnement, ils prot\u00e8gent \u00e0 la fois les petits et la plan\u00e8te. \u00c0 la maison ou \u00e0 l'ext\u00e9rieur, vous cr\u00e9ez un environnement confortable dans lequel votre enfant se sent heureux et d\u00e9tendu. Saviez-vous qu'une peau de mouton est \u00e9galement saine pour votre enfant ?<\/p>\n<p><strong>Marque : Woolskins<\/strong><br \/>\n<strong>Production : Pologne<\/strong><\/p>","protected":false},"featured_media":22078,"comment_status":"closed","ping_status":"closed","template":"","meta":{"_acf_changed":false},"product_brand":[],"product_cat":[216,527,354],"product_tag":[],"class_list":{"0":"post-22072","1":"product","2":"type-product","3":"status-publish","4":"has-post-thumbnail","6":"product_cat-schapenvacht-voor-baby","7":"product_cat-wollen-schapenvacht-boxkleed-speelkleed","8":"product_cat-woolskins","10":"first","11":"instock","12":"taxable","13":"shipping-taxable","14":"purchasable","15":"product-type-variable","16":"has-default-attributes"},"acf":[],"_links":{"self":[{"href":"https:\/\/woolskins.eu\/fr\/wp-json\/wp\/v2\/product\/22072","targetHints":{"allow":["GET"]}}],"collection":[{"href":"https:\/\/woolskins.eu\/fr\/wp-json\/wp\/v2\/product"}],"about":[{"href":"https:\/\/woolskins.eu\/fr\/wp-json\/wp\/v2\/types\/product"}],"replies":[{"embeddable":true,"href":"https:\/\/woolskins.eu\/fr\/wp-json\/wp\/v2\/comments?post=22072"}],"wp:featuredmedia":[{"embeddable":true,"href":"https:\/\/woolskins.eu\/fr\/wp-json\/wp\/v2\/media\/22078"}],"wp:attachment":[{"href":"https:\/\/woolskins.eu\/fr\/wp-json\/wp\/v2\/media?parent=22072"}],"wp:term":[{"taxonomy":"product_brand","embeddable":true,"href":"https:\/\/woolskins.eu\/fr\/wp-json\/wp\/v2\/product_brand?post=22072"},{"taxonomy":"product_cat","embeddable":true,"href":"https:\/\/woolskins.eu\/fr\/wp-json\/wp\/v2\/product_cat?post=22072"},{"taxonomy":"product_tag","embeddable":true,"href":"https:\/\/woolskins.eu\/fr\/wp-json\/wp\/v2\/product_tag?post=22072"}],"curies":[{"name":"wp","href":"https:\/\/api.w.org\/{rel}","templated":true}]}}