{"id":22029,"date":"2024-10-22T11:49:37","date_gmt":"2024-10-22T11:49:37","guid":{"rendered":"https:\/\/woolskins.eu\/?post_type=product&#038;p=22029"},"modified":"2026-03-31T12:34:01","modified_gmt":"2026-03-31T12:34:01","slug":"a-basic-brand-baby-cardigan-riby-navy","status":"publish","type":"product","link":"https:\/\/woolskins.eu\/fr\/a-basic-brand-baby-vest-rib-navy\/","title":{"rendered":"A Basic Brand - Baby Cardigan Rib | Navy"},"content":{"rendered":"<h6>Une marque pour b\u00e9b\u00e9<\/h6>\n<p>Cardigan unisexe en coton c\u00f4tel\u00e9, avec une finition brute ludique. S&#039;ouvre enti\u00e8rement gr\u00e2ce \u00e0 des petits boutons pressions. \u00c0 assortir avec des leggings c\u00f4tel\u00e9s, des shorts ou des bloomers pour un look d\u00e9contract\u00e9 branch\u00e9.<\/p>\n<p>Coton 97% 3% \u00e9lasthanne. NORME 100 d&#039;OEKO-TEX\u00ae<\/p>\n<p>Tailles\u00a0:<\/p>\n<p>entrejambe cm \/ longueur totale cm \/ longueur manche cm<\/p>\n<p>0m \u2013 22,5 \/ 18 \/ 23<br \/>\n3m \u2013 25,5 \/ 21 \/ 25<br \/>\n6m - 28,5 \/ 24 \/ 27<\/p>\n<h5>Une marque pour b\u00e9b\u00e9<\/h5>\n<p>D\u00e9couvrez une garde-robe v\u00e9ritablement minimaliste pleine d&#039;essentiels pratiques. M\u00e9langez et assortissez nos mod\u00e8les et couleurs unisexes. Pas de logo, pas d&#039;impression, pas de chichi.<\/p>\n<p>Notre mission est de vous faciliter la vie, c&#039;est pourquoi l&#039;une des id\u00e9es principales derri\u00e8re notre philosophie est la PRATIQUE. Nous nous soucions \u00e9galement profond\u00e9ment de notre plan\u00e8te et souhaitons que tout le monde m\u00e8ne une vie plus minimaliste et utilise donc moins de v\u00eatements (#CONSUMEWISELY).<\/p>\n<p>C&#039;est pourquoi la qualit\u00e9 de nos produits est la plus \u00e9lev\u00e9e possible. Vous pouvez les utiliser pendant des ann\u00e9es et les transmettre une fois que vous avez termin\u00e9. Nous utilisons des tissus de qualit\u00e9 sup\u00e9rieure certifi\u00e9s GOTS en coton biologique et STANDARD 100 by OEKO-TEX\u00ae. Tous nos produits peuvent \u00eatre lav\u00e9s et s\u00e9ch\u00e9s en machine aussi souvent que vous le souhaitez. Vous d\u00e9couvrirez que notre molleton de coton n&#039;a m\u00eame pas besoin d&#039;\u00eatre repass\u00e9 pour \u00eatre beau.<\/p>","protected":false},"excerpt":{"rendered":"<h6>Une marque pour b\u00e9b\u00e9<\/h6>\n<p>Cardigan unisexe en coton c\u00f4tel\u00e9, avec une finition brute ludique. S&#039;ouvre enti\u00e8rement gr\u00e2ce \u00e0 des petits boutons pressions. \u00c0 assortir avec des leggings c\u00f4tel\u00e9s, des shorts ou des bloomers pour un look d\u00e9contract\u00e9 branch\u00e9.<\/p>","protected":false},"featured_media":22034,"comment_status":"closed","ping_status":"closed","template":"","meta":{"_acf_changed":false},"product_brand":[],"product_cat":[335,361,360,363,529,530],"product_tag":[423,430,432,433,434,431,425],"class_list":{"0":"post-22029","1":"product","2":"type-product","3":"status-publish","4":"has-post-thumbnail","6":"product_cat-a_baby_brand","7":"product_cat-babyshower","8":"product_cat-cadeautips","9":"product_cat-cadeaus-e25-e50","10":"product_cat-katoenen-babykleertjes","11":"product_cat-katoenen-babyshirt","12":"product_tag-a-baby-brand","13":"product_tag-babykleding","14":"product_tag-babyromper","15":"product_tag-babyrompertjes","16":"product_tag-babyuitzet","17":"product_tag-wollen-babykleding","18":"product_tag-woolskins","19":"pa_maat-0-maanden","20":"pa_maat-1-jaar","21":"pa_maat-3-maanden","22":"pa_maat-6-maanden","24":"first","25":"instock","26":"taxable","27":"shipping-taxable","28":"purchasable","29":"product-type-variable"},"acf":[],"_links":{"self":[{"href":"https:\/\/woolskins.eu\/fr\/wp-json\/wp\/v2\/product\/22029","targetHints":{"allow":["GET"]}}],"collection":[{"href":"https:\/\/woolskins.eu\/fr\/wp-json\/wp\/v2\/product"}],"about":[{"href":"https:\/\/woolskins.eu\/fr\/wp-json\/wp\/v2\/types\/product"}],"replies":[{"embeddable":true,"href":"https:\/\/woolskins.eu\/fr\/wp-json\/wp\/v2\/comments?post=22029"}],"wp:featuredmedia":[{"embeddable":true,"href":"https:\/\/woolskins.eu\/fr\/wp-json\/wp\/v2\/media\/22034"}],"wp:attachment":[{"href":"https:\/\/woolskins.eu\/fr\/wp-json\/wp\/v2\/media?parent=22029"}],"wp:term":[{"taxonomy":"product_brand","embeddable":true,"href":"https:\/\/woolskins.eu\/fr\/wp-json\/wp\/v2\/product_brand?post=22029"},{"taxonomy":"product_cat","embeddable":true,"href":"https:\/\/woolskins.eu\/fr\/wp-json\/wp\/v2\/product_cat?post=22029"},{"taxonomy":"product_tag","embeddable":true,"href":"https:\/\/woolskins.eu\/fr\/wp-json\/wp\/v2\/product_tag?post=22029"}],"curies":[{"name":"wp","href":"https:\/\/api.w.org\/{rel}","templated":true}]}}