{"id":21511,"date":"2024-09-25T09:43:25","date_gmt":"2024-09-25T09:43:25","guid":{"rendered":"https:\/\/woolskins.eu\/?post_type=product&#038;p=21511"},"modified":"2025-12-17T11:59:07","modified_gmt":"2025-12-17T11:59:07","slug":"moufles-en-laine-unisexe-zaffiro-feutre-beige","status":"publish","type":"product","link":"https:\/\/woolskins.eu\/fr\/wollen-wanten-unisex-zaffiro-felted-beige\/","title":{"rendered":"Moufles unisexe en laine - Zaffiro | feutr\u00e9e beige"},"content":{"rendered":"<h5>Moufles en laine - Zaffiro<\/h5>\n<p>Gardez vos mains merveilleusement chaudes et confortables avec les moufles en laine de Zaffiro. Ces moufles en laine chaude sont le moyen id\u00e9al de garder vos mains au chaud pendant les journ\u00e9es froides. Fabriqu\u00e9es en laine naturelle feutr\u00e9e de premi\u00e8re qualit\u00e9, elles sont douces pour les peaux sensibles. Les moufles en laine offrent une excellente isolation lorsque vous vous d\u00e9placez avec votre b\u00e9b\u00e9.<\/p>\n<p>Quelques fonctionnalit\u00e9s :<\/p>\n<ul>\n<li>Chaleur : La laine isole naturellement et garde les mains de votre b\u00e9b\u00e9 bien au chaud m\u00eame par temps les plus froids.<\/li>\n<li>Douceur : les mitaines sont faites de laine luxueusement douce qui n&#039;irritera pas la peau de votre b\u00e9b\u00e9.<\/li>\n<li>Respirabilit\u00e9 : La laine est naturellement respirante, gardant les mains de votre b\u00e9b\u00e9 confortables et sans transpiration.<\/li>\n<li>Les mitaines peuvent \u00eatre facilement combin\u00e9es avec tous les autres produits de notre collection Felted.<\/li>\n<\/ul>\n<p data-sourcepos=\"5:1-5:57\">Taille : Taille unique S\/M (longueur 27cm x 10.5cm)<\/p>\n<h5>Zaffiro<\/h5>\n<p>La soci\u00e9t\u00e9 Zaffiro est une entreprise familiale polonaise. Depuis nos d\u00e9buts en 1989, nous sommes sp\u00e9cialis\u00e9s dans la production de produits pour b\u00e9b\u00e9s et enfants et la plupart de ce que nous produisons est export\u00e9 dans plus de 40 pays. Nous avons cr\u00e9\u00e9 la marque Zaffiro pour promouvoir des produits qui soutiennent les parents conscients de l&#039;importance de l&#039;intimit\u00e9 et du lien avec leur b\u00e9b\u00e9 d\u00e8s les premi\u00e8res heures apr\u00e8s la naissance. Nous promouvons le concept du portage des enfants \u00ab c\u0153ur \u00e0 c\u0153ur \u00bb dans des porte-b\u00e9b\u00e9s et des porte-b\u00e9b\u00e9s, r\u00e9introduisant, red\u00e9couvrant et d\u00e9veloppant la sage tradition des g\u00e9n\u00e9rations pr\u00e9c\u00e9dentes en tenant compte de la recherche psychologique contemporaine.<\/p>","protected":false},"excerpt":{"rendered":"<p>Gardez vos mains merveilleusement chaudes et confortables avec les moufles en laine de Zaffiro. Ces moufles en laine chaude sont le moyen id\u00e9al de garder vos mains au chaud pendant les journ\u00e9es froides. Fabriqu\u00e9es en laine naturelle feutr\u00e9e de premi\u00e8re qualit\u00e9, elles sont douces pour les peaux sensibles. Les moufles en laine offrent une excellente isolation lorsque vous vous d\u00e9placez pendant les jours un peu plus froids.<\/p>\n<p>Taille : Taille unique S\/M (longueur 27cm x 10.5cm)<\/p>\n<div class=\"woocommerce-product-details__short-description\">\n<p><strong>Marque : Zaffiro<\/strong><br \/>\n<strong>Production : Pologne<br \/>\nKeur: Oeko-Tex Standard<\/strong><\/p>\n<p><img loading=\"lazy\" decoding=\"async\" class=\"alignnone wp-image-28173 entered lazyloaded\" src=\"https:\/\/woolskins.eu\/wp-content\/uploads\/2024\/05\/csm_OEKO-TEX_Logo_2022_rgb_c1aaeb5ceb-300x300.jpg\" alt=\"\" width=\"89\" height=\"89\" data-lazy-src=\"https:\/\/woolskins.eu\/wp-content\/uploads\/2024\/05\/csm_OEKO-TEX_Logo_2022_rgb_c1aaeb5ceb-300x300.jpg\" data-ll-status=\"loaded\" srcset=\"https:\/\/woolskins.eu\/wp-content\/uploads\/2024\/05\/csm_OEKO-TEX_Logo_2022_rgb_c1aaeb5ceb-300x300.jpg 300w, https:\/\/woolskins.eu\/wp-content\/uploads\/2024\/05\/csm_OEKO-TEX_Logo_2022_rgb_c1aaeb5ceb-150x150.jpg 150w, https:\/\/woolskins.eu\/wp-content\/uploads\/2024\/05\/csm_OEKO-TEX_Logo_2022_rgb_c1aaeb5ceb-768x769.jpg 768w, https:\/\/woolskins.eu\/wp-content\/uploads\/2024\/05\/csm_OEKO-TEX_Logo_2022_rgb_c1aaeb5ceb-12x12.jpg 12w, https:\/\/woolskins.eu\/wp-content\/uploads\/2024\/05\/csm_OEKO-TEX_Logo_2022_rgb_c1aaeb5ceb-600x601.jpg 600w, https:\/\/woolskins.eu\/wp-content\/uploads\/2024\/05\/csm_OEKO-TEX_Logo_2022_rgb_c1aaeb5ceb-100x100.jpg 100w, https:\/\/woolskins.eu\/wp-content\/uploads\/2024\/05\/csm_OEKO-TEX_Logo_2022_rgb_c1aaeb5ceb-64x64.jpg 64w, https:\/\/woolskins.eu\/wp-content\/uploads\/2024\/05\/csm_OEKO-TEX_Logo_2022_rgb_c1aaeb5ceb.jpg 885w\" sizes=\"auto, (max-width: 89px) 100vw, 89px\" \/><\/p>\n<\/div>","protected":false},"featured_media":21521,"comment_status":"open","ping_status":"closed","template":"","meta":{"_acf_changed":false},"product_brand":[],"product_cat":[502,351,363,350,31],"product_tag":[],"class_list":{"0":"post-21511","1":"product","2":"type-product","3":"status-publish","4":"has-post-thumbnail","6":"product_cat-zaffiro","7":"product_cat-accessoiresvoormama","8":"product_cat-cadeaus-e25-e50","9":"product_cat-fashion","10":"product_cat-yogamat-wol","12":"first","13":"outofstock","14":"taxable","15":"shipping-taxable","16":"purchasable","17":"product-type-simple"},"acf":[],"_links":{"self":[{"href":"https:\/\/woolskins.eu\/fr\/wp-json\/wp\/v2\/product\/21511","targetHints":{"allow":["GET"]}}],"collection":[{"href":"https:\/\/woolskins.eu\/fr\/wp-json\/wp\/v2\/product"}],"about":[{"href":"https:\/\/woolskins.eu\/fr\/wp-json\/wp\/v2\/types\/product"}],"replies":[{"embeddable":true,"href":"https:\/\/woolskins.eu\/fr\/wp-json\/wp\/v2\/comments?post=21511"}],"wp:featuredmedia":[{"embeddable":true,"href":"https:\/\/woolskins.eu\/fr\/wp-json\/wp\/v2\/media\/21521"}],"wp:attachment":[{"href":"https:\/\/woolskins.eu\/fr\/wp-json\/wp\/v2\/media?parent=21511"}],"wp:term":[{"taxonomy":"product_brand","embeddable":true,"href":"https:\/\/woolskins.eu\/fr\/wp-json\/wp\/v2\/product_brand?post=21511"},{"taxonomy":"product_cat","embeddable":true,"href":"https:\/\/woolskins.eu\/fr\/wp-json\/wp\/v2\/product_cat?post=21511"},{"taxonomy":"product_tag","embeddable":true,"href":"https:\/\/woolskins.eu\/fr\/wp-json\/wp\/v2\/product_tag?post=21511"}],"curies":[{"name":"wp","href":"https:\/\/api.w.org\/{rel}","templated":true}]}}