{"id":21288,"date":"2024-09-12T10:40:50","date_gmt":"2024-09-12T10:40:50","guid":{"rendered":"https:\/\/woolskins.eu\/?post_type=product&#038;p=21288"},"modified":"2026-02-06T10:00:20","modified_gmt":"2026-02-06T10:00:20","slug":"peau-de-mouton-pour-bebe-mimosa-bio-non-raffine","status":"publish","type":"product","link":"https:\/\/woolskins.eu\/fr\/schapenvacht-voor-baby-mimosa-bio-unrefined\/","title":{"rendered":"Peau de mouton pour b\u00e9b\u00e9 - Mimosa brut (tannage v\u00e9g\u00e9tal avec du mimosa brut)"},"content":{"rendered":"<p><strong>Description<\/strong><\/p>\n<p>Les peaux de mouton Woolskins Baby-Care ont un pelage plus court, ce qui les rend \u00e0 l&#039;\u00e9preuve des b\u00e9b\u00e9s. Ils conviennent d\u00e8s la naissance et parce que leur transformation tient compte de l&#039;environnement, ils prot\u00e8gent \u00e0 la fois les plus petits et la plan\u00e8te. \u00c0 la maison ou en d\u00e9placement, vous cr\u00e9ez un environnement confortable dans lequel votre enfant se sent heureux et d\u00e9tendu. Saviez-vous que la peau de mouton est \u00e9galement saine pour votre enfant ?<\/p>\n<p>\u2013 Longueur 90-100cm \/ manteau 3cm.<br \/>\n- 100% Tannage \u00e0 plat avec du tanin de mimosa brut.<br \/>\n\u2013 Poil doux et compact.<br \/>\n\u2013 PAS lavable et s\u00e9chable en machine.<br \/>\n- Facile \u00e0 maintenir.<\/p>\n<p>Commandez une brosse d&#039;entretien pour garder longtemps votre pelage beau et\/ou faites personnaliser votre pelage avec les d\u00e9tails de naissance de votre\/de l&#039;enfant. Un cadeau magnifique et unique, exclusivement disponible chez Woolskins. Standard \u00ab\u00a0pr\u00eat \u00e0 offrir\u00a0\u00bb emball\u00e9 avec une note personnelle.<\/p>\n<p><strong>Propri\u00e9t\u00e9s Peau de Mouton Mimosa<\/strong><\/p>\n<p>Le tanin brut MIMOSA, obtenu \u00e0 partir de l'\u00e9corce de l'arbre mimosa, est utilis\u00e9 pour ce manteau tann\u00e9 v\u00e9g\u00e9tal pur. Les manteaux ne sont ni pr\u00e9trait\u00e9s ni color\u00e9s, ce qui pr\u00e9serve la pigmentation d'origine. L'utilisation de tanin de mimosa brut pendant le tannage donne au pelage une belle couleur miel-cr\u00e8me et le c\u00f4t\u00e9 cuir est l\u00e9g\u00e8rement ros\u00e9 \u00e0 cause du tanin.  Cela permet \u00e0 votre b\u00e9b\u00e9 de maintenir une temp\u00e9rature stable et de rester au sec et \u00e0 l'aise. Frais en \u00e9t\u00e9 et chaud en hiver.<\/p>\n<p><strong>Respectueux de la nature<\/strong><\/p>\n<p>Tous les produits utilis\u00e9s en tannerie et en finition sont conformes aux directives essentielles de l&#039;UE relatives \u00e0 la pr\u00e9servation et \u00e0 la protection de l&#039;environnement.<\/p>\n<p>Nos polaires sont tann\u00e9es conform\u00e9ment \u00e0 la r\u00e9glementation REACH, qui a \u00e9t\u00e9 adopt\u00e9e pour am\u00e9liorer la protection de la sant\u00e9 humaine et de l&#039;environnement contre les risques que peuvent pr\u00e9senter les produits chimiques, tout en augmentant la comp\u00e9titivit\u00e9 de l&#039;industrie chimique europ\u00e9enne. Aucun colorant AZO n\u2019est utilis\u00e9 dans la production.<\/p>\n<p>PRODUITS \u00c9COLOGIQUES \u2013 les peaux sont des peaux \u00e9cologiques, leur transformation et leur traitement sont sans danger pour les adultes et les enfants. Les peaux sont biod\u00e9gradables, biologiques.<\/p>\n<p>Woolskins ne vend pas de toisons de mouton auxquelles le Mulesing a \u00e9t\u00e9 appliqu\u00e9 ! Le mulesing n&#039;est pas utilis\u00e9 chez les moutons europ\u00e9ens car le parasite qui pousse les agriculteurs \u00e0 utiliser le mulesing n&#039;est pas pr\u00e9sent en Europe.<\/p>\n<p><strong>Dormeurs sur le ventre\u2026 attention !<\/strong><\/p>\n<p>Les enfants qui dorment sur le ventre pendant les 12 premiers mois ne doivent pas dormir sur un objet mou pour des raisons de s\u00e9curit\u00e9, car cela peut \u00eatre dangereux. Nous vous recommandons donc d&#039;utiliser le manteau Woolskins \u00e0 bon escient ! Soyez toujours attentif lorsque votre enfant est allong\u00e9 ou dort sur le ventre et assurez-vous qu&#039;il est toujours surveill\u00e9.<\/p>","protected":false},"excerpt":{"rendered":"<p><strong>Peau de mouton douce et naturelle pour b\u00e9b\u00e9s - Woolskins<br \/>\n<\/strong><br \/>\nOffrez \u00e0 votre b\u00e9b\u00e9 ce qu'il y a de mieux avec cette couverture en peau de mouton europ\u00e9enne de haute qualit\u00e9 de Woolskins. Elle est parfaite comme surface douce et confortable dans le lit de b\u00e9b\u00e9, le parc ou sur le sol. Le molleton est compos\u00e9 de laine naturelle douce qui r\u00e9gule la temp\u00e9rature et prot\u00e8ge la peau sensible de votre b\u00e9b\u00e9. <span style=\"font-size: 16px;\">Gr\u00e2ce \u00e0 l'utilisation de tanin de mimosa brut pendant le tannage, le manteau a une belle couleur miel-cr\u00e8me et le c\u00f4t\u00e9 cuir est l\u00e9g\u00e8rement ros\u00e9 \u00e0 cause du tanin. <\/span>Il a \u00e9galement un effet calmant, ce qui permet \u00e0 votre enfant de se sentir d\u00e9tendu pendant les jeux ou les moments de repos. Durable et facile d'entretien, vous pourrez en profiter longtemps. Pour plus d'informations, voir la rubrique \"Informations sur les produits\" ci-dessous.<\/p>\n<p><strong>Marque : Woolskins<\/strong><br \/>\n<strong>Pays : Pologne<\/strong><\/p>\n<h6><\/h6>","protected":false},"featured_media":21304,"comment_status":"closed","ping_status":"closed","template":"","meta":{"_acf_changed":false},"product_brand":[],"product_cat":[216,354],"product_tag":[],"class_list":{"0":"post-21288","1":"product","2":"type-product","3":"status-publish","4":"has-post-thumbnail","6":"product_cat-schapenvacht-voor-baby","7":"product_cat-woolskins","9":"first","10":"outofstock","11":"taxable","12":"shipping-taxable","13":"purchasable","14":"product-type-variable","15":"has-default-attributes"},"acf":[],"_links":{"self":[{"href":"https:\/\/woolskins.eu\/fr\/wp-json\/wp\/v2\/product\/21288","targetHints":{"allow":["GET"]}}],"collection":[{"href":"https:\/\/woolskins.eu\/fr\/wp-json\/wp\/v2\/product"}],"about":[{"href":"https:\/\/woolskins.eu\/fr\/wp-json\/wp\/v2\/types\/product"}],"replies":[{"embeddable":true,"href":"https:\/\/woolskins.eu\/fr\/wp-json\/wp\/v2\/comments?post=21288"}],"wp:featuredmedia":[{"embeddable":true,"href":"https:\/\/woolskins.eu\/fr\/wp-json\/wp\/v2\/media\/21304"}],"wp:attachment":[{"href":"https:\/\/woolskins.eu\/fr\/wp-json\/wp\/v2\/media?parent=21288"}],"wp:term":[{"taxonomy":"product_brand","embeddable":true,"href":"https:\/\/woolskins.eu\/fr\/wp-json\/wp\/v2\/product_brand?post=21288"},{"taxonomy":"product_cat","embeddable":true,"href":"https:\/\/woolskins.eu\/fr\/wp-json\/wp\/v2\/product_cat?post=21288"},{"taxonomy":"product_tag","embeddable":true,"href":"https:\/\/woolskins.eu\/fr\/wp-json\/wp\/v2\/product_tag?post=21288"}],"curies":[{"name":"wp","href":"https:\/\/api.w.org\/{rel}","templated":true}]}}