{"id":20833,"date":"2024-07-10T09:15:45","date_gmt":"2024-07-10T09:15:45","guid":{"rendered":"https:\/\/woolskins.eu\/?post_type=product&#038;p=20833"},"modified":"2026-01-25T22:41:19","modified_gmt":"2026-01-25T22:41:19","slug":"boules-click-clack-bois-bleu","status":"publish","type":"product","link":"https:\/\/woolskins.eu\/fr\/klik-klak-ballen-hout-blauw\/","title":{"rendered":"Boules Click Clack - Bois - Bleu"},"content":{"rendered":"<p>Le jeu du clic-clac consiste \u00e0 saisir l'anneau et \u00e0 effectuer des mouvements vigoureux de la main de haut en bas, afin que les boules en bois rebondissent alternativement au-dessus et au-dessous de la main. Lorsque les boules rebondissent l'une contre l'autre, elles produisent un son caract\u00e9ristique de \u201cclic-clac\u201d. Gr\u00e2ce \u00e0 ce jouet, les enfants peuvent entra\u00eener leurs r\u00e9flexes et exercer leur habilet\u00e9 manuelle et leur coordination \u0153il-main... enfin, pas seulement les enfants.<\/p>\n<p>Caract\u00e9ristiques :<\/p>\n<p>-Le jeu se compose d'un cerceau auquel est attach\u00e9e une ficelle au bout de laquelle sont plac\u00e9es deux boules de couleur.<\/p>\n<p>-Il est disponible en deux couleurs<\/p>\n<p>- bleu et orang\u00e9 Fabriqu\u00e9 en bois dur de la plus haute qualit\u00e9 provenant de fournisseurs certifi\u00e9s FSC\u00ae - des peintures \u00e9cologiques ont \u00e9t\u00e9 utilis\u00e9es pour la peinture.<\/p>\n<p>-Finition avec une laque s\u00fbre et non toxique. Polissage soign\u00e9, agr\u00e9able au toucher pour apporter de la joie et garantir la s\u00e9curit\u00e9.<\/p>\n<p>-produit \u00e9cologique jouets sans substances nocives - convient aux enfants \u00e0 partir de 3 ans<\/p>\n<p>DimensionsBoule de 4 cm de diam\u00e8tre, corde de 20 cm<\/p>\n<p data-sourcepos=\"38:1-38:17\"><strong>\u00c0 propos de la Tarnawa<\/strong><\/p>\n<p><strong>Faites confiance \u00e0 la tradition familiale !<\/strong><\/p>\n<p>Nous savons comment rendre chaque enfant heureux d\u00e8s son plus jeune \u00e2ge. Nous savons que son d\u00e9veloppement et sa s\u00e9curit\u00e9 sont tout aussi importants que le plaisir. Plus de 80 ans de travail dans la fabrication de jouets et d\u2019objets en bois nous l\u2019ont appris. Nous proposons \u00e0 nos clients des jouets en bois de haute qualit\u00e9 pour enfants, non seulement robustes, mais \u00e9galement s\u00fbrs. Nous transmettons nos connaissances, notre exp\u00e9rience, notre passion et notre engagement dans notre maison de g\u00e9n\u00e9ration en g\u00e9n\u00e9ration. Tarnawa n&#039;est pas qu&#039;une entreprise, c&#039;est une famille !<\/p>\n<p><img loading=\"lazy\" decoding=\"async\" class=\"alignnone size-medium wp-image-20439\" src=\"https:\/\/woolskins.eu\/wp-content\/uploads\/2024\/06\/IMG_1333-scaled-Klein-225x300.jpg\" alt=\"Canard de marche en bois B\u00e2ton de pouss\u00e9e Jouet en bois Woolskins Tarnawa\" width=\"225\" height=\"300\" srcset=\"https:\/\/woolskins.eu\/wp-content\/uploads\/2024\/06\/IMG_1333-scaled-Klein-225x300.jpg 225w, https:\/\/woolskins.eu\/wp-content\/uploads\/2024\/06\/IMG_1333-scaled-Klein-64x85.jpg 64w, https:\/\/woolskins.eu\/wp-content\/uploads\/2024\/06\/IMG_1333-scaled-Klein-9x12.jpg 9w, https:\/\/woolskins.eu\/wp-content\/uploads\/2024\/06\/IMG_1333-scaled-Klein.jpg 480w\" sizes=\"auto, (max-width: 225px) 100vw, 225px\" \/><\/p>\n<p><strong>Des jouets de haute qualit\u00e9 pour vous et nos enfants !<br \/>\n<\/strong><br \/>\nNous pensons qu&#039;en tant que parent, vous voulez que les jouets que vous offrez \u00e0 votre enfant soient beaux, soigneusement fabriqu\u00e9s, durables et s\u00fbrs. Nous veillons \u00e0 ce que nos produits en bois, gr\u00e2ce \u00e0 leur fonctionnalit\u00e9, mais aussi \u00e0 leur esth\u00e9tique et \u00e0 leur pr\u00e9cision de finition, servent votre enfant le plus longtemps et le mieux possible. Nous les fabriquons \u00e0 la main, en pr\u00eatant attention aux moindres d\u00e9tails. Les jouets en bois de Tarnawa ne sont pas produits en s\u00e9rie, ce sont de petites \u0153uvres d&#039;art.<\/p>\n<p><strong>Nous cr\u00e9ons avec notre temps !<br \/>\n<\/strong><br \/>\nLe monde \u00e9volue constamment, tout comme votre enfant et vous. Le d\u00e9veloppement est la base de l&#039;existence. Des ann\u00e9es d&#039;exp\u00e9rience nous ont appris que nous ne devons pas rester immobiles et c&#039;est pourquoi nous essayons constamment de faire quelque chose de nouveau. En tant que fabricant de jouets en bois, nous combinons une passion pour les techniques traditionnelles de fabrication de jouets avec un look moderne. Nous vous atteignons, cher parent, gr\u00e2ce aux m\u00e9dias modernes, qui facilitent l&#039;acc\u00e8s \u00e0 nos produits naturels pour vous et votre enfant.<\/p>\n<p>&nbsp;<\/p>\n<p><img loading=\"lazy\" decoding=\"async\" class=\"size-full wp-image-20440 aligncenter\" src=\"https:\/\/woolskins.eu\/wp-content\/uploads\/2024\/06\/Logo.black_-300x263-1.png\" alt=\"Canard de marche en bois B\u00e2ton de pouss\u00e9e Jouet en bois Woolskins Tarnawa\" width=\"300\" height=\"263\" srcset=\"https:\/\/woolskins.eu\/wp-content\/uploads\/2024\/06\/Logo.black_-300x263-1.png 300w, https:\/\/woolskins.eu\/wp-content\/uploads\/2024\/06\/Logo.black_-300x263-1-64x56.png 64w, https:\/\/woolskins.eu\/wp-content\/uploads\/2024\/06\/Logo.black_-300x263-1-14x12.png 14w\" sizes=\"auto, (max-width: 300px) 100vw, 300px\" \/><\/p>","protected":false},"excerpt":{"rendered":"<p data-sourcepos=\"1:1-1:55\"><strong>Boules en bois \u00e0 cliquer<\/strong><\/p>\n<p data-sourcepos=\"3:1-3:54\">Pour les enfants un peu plus \u00e2g\u00e9s ou les parents, c'est un cadeau tr\u00e8s amusant ! Le jeu du clic-clac consiste \u00e0 saisir l'anneau et \u00e0 effectuer des mouvements vigoureux de la main de haut en bas, afin que les boules en bois rebondissent alternativement au-dessus et au-dessous de la main. Lorsque les billes rebondissent l'une contre l'autre, elles produisent un son caract\u00e9ristique de \u201cclic-clac\u201d. Gr\u00e2ce \u00e0 ce jouet, les enfants peuvent entra\u00eener leurs r\u00e9flexes et exercer leur habilet\u00e9 manuelle et leur coordination \u0153il-main... enfin, pas seulement les enfants.<\/p>\n<p><strong>Marque : Tarnawa<\/strong><br \/>\n<strong>Production : Pologne<\/strong><\/p>\n<p data-sourcepos=\"38:1-38:17\">","protected":false},"featured_media":20831,"comment_status":"open","ping_status":"closed","template":"","meta":{"_acf_changed":false},"product_brand":[],"product_cat":[504,505],"product_tag":[],"class_list":{"0":"post-20833","1":"product","2":"type-product","3":"status-publish","4":"has-post-thumbnail","6":"product_cat-houten-speelgoed","7":"product_cat-tarnawa","9":"first","10":"outofstock","11":"sale","12":"taxable","13":"shipping-taxable","14":"purchasable","15":"product-type-simple"},"acf":[],"_links":{"self":[{"href":"https:\/\/woolskins.eu\/fr\/wp-json\/wp\/v2\/product\/20833","targetHints":{"allow":["GET"]}}],"collection":[{"href":"https:\/\/woolskins.eu\/fr\/wp-json\/wp\/v2\/product"}],"about":[{"href":"https:\/\/woolskins.eu\/fr\/wp-json\/wp\/v2\/types\/product"}],"replies":[{"embeddable":true,"href":"https:\/\/woolskins.eu\/fr\/wp-json\/wp\/v2\/comments?post=20833"}],"wp:featuredmedia":[{"embeddable":true,"href":"https:\/\/woolskins.eu\/fr\/wp-json\/wp\/v2\/media\/20831"}],"wp:attachment":[{"href":"https:\/\/woolskins.eu\/fr\/wp-json\/wp\/v2\/media?parent=20833"}],"wp:term":[{"taxonomy":"product_brand","embeddable":true,"href":"https:\/\/woolskins.eu\/fr\/wp-json\/wp\/v2\/product_brand?post=20833"},{"taxonomy":"product_cat","embeddable":true,"href":"https:\/\/woolskins.eu\/fr\/wp-json\/wp\/v2\/product_cat?post=20833"},{"taxonomy":"product_tag","embeddable":true,"href":"https:\/\/woolskins.eu\/fr\/wp-json\/wp\/v2\/product_tag?post=20833"}],"curies":[{"name":"wp","href":"https:\/\/api.w.org\/{rel}","templated":true}]}}