{"id":20802,"date":"2024-07-09T12:35:11","date_gmt":"2024-07-09T12:35:11","guid":{"rendered":"https:\/\/woolskins.eu\/?post_type=product&#038;p=20802"},"modified":"2024-11-29T14:28:39","modified_gmt":"2024-11-29T14:28:39","slug":"tour-dempilage-en-bois-blocs-dempilage-octogone","status":"publish","type":"product","link":"https:\/\/woolskins.eu\/fr\/houten-stapeltoren-stapelstenen-achthoek\/","title":{"rendered":"Tour \u00e0 empiler en bois - Briques \u00e0 empiler | Octogone"},"content":{"rendered":"<p data-sourcepos=\"5:1-5:42\"><strong>Pourquoi choisir la tour \u00e0 empiler en bois ?<\/strong><\/p>\n<ul data-sourcepos=\"7:1-7:44\">\n<li data-sourcepos=\"7:1-7:44\"><strong>Stimule le d\u00e9veloppement moteur :<\/strong> En empilant les blocs, votre enfant entra\u00eene sa motricit\u00e9 fine et sa coordination.<\/li>\n<li data-sourcepos=\"8:1-8:13\"><b>Coordination \u0153il-main: <\/b>aide la capacit\u00e9 d\u2019effectuer des actions qui n\u00e9cessitent l\u2019utilisation simultan\u00e9e de nos yeux et de nos mains.<\/li>\n<li data-sourcepos=\"9:1-9:129\"><b>Comp\u00e9tences cognitives:\u00a0<\/b>favorise l\u2019intelligence et la concentration.<\/li>\n<li data-sourcepos=\"10:1-10:134\"><strong>Fabriqu\u00e9 \u00e0 partir de mat\u00e9riaux durables :<\/strong> Le jeu d&#039;\u00e9quilibre est fabriqu\u00e9 en bois FSC\u00ae de haute qualit\u00e9, ce qui le rend durable et r\u00e9sistant aux chocs.<\/li>\n<li data-sourcepos=\"11:1-11:112\"><strong>Sans danger pour les enfants\u00a0:<\/strong>\u00a0Le poussoir est fini avec une peinture s\u00fbre et non toxique et a une finition lisse, sans ar\u00eates vives, ce qui permet aux enfants de jouer en toute s\u00e9curit\u00e9.<\/li>\n<\/ul>\n<p data-sourcepos=\"13:1-13:40\"><strong>Ce jeu d&#039;\u00e9quilibre est parfait pour :<\/strong><\/p>\n<ul data-sourcepos=\"15:1-18:0\">\n<li data-sourcepos=\"15:1-15:25\">Les tout-petits apprennent juste \u00e0 jouer.<\/li>\n<li data-sourcepos=\"16:1-16:44\">Des enfants qui veulent utiliser leur imagination<\/li>\n<li data-sourcepos=\"17:1-18:0\">Des parents qui recherchent des jouets durables et \u00e9ducatifs<\/li>\n<\/ul>\n<p data-sourcepos=\"19:1-19:18\"><strong>Caract\u00e9ristiques:<\/strong><\/p>\n<ul data-sourcepos=\"21:1-24:0\">\n<li data-sourcepos=\"21:1-21:17\">Mat\u00e9riau : Bois avec label de qualit\u00e9 FSC\u00ae<\/li>\n<li data-sourcepos=\"22:1-22:35\">Dimensions : 11,0 x 11,0 x 18,5 cm<\/li>\n<li data-sourcepos=\"23:1-24:0\">\u00c2ge\u00a0: Tout-petit<\/li>\n<\/ul>\n<p data-sourcepos=\"25:1-25:118\"><strong>Transformez le temps de jeu en temps d&#039;apprentissage avec ce jeu d&#039;\u00e9quilibre en bois ! Commandez-le aujourd&#039;hui et laissez votre enfant s&#039;amuser\u00a0!<\/strong><\/p>\n<p data-sourcepos=\"32:1-32:9\"><strong>Conseils:<\/strong><\/p>\n<ul data-sourcepos=\"34:1-37:0\">\n<li data-sourcepos=\"34:1-34:65\">Jouez d\u2019abord au jeu en empilant simplement les cubes \u00e0 tour de r\u00f4le.<\/li>\n<li data-sourcepos=\"35:1-35:70\">Jouez avec votre enfant tout en laissant les d\u00e9s d\u00e9terminer quel bloc vous devez empiler.<\/li>\n<\/ul>\n<p data-sourcepos=\"38:1-38:17\"><strong>Avec ce jeu d&#039;empilage de Tarnawa, vous \u00eates assur\u00e9 de vous amuser, vous et votre enfant.<\/strong><\/p>\n<p data-sourcepos=\"38:1-38:17\"><strong>\u00c0 propos de la Tarnawa<\/strong><\/p>\n<p><strong>Faites confiance \u00e0 la tradition familiale !<\/strong><\/p>\n<p>Nous savons comment rendre chaque enfant heureux d\u00e8s son plus jeune \u00e2ge. Nous savons que son d\u00e9veloppement et sa s\u00e9curit\u00e9 sont tout aussi importants que le plaisir. Plus de 80 ans de travail dans la fabrication de jouets et d\u2019objets en bois nous l\u2019ont appris. Nous proposons \u00e0 nos clients des jouets en bois de haute qualit\u00e9 pour enfants, non seulement robustes, mais \u00e9galement s\u00fbrs. Nous transmettons nos connaissances, notre exp\u00e9rience, notre passion et notre engagement dans notre maison de g\u00e9n\u00e9ration en g\u00e9n\u00e9ration. Tarnawa n&#039;est pas qu&#039;une entreprise, c&#039;est une famille !<\/p>\n<p><img loading=\"lazy\" decoding=\"async\" class=\"alignnone size-medium wp-image-20439 entered lazyloaded\" src=\"https:\/\/i0.wp.com\/woolskins.eu\/wp-content\/uploads\/2024\/06\/IMG_1333-scaled-Klein.jpg?resize=225%2C300&amp;ssl=1\" sizes=\"auto, (max-width: 225px) 100vw, 225px\" srcset=\"https:\/\/i0.wp.com\/woolskins.eu\/wp-content\/uploads\/2024\/06\/IMG_1333-scaled-Klein.jpg?resize=225%2C300&amp;ssl=1 225w, https:\/\/i0.wp.com\/woolskins.eu\/wp-content\/uploads\/2024\/06\/IMG_1333-scaled-Klein.jpg?resize=9%2C12&amp;ssl=1 9w, https:\/\/i0.wp.com\/woolskins.eu\/wp-content\/uploads\/2024\/06\/IMG_1333-scaled-Klein.jpg?resize=64%2C85&amp;ssl=1 64w, https:\/\/i0.wp.com\/woolskins.eu\/wp-content\/uploads\/2024\/06\/IMG_1333-scaled-Klein.jpg?w=480&amp;ssl=1 480w\" alt=\"Canard de marche en bois B\u00e2ton de pouss\u00e9e Jouet en bois Woolskins Tarnawa\" width=\"225\" height=\"300\" data-lazy-srcset=\"https:\/\/i0.wp.com\/woolskins.eu\/wp-content\/uploads\/2024\/06\/IMG_1333-scaled-Klein.jpg?resize=225%2C300&amp;ssl=1 225w, https:\/\/i0.wp.com\/woolskins.eu\/wp-content\/uploads\/2024\/06\/IMG_1333-scaled-Klein.jpg?resize=9%2C12&amp;ssl=1 9w, https:\/\/i0.wp.com\/woolskins.eu\/wp-content\/uploads\/2024\/06\/IMG_1333-scaled-Klein.jpg?resize=64%2C85&amp;ssl=1 64w, https:\/\/i0.wp.com\/woolskins.eu\/wp-content\/uploads\/2024\/06\/IMG_1333-scaled-Klein.jpg?w=480&amp;ssl=1 480w\" data-lazy-sizes=\"(max-width: 225px) 100vw, 225px\" data-recalc-dims=\"1\" data-lazy-src=\"https:\/\/i0.wp.com\/woolskins.eu\/wp-content\/uploads\/2024\/06\/IMG_1333-scaled-Klein.jpg?resize=225%2C300&amp;ssl=1\" data-ll-status=\"loaded\" \/><\/p>\n<p><strong>Des jouets de haute qualit\u00e9 pour vous et nos enfants !<br \/>\n<\/strong><br \/>\nNous pensons qu&#039;en tant que parent, vous voulez que les jouets que vous offrez \u00e0 votre enfant soient beaux, soigneusement fabriqu\u00e9s, durables et s\u00fbrs. Nous veillons \u00e0 ce que nos produits en bois, gr\u00e2ce \u00e0 leur fonctionnalit\u00e9, mais aussi \u00e0 leur esth\u00e9tique et \u00e0 leur pr\u00e9cision de finition, servent votre enfant le plus longtemps et le mieux possible. Nous les fabriquons \u00e0 la main, en pr\u00eatant attention aux moindres d\u00e9tails. Les jouets en bois de Tarnawa ne sont pas produits en s\u00e9rie, ce sont de petites \u0153uvres d&#039;art.<\/p>\n<p><strong>Nous cr\u00e9ons avec notre temps !<br \/>\n<\/strong><br \/>\nLe monde \u00e9volue constamment, tout comme votre enfant et vous. Le d\u00e9veloppement est la base de l&#039;existence. Des ann\u00e9es d&#039;exp\u00e9rience nous ont appris que nous ne devons pas rester immobiles et c&#039;est pourquoi nous essayons constamment de faire quelque chose de nouveau. En tant que fabricant de jouets en bois, nous combinons une passion pour les techniques traditionnelles de fabrication de jouets avec un look moderne. Nous vous atteignons, cher parent, gr\u00e2ce aux m\u00e9dias modernes, qui facilitent l&#039;acc\u00e8s \u00e0 nos produits naturels pour vous et votre enfant.<\/p>\n<p>&nbsp;<\/p>\n<p><img loading=\"lazy\" decoding=\"async\" class=\"size-full wp-image-20440 aligncenter entered lazyloaded\" src=\"https:\/\/i0.wp.com\/woolskins.eu\/wp-content\/uploads\/2024\/06\/Logo.black_-300x263-1.png?resize=300%2C263&amp;ssl=1\" sizes=\"auto, (max-width: 300px) 100vw, 300px\" srcset=\"https:\/\/i0.wp.com\/woolskins.eu\/wp-content\/uploads\/2024\/06\/Logo.black_-300x263-1.png?w=300&amp;ssl=1 300w, https:\/\/i0.wp.com\/woolskins.eu\/wp-content\/uploads\/2024\/06\/Logo.black_-300x263-1.png?resize=14%2C12&amp;ssl=1 14w, https:\/\/i0.wp.com\/woolskins.eu\/wp-content\/uploads\/2024\/06\/Logo.black_-300x263-1.png?resize=64%2C56&amp;ssl=1 64w\" alt=\"Canard de marche en bois B\u00e2ton de pouss\u00e9e Jouet en bois Woolskins Tarnawa\" width=\"300\" height=\"263\" data-lazy-srcset=\"https:\/\/i0.wp.com\/woolskins.eu\/wp-content\/uploads\/2024\/06\/Logo.black_-300x263-1.png?w=300&amp;ssl=1 300w, https:\/\/i0.wp.com\/woolskins.eu\/wp-content\/uploads\/2024\/06\/Logo.black_-300x263-1.png?resize=14%2C12&amp;ssl=1 14w, https:\/\/i0.wp.com\/woolskins.eu\/wp-content\/uploads\/2024\/06\/Logo.black_-300x263-1.png?resize=64%2C56&amp;ssl=1 64w\" data-lazy-sizes=\"(max-width: 300px) 100vw, 300px\" data-recalc-dims=\"1\" data-lazy-src=\"https:\/\/i0.wp.com\/woolskins.eu\/wp-content\/uploads\/2024\/06\/Logo.black_-300x263-1.png?resize=300%2C263&amp;ssl=1\" data-ll-status=\"loaded\" \/><\/p>","protected":false},"excerpt":{"rendered":"<p>Passez un bon moment avec votre enfant en jouant \u00e0 ce jeu d'empilage de tours en bois de Tarnawa ! Ce jeu d'empilage de tours en bois aide votre enfant \u00e0 penser logiquement et \u00e0 d\u00e9velopper ses capacit\u00e9s cognitives et sa coordination \u0153il-main. Vous pouvez utiliser cette tour \u00e0 empiler de diff\u00e9rentes mani\u00e8res. Les tout-petits peuvent construire la tour autour du support et les enfants plus \u00e2g\u00e9s peuvent \u00e9galement essayer d'empiler les disques sans le support. La base et les blocs ont une finition lisse, ne pr\u00e9sentent pas d'ar\u00eates vives et sont recouverts d'un vernis antiadh\u00e9sif, ce qui permet aux enfants de jouer en toute s\u00e9curit\u00e9.<\/p>\n<p><strong>Marque : Tarnawa<\/strong><br \/>\n<strong>Production : Pologne<\/strong><\/p>","protected":false},"featured_media":20815,"comment_status":"open","ping_status":"closed","template":"","meta":{"_acf_changed":false},"product_brand":[],"product_cat":[504,505],"product_tag":[],"class_list":{"0":"post-20802","1":"product","2":"type-product","3":"status-publish","4":"has-post-thumbnail","6":"product_cat-houten-speelgoed","7":"product_cat-tarnawa","9":"first","10":"outofstock","11":"taxable","12":"shipping-taxable","13":"purchasable","14":"product-type-simple"},"acf":[],"_links":{"self":[{"href":"https:\/\/woolskins.eu\/fr\/wp-json\/wp\/v2\/product\/20802","targetHints":{"allow":["GET"]}}],"collection":[{"href":"https:\/\/woolskins.eu\/fr\/wp-json\/wp\/v2\/product"}],"about":[{"href":"https:\/\/woolskins.eu\/fr\/wp-json\/wp\/v2\/types\/product"}],"replies":[{"embeddable":true,"href":"https:\/\/woolskins.eu\/fr\/wp-json\/wp\/v2\/comments?post=20802"}],"wp:featuredmedia":[{"embeddable":true,"href":"https:\/\/woolskins.eu\/fr\/wp-json\/wp\/v2\/media\/20815"}],"wp:attachment":[{"href":"https:\/\/woolskins.eu\/fr\/wp-json\/wp\/v2\/media?parent=20802"}],"wp:term":[{"taxonomy":"product_brand","embeddable":true,"href":"https:\/\/woolskins.eu\/fr\/wp-json\/wp\/v2\/product_brand?post=20802"},{"taxonomy":"product_cat","embeddable":true,"href":"https:\/\/woolskins.eu\/fr\/wp-json\/wp\/v2\/product_cat?post=20802"},{"taxonomy":"product_tag","embeddable":true,"href":"https:\/\/woolskins.eu\/fr\/wp-json\/wp\/v2\/product_tag?post=20802"}],"curies":[{"name":"wp","href":"https:\/\/api.w.org\/{rel}","templated":true}]}}