{"id":20442,"date":"2024-06-27T11:04:09","date_gmt":"2024-06-27T11:04:09","guid":{"rendered":"https:\/\/woolskins.eu\/?post_type=product&#038;p=20442"},"modified":"2025-06-10T18:26:01","modified_gmt":"2025-06-10T18:26:01","slug":"baton-de-marche-ecureuil-en-bois","status":"publish","type":"product","link":"https:\/\/woolskins.eu\/fr\/houten-eekhoorn-duwstok-loopstok\/","title":{"rendered":"B\u00e2ton poussoir en bois pour \u00e9cureuil \u2013 Canne de marche"},"content":{"rendered":"<p data-sourcepos=\"5:1-5:42\"><strong>Pourquoi choisir un poussoir en bois ?<\/strong><\/p>\n<ul data-sourcepos=\"7:1-7:44\">\n<li data-sourcepos=\"7:1-7:44\"><strong>Stimule le d\u00e9veloppement moteur :<\/strong> En poussant ou en tirant le poussoir, votre enfant exerce sa motricit\u00e9 globale et sa coordination.<\/li>\n<li data-sourcepos=\"8:1-8:13\"><strong>Am\u00e9liore l&#039;\u00e9quilibre\u00a0:<\/strong> Marcher avec le poussoir aide votre enfant \u00e0 d\u00e9velopper son \u00e9quilibre et \u00e0 apprendre \u00e0 se tenir fermement sur ses pieds.<\/li>\n<li data-sourcepos=\"9:1-9:129\"><strong>Encourage le jeu imaginatif\u00a0:<\/strong> Le b\u00e2ton poussoir peut \u00eatre utilis\u00e9 comme un animal, une voiture ou tout ce \u00e0 quoi l&#039;imagination de votre enfant peut penser.<\/li>\n<li data-sourcepos=\"10:1-10:134\"><strong>Fabriqu\u00e9 \u00e0 partir de mat\u00e9riaux durables :<\/strong> Le poussoir est fabriqu\u00e9 en bois FSC\u00ae de haute qualit\u00e9, ce qui le rend durable et r\u00e9sistant.<\/li>\n<li data-sourcepos=\"11:1-11:112\"><strong>Sans danger pour les enfants\u00a0:<\/strong> Le poussoir est fini avec une peinture s\u00fbre et non toxique et a une finition lisse, sans ar\u00eates vives, ce qui permet aux enfants de jouer en toute s\u00e9curit\u00e9.<\/li>\n<\/ul>\n<p data-sourcepos=\"13:1-13:40\"><strong>Ce b\u00e2ton poussoir en bois est parfait pour :<\/strong><\/p>\n<ul data-sourcepos=\"15:1-18:0\">\n<li data-sourcepos=\"15:1-15:25\">Les tout-petits apprennent \u00e0 marcher<\/li>\n<li data-sourcepos=\"16:1-16:44\">Des enfants qui veulent utiliser leur imagination<\/li>\n<li data-sourcepos=\"17:1-18:0\">Des parents qui recherchent des jouets durables et \u00e9ducatifs<\/li>\n<\/ul>\n<p data-sourcepos=\"19:1-19:18\"><strong>Caract\u00e9ristiques:<\/strong><\/p>\n<ul data-sourcepos=\"21:1-24:0\">\n<li data-sourcepos=\"21:1-21:17\">Mat\u00e9riau : Bois avec label de qualit\u00e9 FSC\u00ae<\/li>\n<li data-sourcepos=\"22:1-22:35\">Dimensions : 18 x 15,5 x 64 cm<\/li>\n<li data-sourcepos=\"23:1-24:0\">\u00c2ge\u00a0: Tout-petit<\/li>\n<\/ul>\n<p data-sourcepos=\"25:1-25:118\"><strong>Transformez le temps de jeu en temps d&#039;apprentissage avec ce poussoir en bois ! Commandez-le aujourd&#039;hui et laissez votre enfant s&#039;amuser\u00a0!<\/strong><\/p>\n<p data-sourcepos=\"32:1-32:9\"><strong>Conseils:<\/strong><\/p>\n<ul data-sourcepos=\"34:1-37:0\">\n<li data-sourcepos=\"34:1-34:65\">Laissez votre enfant utiliser le poussoir \u00e0 l&#039;int\u00e9rieur ou \u00e0 l&#039;ext\u00e9rieur.<\/li>\n<li data-sourcepos=\"35:1-35:70\">Jouez avec votre enfant et inventez des jeux amusants avec le poussoir.<\/li>\n<\/ul>\n<p data-sourcepos=\"38:1-38:17\"><strong>Avec ce b\u00e2ton poussoir en bois de Tarnawa, vous \u00eates assur\u00e9 d&#039;amuser les plus petits.<\/strong><\/p>\n<p data-sourcepos=\"38:1-38:17\"><strong>\u00c0 propos de la Tarnawa<\/strong><\/p>\n<p><strong>Faites confiance \u00e0 la tradition familiale !<\/strong><\/p>\n<p>Nous savons comment rendre chaque enfant heureux d\u00e8s son plus jeune \u00e2ge. Nous savons que son d\u00e9veloppement et sa s\u00e9curit\u00e9 sont tout aussi importants que le plaisir. Plus de 80 ans de travail dans la fabrication de jouets et d\u2019objets en bois nous l\u2019ont appris. Nous proposons \u00e0 nos clients des jouets en bois de haute qualit\u00e9 pour enfants, non seulement robustes, mais \u00e9galement s\u00fbrs. Nous transmettons nos connaissances, notre exp\u00e9rience, notre passion et notre engagement dans notre maison de g\u00e9n\u00e9ration en g\u00e9n\u00e9ration. Tarnawa n&#039;est pas qu&#039;une entreprise, c&#039;est une famille !<\/p>\n<p><img loading=\"lazy\" decoding=\"async\" class=\"alignnone size-medium wp-image-20439\" src=\"https:\/\/woolskins.eu\/wp-content\/uploads\/2024\/06\/IMG_1333-scaled-Klein-225x300.jpg\" alt=\"Canard de marche en bois B\u00e2ton de pouss\u00e9e Jouet en bois Woolskins Tarnawa\" width=\"225\" height=\"300\" srcset=\"https:\/\/woolskins.eu\/wp-content\/uploads\/2024\/06\/IMG_1333-scaled-Klein-225x300.jpg 225w, https:\/\/woolskins.eu\/wp-content\/uploads\/2024\/06\/IMG_1333-scaled-Klein-64x85.jpg 64w, https:\/\/woolskins.eu\/wp-content\/uploads\/2024\/06\/IMG_1333-scaled-Klein-9x12.jpg 9w, https:\/\/woolskins.eu\/wp-content\/uploads\/2024\/06\/IMG_1333-scaled-Klein.jpg 480w\" sizes=\"auto, (max-width: 225px) 100vw, 225px\" \/><\/p>\n<p><strong>Des jouets de haute qualit\u00e9 pour vous et nos enfants !<br \/>\n<\/strong><br \/>\nNous pensons qu&#039;en tant que parent, vous voulez que les jouets que vous offrez \u00e0 votre enfant soient beaux, soigneusement fabriqu\u00e9s, durables et s\u00fbrs. Nous veillons \u00e0 ce que nos produits en bois, gr\u00e2ce \u00e0 leur fonctionnalit\u00e9, mais aussi \u00e0 leur esth\u00e9tique et \u00e0 leur pr\u00e9cision de finition, servent votre enfant le plus longtemps et le mieux possible. Nous les fabriquons \u00e0 la main, en pr\u00eatant attention aux moindres d\u00e9tails. Les jouets en bois de Tarnawa ne sont pas produits en s\u00e9rie, ce sont de petites \u0153uvres d&#039;art.<\/p>\n<p><strong>Nous cr\u00e9ons avec notre temps !<br \/>\n<\/strong><br \/>\nLe monde \u00e9volue constamment, tout comme votre enfant et vous. Le d\u00e9veloppement est la base de l&#039;existence. Des ann\u00e9es d&#039;exp\u00e9rience nous ont appris que nous ne devons pas rester immobiles et c&#039;est pourquoi nous essayons constamment de faire quelque chose de nouveau. En tant que fabricant de jouets en bois, nous combinons une passion pour les techniques traditionnelles de fabrication de jouets avec un look moderne. Nous vous atteignons, cher parent, gr\u00e2ce aux m\u00e9dias modernes, qui facilitent l&#039;acc\u00e8s \u00e0 nos produits naturels pour vous et votre enfant.<\/p>\n<p>&nbsp;<\/p>\n<p><img loading=\"lazy\" decoding=\"async\" class=\"size-full wp-image-20440 aligncenter\" src=\"https:\/\/woolskins.eu\/wp-content\/uploads\/2024\/06\/Logo.black_-300x263-1.png\" alt=\"Canard de marche en bois B\u00e2ton de pouss\u00e9e Jouet en bois Woolskins Tarnawa\" width=\"300\" height=\"263\" srcset=\"https:\/\/woolskins.eu\/wp-content\/uploads\/2024\/06\/Logo.black_-300x263-1.png 300w, https:\/\/woolskins.eu\/wp-content\/uploads\/2024\/06\/Logo.black_-300x263-1-64x56.png 64w, https:\/\/woolskins.eu\/wp-content\/uploads\/2024\/06\/Logo.black_-300x263-1-14x12.png 14w\" sizes=\"auto, (max-width: 300px) 100vw, 300px\" \/><\/p>","protected":false},"excerpt":{"rendered":"<p data-sourcepos=\"1:1-1:55\"><strong>B\u00e2ton poussoir canard en bois \u2013 Canne de marche\u00a0<\/strong><\/p>\n<p data-sourcepos=\"3:1-3:54\">\u00c0 la recherche de jouets amusants et \u00e9ducatifs pour votre enfant ? Alors ce b\u00e2ton poussoir en bois est le choix parfait ! Fabriqu\u00e9 \u00e0 partir de bois de haute qualit\u00e9 approuv\u00e9 FSC\u00ae, ce b\u00e2ton offre des heures de plaisir tout en stimulant le d\u00e9veloppement moteur de votre enfant. Le poussoir est fini avec une peinture s\u00fbre et non toxique et a une finition lisse, sans ar\u00eates vives, ce qui permet aux enfants de jouer en toute s\u00e9curit\u00e9.<\/p>\n<p><strong>Marque : Tarnawa<\/strong><br \/>\n<strong>Production : Pologne<\/strong><\/p>\n<p data-sourcepos=\"38:1-38:17\">","protected":false},"featured_media":20446,"comment_status":"open","ping_status":"closed","template":"","meta":{"_acf_changed":false},"product_brand":[],"product_cat":[504,505],"product_tag":[],"class_list":{"0":"post-20442","1":"product","2":"type-product","3":"status-publish","4":"has-post-thumbnail","6":"product_cat-houten-speelgoed","7":"product_cat-tarnawa","9":"first","10":"outofstock","11":"taxable","12":"shipping-taxable","13":"purchasable","14":"product-type-simple"},"acf":[],"_links":{"self":[{"href":"https:\/\/woolskins.eu\/fr\/wp-json\/wp\/v2\/product\/20442","targetHints":{"allow":["GET"]}}],"collection":[{"href":"https:\/\/woolskins.eu\/fr\/wp-json\/wp\/v2\/product"}],"about":[{"href":"https:\/\/woolskins.eu\/fr\/wp-json\/wp\/v2\/types\/product"}],"replies":[{"embeddable":true,"href":"https:\/\/woolskins.eu\/fr\/wp-json\/wp\/v2\/comments?post=20442"}],"wp:featuredmedia":[{"embeddable":true,"href":"https:\/\/woolskins.eu\/fr\/wp-json\/wp\/v2\/media\/20446"}],"wp:attachment":[{"href":"https:\/\/woolskins.eu\/fr\/wp-json\/wp\/v2\/media?parent=20442"}],"wp:term":[{"taxonomy":"product_brand","embeddable":true,"href":"https:\/\/woolskins.eu\/fr\/wp-json\/wp\/v2\/product_brand?post=20442"},{"taxonomy":"product_cat","embeddable":true,"href":"https:\/\/woolskins.eu\/fr\/wp-json\/wp\/v2\/product_cat?post=20442"},{"taxonomy":"product_tag","embeddable":true,"href":"https:\/\/woolskins.eu\/fr\/wp-json\/wp\/v2\/product_tag?post=20442"}],"curies":[{"name":"wp","href":"https:\/\/api.w.org\/{rel}","templated":true}]}}